{"id":3353,"date":"2024-11-01T11:19:32","date_gmt":"2024-11-01T11:19:32","guid":{"rendered":"https:\/\/nfc-readers.com\/?post_type=product&#038;p=3353"},"modified":"2024-11-04T08:59:53","modified_gmt":"2024-11-04T08:59:53","slug":"iso14443a-mifare-rfid-hotel-card-magnetic-stripe-available","status":"publish","type":"product","link":"https:\/\/nfc-readers.com\/eo\/ic-reader\/iso14443a-mifare-rfid-hotel-card-magnetic-stripe-available\/","title":{"rendered":"ISO14443A MIFARE RFID Hotela Karto Magneta Strio Disponebla"},"content":{"rendered":"<h1><span style=\"color: #000080;\"><strong>ISO14443A MIFARE RFID Hotela Karto Magneta Strio Disponebla<\/strong><\/span><\/h1>\n<p><span style=\"color: #666699;\">La Estonteco de AlirkontroloEn la moderna gastama industrio, senjunta aliro al \u0109ambroj kaj instala\u0135oj estas plej grava. La <strong>ISO14443A MIFARE RFID Hotela Karto kun Magneta Strio<\/strong>\u00a0aperis kiel transforma solvo, kiu miksas altnivelan RFID-teknologion kaj uzant-amika dezajno. \u0108i tiu karto plibonigas la gastan sperton, certigante altnivelan sekurecon por hotela administrado. <\/span><\/p>\n<p><span style=\"color: #666699;\">Gastoj povas \u011dui senkontaktan aliron, dum hotelfunkciigistoj profitas de plifortigita sekureco kaj efikeco. Kun \u011diaj akvorezistaj kaj veterrezistaj atributoj, la RFID-karto estas kreita por fortikeco, certigante longvivecon e\u0109 en la plej okupataj medioj. \u0108i tiu karto ne nur plifaciligas la enregistri\u011doprocezon, sed \u011di anka\u016d funkcias kiel fidinda ilo por alirkontrolo, \u0109io dum \u011di provizas personigajn elektojn por reflekti la markidentecon de via hotelo.<\/span><\/p>\n<hr \/>\n<h2><\/h2>\n<h2 style=\"text-align: center;\"><em><strong><span style=\"color: #000080;\">Produkta Skizo<\/span><\/strong><\/em><\/h2>\n<h3><span style=\"color: #333399;\"> <strong>1. \u015closilaj Trajtoj de ISO14443A MIFARE RFID Hotela Karto<\/strong><\/span><\/h3>\n<p>La\u00a0<strong>ISO14443A MIFARE RFID Hotela Karto<\/strong>\u00a0ofertas gamon da novigaj funkcioj kiuj servas kaj hotelfunkciigistojn kaj gastojn. Uzante progresintan\u00a0<strong>MIFARE\u00ae Ultralight C<\/strong>\u00a0blatteknologio, \u0109i tiu karto funkcias kun ofteco de\u00a0<strong>13,56 MHz<\/strong>\u00a0sub la\u00a0<strong>ISO14443A protokolo<\/strong>. \u0108i tiu specifo permesas rapidan kaj sekuran aliron kun minimuma interago bezonata, provizante veran\u00a0<strong>senkontakta sperto<\/strong>.Kun \u011dia\u00a0<strong>akvorezista<\/strong>\u00a0kaj\u00a0<strong>veterrezista<\/strong>\u00a0dezajno, la karto restas funkcia en diversaj medioj, certigante ke \u011di eltenas \u0109iutagan eluzi\u011don. Krome, la ali\u011do de a\u00a0<strong>magneta strio<\/strong>\u00a0permesas \u0109iuflankecon en alirkontrolsistemoj. \u0108i tiu duobla funkcio certigas, ke \u0109u uzata por hotel\u0109ambraj eniroj a\u016d aliaj instala\u0135oj, la RFID-karto provizas senjuntan kaj fidindan servon.<\/p>\n<p>&nbsp;<\/p>\n<h3><span style=\"color: #333399;\"><strong>3. Teknikaj Specifoj<\/strong><\/span><\/h3>\n<p>Kompreni la teknikajn specifojn estas kerna por elekti la \u011dustan alirkontrolsolvon. Malsupre estas detala tabelo de la\u00a0<strong>ISO14443A MIFARE RFID Hotela Karto<\/strong> specifoj:<\/p>\n<div class=\"table-with-header rounded-lg border border-solid border-grey-line2-normal w-fit max-w-full mb-2\">\n<div class=\"h-8 items-center flex justify-between px-2 text-xs border-0 border-b border-solid border-grey-line2-normal\">\n<div class=\"h-[26px] w-[26px] text-text-primary-3 cursor-pointer hover:text-text-primary-2 flex-center\"><\/div>\n<\/div>\n<div class=\"overflow-x-auto custom-scrollbar custom-scrollbar-float max-w-full\">\n<table class=\"w-fit !mb-0 !max-w-none\">\n<thead>\n<tr>\n<th>Specifo<\/th>\n<th>Valoro<\/th>\n<\/tr>\n<\/thead>\n<tbody>\n<tr>\n<td>Blato<\/td>\n<td>MIFARE\u00ae Ultralight C<\/td>\n<\/tr>\n<tr>\n<td>Ofteco<\/td>\n<td>13,56 MHz<\/td>\n<\/tr>\n<tr>\n<td>Komunika Interfaco<\/td>\n<td>RFID, NFC<\/td>\n<\/tr>\n<tr>\n<td>Materialo<\/td>\n<td>PVC<\/td>\n<\/tr>\n<tr>\n<td>Grandeco<\/td>\n<td>85,5 x 54 mm \/ personecigita<\/td>\n<\/tr>\n<tr>\n<td>Magneta Strio<\/td>\n<td>Loco300 oe \/ Hico2750\/4000 oe<\/td>\n<\/tr>\n<tr>\n<td>Surfaca Fino<\/td>\n<td>Brila, Matte, Frostita<\/td>\n<\/tr>\n<tr>\n<td>Kodigi<\/td>\n<td>QR-Kodo Preso\/Laser-Kodo<\/td>\n<\/tr>\n<tr>\n<td>Presaj Opcioj<\/td>\n<td>Ofseta Preso CMYK \/ Silkekrano \/ Cifereca<\/td>\n<\/tr>\n<\/tbody>\n<\/table>\n<\/div>\n<\/div>\n<p>\u0108i tiuj specifoj elstarigas la \u0109iuflankecon kaj altnivelan teknologion de la karto, kaj la dezajno renkontas la bezonojn de kaj uzantoj kaj hoteladministrado egale.<\/p>\n<p>&nbsp;<\/p>\n<h3><span style=\"color: #333399;\"><strong>4. Avanta\u011doj de Uzado de RFID Hotelaj Kartoj<\/strong><\/span><\/h3>\n<p><span style=\"color: #666699;\">Integrante la\u00a0<strong>ISO14443A MIFARE RFID Hotela Karto<\/strong>\u00a0en la operaciojn de hotelo alportas multajn avanta\u011dojn. Unue, la\u00a0<strong>senkontakte<\/strong>\u00a0teknologio plibonigas la gastan sperton, ebligante rapidan kaj facilan aliron al \u0109ambroj kaj instala\u0135oj sen tu\u015di tradiciajn \u015dlosilojn. \u0108i tio akcelas enregistrajn procezojn, kio finfine traduki\u011das al plibonigita gasto-kontento.<\/span><\/p>\n<p><span style=\"color: #666699;\">Krome, RFID-teknologio ebligas efikan\u00a0<strong>kontrolo de aliro<\/strong>\u00a0administrado. La personaro de la hotelo povas facile spuri uzpadronojn, certigante plifortigitan sekurecon dum minimumigante nea\u016dtorizitan aliron. Kun trajtoj kiel\u00a0<strong>reciproka a\u016dtentigo<\/strong>, la \u015dancoj de nea\u016dtorizita duobligo estas praktike forigitaj.<\/span><\/p>\n<p>&nbsp;<\/p>\n<h2 style=\"text-align: center;\"><span style=\"color: #000080;\"><em><strong>Oftaj Demandoj<\/strong><\/em><\/span><\/h2>\n<p><span style=\"color: #008080;\"><strong>1. Kio estas la vivda\u016dro de la RFID-hotela karto?<\/strong><\/span><\/p>\n<p>La karto da\u016dras plurajn jarojn sub normala uzo danke al sia da\u016dra PVC-materialo kaj veterrezistaj trajtoj.<\/p>\n<hr \/>\n<p><span style=\"color: #008080;\"><strong>2. \u0108u la karto povas esti personecigita kun nia marko?<\/strong><\/span><\/p>\n<p>Jes, vi povas personecigi la karton kun la emblemo kaj koloroj de via hotelo uzante diversajn presajn kaj finajn opciojn.<\/p>\n<hr \/>\n<p><strong><span style=\"color: #008080;\">3. \u0108u la karto estas kongrua kun ekzistantaj RFID-sistemoj?<\/span><\/strong><\/p>\n<p>Jes, \u011di kongruas kun la plej multaj RFID-alirkontrolaj sistemoj, kiuj uzas la <strong>ISO14443A protokolo<\/strong>.<\/p>","protected":false},"excerpt":{"rendered":"<p>La ISO14443A MIFARE RFID Hotela Karto ofertas senkontaktan aliron, plibonigitan sekurecon kaj personigo-opciojn, igante \u011din ideala por modernaj gastamaj bezonoj.<\/p>","protected":false},"featured_media":3354,"template":"","meta":[],"product_brand":[],"product_cat":[46],"product_tag":[],"class_list":{"0":"post-3353","1":"product","2":"type-product","3":"status-publish","4":"has-post-thumbnail","6":"product_cat-nfc-cards","8":"first","9":"instock","10":"shipping-taxable","11":"product-type-simple"},"_links":{"self":[{"href":"https:\/\/nfc-readers.com\/eo\/wp-json\/wp\/v2\/product\/3353","targetHints":{"allow":["GET"]}}],"collection":[{"href":"https:\/\/nfc-readers.com\/eo\/wp-json\/wp\/v2\/product"}],"about":[{"href":"https:\/\/nfc-readers.com\/eo\/wp-json\/wp\/v2\/types\/product"}],"wp:featuredmedia":[{"embeddable":true,"href":"https:\/\/nfc-readers.com\/eo\/wp-json\/wp\/v2\/media\/3354"}],"wp:attachment":[{"href":"https:\/\/nfc-readers.com\/eo\/wp-json\/wp\/v2\/media?parent=3353"}],"wp:term":[{"taxonomy":"product_brand","embeddable":true,"href":"https:\/\/nfc-readers.com\/eo\/wp-json\/wp\/v2\/product_brand?post=3353"},{"taxonomy":"product_cat","embeddable":true,"href":"https:\/\/nfc-readers.com\/eo\/wp-json\/wp\/v2\/product_cat?post=3353"},{"taxonomy":"product_tag","embeddable":true,"href":"https:\/\/nfc-readers.com\/eo\/wp-json\/wp\/v2\/product_tag?post=3353"}],"curies":[{"name":"wp","href":"https:\/\/api.w.org\/{rel}","templated":true}]}}