{"id":3358,"date":"2024-11-01T12:11:45","date_gmt":"2024-11-01T12:11:45","guid":{"rendered":"https:\/\/nfc-readers.com\/?post_type=product&#038;p=3358"},"modified":"2024-11-04T08:58:59","modified_gmt":"2024-11-04T08:58:59","slug":"pvc-logo-printed-custom-nfc-business-card-ntag-213-215-216","status":"publish","type":"product","link":"https:\/\/nfc-readers.com\/eo\/ic-reader\/pvc-logo-printed-custom-nfc-business-card-ntag-213-215-216\/","title":{"rendered":"PVC-Emblemo Presita Propra NFC-Komerckarto Ntag 213 215 216"},"content":{"rendered":"<h1><span style=\"color: #000080;\"><strong>PVC-Emblemo Presita Propra NFC-Komerckarto Ntag 213 215 216<\/strong><\/span><\/h1>\n<div class=\"message-item-outer relative px-4 mb-2\" data-id=\"d4923133-af33-4007-ab47-519a94928ef7\">\n<div class=\"content-area pl-[0px]\">\n<div class=\"message-item select-text relative\">\n<div class=\"message-inner relative\">\n<div class=\"py-[2px]\">\n<div class=\"flex flex-col gap-2\">\n<div class=\"answer-markdown-box overflow-x-auto select-text custom-scrollbar\">\n<div class=\"markdown-body\">\n<p><span style=\"color: #666699;\">En la hodia\u016da cifereca epoko, la PVC-Emblemo Presita Propra NFC-Komerca Karto Ntag213215216 staras kiel revolucia solvo por interkonektado kaj komercaj interagoj. \u0108i tiuj sa\u011dkartoj ne nur provizas modernan tu\u015don, sed anka\u016d ofertas komforton kaj efikecon. Kun enkonstruita NFC-teknologio, ili ebligas senjuntan senkontaktan komunikadon inter aparatoj. \u0108u vi estas komerca profesiulo, kiu volas lasi da\u016dran impreson a\u016d firmao, kiu ser\u0109as plibonigi markvideblecon, \u0109i tiu pionira karto perfekte kompletigas viajn bezonojn.<\/span><\/p>\n<p>&nbsp;<\/p>\n<h2 style=\"text-align: center;\"><span style=\"color: #000080;\"><strong>Produkta Skizo<\/strong><\/span><\/h2>\n<h3><span style=\"color: #333399;\"><strong>1. \u015closilaj Specifoj de la Komerca Karto NFC<\/strong><\/span><\/h3>\n<div class=\"table-with-header rounded-lg border border-solid border-grey-line2-normal w-fit max-w-full mb-2\">\n<div class=\"overflow-x-auto custom-scrollbar custom-scrollbar-float max-w-full\">\n<table class=\"w-fit !mb-0 !max-w-none\">\n<thead>\n<tr>\n<th><strong>Specifo<\/strong><\/th>\n<th><strong>Valoro<\/strong><\/th>\n<\/tr>\n<\/thead>\n<tbody>\n<tr>\n<td>Blato<\/td>\n<td>Ntag213\/Persona<\/td>\n<\/tr>\n<tr>\n<td>Ofteco<\/td>\n<td>13,56 MHz<\/td>\n<\/tr>\n<tr>\n<td>Materialo<\/td>\n<td>PVC\/Aliaj Materialoj<\/td>\n<\/tr>\n<tr>\n<td>Grandeco<\/td>\n<td>85,5 x 54 mm \/ Personigita<\/td>\n<\/tr>\n<tr>\n<td>Akvorezista \/ Veterrezista<\/td>\n<td>Jes<\/td>\n<\/tr>\n<tr>\n<td>Presaj Opcioj<\/td>\n<td>CMYK4C Preso\/Ofseto\/Silkekrano<\/td>\n<\/tr>\n<tr>\n<td>Surfaca Fino<\/td>\n<td>Brila\/Mate\/Frostita<\/td>\n<\/tr>\n<tr>\n<td>Komunika Interfaco<\/td>\n<td>NFC<\/td>\n<\/tr>\n<tr>\n<td>Loko de Origino<\/td>\n<td>Guangdong, \u0108inio<\/td>\n<\/tr>\n<\/tbody>\n<\/table>\n<\/div>\n<\/div>\n<p>\u0108i tiu detala speciftabelo elstarigas la fortikan teknologion kaj \u0109iuflankecon de la vizitkarto NFC, certigante fortikecon kaj funkciecon.<\/p>\n<p>&nbsp;<\/p>\n<h3><span style=\"color: #333399;\"><strong>2. Personigo Opcioj<\/strong><\/span><\/h3>\n<p>Agordante vian <strong>Komerckarto NFC<\/strong>\u00a0estas decida por marka identeco. \u0108i tiu karto ofertas:<\/p>\n<ul>\n<li><strong>Propraj Emblemoj kaj Koloroj:<\/strong>\u00a0Vi povas aldoni vian emblemon kaj kolorojn por krei memorindan dezajnon, kiu reflektas vian markon.<\/li>\n<li><strong>Specialaj Fina\u0135oj:<\/strong>\u00a0Elektu el brilaj, mataj a\u016d frostaj fina\u0135oj por plibonigi la aspekton de via karto.<\/li>\n<li><strong>Unikaj Presaj Teknikoj:<\/strong>\u00a0Opcioj kiel lasera kodigo, UV-inko kaj reliefado permesas komplikajn dezajnojn, igante vian karton elstari.<\/li>\n<\/ul>\n<p>&nbsp;<\/p>\n<h3><span style=\"color: #333399;\"><strong>3. Teknikaj Trajtoj kaj Kongrueco<\/strong><\/span><\/h3>\n<p>Kompreni la teknikajn aspektojn de la\u00a0<strong>PVC Logo Presita Propra NFC Komerca Karto<\/strong>\u00a0estas esenca por efike uzi \u011din en viaj komercaj operacioj:<\/p>\n<ul>\n<li><strong>Senkontakta Komunikado:<\/strong>\u00a0La karto ali\u011das al la\u00a0<strong>ISO14443A protokolo<\/strong>, certigante kongruon kun la plej multaj kartlegiloj kaj dolortelefonoj.<\/li>\n<li><strong>Sekura Informo-Inter\u015dan\u011do:<\/strong>\u00a0Kun fortaj \u0109ifradaj algoritmoj, viaj datumoj restas sekuraj kiam ili estas dividitaj per la karto.<\/li>\n<li><strong>Fortikeco:<\/strong>\u00a0Farita el altkvalita PVC, la karto estas akvorezista kaj veterrezista, certigante ke \u011di eltenas \u0109iutagan uzadon.<\/li>\n<\/ul>\n<p>&nbsp;<\/p>\n<h2 style=\"text-align: center;\"><span style=\"color: #000080;\"><strong>Media Efiko<\/strong><\/span><\/h2>\n<p>\u015can\u011dante al <strong>Komerckartoj de NFC<\/strong>\u00a0ne nur profitigas vian profesian bildon sed anka\u016d subtenas da\u016drigeblajn komercajn praktikojn.<\/p>\n<ul>\n<li><strong>Reduktita Paperuzo:<\/strong>\u00a0Uzante NFC-teknologion, vi kontribuas malpliigi karbonpiedsignon.<\/li>\n<li><strong>Longviveco:<\/strong>\u00a0Kun pli longa vivociklo ol tradiciaj kartoj, ili rezultigas malpli da mal\u015dparo la\u016dlonge de la tempo.<\/li>\n<\/ul>\n<p>&nbsp;<\/p>\n<h2 style=\"text-align: center;\"><span style=\"color: #000080;\"><strong>Klientaj Recenzoj kaj Atestoj<\/strong><\/span><\/h2>\n<p>Pozitivaj klientaj sugestoj pruvas la efikecon kaj fidindecon de la PVC-Emblemo Presita Propra NFC-Komerca Karto. Multaj uzantoj rimarkas:<\/p>\n<ul>\n<li><strong>Plibonigitaj Retaj \u015cancoj:<\/strong>\u00a0Uzantoj dividis rakontojn pri kiel \u0109i tiuj kartoj faciligis pli facilajn ligojn.<\/li>\n<li><strong>Imponitaj Klientoj:<\/strong>\u00a0Komercoj raportis, ke perspektivoj ofte estas surprizitaj de la noviga naturo de NFC-teknologio.<\/li>\n<\/ul>\n<p>&nbsp;<\/p>\n<h2 style=\"text-align: center;\"><span style=\"color: #000080;\"><strong>Oftaj Demandoj<\/strong><\/span><\/h2>\n<p><span style=\"color: #008080;\"><strong>Q1: \u0108u \u0109i tiuj kartoj estas kongruaj kun iOS kaj Android-aparatoj?<\/strong><\/span><\/p>\n<\/div>\n<\/div>\n<\/div>\n<\/div>\n<\/div>\n<\/div>\n<\/div>\n<\/div>\n<div class=\"message-item-outer relative px-4 mb-2\" data-id=\"a0d48a34-bc73-4dbc-bdef-014d374b33ed\">\n<div class=\"content-area pl-[0px]\">\n<div class=\"message-item select-text relative\">\n<div class=\"message-inner relative\">\n<div class=\"py-[2px]\">\n<div class=\"flex flex-col gap-2\">\n<div class=\"answer-markdown-box overflow-x-auto select-text custom-scrollbar\">\n<div class=\"markdown-body\">\n<p><strong>A1:<\/strong>\u00a0Jes, la PVC-Emblemo Presitaj Propraj NFC-Komerckartoj estas kongruaj kun iOS kaj Android-aparatoj kiuj subtenas NFC-teknologion. \u0108i tio certigas, ke vi povas konekti\u011di perfekte kun lar\u011da gamo de uzantoj, sendepende de ilia inteligenta marko.<\/p>\n<hr \/>\n<p><span style=\"color: #008080;\"><strong>Q2: Kiel mi programas a\u016d reprogramas la NFC-karton?<\/strong><\/span><\/p>\n<p><strong>A2:<\/strong>\u00a0Programado kaj reprogramado de via NFC-karto povas esti farita per NFC-ebligitaj inteligentaj telefonoj a\u016d NFC-skribaj aparatoj. Simple el\u015dutu NFC-skribo-aplika\u0135on, tenu vian NFC-karton proksime de via aparato, kaj sekvu la instrukciojn de la programo por enigi la deziratan informon.<\/p>\n<hr \/>\n<p><strong><span style=\"color: #008080;\">Q3: \u0108u mi povas uzi \u0109i tiujn kartojn por pagceloj?<\/span><\/strong><\/p>\n<p><strong>A3:<\/strong>\u00a0Dum NFC-komerckartoj estas \u0109efe dezajnitaj por kunhavigi informojn, ili povas esti agorditaj por ligi al moveblaj pagaplikoj. Tamen ili ne esence havas pagpretigan funkcion kiel dedi\u0109itaj pagkartoj.<\/p>\n<hr \/>\n<h3><\/h3>\n<h2 style=\"text-align: center;\"><span style=\"color: #000080;\"><strong>\u0108u vi pretas plialtigi vian sperton pri reto?<\/strong><\/span><\/h2>\n<p>Transformu viajn profesiajn interagojn kun nia\u00a0<strong>PVC Logo Presita Propraj NFC Komercaj Kartoj<\/strong>. Por esplori pli pri niaj produktoj a\u016d por fari vian mendon,\u00a0<a href=\"\/\/dhoenijjpgpeimemopealfcbiecgceod\/sidepanel.html#\" target=\"_blank\" rel=\"noopener\">klaku \u0109i tie<\/a>\u00a0plenigi nian enketformularon. Via moderna interkonekta solvo atendas!Por pliaj informoj pri NFC-teknologio, vizitu nian\u00a0<a href=\"\/\/dhoenijjpgpeimemopealfcbiecgceod\/sidepanel.html#\" target=\"_blank\" rel=\"noopener\">NFC-Rimedoj<\/a>\u00a0pa\u011do, a\u016d legu pri la\u00a0<strong>evoluo de MIFARE-teknologio<\/strong>\u00a0en komerco hodia\u016d\u00a0<a href=\"\/\/dhoenijjpgpeimemopealfcbiecgceod\/sidepanel.html#\" target=\"_blank\" rel=\"noopener\">\u0109i tie<\/a>. Akceptu la estontecon de komunikado kun konfido!<\/p>\n<\/div>\n<\/div>\n<\/div>\n<\/div>\n<\/div>\n<\/div>\n<\/div>\n<\/div>","protected":false},"excerpt":{"rendered":"<p>Malkovru la PVC-Emblemon Presitan Propran NFC-Komercan Karton, modernan solvon por senjunta interkonektado. Altigu vian markon per personigita, senkontakta teknologio.<\/p>","protected":false},"featured_media":3350,"template":"","meta":[],"product_brand":[],"product_cat":[46],"product_tag":[],"class_list":{"0":"post-3358","1":"product","2":"type-product","3":"status-publish","4":"has-post-thumbnail","6":"product_cat-nfc-cards","8":"first","9":"instock","10":"shipping-taxable","11":"product-type-simple"},"_links":{"self":[{"href":"https:\/\/nfc-readers.com\/eo\/wp-json\/wp\/v2\/product\/3358","targetHints":{"allow":["GET"]}}],"collection":[{"href":"https:\/\/nfc-readers.com\/eo\/wp-json\/wp\/v2\/product"}],"about":[{"href":"https:\/\/nfc-readers.com\/eo\/wp-json\/wp\/v2\/types\/product"}],"wp:featuredmedia":[{"embeddable":true,"href":"https:\/\/nfc-readers.com\/eo\/wp-json\/wp\/v2\/media\/3350"}],"wp:attachment":[{"href":"https:\/\/nfc-readers.com\/eo\/wp-json\/wp\/v2\/media?parent=3358"}],"wp:term":[{"taxonomy":"product_brand","embeddable":true,"href":"https:\/\/nfc-readers.com\/eo\/wp-json\/wp\/v2\/product_brand?post=3358"},{"taxonomy":"product_cat","embeddable":true,"href":"https:\/\/nfc-readers.com\/eo\/wp-json\/wp\/v2\/product_cat?post=3358"},{"taxonomy":"product_tag","embeddable":true,"href":"https:\/\/nfc-readers.com\/eo\/wp-json\/wp\/v2\/product_tag?post=3358"}],"curies":[{"name":"wp","href":"https:\/\/api.w.org\/{rel}","templated":true}]}}