{"id":3365,"date":"2024-11-01T14:47:51","date_gmt":"2024-11-01T14:47:51","guid":{"rendered":"https:\/\/nfc-readers.com\/?post_type=product&#038;p=3365"},"modified":"2024-11-01T15:00:46","modified_gmt":"2024-11-01T15:00:46","slug":"custom-read-write-flexible-ntag213-215-216-epoxy-nfc-tag","status":"publish","type":"product","link":"https:\/\/nfc-readers.com\/eo\/ic-reader\/custom-read-write-flexible-ntag213-215-216-epoxy-nfc-tag\/","title":{"rendered":"Propra Leg-Skriba Fleksebla NTAG213 215 216 Epoksia NFC-Etikedo"},"content":{"rendered":"<h1 style=\"text-align: center;\"><strong>Propra Leg-Skriba Fleksebla NTAG213 215 216 Epoksia NFC-Etikedo<\/strong><\/h1>\n<p>&nbsp;<\/p>\n<p>En la nuntempa rapida cifereca mondo, la teknologio NFC (Near Field Communication) revolucias kiel ni interagas kun niaj aparatoj, kundividas informojn kaj konektas kun konsumantoj. La <strong>Propra Leg-Skriba Fleksebla NTAG213\/215\/216 Epoksia NFC-Etikedo<\/strong>\u00a0estas pionira produkto desegnita por plibonigi viajn komunikajn kapablojn estante multflanka kaj facile uzebla. Kun \u011diaj akvorezistaj kapabloj, agordeblaj funkcioj kaj gamo da aplikoj, \u0109i tiu NFC-etikedo elstaras kiel plej bona elekto por entreprenoj kaj individuoj.<\/p>\n<p>Utiligante la potencon de NFC, vi povas simpligi interagojn, akceli efikecon kaj rekte partopreni uzantojn. \u0108u vi ser\u0109as NFC-etikedojn por kunhavigo de sociaj amaskomunikiloj a\u016d por krei inteligentajn solvojn, \u0109i tiu produkto ofertas la perfektan miksa\u0135on de funkcieco kaj oportuno. Plibonigu vian operacian efikecon kaj uzantan enga\u011di\u011don enkorpigante \u0109i tiujn <strong>NFC-etikedoj<\/strong>\u00a0en vian strategion hodia\u016d!<\/p>\n<p>&nbsp;<\/p>\n<h3><strong>Specialaj Trajtoj de la Epoksia NFC-Etikedo NTAG213\/215\/216<\/strong><\/h3>\n<p>La\u00a0<strong>Propra Leg-Skriba Fleksebla NTAG213\/215\/216 Epoksia NFC-Etikedo<\/strong>\u00a0venas ekipita per amaso da\u00a0<strong>specialaj trajtoj<\/strong>\u00a0tio apartigas \u011din de normaj NFC-etikedoj.<\/p>\n<ul>\n<li><strong>Akvorezista\/Veterrezista:<\/strong>\u00a0\u0108i tiuj NFC-etikedoj estas kreitaj per materialoj, kiuj certigas fortikecon kaj funkciecon en diversaj mediaj kondi\u0109oj. \u0108u uzataj endome a\u016d ekstere, ili rezistas malsekecon kaj estas konstruitaj por elteni la rigorojn de malsamaj klimatoj.<\/li>\n<li><strong>Agordigebla Grandeco kaj Formfaktoro:<\/strong>\u00a0Havebla en norma grandeco de\u00a0<strong>25mm<\/strong>, kun ebloj por personigo, \u0109i tiuj\u00a0<strong>NFC-glumarkoj<\/strong>\u00a0povas esti adaptita por plenumi specifajn projektajn postulojn a\u016d markajn bezonojn.<\/li>\n<li><strong>Reskribeblaj Memoraj Opcioj:<\/strong>\u00a0Depende de la pecettipo elektita, memoro povas varii de\u00a0<strong>144 \u011dis 888 bajtoj<\/strong>, permesante al uzantoj stoki esencajn informojn, kiel URL-ojn, kontaktajn detalojn a\u016d aplikajn datumojn. \u0108i tio ebligas la\u00a0<strong>reverkeblaj NFC-etikedoj<\/strong>\u00a0reuzebla por malsamaj kampanjoj kaj aplikoj la\u016dbezone.<\/li>\n<\/ul>\n<p>En cifereca pejza\u011do, kie informoj konstante estas \u011disdatigitaj, havi agordeblajn kaj flekseblajn opciojn estas valorega por entreprenoj ser\u0109antaj konservi gravecon.<\/p>\n<p>&nbsp;<\/p>\n<h3><strong>Avanta\u011doj de Uzado de Blatoj NTAG213, NTAG215 kaj NTAG216<\/strong><\/h3>\n<p>\u0108iu blato ene de la NTAG-serio ofertas unikajn avanta\u011dojn, kiuj respondas al malsamaj uzantbezonoj:<\/p>\n<ul>\n<li><strong>NTAG213:<\/strong>\u00a0Desegnita por simplaj aplikoj, \u0109i tiu blato ofertas ampleksan stokadon kaj bazajn funkciojn, idealajn por kunhavi URL-ojn a\u016d kontaktajn detalojn.<\/li>\n<li><strong>NTAG215:<\/strong>\u00a0Kun vastigitaj memorkapabloj, la NTAG215 estas perfekta por pli kompleksaj aplikoj, kiel po\u015dtelefona videoludado, kaj la kreado de spertoj sufi\u0109e interagaj por elstari.<\/li>\n<li><strong>NTAG216:<\/strong>\u00a0Por tiuj, kiuj postulas e\u0109 pli da datumstokado, la NTAG216 disponigas la plej altan memorkapaciton de la serio, igante \u011din ta\u016dga por aplikoj postulantaj pli ampleksan datumtranslokigon a\u016d stokadon.<\/li>\n<\/ul>\n<p>&nbsp;<\/p>\n<h3><strong>Oftaj Demandoj (FAQs)<\/strong><\/h3>\n<h3>1.\u00a0<strong>Kiuj specoj de NFC-etikedoj haveblas?<\/strong><\/h3>\n<p>Estas diversaj specoj de NFC-etikedoj, inkluzive de NTAG213, NTAG215 kaj NTAG216. \u0108iu ofertas malsamajn memorkapablojn kaj funkciojn. Aldone, ekzistas reverkeblaj etikedoj, glumarkoj, kaj specialigitaj etikedoj dizajnitaj por specifaj surfacoj, inkluzive de metalaj kaj sur-metalaj aplikoj.<\/p>\n<h3>2.\u00a0<strong>Kiel mi scias \u0109u mia telefono estas NFC-ebligita?<\/strong><\/h3>\n<p>Plej multaj sa\u011dtelefonoj produktitaj en la lastaj jaroj, kaj Android kaj iOS-aparatoj, estas ekipitaj per NFC-teknologio. Vi povas kontroli la specifojn a\u016d agordojn de via aparato por ekscii \u0109u NFC estas subtenata. Ser\u0109u la opcion NFC en la agorda menuo a\u016d konsultu la retejon de la fabrikanto.<\/p>\n<h3>3.\u00a0<strong>\u0108u mi povas reverki datumojn pri NFC-etikedoj?<\/strong><\/h3>\n<p>Jes! Nia\u00a0<strong>NTAG213\/215\/216 NFC-etikedoj<\/strong>\u00a0estas reverkeblaj, kio signifas, ke vi povas \u011disdatigi a\u016d \u015dan\u011di la datumojn konservitajn sur ili plurfoje. \u0108i tio faras ilin multflanka solvo por entreprenoj kaj personaj uzoj egale, ebligante facilajn \u011disdatigojn sen bezono anstata\u016digi la etikedon.<\/p>\n<h3>4.\u00a0<strong>Kio estas la legaddistanco por NFC-etikedoj?<\/strong><\/h3>\n<p>Tipe, NFC-etikedoj havas legan distancon de\u00a0<strong>1-5 cm<\/strong>. \u0108i tiu mallonga atingo certigas sekuran kaj rektan komunikadon inter la NFC-etikedo kaj la NFC-ebligita aparato.<\/p>\n<h3>5.\u00a0<strong>\u0108u NFC-etikedoj estas akvorezistaj?<\/strong><\/h3>\n<p>Jes, nia\u00a0<strong>Propraj Leg-Skribu Flekseblaj NTAG213\/215\/216 Epoksiaj NFC-Etikedoj<\/strong>\u00a0estas desegnitaj por esti akvorezistaj kaj veterrezistaj, igante ilin ta\u016dgaj por sub\u0109iela uzo kaj diversaj mediaj kondi\u0109oj.<\/p>","protected":false},"excerpt":{"rendered":"<p>La Propra Leg-Skriba Fleksebla NTAG213\/215\/216 Epoxy NFC-Etikedo ofertas da\u016drajn kaj akvorezistajn solvojn por multfacetaj aplikoj, ebligante senjuntan kundividon kaj interagadon de datumoj. Perfekta por merkatado, sociaj amaskomunikiloj kaj pli!<\/p>","protected":false},"featured_media":3366,"template":"","meta":[],"product_brand":[],"product_cat":[47],"product_tag":[],"class_list":{"0":"post-3365","1":"product","2":"type-product","3":"status-publish","4":"has-post-thumbnail","6":"product_cat-nfc-tags","8":"first","9":"instock","10":"shipping-taxable","11":"product-type-simple"},"_links":{"self":[{"href":"https:\/\/nfc-readers.com\/eo\/wp-json\/wp\/v2\/product\/3365","targetHints":{"allow":["GET"]}}],"collection":[{"href":"https:\/\/nfc-readers.com\/eo\/wp-json\/wp\/v2\/product"}],"about":[{"href":"https:\/\/nfc-readers.com\/eo\/wp-json\/wp\/v2\/types\/product"}],"wp:featuredmedia":[{"embeddable":true,"href":"https:\/\/nfc-readers.com\/eo\/wp-json\/wp\/v2\/media\/3366"}],"wp:attachment":[{"href":"https:\/\/nfc-readers.com\/eo\/wp-json\/wp\/v2\/media?parent=3365"}],"wp:term":[{"taxonomy":"product_brand","embeddable":true,"href":"https:\/\/nfc-readers.com\/eo\/wp-json\/wp\/v2\/product_brand?post=3365"},{"taxonomy":"product_cat","embeddable":true,"href":"https:\/\/nfc-readers.com\/eo\/wp-json\/wp\/v2\/product_cat?post=3365"},{"taxonomy":"product_tag","embeddable":true,"href":"https:\/\/nfc-readers.com\/eo\/wp-json\/wp\/v2\/product_tag?post=3365"}],"curies":[{"name":"wp","href":"https:\/\/api.w.org\/{rel}","templated":true}]}}