{"id":3372,"date":"2024-11-01T14:57:52","date_gmt":"2024-11-01T14:57:52","guid":{"rendered":"https:\/\/nfc-readers.com\/?post_type=product&#038;p=3372"},"modified":"2024-11-01T14:57:52","modified_gmt":"2024-11-01T14:57:52","slug":"13-56mhz-iso14443a-anti-fake-ntag-424-tamper-nfc-sticker","status":"publish","type":"product","link":"https:\/\/nfc-readers.com\/eo\/ic-reader\/13-56mhz-iso14443a-anti-fake-ntag-424-tamper-nfc-sticker\/","title":{"rendered":"13.56MHZ ISO14443A Kontra\u016d-falsa NTAG 424 Tamper NFC-glumarko"},"content":{"rendered":"<h1 style=\"text-align: center;\"><strong>13.56MHZ ISO14443A Kontra\u016d-falsa NTAG 424 Tamper NFC-glumarko<\/strong><\/h1>\n<p>&nbsp;<\/p>\n<p>La\u00a0<strong>13.56MHz ISO14443A Kontra\u016d-Falsa NTAG 424 Tamper NFC Glumarko<\/strong>\u00a0reprezentas avangardan solvon en cifereca a\u016dtentikigo kaj kontra\u016dfalsiga teknologio. Realigita kun altnivelaj funkcioj, \u0109i tiu NFC-glumarko utiligas la potencon de RFID-komunikado kaj estas enigita kun la NTAG424 DNA-blato, kiu permesas al entreprenoj kaj individuoj protekti produktojn kaj sentemajn informojn kontra\u016d falsaj minacoj.<\/p>\n<p>En la hodia\u016da merkato, certigi la a\u016dtentikecon de produktoj estas kerna, kaj \u0109i tiu NFC-etikedo ofertas al entreprenoj pageblan kaj efikan manieron fari tion. \u0108u vi estas podetalisto, kiu volas plibonigi produktan sekurecon a\u016d individuo, kiu volas kontroli la a\u016dtentikecon de varoj, investi en niaj glumarkoj NTAG 424 NFC estas sa\u011da elekto.<\/p>\n<p>&nbsp;<\/p>\n<h3><strong>Produktaj Trajtoj kaj Profitoj<\/strong><\/h3>\n<p>&nbsp;<\/p>\n<h3>1.Altnivela Kontra\u016dfalsiga Teknologio<\/h3>\n<p>La\u00a0<strong>NTAG 424 DNA NFC-Etikedo<\/strong>\u00a0uzas avangardan kontra\u016dfalsan teknologion, kiu ebligas al uzantoj kontroli la a\u016dtentikecon de la produkto perfekte. La enkonstruita pasvorta protekto kaj sekura \u0109ifrita komunikado certigas, ke nur rajtigitaj uzantoj povas aliri sentemajn informojn. \u0108u vi uzas \u011din por markitaj a\u0135oj, kolekteblaj varoj a\u016d e\u0109 personaj hava\u0135oj, \u0109i tiu NFC-glumarko ofertas trankvilon sciante, ke \u0109iu etikedo estas kontra\u016dfrapa.<\/p>\n<ul>\n<li><strong>Enkonstruitaj Sekurecaj Trajtoj:<\/strong>\u00a0La blato NTAG 424 inkluzivas plurajn \u0109ifrajn elektojn por sekurigi viajn datumojn efike.<\/li>\n<li><strong>Uzant-amika Aliro:<\/strong>\u00a0Konsumantoj povas kontroli a\u016dtentecon per simpla frapeto, igante \u011din sen\u011dena.<\/li>\n<\/ul>\n<h3>2.Versatila Komunika Interfaco<\/h3>\n<p>Konstruita la\u016d la protokolo ISO 14443A, nia NFC-glumarko subtenas amba\u016d\u00a0<strong>RFID<\/strong>\u00a0kaj NFC-komunikaj interfacoj, igante \u011din kongrua kun lar\u011da gamo de aparatoj, inkluzive de inteligentaj telefonoj, tabeloj kaj NFC-ebligitaj legantoj. \u0108i tiu \u0109iuflankeco certigas, ke klientoj povas facile aliri produktajn informojn, plibonigante enga\u011di\u011don kaj klientlojalecon.<\/p>\n<ul>\n<li><strong>Kongruaj Aparatoj:<\/strong>\u00a0Funkcias perfekte kun Android, iPhone kaj aliaj NFC-aparatoj.<\/li>\n<li><strong>Plibonigita Uzanto-Sperto:<\/strong>\u00a0Klientoj povas senpene interagi kun produktoj.<\/li>\n<\/ul>\n<h3>3.Custom Grandecaj Opcioj<\/h3>\n<p>Dum la\u00a0<strong>NTAG 424 Tamper NFC Glumarko<\/strong>\u00a0disponeblas en normaj grandecoj, ni proponas personigon por plenumi specifajn bezonojn. Opcioj inkluzivas:<\/p>\n<ul>\n<li><strong>Diametraj Opcioj:<\/strong>\u00a0Agordeblaj grandecoj, inkluzive de 25 mm kaj 45 mm x 30 mm.<\/li>\n<li><strong>Vario de Formoj:<\/strong>\u00a0Rektangulaj, cirklaj a\u016d kutimaj konturoj por kompletigi vian markan estetikon.<\/li>\n<\/ul>\n<p>\u0108i tiuj diversaj grandeco kaj formaj opcioj permesas al entreprenoj krei unikajn markajn spertojn, certigante, ke iliaj produktoj elstaras sur bretoj.<\/p>\n<h3>4.Durebla kaj Fidinda Materialo<\/h3>\n<p>Kreitaj el kovrita papero kaj PET, \u0109i tiuj NFC-glumarkoj estas dezajnitaj por fortikeco kaj fidindeco en diversaj mediaj kondi\u0109oj. Ilia fortika materialo estas rezistema al eluzi\u011do, igante ilin ta\u016dgaj por endomaj kaj sub\u0109ielaj aplikoj.<\/p>\n<ul>\n<li><strong>Akvorezistaj Opcioj:<\/strong>\u00a0Plibonigu fortikecon kaj longvivecon, perfektan por produktoj elmontritaj al humideco.<\/li>\n<li><strong>Glua Kvalito:<\/strong>\u00a0Forta ali\u011do certigas, ke glumarkoj restas nerompitaj sur diversaj surfacoj.<\/li>\n<\/ul>\n<p>&nbsp;<\/p>\n<h3><strong>Teknikaj Specifoj<\/strong><\/h3>\n<p>&nbsp;<\/p>\n<table class=\"w-fit !mb-0 !max-w-none\" style=\"height: 373px;\" width=\"446\">\n<thead>\n<tr>\n<th>Karakteriza\u0135o<\/th>\n<th>Specifo<\/th>\n<\/tr>\n<\/thead>\n<tbody>\n<tr>\n<td>Ofteco<\/td>\n<td>13,56 MHz<\/td>\n<\/tr>\n<tr>\n<td>Protokolo<\/td>\n<td>ISO 14443A<\/td>\n<\/tr>\n<tr>\n<td>Blato<\/td>\n<td>NTAG424 DNA<\/td>\n<\/tr>\n<tr>\n<td>Materialo<\/td>\n<td>Tegita papero, PET<\/td>\n<\/tr>\n<tr>\n<td>Grandecaj Opcioj<\/td>\n<td>Diametro 25mm, 45mm x 30mm (kutima)<\/td>\n<\/tr>\n<tr>\n<td>Lega Distanco<\/td>\n<td>1-10 cm<\/td>\n<\/tr>\n<tr>\n<td>Presaj Opcioj<\/td>\n<td>CMYK, Ofseto, Silk-ekrano<\/td>\n<\/tr>\n<tr>\n<td>Loko de Origino<\/td>\n<td>Guangdong, \u0108inio<\/td>\n<\/tr>\n<tr>\n<td>Komerca nomo<\/td>\n<td>\u015cUN\u0108IN<\/td>\n<\/tr>\n<tr>\n<td>Modela Nombro<\/td>\n<td>SX-NFC<\/td>\n<\/tr>\n<tr>\n<td>Vendado de Unuoj<\/td>\n<td>Ununura ero<\/td>\n<\/tr>\n<tr>\n<td>Pako Grandeco<\/td>\n<td>0,3 x 0,3 x 0,02 cm<\/td>\n<\/tr>\n<tr>\n<td>Malneta Pezo<\/td>\n<td>0,001 kg<\/td>\n<\/tr>\n<\/tbody>\n<\/table>\n<h3><\/h3>\n<h3><strong>Oftaj Demandoj (FAQs)<\/strong><\/h3>\n<p><strong>Q: \u0108u mi povas personecigi la grandecon de la glumarko NFC?<\/strong><br \/>\n<strong>A:<\/strong>\u00a0Jes, ni ofertas personigon por la grandeco de la NFC-glumarkoj. Dum la normaj grandecoj inkluzivas diametron de 25mm kaj 45mm x 30mm, vi povas peti specifajn dimensiojn por plenumi viajn postulojn.<\/p>\n<hr \/>\n<p><strong>Q: Kiel funkcias la kontra\u016dfalsiga funkcio?<\/strong><br \/>\n<strong>A:<\/strong>\u00a0La NTAG 424 DNA-peceto inkluzivas altnivelajn \u0109ifradajn kaj a\u016dtentikajn protokolojn. Kiam uzanto skanas la NFC-glumarkon per NFC-ebligita aparato, \u011di kontrolas la integrecon de la datumoj, permesante al uzantoj konfirmi la a\u016dtentikecon de la produkto.<\/p>\n<hr \/>\n<p><strong>Q: Kiuj aparatoj estas kongruaj kun la glumarko NTAG 424 NFC?<\/strong><br \/>\n<strong>A:<\/strong>\u00a0Niaj NFC-glumarkoj estas kongruaj kun \u0109iuj NFC-ebligitaj aparatoj, inkluzive de la plej multaj modernaj inteligentaj telefonoj kaj tablojdoj, kiuj funkcias per Android kaj iOS. Simple certigu, ke via aparato havas NFC-kapablojn ebligitaj.<\/p>\n<hr \/>\n<p><strong>Q: Kiuj materialoj estas uzataj por produkti la NFC-glumarkojn?<\/strong><br \/>\n<strong>A:<\/strong>\u00a0La glumarkoj estas faritaj el kovrita papero kaj PET, provizante fortikecon kaj reziston al eluzi\u011do. Ili estas dizajnitaj por konservi kvaliton e\u0109 en diversaj mediaj kondi\u0109oj.<\/p>\n<p>&nbsp;<\/p>","protected":false},"excerpt":{"rendered":"<p>La 13.56MHz ISO14443A Anti-Fake NTAG 424 Tamper NFC-Glumarko ofertas altnivelajn kontra\u016d-falsajn funkciojn, certigante produktan a\u016dtentikecon kaj sekurecon. \u011cia kompakta dezajno permesas facilan integri\u011don en diversajn aplikojn, provizante fidindan NFC-funkciecon por sekura aliro kaj datumtransigo.<\/p>","protected":false},"featured_media":3373,"template":"","meta":[],"product_brand":[],"product_cat":[48],"product_tag":[],"class_list":{"0":"post-3372","1":"product","2":"type-product","3":"status-publish","4":"has-post-thumbnail","6":"product_cat-nfc-stickers","8":"first","9":"instock","10":"shipping-taxable","11":"product-type-simple"},"_links":{"self":[{"href":"https:\/\/nfc-readers.com\/eo\/wp-json\/wp\/v2\/product\/3372","targetHints":{"allow":["GET"]}}],"collection":[{"href":"https:\/\/nfc-readers.com\/eo\/wp-json\/wp\/v2\/product"}],"about":[{"href":"https:\/\/nfc-readers.com\/eo\/wp-json\/wp\/v2\/types\/product"}],"wp:featuredmedia":[{"embeddable":true,"href":"https:\/\/nfc-readers.com\/eo\/wp-json\/wp\/v2\/media\/3373"}],"wp:attachment":[{"href":"https:\/\/nfc-readers.com\/eo\/wp-json\/wp\/v2\/media?parent=3372"}],"wp:term":[{"taxonomy":"product_brand","embeddable":true,"href":"https:\/\/nfc-readers.com\/eo\/wp-json\/wp\/v2\/product_brand?post=3372"},{"taxonomy":"product_cat","embeddable":true,"href":"https:\/\/nfc-readers.com\/eo\/wp-json\/wp\/v2\/product_cat?post=3372"},{"taxonomy":"product_tag","embeddable":true,"href":"https:\/\/nfc-readers.com\/eo\/wp-json\/wp\/v2\/product_tag?post=3372"}],"curies":[{"name":"wp","href":"https:\/\/api.w.org\/{rel}","templated":true}]}}