{"id":3379,"date":"2024-11-02T11:48:42","date_gmt":"2024-11-02T11:48:42","guid":{"rendered":"https:\/\/nfc-readers.com\/?post_type=product&#038;p=3379"},"modified":"2024-11-04T08:54:15","modified_gmt":"2024-11-04T08:54:15","slug":"custom-ntag-215-digital-smart-nfc-business-card","status":"publish","type":"product","link":"https:\/\/nfc-readers.com\/eo\/ic-reader\/custom-ntag-215-digital-smart-nfc-business-card\/","title":{"rendered":"Propra NTAG 215 Cifereca Smart NFC komerca Karto"},"content":{"rendered":"<h1><span style=\"color: #000080;\"><strong>Propra NTAG 215 Cifereca Smart NFC komerca Karto<\/strong><\/span><\/h1>\n<p><span style=\"color: #666699;\">Revoluciante RetojnEn la nuntempa rapida cifereca mondo, fari memorindan impreson estas kritika. La <strong>Propra NTAG215 Cifereca Smart NFC Komerckarto<\/strong>\u00a0ofertas novigan solvon por profesiuloj, kiuj volas elstari kaj efike kunhavigi siajn kontaktinformojn en moderna maniero. Desegnita por funkcii perfekte kun diversaj aparatoj, \u0109i tiu karto transformas tradician interkonektan aliron al glata, teknika sperto.<\/span><\/p>\n<p>&nbsp;<\/p>\n<h2 style=\"text-align: center;\"><span style=\"color: #000080;\"><em><strong>Avanta\u011doj de la Propra NTAG215 NFC Komerckarto<\/strong><\/em><\/span><\/h2>\n<p><span style=\"color: #666699;\">La\u00a0<strong>Propra NTAG215 Cifereca Smart NFC Komerckarto<\/strong>\u00a0provizas unikan miksa\u0135on de oportuno, fortikeco kaj funkcieco. Iuj \u0109efaj avanta\u011doj inkluzivas:<\/span><\/p>\n<ol>\n<li><strong>Tuja Konektebleco<\/strong>: Simple frapeti la karton kontra\u016d NFC-ebligita aparato permesas al viaj perspektivoj a\u016d konektoj tuj aliri viajn kontaktinformojn, sociajn amaskomunikilarajn profilojn a\u016d reklamajn materialojn. Ne plu palpu tra via monujo a\u016d monujo.<\/li>\n<li><strong>Fortika kaj Akvorezista<\/strong>: Farita el altkvalita PVC, \u0109i tiu karto havas akvorezistajn kaj veterrezistajn funkciojn, certigante ke \u011di eltenas \u0109iutagan eluzi\u011don.<\/li>\n<li><strong>Agordigebla Dezajno<\/strong>: personigaj opcioj, kiel unikaj presaj stiloj kaj finpoluroj kiel mata, brila a\u016d frostita travidebleco, permesas vin plene esprimi vian markidentecon.<\/li>\n<\/ol>\n<hr \/>\n<h2 style=\"text-align: center;\"><em><span style=\"color: #000080;\"><strong>Produkta Skizo<\/strong><\/span><\/em><\/h2>\n<h3><span style=\"color: #333399;\"><strong>1. Kio estas la Propra NTAG215 NFC Komerca Karto?<\/strong><\/span><\/h3>\n<p><span style=\"color: #666699;\">La\u00a0<strong>Propra NTAG215 Cifereca Smart NFC Komerckarto<\/strong>\u00a0estas moderna interkonekta ilo enigita kun altnivela NFC-teknologio. \u0108i tiu karto estas plene funkcia\u00a0<strong>RFID<\/strong>\u00a0aparato laboranta je ofteco de\u00a0<strong>13.56MHz<\/strong>. Uzantoj povas krei kutiman ciferecan sperton programante \u0109i tiun karton por diversaj agoj, kiel ligi al retejo a\u016d konservi kontaktinformojn.<\/span><\/p>\n<p>&nbsp;<\/p>\n<h3><span style=\"color: #333399;\"><strong>2. \u015closilaj Atributoj de la NTAG215 NFC-Karto<\/strong><\/span><\/h3>\n<h3><strong>\u0108i tiu vizitkarto NFC inkluzivas plurajn rimarkindajn \u015dlosilajn atributojn:<\/strong><\/h3>\n<ul>\n<li><strong>\u0108ipa Teknologio<\/strong>: Ekipita per la blato NTAG215, kiu estas registrita varmarko de NXP, \u0109i tiu karto subtenas legadon kaj skriban funkciojn.<\/li>\n<li><strong>Lega Distanco<\/strong>: La karto povas esti efike legita de distanco de\u00a0<strong>1-20 cm<\/strong>, provizante flekseblecon por uzo.<\/li>\n<li><strong>Grandeco kaj dikeco<\/strong>: La dimensioj de la karto estas\u00a0<strong>85,5 x54 x0,84 mm<\/strong>, farante \u011din la norma grandeco por facila portado.<\/li>\n<\/ul>\n<p>&nbsp;<\/p>\n<h3 style=\"text-align: left;\"><span style=\"color: #333399;\"><strong>3. Teknikaj Specifoj<\/strong><\/span><\/h3>\n<div class=\"table-with-header rounded-lg border border-solid border-grey-line2-normal w-fit max-w-full mb-2\">\n<div class=\"table-with-header rounded-lg border border-solid border-grey-line2-normal w-fit max-w-full mb-2\">\n<div class=\"overflow-x-auto custom-scrollbar custom-scrollbar-float max-w-full\">\n<table class=\"w-fit !mb-0 !max-w-none\">\n<thead>\n<tr>\n<th><strong>Specifo<\/strong><\/th>\n<th><strong>Detaloj<\/strong><\/th>\n<\/tr>\n<\/thead>\n<tbody>\n<tr>\n<td><strong>Tipo de blato<\/strong><\/td>\n<td>NTAG\u00ae215<\/td>\n<\/tr>\n<tr>\n<td><strong>Operacia Ofteco<\/strong><\/td>\n<td>13,56 MHz<\/td>\n<\/tr>\n<tr>\n<td><strong>Komunika Interfaco<\/strong><\/td>\n<td>RFID<\/td>\n<\/tr>\n<tr>\n<td><strong>Materialo<\/strong><\/td>\n<td>PVC<\/td>\n<\/tr>\n<tr>\n<td><strong>Karto Grandeco<\/strong><\/td>\n<td>85,5 x54 x0,84 mm<\/td>\n<\/tr>\n<tr>\n<td><strong>Lega Distanco<\/strong><\/td>\n<td>2-10 cm<\/td>\n<\/tr>\n<tr>\n<td><strong>Stoka Kapacito<\/strong><\/td>\n<td>540 bajtoj (kun proksimume 120 bajtoj haveblaj por uzantdatenoj)<\/td>\n<\/tr>\n<tr>\n<td><strong>Funkcia Temperaturo<\/strong><\/td>\n<td>+20 \u00b0C \u011dis +80 \u00b0C<\/td>\n<\/tr>\n<tr>\n<td><strong>Tenada Temperaturo<\/strong><\/td>\n<td>-25 \u00b0C \u011dis +70 \u00b0C<\/td>\n<\/tr>\n<tr>\n<td><strong>Dikeco<\/strong><\/td>\n<td>0,84 mm<\/td>\n<\/tr>\n<tr>\n<td><strong>Surfaca Finado<\/strong><\/td>\n<td>Matte, Brila, Frostita, Travidebla (agordigeblaj opcioj)<\/td>\n<\/tr>\n<tr>\n<td><strong>Protokolo<\/strong><\/td>\n<td>ISO\/IEC14443A<\/td>\n<\/tr>\n<tr>\n<td><strong>Akvorezista takso<\/strong><\/td>\n<td>IP68 (akvorezista kaj polvorezista)<\/td>\n<\/tr>\n<tr>\n<td><strong>Kongrueco<\/strong><\/td>\n<td>Kongrua kun \u0109iuj NFC-ebligitaj aparatoj<\/td>\n<\/tr>\n<tr>\n<td><strong>Personigo Opcioj<\/strong><\/td>\n<td>Disponeblaj diversaj presaj opcioj (plenkolora, monokromata).<\/td>\n<\/tr>\n<tr>\n<td><strong>Media Efiko<\/strong><\/td>\n<td>Fabrikite per ekologiaj procezoj, ali\u011dante al da\u016dripovaj normoj<\/td>\n<\/tr>\n<tr>\n<td><strong>Aplikoj<\/strong><\/td>\n<td>Ideala por profesiuloj tra diversaj industrioj (vendoj, nemovebla\u0135oj, eventoj, ktp.)<\/td>\n<\/tr>\n<tr>\n<td><strong>Pliaj Trajtoj<\/strong><\/td>\n<td>Facile programebla per NFC por \u015dan\u011di datumojn, subtenas sociajn amaskomunikilajn ligilojn<\/td>\n<\/tr>\n<tr>\n<td><strong>Vivda\u016dro<\/strong><\/td>\n<td>5 jaroj<\/td>\n<\/tr>\n<\/tbody>\n<\/table>\n<\/div>\n<\/div>\n<p><span style=\"color: #282828;\">\u0108i tiu tabelo provizas ampleksan superrigardon de la\u00a0<strong>Propra NTAG215 Cifereca Smart NFC Komerckarto<\/strong>, helpante klientojn kompreni la funkciojn kaj avanta\u011dojn de la produkto detale.<\/span><\/p>\n<p>&nbsp;<\/p>\n<\/div>\n<h2 style=\"text-align: center;\"><em><span style=\"color: #000080;\"><strong>Ekologiaj Praktikoj<\/strong><\/span><\/em><\/h2>\n<p style=\"text-align: left;\"><span style=\"color: #666699;\"><strong>Dum teknologio estas esenca, anka\u016d estas enga\u011di\u011do al la medio. La Propra NTAG215 Cifereca Smart NFC Komerca Karto estas fabrikita per ekologiaj procezoj, minimumigante \u011dian median efikon.<\/strong><\/span><\/p>\n<p>&nbsp;<\/p>\n<h2 style=\"text-align: center;\"><em><span style=\"color: #000080;\"><strong>Real-Mondaj Aplikoj<\/strong><\/span><\/em><\/h2>\n<p style=\"text-align: left;\"><span style=\"color: #666699;\"><strong>Profesiuloj tra diversaj industrioj povas uzi \u0109i tiujn NFC-komerckartojn. \u0108u vi estas en vendo, nemovebla\u0135o a\u016d ajna rolo al kliento, havi inteligentan karton povas plibonigi vian interkonektan ludon.<\/strong><\/span><\/p>\n<p>&nbsp;<\/p>\n<h2 style=\"text-align: center;\"><em><span style=\"color: #000080;\"><strong>Klientaj Recenzoj kaj Atestoj<\/strong><\/span><\/em><\/h2>\n<p>Klientoj ravas pri la oportuno kaj moderna alogo de la\u00a0<strong>Propra NTAG215 Cifereca Smart NFC Komerckarto<\/strong>. Recenzoj elstarigas la facilecon de uzado kaj imponan dezajnon kiel esencajn kontribuantojn al sia interreta sukceso.<\/p>\n<blockquote><p>\u201cMi amas, kiel mi povas facile kunhavigi miajn informojn! \u0108iufoje kiam mi disdonas mian karton, mi ricevas komplimentojn. \u011ci multe pli facilas la reton!&quot; - Jessica H.<\/p>\n<p>&nbsp;<\/p><\/blockquote>\n<h2 style=\"text-align: center;\"><span style=\"color: #000080;\"><em><strong>Oftaj Demandoj<\/strong><\/em><\/span><\/h2>\n<p><span style=\"color: #008080;\"><strong>Q: \u0108u la karto estas kongrua kun \u0109iuj sa\u011dtelefonoj?<\/strong><\/span><\/p>\n<p>A: Jes, la <strong>Propra NTAG215 NFC Komerckarto<\/strong>\u00a0estas kongrua kun \u0109iuj NFC-ebligitaj inteligentaj telefonoj kaj aparatoj, igante \u011din multflanka por moderna interkonektado.<\/p>\n<p><span style=\"color: #008080;\"><strong>Q: \u0108u mi povas personecigi la karton-dezajnon?<\/strong><\/span><\/p>\n<p>A: Absolute! Vi povas personecigi la dezajnon de la karto kun diversaj presaj opcioj, koloroj kaj fina\u0135oj por reflekti vian personan a\u016d markan identecon.<\/p>","protected":false},"excerpt":{"rendered":"<p>Transformu reton per la Propra NTAG215 NFC-Komerckarto, ebligante tujan kundividon de kontaktinformoj per simpla frapeto, \u0109io en da\u016drema, agordebla dezajno.<\/p>","protected":false},"featured_media":3380,"template":"","meta":[],"product_brand":[],"product_cat":[46],"product_tag":[],"class_list":{"0":"post-3379","1":"product","2":"type-product","3":"status-publish","4":"has-post-thumbnail","6":"product_cat-nfc-cards","8":"first","9":"instock","10":"shipping-taxable","11":"product-type-simple"},"_links":{"self":[{"href":"https:\/\/nfc-readers.com\/eo\/wp-json\/wp\/v2\/product\/3379","targetHints":{"allow":["GET"]}}],"collection":[{"href":"https:\/\/nfc-readers.com\/eo\/wp-json\/wp\/v2\/product"}],"about":[{"href":"https:\/\/nfc-readers.com\/eo\/wp-json\/wp\/v2\/types\/product"}],"wp:featuredmedia":[{"embeddable":true,"href":"https:\/\/nfc-readers.com\/eo\/wp-json\/wp\/v2\/media\/3380"}],"wp:attachment":[{"href":"https:\/\/nfc-readers.com\/eo\/wp-json\/wp\/v2\/media?parent=3379"}],"wp:term":[{"taxonomy":"product_brand","embeddable":true,"href":"https:\/\/nfc-readers.com\/eo\/wp-json\/wp\/v2\/product_brand?post=3379"},{"taxonomy":"product_cat","embeddable":true,"href":"https:\/\/nfc-readers.com\/eo\/wp-json\/wp\/v2\/product_cat?post=3379"},{"taxonomy":"product_tag","embeddable":true,"href":"https:\/\/nfc-readers.com\/eo\/wp-json\/wp\/v2\/product_tag?post=3379"}],"curies":[{"name":"wp","href":"https:\/\/api.w.org\/{rel}","templated":true}]}}