{"id":3386,"date":"2024-11-02T12:57:27","date_gmt":"2024-11-02T12:57:27","guid":{"rendered":"https:\/\/nfc-readers.com\/?post_type=product&#038;p=3386"},"modified":"2024-11-04T08:53:34","modified_gmt":"2024-11-04T08:53:34","slug":"rfid-design-music-event-event-staff-pvc-nfc-card","status":"publish","type":"product","link":"https:\/\/nfc-readers.com\/eo\/ic-reader\/rfid-design-music-event-event-staff-pvc-nfc-card\/","title":{"rendered":"PVC NFC-Karto por Muzika Evento"},"content":{"rendered":"<h1 style=\"text-align: left;\"><span style=\"color: #000080;\"><strong>PVC NFC-Karto por Muzika Evento<\/strong><\/span><\/h1>\n<div class=\"table-with-header rounded-lg border border-solid border-grey-line2-normal w-fit max-w-full mb-2\">\n<div class=\"h-8 items-center flex justify-between px-2 text-xs border-0 border-b border-solid border-grey-line2-normal\">\n<div class=\"text-text-primary-3 flex items-center gap-1\">\n<h3 style=\"text-align: left;\"><span style=\"color: #008080;\"><strong>Mal\u015dlosu la Potencon de Senjunta Eventa Administrado<\/strong><\/span><\/h3>\n<p style=\"text-align: left;\"><strong><span style=\"color: #666699;\">Kiel aran\u011danto, vi scias, ke senjunta alirkontrolo kaj efika administrado de homamasoj estas la \u015dlosiloj por sukcesa evento. La PVC NFC-Karto por Muzika Evento estas la solvo, kiun vi ser\u0109is, revoluciante la manieron kiel vi administras viajn muzikajn festivalojn, ekspoziciojn kaj forumojn.<\/span><\/strong><\/p>\n<p style=\"text-align: left;\"><strong><span style=\"color: #666699;\">Kreitaj per gvida teknologio kaj senekzempla fortikeco, \u0109i tiuj NFC-kartoj ofertas ampleksan pakon da funkcioj, kiuj altigos vian eventon. De fidinda identeca\u016dtentigo \u011dis glata \u0109iutaga kontrolado de vizitanto, la PVC-NFC-Karto por Muzika Evento estas la esenca ilo, kiun vi bezonas por preni vian eventan administradon al la sekva nivelo.<\/span><\/strong><\/p>\n<h2 style=\"text-align: left;\"><span style=\"color: #000080;\"><em><strong>Produkta Skizo<\/strong><\/em><\/span><\/h2>\n<h3 style=\"text-align: left;\"><span style=\"color: #333399;\"><strong>1. \u015closilaj Atributoj: <\/strong><\/span><\/h3>\n<h3 style=\"text-align: left;\"><span style=\"color: #333399;\"><strong>Senkompromisa Kvalito kaj Sekureco<\/strong><\/span><\/h3>\n<p style=\"text-align: left;\">La PVC-NFC-Karto por Muzika Evento estas konstruita por elteni la rigorojn de alttrafikaj medioj. Kreita el da\u016dra\u00a0<strong>PVC<\/strong>, \u0109i tiuj kartoj estas dizajnitaj por rezisti eluzi\u011don, certigante longda\u016dran fidindecon e\u0109 en la plej postulemaj kondi\u0109oj.<\/p>\n<h3 style=\"text-align: left;\"><strong><span style=\"color: #333399;\">2. Industri-Specifikaj Avanta\u011doj: <\/span><\/strong><\/h3>\n<h3 style=\"text-align: left;\"><strong><span style=\"color: #333399;\">Tajpita por Eventaj Organizantoj<\/span><\/strong><\/h3>\n<p style=\"text-align: left;\">Desegnita konsiderante la unikajn bezonojn de aran\u011dantoj de eventoj, <strong>la PVC-NFC-Karto por Muzika Evento<\/strong>\u00a0ofertas serion de funkcioj, kiuj perfekte integri\u011das kun alirkontrolaj sistemoj kaj plifaciligas administradon de homamasoj.<\/p>\n<p>&nbsp;<\/p>\n<h3><span style=\"color: #333399;\"><strong>3. Karakteriza\u0135oj<\/strong><\/span><\/h3>\n<\/div>\n<\/div>\n<\/div>\n<div class=\"table-with-header rounded-lg border border-solid border-grey-line2-normal w-fit max-w-full mb-2\">\n<div class=\"overflow-x-auto custom-scrollbar custom-scrollbar-float max-w-full\">\n<table class=\"w-fit !mb-0 !max-w-none\">\n<thead>\n<tr>\n<th><strong>Kategorio<\/strong><\/th>\n<th><strong>Detaloj<\/strong><\/th>\n<\/tr>\n<\/thead>\n<tbody>\n<tr>\n<td><strong>Materialo<\/strong><\/td>\n<td>Altkvalita PVC, da\u016dra por longtempa uzo.<\/td>\n<\/tr>\n<tr>\n<td><strong>\u0108ipa Teknologio<\/strong><\/td>\n<td>NFC-kongruaj blatoj (Ntag213, Ntag215, Ntag216) por plifortigita sekureco.<\/td>\n<\/tr>\n<tr>\n<td><strong>Fortikeco<\/strong><\/td>\n<td>Akvorezista kaj veterrezista por sub\u0109ielaj eventoj.<\/td>\n<\/tr>\n<tr>\n<td><strong>Ofteco<\/strong><\/td>\n<td>13,56 MHz<\/td>\n<\/tr>\n<tr>\n<td><strong>Lega Distanco<\/strong><\/td>\n<td>0-10 cm<\/td>\n<\/tr>\n<tr>\n<td><strong>Grandecaj Opcioj<\/strong><\/td>\n<td>Propraj grandecoj: 70x100mm, 80x120mm, 85.5x54mm<\/td>\n<\/tr>\n<tr>\n<td><strong>Opcioj de dikeco<\/strong><\/td>\n<td>0,76 mm \u011dis 0,85 mm<\/td>\n<\/tr>\n<tr>\n<td><strong>Presa Metodo<\/strong><\/td>\n<td>CMYK kvarkolora presado, ofseto kaj silkekrana presado.<\/td>\n<\/tr>\n<tr>\n<td><strong>Surfaca Fino<\/strong><\/td>\n<td>Brilaj, mate a\u016d frostaj elektoj haveblaj.<\/td>\n<\/tr>\n<tr>\n<td><strong>Konfirmo de Identeco<\/strong><\/td>\n<td>Subtenas alirkontrolajn sistemojn por malhelpi nea\u016dtorizitan eniron.<\/td>\n<\/tr>\n<tr>\n<td><strong>Kontrolo de Vizitantoj<\/strong><\/td>\n<td>Efika administrado de fluo de \u0109eestantoj por plurtagaj eventoj.<\/td>\n<\/tr>\n<tr>\n<td><strong>Homama Administrado<\/strong><\/td>\n<td>Faciligas glatajn enirprocezojn, reduktante atendtempojn.<\/td>\n<\/tr>\n<tr>\n<td><strong>Personigo<\/strong><\/td>\n<td>Personigitaj dezajnoj por markaj kaj eventotemoj.<\/td>\n<\/tr>\n<tr>\n<td><strong>Media Efiko<\/strong><\/td>\n<td>Ekologiaj materialoj kun reciklaj elektoj.<\/td>\n<\/tr>\n<tr>\n<td><strong>Klienta Reago<\/strong><\/td>\n<td>Recenzoj de uzantoj reliefigante efikecon kaj fidindecon.<\/td>\n<\/tr>\n<tr>\n<td><\/td>\n<td><\/td>\n<\/tr>\n<\/tbody>\n<\/table>\n<\/div>\n<\/div>\n<div class=\"chat-list relative custom-scrollbar-reset-margin custom-scrollbar custom-scrollbar-hidden custom-scrollbar-float pb-9 flex-1 overflow-y-auto\">\n<div class=\"mx-auto max-w-[790px]\">\n<div class=\"message-item-outer relative px-4 mb-2\" data-id=\"d48d37b0-da1a-4c85-9917-d0c1a6993b41\">\n<div class=\"content-area pl-[0px]\">\n<div class=\"message-item select-text relative\">\n<div class=\"message-inner relative\">\n<div class=\"py-[2px]\">\n<div class=\"flex flex-col gap-2\">\n<div class=\"answer-markdown-box overflow-x-auto select-text custom-scrollbar\">\n<div class=\"markdown-body\">\n<h3><strong><span style=\"color: #333399;\">4. Komunika Interfaco: <\/span><\/strong><\/h3>\n<h3><strong><span style=\"color: #333399;\">Utiligante RFID kaj NFC-Teknologion<\/span><\/strong><\/h3>\n<p>Per uzado\u00a0<strong>RFID kaj NFC komunikado-interfacoj<\/strong>, la PVC-NFC-Karto por Muzika Evento faciligas rapidan kaj fidindan datuman inter\u015dan\u011don inter la karto kaj legantoj, ebligante glatan alirkontrolon kaj efikan administradon de homamasoj.<\/p>\n<p>&nbsp;<\/p>\n<h3><span style=\"color: #333399;\"><strong>5. Ofteco kaj Lega Distanco: <\/strong><\/span><\/h3>\n<h3><span style=\"color: #333399;\"><strong>Optimumigita por Senjunta Agado<\/strong><\/span><\/h3>\n<p>Funkcianta \u0109e a\u00a0<strong>13,56 MHz-frekvenco<\/strong>\u00a0kaj fanfaronante a\u00a0<strong>0-10 cm legodistanco<\/strong>, \u0109i tiuj NFC-kartoj liveras fidindan agadon, certigante senpagan sperton por amba\u016d aran\u011dantoj kaj \u0109eestantoj de eventoj.<\/p>\n<p>&nbsp;<\/p>\n<h3><strong><span style=\"color: #333399;\">6. Agordaj Opcioj: <\/span><\/strong><\/h3>\n<h3><strong><span style=\"color: #333399;\">Tajlita al Viaj Bezonoj<\/span><\/strong><\/h3>\n<p>Proponante gamon da\u00a0<strong>opcioj de grandeco kaj dikeco<\/strong>, la PVC-NFC-Karto por Muzika Evento povas esti personecigita por plenumi la specifajn postulojn de via evento, \u0109u \u011di estas grandskala muzika festivalo a\u016d intima industria forumo.<\/p>\n<p>&nbsp;<\/p>\n<h3><strong><span style=\"color: #333399;\">7. Presado kaj Surfacaj Fini\u011doj: <\/span><\/strong><\/h3>\n<h3><strong><span style=\"color: #333399;\">Altigu Vian Markadon<\/span><\/strong><\/h3>\n<p>Kun\u00a0<strong>CMYK 4C presado, ofsetado kaj silkekrana presado<\/strong>\u00a0kapabloj, \u0109i tiuj NFC-kartoj povas esti ornamitaj per viglaj grafika\u0135oj kaj emblemoj, kompletigitaj per elekto de\u00a0<strong>brilaj, mataj a\u016d frostaj surfacaj fina\u0135oj<\/strong>\u00a0akordigi kun la estetiko de via marko.<\/p>\n<p>&nbsp;<\/p>\n<h3><strong><span style=\"color: #333399;\">8. Media Efiko: <\/span><\/strong><\/h3>\n<h3><strong><span style=\"color: #333399;\">Da\u016drigeblaj Solvoj por Eventoj<\/span><\/strong><\/h3>\n<p>Kiel aran\u011dantoj de eventoj, ni komprenas la gravecon de media respondeco. Tial la PVC-NFC-Karto por Muzika Evento estas desegnita kun ekologiaj materialoj kaj reciklaj elektoj, permesante al vi aran\u011di viajn eventojn kun fokuso pri da\u016dripovo.<\/p>\n<p>&nbsp;<\/p>\n<\/div>\n<\/div>\n<\/div>\n<\/div>\n<\/div>\n<\/div>\n<\/div>\n<\/div>\n<\/div>\n<\/div>\n<p>&nbsp;<\/p>\n<p><strong><span style=\"color: #008080;\">\u0108i tiu tablo elstarigas la \u0109efajn trajtojn kaj avanta\u011dojn de la PVC NFC-Karto por Muzika Evento, igante \u011din esenca ilo por efika administrado de eventoj. <\/span><\/strong><\/p>\n<h3><span style=\"color: #008000;\"><em><strong>Por pliaj informoj a\u016d peti senpagajn specimenojn, bonvolu plenigi la enketformularon, kaj ni volonte helpos vin!<\/strong><\/em><\/span><\/h3>","protected":false},"excerpt":{"rendered":"<p>Pliigu vian eventon per la PVC NFC-Karto por Muzika Evento - la finfina solvo por senjunta alirkontrolo kaj efika administrado de homamasoj.<\/p>","protected":false},"featured_media":3387,"template":"","meta":[],"product_brand":[],"product_cat":[46],"product_tag":[],"class_list":{"0":"post-3386","1":"product","2":"type-product","3":"status-publish","4":"has-post-thumbnail","6":"product_cat-nfc-cards","8":"first","9":"instock","10":"shipping-taxable","11":"product-type-simple"},"_links":{"self":[{"href":"https:\/\/nfc-readers.com\/eo\/wp-json\/wp\/v2\/product\/3386","targetHints":{"allow":["GET"]}}],"collection":[{"href":"https:\/\/nfc-readers.com\/eo\/wp-json\/wp\/v2\/product"}],"about":[{"href":"https:\/\/nfc-readers.com\/eo\/wp-json\/wp\/v2\/types\/product"}],"wp:featuredmedia":[{"embeddable":true,"href":"https:\/\/nfc-readers.com\/eo\/wp-json\/wp\/v2\/media\/3387"}],"wp:attachment":[{"href":"https:\/\/nfc-readers.com\/eo\/wp-json\/wp\/v2\/media?parent=3386"}],"wp:term":[{"taxonomy":"product_brand","embeddable":true,"href":"https:\/\/nfc-readers.com\/eo\/wp-json\/wp\/v2\/product_brand?post=3386"},{"taxonomy":"product_cat","embeddable":true,"href":"https:\/\/nfc-readers.com\/eo\/wp-json\/wp\/v2\/product_cat?post=3386"},{"taxonomy":"product_tag","embeddable":true,"href":"https:\/\/nfc-readers.com\/eo\/wp-json\/wp\/v2\/product_tag?post=3386"}],"curies":[{"name":"wp","href":"https:\/\/api.w.org\/{rel}","templated":true}]}}