{"id":3396,"date":"2024-11-03T02:56:29","date_gmt":"2024-11-03T02:56:29","guid":{"rendered":"https:\/\/nfc-readers.com\/?post_type=product&#038;p=3396"},"modified":"2024-11-03T02:56:30","modified_gmt":"2024-11-03T02:56:30","slug":"fast-read-encrypted-rfid-nfc-event-wristband-ntag215-mifare","status":"publish","type":"product","link":"https:\/\/nfc-readers.com\/eo\/ic-reader\/fast-read-encrypted-rfid-nfc-event-wristband-ntag215-mifare\/","title":{"rendered":"Rapid-Legita \u0108ifrita RFID NFC Eventa Pojnejo Ntag215 MIFARE"},"content":{"rendered":"<h1 style=\"text-align: center;\">Rapid-Legita \u0108ifrita RFID NFC Eventa Pojnejo Ntag215 MIFARE<\/h1>\n<p>&nbsp;<\/p>\n<p>En la cifereca epoko, senjunta alirkontrolo kaj senpagaj transakciaj solvoj fari\u011dis esencaj por eventoj de \u0109iuj grandecoj. Enkondukante la <strong>Rapid-Legita \u0108ifrita RFID NFC Eventa Pojnejo Ntag215 MIFARE<\/strong>\u00a0de\u00a0<em>SXNFC<\/em>, la finfina solvo por plibonigi gastan sperton kaj certigi efikan administradon de eventoj. Dezajnita specife por diversaj eventoj\u2014de muzikaj festivaloj kaj sportaj eventoj \u011dis konferencoj kaj alirkontrolaj scenaroj\u2014\u0109i tiu pojno-branda\u0135o kombinas avangardan teknologion kun uzant-amikaj funkcioj.<\/p>\n<p>&nbsp;<\/p>\n<h3>Kial A\u0109eti la Rapidlegan \u0108ifritan RFID-NFC-Eventan Brakbendon?<\/h3>\n<p>La\u00a0<strong>Ntag215 MIFARE<\/strong>\u00a0RFID\/NFC-brando estas pionira produkto kiu ofertas multajn avanta\u011dojn. Kreita el da\u016dra PVC kaj teksitaj materialoj, \u011di promesas longvivecon kaj fidindecon. \u011cia rapidelega funkcieco certigas reduktitajn atendtempojn, plibonigante gastofluon \u0109e enirpunktoj. Krome, kun \u011dia akvorezista dezajno, vi povas memfide uzi \u0109i tiujn pojnojn \u0109e sub\u0109ielaj eventoj, akvaj parkoj kaj pli, kie eksponi\u011do al humideco estas zorgo.<\/p>\n<p>Kun la\u00a0<strong>NFC-pojno<\/strong>, vi ne nur a\u0109etas produkton; vi investas en plibonigita sperto de \u0109eestantoj. \u0108i tiuj braceletoj estas idealaj por senpagaj transakcioj, simpligante a\u0109etojn kun solvoj de senkontaktaj pagoj. Vi ne plu devos zorgi pri pritraktado de kontantmono a\u016d fizikaj biletoj\u2014\u0109io povas esti oportune administrita per la pojno.<\/p>\n<p>&nbsp;<\/p>\n<h2>Specialaj Trajtoj de la RFID NFC Eventa Pojnejo<\/h2>\n<p>La\u00a0<strong>Rapid-Legita \u0108ifrita RFID NFC Eventa Pojnejo Ntag215 MIFARE<\/strong>\u00a0estas plenplena de funkcioj, kiuj faras \u011din inteligenta elekto por ajna okazo.<\/p>\n<ul>\n<li><strong>Sekureco imfusible:<\/strong>\u00a0\u0108iu braceleto venas kun \u0109ifrita teknologio por protekti sentemajn datumojn, provizante trankvilon por amba\u016d aran\u011dantoj kaj \u0109eestantoj de eventoj.<\/li>\n<li><strong>Uzant-amika:<\/strong>\u00a0La pojnoj estas facile uzeblaj; simple frapeti ilin sur NFC-ebligita leganto, kaj vi ricevas aliron a\u016d fari senpagan pagon.<\/li>\n<li><strong>Legu Gamon:<\/strong>\u00a0Kun legdistanco de \u011dis 10 cm, \u0109i tiuj pojnoj funkcias efike sen bezoni rektan kontakton kun la leganto.<\/li>\n<\/ul>\n<p>La kombina\u0135o de \u0109i tiuj specialaj funkcioj certigas ne nur pliigitan sekurecon sed anka\u016d plibonigas la \u011deneralan uzantan sperton.<\/p>\n<p>&nbsp;<\/p>\n<h2>Avanta\u011doj de Senkontantaj Transakcioj kun NFC-Pojnbendoj<\/h2>\n<p>La plii\u011do de senpataj pagoj rapide transformas la eventan industrion. Jen \u0109efaj avanta\u011doj de uzado\u00a0<strong>NFC-pojnoj<\/strong>\u00a0por senkontantaj transakcioj:<\/p>\n<ul>\n<li><strong>Pliigita Komforto:<\/strong>\u00a0Gastoj povas fari a\u0109etojn per simpla frapeto de sia pojno, farante transakciojn rapidajn kaj facilajn.<\/li>\n<li><strong>Reduktitaj atendtempoj:<\/strong>\u00a0Malpli tempo pasigita en linioj signifas plibonigita<\/li>\n<\/ul>\n<h2>Avanta\u011doj de Senkontantaj Transakcioj kun NFC-Pojnbendoj<\/h2>\n<p>La plii\u011do de senpataj pagoj rapide transformas la eventan industrion. Jen \u0109efaj avanta\u011doj de uzado\u00a0<strong>NFC-pojnoj<\/strong>\u00a0por senkontantaj transakcioj:<\/p>\n<ul>\n<li><strong>Pliigita Komforto:<\/strong>\u00a0Gastoj povas fari a\u0109etojn per simpla frapeto de sia pojno, farante transakciojn rapidajn kaj facilajn.<\/li>\n<li><strong>Reduktitaj atendtempoj:<\/strong>\u00a0Malpli tempo pasigita en linioj signifas plibonigita<\/li>\n<\/ul>\n<p>&nbsp;<\/p>\n<h3>Oftaj Demandoj pri RFID-NFC-Eventaj Pojnoj<\/h3>\n<h4>1.\u00a0<strong>Kio estas RFID-NFC-okaza\u0135aj pojnoj?<\/strong><\/h4>\n<p>RFID-NFC-okaza\u0135aj braceletoj estas porteblaj aparatoj ekipitaj per Radio-frekvenca identigo (RFID) kaj Near Field Communication (NFC) teknologio. Ili faciligas sekuran alirkontrolon, senpagajn transakciojn kaj datumkolektadon por eventoj.<\/p>\n<h4>2.\u00a0<strong>Kiel funkcias RFID-pojnoj?<\/strong><\/h4>\n<p>RFID-pojnoj funkcias sendrate elsendante informojn per radiondoj al RFID-leganto. Kiam \u0109eestanto frapetas sian braceleton proksime de leganto, \u011di elsendas datumojn por alirkontrolo a\u016d pagpretigo.<\/p>\n<h4>3.\u00a0<strong>El kiuj materialoj estas RFID-NFC-pojnoj faritaj?<\/strong><\/h4>\n<p>Niaj RFID-pojnoj estas \u0109efe faritaj el da\u016dra PVC kaj teksitaj materialoj, dezajnitaj por esti kaj akvorezistaj kaj veterrezistaj por elteni diversajn eventokondi\u0109ojn.<\/p>\n<h4>4.\u00a0<strong>Kio estas la avanta\u011do de uzi NFC-teknologion en braceletoj?<\/strong><\/h4>\n<p>NFC-teknologio permesas rapidajn kaj sekurajn senkontaktajn transakciojn, kio plibonigas gastan sperton reduktante atendtempojn kaj minimumigante la bezonon de fizika kontantmono a\u016d biletoj.<\/p>\n<h4>5.\u00a0<strong>\u0108u la braceletoj estas agordeblaj?<\/strong><\/h4>\n<p>Jes! Niaj RFID-pojnoj povas esti personecigitaj kun via evento-marko, emblemoj kaj koloroj por plibonigi la enga\u011di\u011don de \u0109eestantoj kaj reklami vian eventon.<\/p>","protected":false},"excerpt":{"rendered":"<p>La Rapid-Legita \u0108ifrita RFID NFC-Eventa Pojnejo Ntag215 MIFARE ebligas sekuran alirkontrolon kaj senpagajn pagojn, plibonigante gastan sperton \u0109e eventoj. Akvorezista kaj agordebla, \u011di certigas fidindecon kaj komforton por ajna okazo.<\/p>","protected":false},"featured_media":3397,"template":"","meta":[],"product_brand":[],"product_cat":[50],"product_tag":[],"class_list":{"0":"post-3396","1":"product","2":"type-product","3":"status-publish","4":"has-post-thumbnail","6":"product_cat-silicone-rfid-nfc-wristbands","8":"first","9":"instock","10":"shipping-taxable","11":"product-type-simple"},"_links":{"self":[{"href":"https:\/\/nfc-readers.com\/eo\/wp-json\/wp\/v2\/product\/3396","targetHints":{"allow":["GET"]}}],"collection":[{"href":"https:\/\/nfc-readers.com\/eo\/wp-json\/wp\/v2\/product"}],"about":[{"href":"https:\/\/nfc-readers.com\/eo\/wp-json\/wp\/v2\/types\/product"}],"wp:featuredmedia":[{"embeddable":true,"href":"https:\/\/nfc-readers.com\/eo\/wp-json\/wp\/v2\/media\/3397"}],"wp:attachment":[{"href":"https:\/\/nfc-readers.com\/eo\/wp-json\/wp\/v2\/media?parent=3396"}],"wp:term":[{"taxonomy":"product_brand","embeddable":true,"href":"https:\/\/nfc-readers.com\/eo\/wp-json\/wp\/v2\/product_brand?post=3396"},{"taxonomy":"product_cat","embeddable":true,"href":"https:\/\/nfc-readers.com\/eo\/wp-json\/wp\/v2\/product_cat?post=3396"},{"taxonomy":"product_tag","embeddable":true,"href":"https:\/\/nfc-readers.com\/eo\/wp-json\/wp\/v2\/product_tag?post=3396"}],"curies":[{"name":"wp","href":"https:\/\/api.w.org\/{rel}","templated":true}]}}