{"id":3403,"date":"2024-11-03T03:04:22","date_gmt":"2024-11-03T03:04:22","guid":{"rendered":"https:\/\/nfc-readers.com\/?post_type=product&#038;p=3403"},"modified":"2024-11-04T03:10:35","modified_gmt":"2024-11-04T03:10:35","slug":"silicone-wristband-smart-nfc-rfidtag-wristband-silicone-b","status":"publish","type":"product","link":"https:\/\/nfc-readers.com\/eo\/ic-reader\/silicone-wristband-smart-nfc-rfidtag-wristband-silicone-b\/","title":{"rendered":"Silika pojno Smart NFC RFIDTag Wristband Silicone B"},"content":{"rendered":"<h1 style=\"text-align: center;\"><strong>Silika pojno Smart NFC RFIDTag Wristband Silicone B<\/strong><\/h1>\n<p>&nbsp;<\/p>\n<p>La <strong>Silicona Pojneto Smart NFC RFID Tag Wristband Silicona B<\/strong>\u00a0estas transforma produkto desegnita por diversaj aplikoj kiel eventa administrado, alirkontrolo kaj senpagaj pagsolvoj. Kombinante novigadon kaj praktikecon, \u0109i tiu braceleto kunfandas RFID kaj NFC-teknologiojn por liveri senjuntan sperton por uzantoj kaj aran\u011dantoj de eventoj. Kun \u011diaj akvorezistaj kapabloj kaj agordebla dezajno, la RFID-brajno estas tempigita perfekte por diversaj agordoj, \u0109u \u011di estas muzika festivalo, kompania evento, a\u016d e\u0109 vizito de akvoparko. Elekti \u0109i tiun avangardan braceleton ne nur plibonigos funkcian efikecon sed anka\u016d signife plibonigos la \u011deneralan gastan sperton.<\/p>\n<p>&nbsp;<\/p>\n<h2>Superrigardo de la RFID Pojnejo<\/h2>\n<p>La\u00a0<strong>RFID-pojno<\/strong>\u00a0estas desegnita por rapida kontrolo de aliro, ebligante al aran\u011dantoj de eventoj plifaciligi siajn operaciojn. Utiligante altnivelan RFID-teknologion kun ofteco de\u00a0<strong>13.56MHz<\/strong>, \u0109i tiuj\u00a0<strong>silikonaj RFID pojnoj<\/strong>\u00a0oferti kaj sekurecon kaj komforton. Desegnita por legi ene de a\u00a0<strong>2-5 cm<\/strong>\u00a0gamo, ili disponigas rapidan datumtranssendon ta\u016dgan por diversaj okaza\u0135aplikoj, intervalante de muzikaj festivaloj \u011dis kompaniaj renkonti\u011doj.<\/p>\n<p>Kun plibonigitaj funkcioj kiel ekzemple\u00a0<strong>akvorezista kaj veterrezista<\/strong>\u00a0materialoj, \u0109i tiu braceleto certigas fortikecon kaj fidindecon, e\u0109 en sub\u0109ielaj agordoj. Uzantoj povas \u011dui senpagajn pagajn opciojn, pliigante efikecon dum reduktante atendotempojn por eniro kaj transakcioj.<\/p>\n<p>&nbsp;<\/p>\n<hr \/>\n<h2>\u015closilaj Trajtoj de la Silikona RFID Pojnejo<\/h2>\n<p>La\u00a0<strong>Silicona RFID Pojnejo<\/strong>\u00a0ampleksas diversajn funkciojn, kiuj faras \u011din elstara elekto por aran\u011dantoj kaj uzantoj de eventoj.<\/p>\n<ul>\n<li><strong>Akvorezista\/Veterrezista:<\/strong>\u00a0Male al normaj pojnoj, \u0109i tiu modelo estas desegnita por rezisti malsekecon kaj rezisti diversajn veterkondi\u0109ojn, igante \u011din ideala por sub\u0109ielaj eventoj kiel koncertoj kaj akvaj parkoj.<\/li>\n<li><strong>Komunika Interfaco:<\/strong>\u00a0Kun integrita\u00a0<strong>NFC kaj RFID<\/strong>\u00a0kapabloj, \u0109i tiu braceleto permesas senjuntajn transakciojn kaj inter\u015dan\u011don de datumoj. Uzantoj povas aliri senpagajn pagojn, mal\u015dlosi pordojn kaj akiri eniron al limigitaj areoj sen la \u011deno de fizikaj biletoj a\u016d identigo.<\/li>\n<li><strong>Personigo:<\/strong>\u00a0Tajlitaj opcioj disponeblas por grandecoj, koloroj kaj presaj stiloj. \u0108i tiu adaptebleco permesas al markoj plibonigi sian videblecon tra\u00a0<strong>silkekrana presado<\/strong>\u00a0kaj aliaj altnivelaj metiaj teknikoj kiel\u00a0<strong>lasera kodigo kaj termika presado<\/strong>.<\/li>\n<\/ul>\n<p>\u0108i tiuj specialaj trajtoj reliefigas ne nur funkciecon sed allogan sperton de uzanto.<\/p>\n<p>&nbsp;<\/p>\n<hr \/>\n<h2>Avanta\u011doj de Uzado de RFID-Pojnbendoj por Eventoj<\/h2>\n<p>Adoptante\u00a0<strong>RFID-pojnoj por eventoj<\/strong>\u00a0povas draste plibonigi \u011deneralan okaza\u0135administradon:<\/p>\n<ol>\n<li><strong>Pliigita Sekureco:<\/strong>\u00a0La enkorpi\u011do de kontra\u016dfrapa dezajno certigas, ke la datumoj enhavitaj ene de la braceleto restas sekuraj. Nea\u016dtorizita duobligo a\u016d aliro estas preska\u016d neebla, igante \u0109i tiujn braceletojn bonega elekto por altprofilaj eventoj, kiuj postulas plibonigitajn sekurecajn mezurojn.<\/li>\n<li><strong>Kolekto de datumoj:<\/strong>\u00a0Kolektu esencajn komprenojn pri konduto de \u0109eestantoj, kiuj povas esti uzataj por estontaj eventoj. Utiligante\u00a0<strong>RFID-teknologio<\/strong>, eventaj organizantoj povas analizi enirpadronojn kaj preferojn, helpante ilin personecigi estontajn proponojn.<\/li>\n<li><strong>Reduktitaj atendtempoj:<\/strong>\u00a0La efikeco ofertita de RFID-pojnoj traduki\u011das al pli mallongaj atendovicoj. \u0108eestantoj povas rapide movi\u011di de enirejo al festivalejo, plibonigante sian sperton kaj reduktante eblan frustri\u011don.<\/li>\n<\/ol>\n<p>Kun \u0109i tiuj gravaj avanta\u011doj, estas klare\u00a0<strong>silikonaj RFID pojnoj<\/strong>\u00a0ne estas nur tendenco\u2014ili estas inteligenta investo.<\/p>\n<p>&nbsp;<\/p>\n<h2>Teknikaj Specifoj de la NFC-Brankringo<\/h2>\n<table class=\"w-fit !mb-0 !max-w-none\" style=\"height: 260px;\" width=\"451\">\n<thead>\n<tr>\n<th>Karakteriza\u0135o<\/th>\n<th>Specifo<\/th>\n<\/tr>\n<\/thead>\n<tbody>\n<tr>\n<td>Ofteco<\/td>\n<td>13,56 MHz<\/td>\n<\/tr>\n<tr>\n<td>Tipo de blato<\/td>\n<td>FO8<\/td>\n<\/tr>\n<tr>\n<td>Lega Distanco<\/td>\n<td>2-5 cm<\/td>\n<\/tr>\n<tr>\n<td>Normo<\/td>\n<td>ISO\/IEC14443A<\/td>\n<\/tr>\n<tr>\n<td>Materialo<\/td>\n<td>Ka\u016d\u0109uko<\/td>\n<\/tr>\n<tr>\n<td>Grandeco<\/td>\n<td>Agordita Grandeco<\/td>\n<\/tr>\n<tr>\n<td>Presaj Teknikoj<\/td>\n<td>Silk Screen Printing<\/td>\n<\/tr>\n<tr>\n<td>Pakado<\/td>\n<td>Ununura ero<\/td>\n<\/tr>\n<tr>\n<td>Malneta Pezo<\/td>\n<td>0.500 kg<\/td>\n<\/tr>\n<\/tbody>\n<\/table>\n<h2><\/h2>\n<h2>Oftaj Demandoj Koncerne la Silikan RFID-Pojneton<\/h2>\n<h3>1.\u00a0<strong>Kio estas RFID-pojno?<\/strong><\/h3>\n<p>RFID (Radiofrekvenca Identigo) braceleto uzas radiofrekvencan teknologion por transdoni datumojn sendrate. \u011ci ebligas rapidan aliron al sekurigitaj areoj, faciligas senpagajn pagojn kaj plibonigas la \u011deneralan sperton por evento-partoprenantoj.<\/p>\n<h3>2.\u00a0<strong>Kiel funkcias la RFID-brajno?<\/strong><\/h3>\n<p>La pojno enhavas pasivan RFID-peceton, kiu komunikas kun RFID-legantoj. Kiam uzanto alproksimi\u011das al leganto, la braceleto elsendas datenojn per radiondoj, ebligante rapidan identigon kaj alirkontrolon.<\/p>\n<h3>3.\u00a0<strong>\u0108u la braceleto estas akvorezista?<\/strong><\/h3>\n<p>Jes, la\u00a0<strong>Silicona RFID Pojnejo<\/strong>\u00a0estas desegnita por esti akvorezista kaj veterrezista, igante \u011din ta\u016dga por sub\u0109ielaj eventoj kaj medioj kiel akvaj parkoj kaj koncertoj.<\/p>\n<h3>4.\u00a0<strong>\u0108u la braceleto povas esti personecigita?<\/strong><\/h3>\n<p>Absolute! La pojno povas esti personecigita en diversaj grandecoj, koloroj kaj dezajnoj. Organizoj anka\u016d povas elekti inter malsamaj presaj metodoj, inkluzive de silkekrana presado, lasera kodigo kaj termika presado.<\/p>\n<h3>5.\u00a0<strong>Kio estas la legaddistanco por la RFID-brajno?<\/strong><\/h3>\n<p>La pojno havas legan distancon de\u00a0<strong>2-5 cm<\/strong>, certigante rapidan kaj fidindan transdonon de datumoj kaj aliradministradon.<\/p>","protected":false},"excerpt":{"rendered":"<p>La\u00a0<strong>Silicona Pojneto Smart NFC RFID Tag Wristband Silicona B<\/strong>\u00a0estas multflanka alirkontrola solvo desegnita por eventoj, ofertanta senjuntan integri\u011don de RFID kaj NFC-teknologioj. Akvorezista kaj agordebla, \u011di plibonigas la sperton de uzanto dum \u011di provizas sekurajn, senpagajn transakciojn kaj facilan administradon.<\/p>","protected":false},"featured_media":3404,"template":"","meta":[],"product_brand":[],"product_cat":[50],"product_tag":[],"class_list":{"0":"post-3403","1":"product","2":"type-product","3":"status-publish","4":"has-post-thumbnail","6":"product_cat-silicone-rfid-nfc-wristbands","8":"first","9":"instock","10":"shipping-taxable","11":"product-type-simple"},"_links":{"self":[{"href":"https:\/\/nfc-readers.com\/eo\/wp-json\/wp\/v2\/product\/3403","targetHints":{"allow":["GET"]}}],"collection":[{"href":"https:\/\/nfc-readers.com\/eo\/wp-json\/wp\/v2\/product"}],"about":[{"href":"https:\/\/nfc-readers.com\/eo\/wp-json\/wp\/v2\/types\/product"}],"wp:featuredmedia":[{"embeddable":true,"href":"https:\/\/nfc-readers.com\/eo\/wp-json\/wp\/v2\/media\/3404"}],"wp:attachment":[{"href":"https:\/\/nfc-readers.com\/eo\/wp-json\/wp\/v2\/media?parent=3403"}],"wp:term":[{"taxonomy":"product_brand","embeddable":true,"href":"https:\/\/nfc-readers.com\/eo\/wp-json\/wp\/v2\/product_brand?post=3403"},{"taxonomy":"product_cat","embeddable":true,"href":"https:\/\/nfc-readers.com\/eo\/wp-json\/wp\/v2\/product_cat?post=3403"},{"taxonomy":"product_tag","embeddable":true,"href":"https:\/\/nfc-readers.com\/eo\/wp-json\/wp\/v2\/product_tag?post=3403"}],"curies":[{"name":"wp","href":"https:\/\/api.w.org\/{rel}","templated":true}]}}