{"id":3410,"date":"2024-11-03T03:16:05","date_gmt":"2024-11-03T03:16:05","guid":{"rendered":"https:\/\/nfc-readers.com\/?post_type=product&#038;p=3410"},"modified":"2024-11-04T03:17:59","modified_gmt":"2024-11-04T03:17:59","slug":"custom-logo-waterproof-polyester-woven-rfid-nfc-wristbands","status":"publish","type":"product","link":"https:\/\/nfc-readers.com\/eo\/ic-reader\/custom-logo-waterproof-polyester-woven-rfid-nfc-wristbands\/","title":{"rendered":"Propra emblemo Akvorezista poliestera teksita RFID NFC-pojnoj"},"content":{"rendered":"<h1 style=\"text-align: center;\"><strong>Propra emblemo Akvorezista poliestera teksita RFID NFC-pojnoj<\/strong><\/h1>\n<p>&nbsp;<\/p>\n<p>En mondo, kiu \u0109iam pli taksas oportunecon kaj konekteblecon, <strong>Propra Logo Akvorezista Poliestera Teksita RFID NFC Pojnoj<\/strong>\u00a0elstaras kiel supera elekto por entreprenoj kaj aran\u011dantoj egale. \u0108i tiuj novigaj pojnoj kombinas la plej novan en\u00a0<strong>RFID-teknologio<\/strong>\u00a0kun eleganta dezajno kaj fortikaj materialoj, farante ilin idealaj por diversaj aplikoj, de festivaloj kaj akvaj parkoj \u011dis kompaniaj eventoj kaj senpagaj pagsolvoj. Kun ilia\u00a0<strong>akvorezista<\/strong>\u00a0funkcioj kaj agordebleco, \u0109i tiuj braceletoj ne nur plifortigas markvideblecon, sed anka\u016d plibonigas la sperton de uzanto, certigante, ke vi ricevas la plej grandan valoron por via investo.<\/p>\n<p>&nbsp;<\/p>\n<h2>Kial Elekti Proprajn Teksitajn RFID NFC-Pojnojn?<\/h2>\n<p>Kiel aran\u011dantoj de eventoj, vi komprenas la gravecon de senjunta alirkontrolo, efika markigo kaj maksimumigi gastan sperton. \u0108i tiuj braceletoj provizas \u0109ion kaj pli. Prezentante\u00a0<strong>RFID-teknologio<\/strong>\u00a0funkcianta je ofteco de\u00a0<strong>13.56MHz<\/strong>, ili fluliniigas operaciojn, reduktas atendtempojn kaj plibonigas sekurecon por eventoj de ajna grandeco. Aldone, kun la kapablo korpigi kutimajn emblemojn per progresinta\u00a0<strong>CMYK-presado<\/strong>, \u0109i tiuj braceletoj duobli\u011das kiel varba ilo. Ili estas ne nur funkciaj sed anka\u016d modaj, igante ilin sukceso \u0109e \u0109eestantoj!<\/p>\n<p>&nbsp;<\/p>\n<h2>Karakteriza\u0135oj de RFID NFC-Pojnbendoj<\/h2>\n<h3>Altnivelaj Alirkontrolaj Solvoj<\/h3>\n<p>RFID NFC-pojnoj funkcias kiel potenca ilo por\u00a0<strong>kontrolo de aliro<\/strong>, permesante al aran\u011dantoj de eventoj provizi VIP-areojn kaj specialan aliron facile. Utiligante la\u00a0<strong>MIFARE Klasika 1K blato<\/strong>, \u0108i tiuj braceletoj povas stoki \u015dlosilan informon kaj transdoni \u011din per sekura\u00a0<strong>NFC-komunika interfaco<\/strong>. Kiel rezulto, ili estas perfektaj por ejoj, kiuj bezonas asigni areojn por gastoj a\u016d provizi nivelan aliron dum eventoj.<\/p>\n<h3>Senkontanta Paga Funkcio<\/h3>\n<p>Diru adia\u016d al longaj vicoj kaj nenecesa kontanta uzado kun\u00a0<strong>senpera pago<\/strong>\u00a0sistemoj. Niaj RFID-pojnoj ebligas senjuntajn transakciojn, ebligante uzantojn fari pagojn rapide kaj facile \u0109e standoj, trinkejoj kaj vidinda\u0135oj. \u0108i tio ne nur plibonigas la\u00a0<strong>gasto sperto<\/strong>\u00a0sed signife reduktas atendtempojn, permesante al la \u0109eestantoj koncentri\u011di pri \u011dui la eventon prefere ol zorgi pri kontantmono.<\/p>\n<h2>Materialoj kaj Fortikeco<\/h2>\n<h3>Fortika Dezajno por Ajna Medio<\/h3>\n<p>Konstruite el unika miksa\u0135o de\u00a0<strong>teksita poliestero<\/strong>\u00a0kaj\u00a0<strong>PVC<\/strong>, \u0108i tiuj braceletoj fanfaronas pri impona fortikeco kaj\u00a0<strong>akvorezista<\/strong>\u00a0kapabloj. \u0108u \u011di estas suna tago \u0109e festivalo a\u016d tago pasigita pla\u016ddante en akvoparko, \u0109i tiuj braceletoj estas dizajnitaj por elteni la elementojn. Iliaj veterrezistaj propra\u0135oj certigas, ke ili ne degradi\u011dos kiam ili estas eksponitaj al pluvo a\u016d akvo, konservante la uzeblecon kaj fidindecon de la\u00a0<strong>RFID-teknologio<\/strong>\u00a0enigita ene.<\/p>\n<h3>Temperaturrezisto<\/h3>\n<p>La\u00a0<strong>labortemperaturo<\/strong>\u00a0de niaj pojnoj intervalas de\u00a0<strong>-20 \u00b0C \u011dis +80 \u00b0C<\/strong>, certigante ilian funkciecon en kaj varmaj someraj eventoj kaj malvarmetaj sub\u0109ielaj renkonti\u011doj. \u0108i tiu temperaturrezisto protektas la agadon de la\u00a0<strong>RFID blato<\/strong>\u00a0kaj helpas konservi integrecon, do vi povas esti certa, ke via braceleto funkcios efike en \u0109iuj kondi\u0109oj.<\/p>\n<p>&nbsp;<\/p>\n<h2>Teknikaj Specifoj<\/h2>\n<table class=\"w-fit !mb-0 !max-w-none\" style=\"height: 303px;\" width=\"424\">\n<thead>\n<tr>\n<th><strong>Specifo<\/strong><\/th>\n<th><strong>Detaloj<\/strong><\/th>\n<\/tr>\n<\/thead>\n<tbody>\n<tr>\n<td><strong>Modela Nombro<\/strong><\/td>\n<td>SX-NW<\/td>\n<\/tr>\n<tr>\n<td><strong>Tipo de blato<\/strong><\/td>\n<td>MIFARE Klasika 1K<\/td>\n<\/tr>\n<tr>\n<td><strong>Ofteco<\/strong><\/td>\n<td>13,56 MHz<\/td>\n<\/tr>\n<tr>\n<td><strong>Leganta Gamo<\/strong><\/td>\n<td>2-5 cm<\/td>\n<\/tr>\n<tr>\n<td><strong>Materialo<\/strong><\/td>\n<td>Teksita + PVC<\/td>\n<\/tr>\n<tr>\n<td><strong>Grandecaj Opcioj<\/strong><\/td>\n<td>30<em>26 mm, 40<\/em>25mm, a\u016d Propra<\/td>\n<\/tr>\n<tr>\n<td><strong>Presa Tipo<\/strong><\/td>\n<td>CMYK 4C Preso, Silkekrano<\/td>\n<\/tr>\n<tr>\n<td><strong>Surfaca Fino<\/strong><\/td>\n<td>Brila, Frostita, Matte<\/td>\n<\/tr>\n<tr>\n<td><strong>Temperaturgamo<\/strong><\/td>\n<td>-20 \u00b0C \u011dis +80 \u00b0C<\/td>\n<\/tr>\n<tr>\n<td><strong>Protokolo<\/strong><\/td>\n<td>ISO 14443A<\/td>\n<\/tr>\n<\/tbody>\n<\/table>\n<h2><\/h2>\n<h2>Oftaj Demandoj (FAQs)<\/h2>\n<h3>1. Kio estas RFID-pojnoj?<\/h3>\n<p><strong>RFID-pojnoj<\/strong>\u00a0estas porteblaj bandoj enkonstruitaj kun Radio Frequency Identification (RFID) teknologio. Ili stokas datumojn, kiuj povas esti sendrate elsenditaj per NFC (Near Field Communication), ebligante efikan alirkontrolon, senpagajn transakciojn kaj datumkolektadon \u0109e eventoj.<\/p>\n<h3>2. Kiel funkcias RFID-pojnoj?<\/h3>\n<p>RFID-pojnoj enhavas malgrandan RFID-peceton kiu komunikas kun leganto per radiondoj. Se skanita de RFID-leganto, la pojno elsendas konservitajn informojn, donante aliron a\u016d prilaborante transakciojn sen la bezono de fizika kontakto.<\/p>\n<h3>3. \u0108u \u0109i tiuj braceletoj estas akvorezistaj?<\/h3>\n<p>Jes! Nia\u00a0<strong>kutimaj teksitaj RFID-pojnoj<\/strong>\u00a0estas desegnitaj por esti\u00a0<strong>akvorezista<\/strong>, igante ilin ta\u016dgaj por diversaj eventoj, inkluzive de tiuj okazigitaj \u0109e akvoparkoj kaj sub\u0109ielaj festivaloj. Iliaj da\u016draj materialoj certigas, ke ili konservas funkciecon e\u0109 kiam ili estas eksponitaj al akvo.<\/p>\n<h3>4. \u0108u la pojnoj povas esti personecigitaj?<\/h3>\n<p>Absolute! Niaj RFID-pojnoj povas esti plene personecigitaj por konveni viajn markajn bezonojn. Vi povas elekti malsamajn grandecojn, kolorojn kaj presajn teknikojn kiel ekzemple\u00a0<strong>CMYK-kolora presado<\/strong>,\u00a0<strong>UV-punkta presado<\/strong>, kaj metalaj fina\u0135oj kiel\u00a0<strong>ar\u011denta a\u016d ora folio<\/strong>.<\/p>\n<h3>5. Kiom da\u016draj estas la pojnoj?<\/h3>\n<p>Farita el kombina\u0135o de\u00a0<strong>teksita poliestero<\/strong>\u00a0kaj\u00a0<strong>PVC<\/strong>, niaj pojnoj estas fortikaj kaj desegnitaj por elteni diversajn mediajn kondi\u0109ojn, inkluzive de temperaturoj de\u00a0<strong>-20 \u00b0C \u011dis +80 \u00b0C<\/strong>. Ili anka\u016d estas kontra\u016dfrapeblaj, certigante, ke ili restas sekuraj dum eventoj.<\/p>","protected":false},"excerpt":{"rendered":"<p>Propra emblemo akvorezista poliestera teksita RFID NFC-pojnoj kombinas fortikecon kun eleganta marko, farante ilin idealaj por eventoj kaj sekura alirkontrolo. Perfektaj por senkontantaj transakcioj, ili plibonigas la sperton de uzanto dum reklamado de via marko.<\/p>","protected":false},"featured_media":3411,"template":"","meta":[],"product_brand":[],"product_cat":[50],"product_tag":[],"class_list":{"0":"post-3410","1":"product","2":"type-product","3":"status-publish","4":"has-post-thumbnail","6":"product_cat-silicone-rfid-nfc-wristbands","8":"first","9":"instock","10":"shipping-taxable","11":"product-type-simple"},"_links":{"self":[{"href":"https:\/\/nfc-readers.com\/eo\/wp-json\/wp\/v2\/product\/3410","targetHints":{"allow":["GET"]}}],"collection":[{"href":"https:\/\/nfc-readers.com\/eo\/wp-json\/wp\/v2\/product"}],"about":[{"href":"https:\/\/nfc-readers.com\/eo\/wp-json\/wp\/v2\/types\/product"}],"wp:featuredmedia":[{"embeddable":true,"href":"https:\/\/nfc-readers.com\/eo\/wp-json\/wp\/v2\/media\/3411"}],"wp:attachment":[{"href":"https:\/\/nfc-readers.com\/eo\/wp-json\/wp\/v2\/media?parent=3410"}],"wp:term":[{"taxonomy":"product_brand","embeddable":true,"href":"https:\/\/nfc-readers.com\/eo\/wp-json\/wp\/v2\/product_brand?post=3410"},{"taxonomy":"product_cat","embeddable":true,"href":"https:\/\/nfc-readers.com\/eo\/wp-json\/wp\/v2\/product_cat?post=3410"},{"taxonomy":"product_tag","embeddable":true,"href":"https:\/\/nfc-readers.com\/eo\/wp-json\/wp\/v2\/product_tag?post=3410"}],"curies":[{"name":"wp","href":"https:\/\/api.w.org\/{rel}","templated":true}]}}