{"id":3417,"date":"2024-11-03T03:26:02","date_gmt":"2024-11-03T03:26:02","guid":{"rendered":"https:\/\/nfc-readers.com\/?post_type=product&#038;p=3417"},"modified":"2024-11-03T03:26:03","modified_gmt":"2024-11-03T03:26:03","slug":"fabric-wrist-band-13-56mhz-nfc-bracelet-dispose-wristbands","status":"publish","type":"product","link":"https:\/\/nfc-readers.com\/eo\/ic-reader\/fabric-wrist-band-13-56mhz-nfc-bracelet-dispose-wristbands\/","title":{"rendered":"\u015ctofa Pojno-Bando 13.56mhz NFC-Branketo For\u0135etu Pojnojn"},"content":{"rendered":"<h1 style=\"text-align: center;\"><strong>\u015ctofa Pojno-Bando 13.56mhz NFC-Branketo For\u0135etu Pojnojn<\/strong><\/h1>\n<p>&nbsp;<\/p>\n<p>En la nuntempa rapida mondo, la bezono de senjunta administrado kaj plibonigita uzantsperto estas plej grava, precipe \u0109e eventoj, festivaloj kaj ejoj kie efika alirkontrolo estas decida. Nia <strong>\u015ctofa Pojno-Bando 13.56MHz NFC-Branketo For\u0135etu Pojnojn<\/strong>\u00a0provizi unikan miksa\u0135on de funkcieco kaj estetiko, certigante ke viaj operacioj funkcias glate dum proponante al gastoj memorindan sperton. Kun trajtoj kiel\u00a0<strong>unufoja uzo<\/strong>,\u00a0<strong>buntaj dezajnoj<\/strong>, kaj progresinta\u00a0<strong>NFC<\/strong>\u00a0teknologio, \u0109i tiuj braceletoj estas lud\u015dan\u011dilo por iu ajn aran\u011danto.<\/p>\n<p>&nbsp;<\/p>\n<h2>Kial Elekti \u015ctofajn Pojnajn Bandojn NFC-Braceletojn?<\/h2>\n<p>Kiam temas pri navigado de la spektro de RFID kaj NFC-produktoj, la \u015ctofa Pojno-Bando 13.56 MHz NFC-Brankringo Dispose-Branketoj elstaras pro sia noviga dezajno kaj fortika kapabloj.<\/p>\n<h3>\u0108efa\u0135oj de la Produkto:<\/h3>\n<ul>\n<li><strong>Facile agordebla<\/strong>\u00a0kun ebloj por logoprintado, strekokodoj kaj QR-kodoj.<\/li>\n<li><strong>Rapida alirkontrolo<\/strong>\u00a0kaj fluliniaj operacioj kiuj plibonigas gastan sperton kaj sekurecon.<\/li>\n<li><strong>Fortika sed komforta \u015dtofo<\/strong>\u00a0tio estas perfekta por la tuta tago \u0109e muzikaj festivaloj, akvaj parkoj a\u016d kompaniaj eventoj.<\/li>\n<\/ul>\n<p>\u0108i tiuj braceletoj estas kreitaj por provizi a\u00a0<strong>senpera pago<\/strong>\u00a0solvo certigante ke aran\u011dantoj \u011duas trankvilon, sciante, ke ili havas fidindajn rimedojn por administri alirkontrolon efike.<\/p>\n<p>&nbsp;<\/p>\n<h2>Specialaj Trajtoj de \u015ctofaj NFC-Brankringoj<\/h2>\n<p>Konsiderante\u00a0<strong>RFID-pojnoj por eventoj<\/strong>, la\u00a0<em>\u015ctofa Pojna Bando 13.56MHz NFC-Branketo<\/em>\u00a0ofertas multajn specialajn funkciojn dizajnitajn por plibonigi efikecon kaj plibonigi gastojn.<\/p>\n<h3>Bunta, Unufoja Uzo Dezajno<\/h3>\n<p>\u0108i tiuj braceletoj venas en gamo da viglaj koloroj, certigante, ke ili ne nur servas funkcian celon, sed anka\u016d kongruas kun la estetikaj postuloj de via marko. La\u00a0<strong>unufoja uzo<\/strong>\u00a0trajto aldonas tavolon de sekureco, \u0109ar \u0109iu braceleto estas unike kodita por ununura evento, minimumigante la riskon de nea\u016dtorizita aliro.<\/p>\n<h3>RFID kaj NFC Komunikado-Interfacoj<\/h3>\n<p>Desegnitaj per avangarda teknologio, \u0109i tiuj pojnoj uzas\u00a0<strong>RFID<\/strong>\u00a0kaj\u00a0<strong>NFC<\/strong>\u00a0komunikadaj interfacoj por certigi rapidajn kaj fidindajn interagojn kun RFID-legantoj. \u0108i tiu kapablo faciligas\u00a0<strong>senkontakta pago<\/strong>\u00a0kaj aliradministrado, simpligante la akceptan procezon por gastoj kaj dungitoj egale.<\/p>\n<p>&nbsp;<\/p>\n<h2>Oftaj Demandoj pri NFC-Teknologio<\/h2>\n<h3>Kio estas NFC-Teknologio?<\/h3>\n<p>NFC, a\u016d Near Field Communication, permesas al aparatoj komuniki unu kun la alia per radiondoj. \u011ci ebligas senjuntajn transakciojn kaj kunhavigon de informoj nur per frapado de aparatoj kune.<\/p>\n<h3>\u0108u \u0109i tiuj braceletoj estas akvorezistaj?<\/h3>\n<p>Niaj NFC-pojnoj estas dezajnitaj por esti akvorezistaj, igante ilin ta\u016dgaj por eventoj \u0109e akvaj parkoj a\u016d sub\u0109ielaj festivaloj.<\/p>\n<h3>\u0108u mi povas personecigi la pojnojn?<\/h3>\n<p>Jes, personigaj elektoj estas disponeblaj, inkluzive de logo-presado, strekkodoj kaj QR-koda presado sur amba\u016d la pojnoj kaj kartoj.<\/p>","protected":false},"excerpt":{"rendered":"<p>La\u00a0<strong>\u015ctofa Pojna Bando 13.56MHz NFC-Branketo<\/strong>\u00a0estas eleganta kaj praktika solvo por okaza\u0135a administrado, ofertanta senjuntan alirkontrolon kaj senpagajn pagajn kapablojn. Desegnitaj por unufoja uzo, \u0109i tiuj viglaj braceletoj plibonigas la sperton de gasto dum ili certigas sekurecon kaj efikecon \u0109e iu ajn evento.<\/p>","protected":false},"featured_media":3424,"template":"","meta":[],"product_brand":[],"product_cat":[50],"product_tag":[],"class_list":{"0":"post-3417","1":"product","2":"type-product","3":"status-publish","4":"has-post-thumbnail","6":"product_cat-silicone-rfid-nfc-wristbands","8":"first","9":"instock","10":"shipping-taxable","11":"product-type-simple"},"_links":{"self":[{"href":"https:\/\/nfc-readers.com\/eo\/wp-json\/wp\/v2\/product\/3417","targetHints":{"allow":["GET"]}}],"collection":[{"href":"https:\/\/nfc-readers.com\/eo\/wp-json\/wp\/v2\/product"}],"about":[{"href":"https:\/\/nfc-readers.com\/eo\/wp-json\/wp\/v2\/types\/product"}],"wp:featuredmedia":[{"embeddable":true,"href":"https:\/\/nfc-readers.com\/eo\/wp-json\/wp\/v2\/media\/3424"}],"wp:attachment":[{"href":"https:\/\/nfc-readers.com\/eo\/wp-json\/wp\/v2\/media?parent=3417"}],"wp:term":[{"taxonomy":"product_brand","embeddable":true,"href":"https:\/\/nfc-readers.com\/eo\/wp-json\/wp\/v2\/product_brand?post=3417"},{"taxonomy":"product_cat","embeddable":true,"href":"https:\/\/nfc-readers.com\/eo\/wp-json\/wp\/v2\/product_cat?post=3417"},{"taxonomy":"product_tag","embeddable":true,"href":"https:\/\/nfc-readers.com\/eo\/wp-json\/wp\/v2\/product_tag?post=3417"}],"curies":[{"name":"wp","href":"https:\/\/api.w.org\/{rel}","templated":true}]}}