{"id":3430,"date":"2024-11-03T03:39:41","date_gmt":"2024-11-03T03:39:41","guid":{"rendered":"https:\/\/nfc-readers.com\/?post_type=product&#038;p=3430"},"modified":"2024-11-03T03:39:42","modified_gmt":"2024-11-03T03:39:42","slug":"waterproof-passive-nfc-rfid-silicone-wristband","status":"publish","type":"product","link":"https:\/\/nfc-readers.com\/eo\/ic-reader\/waterproof-passive-nfc-rfid-silicone-wristband\/","title":{"rendered":"Akvorezista Pasiva NFC RFID Silicona Pojnejo"},"content":{"rendered":"<h1 style=\"text-align: center;\"><strong>Akvorezista Pasiva NFC RFID Silicona Pojnejo<\/strong><\/h1>\n<p>&nbsp;<\/p>\n<p>En epoko kie teknologio kaj praktikeco perfekte interplekti\u011das, la <strong>Akvorezista Pasiva NFC RFID Silicona Pojnejo<\/strong>\u00a0elstaras kiel escepta akcesora\u0135o. \u0108i tiu pionira pojno estas desegnita por renkonti la dinamikajn bezonojn de uzantoj, provizante senekzemplan oportunon kaj sekurecon por diversaj aplikoj inkluzive de eventoj, alirkontrolo kaj senkontaktaj transakcioj. \u0108u vi organizas imponan festivalon, prizorgas gimnastikejon a\u016d administras akvoparkon, \u0109i tiu brakbendo liveras akvorezistan solvon por simpligi operaciojn kaj plibonigi la sperton de uzanto.<\/p>\n<p>Sed kio faras la Akvorezistan Pasivan NFC RFID Siliconan Wristband indas investi en? Nu, \u011di ofertas ne nur praktikajn avanta\u011dojn kiel akvoreziston kaj fortikecon, sed anka\u016d agordeblan dezajnon, certigante, ke via marko elstaras. Kun la kapablo subteni senpagajn pagojn kaj alirkontrolon, \u011di estas efika ilo por aran\u011dantoj kaj entreprenoj de eventoj. Ni profundi\u011du en la funkciojn kaj avanta\u011dojn de \u0109i tiu rimarkinda produkto.<\/p>\n<p>&nbsp;<\/p>\n<h2>Nekomparebla Fortikeco kaj Akvorezistaj Trajtoj<\/h2>\n<p>Unu el la elstaraj trajtoj de la\u00a0<strong>Akvorezista Pasiva NFC RFID Silicona Pojnejo<\/strong>\u00a0estas \u011dia rimarkinda fortikeco. Kreita el altkvalita silikono, \u0109i tiu pojno estas\u00a0<strong>akvorezista<\/strong>,\u00a0<strong>veterrezista<\/strong>, kaj\u00a0<strong>malseka pruvo<\/strong>, igante \u011din ta\u016dga por diversaj medioj kaj kondi\u0109oj. \u0108u estas pluvo a\u016d brilo, \u0109i tiu braceleto ne facile difekti\u011dos, permesante al viaj gastoj a\u016d \u0109eestantoj \u011dui sian sperton sen zorgi pri eluzi\u011do.<\/p>\n<p>La\u00a0<strong>silikono<\/strong>\u00a0materialo ne nur certigas longvivecon, sed anka\u016d komfortas kontra\u016d la ha\u016dto, igante \u011din perfekta por amba\u016d hazardaj vesta\u0135oj kaj aktivaj situacioj kiel festivaloj a\u016d sportaj eventoj. \u0108i tiu fortikeco signifas, ke vi ne devos ofte anstata\u016digi pojnojn, kio traduki\u011das al signifaj \u015dparoj la\u016dlonge de la tempo.<\/p>\n<p>Aldone, la propra\u0135oj de la silikono faras \u011din imuna al severaj elementoj, permesante al \u011di elteni eksponi\u011don al akvaj parkoj, banurboj, gimnazioj kaj diversaj sub\u0109ielaj eventoj. Sekve, uzantoj povas memfide porti \u0109i tiun pojnan bandon sciante, ke \u011di povas trakti rigorajn agadojn sen kompromiti funkciecon.<\/p>\n<h2>Multflanka Komunika Interfaco<\/h2>\n<p>Utiligante\u00a0<strong>NFC-teknologio<\/strong>, la Akvorezista Pasiva NFC RFID Silicone Wristband fanfaronas pri senjunta komunika interfaco kiu plibonigas uzantan sperton. Funkcianta kun ofteco de\u00a0<strong>13,56 MHz<\/strong>, \u0109i tiu braceleto estas optimumigita por rapidaj kaj fidindaj interagoj.<\/p>\n<p>NFC-teknologio permesas\u00a0<strong>senkontaktaj pagoj<\/strong>, farante \u011din perfekta solvo por aran\u011dantoj de eventoj, kiuj ser\u0109as plifaciligi procezojn. Gastoj povas facile frapeti sian pojnon \u0109e vendopunktoj sen neceso fu\u015di per kontantmono a\u016d kartoj, tiel reduktante atendtempojn kaj plibonigante la \u011deneralan fluon \u0109e eventoj. \u0108i tio\u00a0<strong>senkontakta pago<\/strong>\u00a0funkcio ne nur plibonigas oportunon por uzantoj sed anka\u016d plibonigas efikecon por vendistoj kaj eventopersonaro.<\/p>\n<p>Krome, NFC-ebligitaj pojnoj estas bona\u0135o por alirkontrolo. Vi povas doni a\u016d limigi aliron al specifaj areoj simple skanante la braceleton per RFID-leganto, certigante glatan kaj sekuran enirprocezon por VIP-areoj, postscenejo a\u016d ajnaj limigitaj zonoj.<\/p>\n<h2>Novigaj Agordaj Opcioj<\/h2>\n<p>Agordeblo estas signifa trajto de la Akvorezista Pasiva NFC RFID Silicona Pojnejo. Kun ebloj por\u00a0<strong>kutimaj emblemoj<\/strong>\u00a0kaj diversaj presaj teknikoj kiel ekz\u00a0<strong>silkekrana presado<\/strong>,\u00a0<strong>reliefado<\/strong>, kaj\u00a0<strong>lasera gravurado<\/strong>, entreprenoj povas krei unikan identecon kiu resonas kun sia marko.<\/p>\n<p>Personigo etendi\u011das al grandeco, koloroj kaj dezajnoj, permesante al kompanioj tajlori pojnojn por kongrui kun eventotemoj a\u016d marka estetiko. \u0108i tiu personigita tu\u015do ne nur plibonigas markvideblecon, sed anka\u016d povas pliigi la enga\u011di\u011don de \u0109eestantoj per memorindaj spertoj. Imagu alveni al festivalo, kie \u0109iu braceleto tenas unikan emblemon a\u016d dezajnon reprezentantan la eventotemon - \u0109i tiu aspekto kontribuas signife al la \u011denerala atmosfero kaj \u011duo.<\/p>\n<p>Krome, la kapablo korpigi QR-kodojn anka\u016d povas malfermi vojojn por plibonigita interagado. \u0108eestantoj povas skani siajn pojnojn por aliri horarojn, partopreni konkursojn a\u016d e\u0109 preni kontaktinformojn, tiel pliigante sian \u011deneralan sperton \u0109e la evento.<\/p>\n<h2>Kapabloj pri Sekureco kaj Alirkontrolo<\/h2>\n<p>Sekureco estas plej grava en iu ajn evento a\u016d komerca operacio, kaj la Akvorezista Pasiva NFC RFID Silicone Wristband traktas \u0109i tiun bezonon efike. Per korpigado de progresinta\u00a0<strong>RFID-teknologio<\/strong>, \u0109i tiuj braceletoj provizas a\u00a0<strong>falsigebla<\/strong>\u00a0rimedo de alirkontrolo kiu signife pliigas sekurecnivelojn \u0109e eventoj.<\/p>\n<p>Kun integrita\u00a0<strong>MIFARE DESfire EV3-\u0109ipteknologio<\/strong>, uzantoj profitas de sekura datumtranssendo, certigante ke informoj enhavitaj ene de la pojno restas protektita. \u0108i tiu blato ne nur subtenas \u0109ifradajn teknikojn, provizante tavolojn de sekureco, sed anka\u016d garantias rapidan transdonon de datumoj, plibonigante la uzantan sperton kaj reduktante prokrastojn.<\/p>\n<p>Krome, RFID-pojnoj povas esti programitaj por specifaj alirpermesoj, certigante ke nur rajtigita personaro povas eniri certajn areojn. \u0108i tiu funkcio estas precipe utila por grandaj eventoj, kie homamasadministrado estas kritika por sekureco kaj funkcia efikeco.<\/p>\n<p>&nbsp;<\/p>\n<h2>Teknikaj Specifoj kaj Dimensioj<\/h2>\n<table class=\"w-fit !mb-0 !max-w-none\" style=\"height: 133px;\" width=\"407\">\n<thead>\n<tr>\n<th>Specifo<\/th>\n<th>Detaloj<\/th>\n<\/tr>\n<\/thead>\n<tbody>\n<tr>\n<td><strong>Materialo<\/strong><\/td>\n<td>Silicono<\/td>\n<\/tr>\n<tr>\n<td><strong>Grandeco<\/strong><\/td>\n<td>238 x 13 mm<\/td>\n<\/tr>\n<tr>\n<td><strong>Dikeco<\/strong><\/td>\n<td>3 mm<\/td>\n<\/tr>\n<tr>\n<td><strong>Tipo de blato<\/strong><\/td>\n<td>MIFARE DESfire EV3<\/td>\n<\/tr>\n<\/tbody>\n<\/table>\n<p>&nbsp;<\/p>\n<h2>Oftaj Demandoj (FAQs)<\/h2>\n<p>Jen kelkaj oftaj demandoj pri la\u00a0<strong>Akvorezista Pasiva NFC RFID Silicona Pojnejo<\/strong>, kune kun iliaj respondoj por helpi vin fari informitan decidon.<\/p>\n<h3>1.\u00a0<strong>Kio estas NFC-teknologio, kaj kiel \u011di funkcias kun la pojno?<\/strong><\/h3>\n<p>NFC (Near Field Communication) estas aro de komunikadprotokoloj kiuj permesas al du elektronikaj aparatoj, tipe inteligenta telefono kaj leganto, komuniki sur mallongaj distancoj - kutime malpli ol 4 coloj. La pojno enhavas enigitan NFC-peceton kiu povas elsendi informojn kiam metita proksime de NFC-leganto, ebligante funkciojn kiel ekzemple senkontaktaj pagoj, alirkontrolo kaj datumdividado.<\/p>\n<h3>2.\u00a0<strong>\u0108u la braceleto ta\u016dgas por akvo-rilataj agadoj?<\/strong><\/h3>\n<p>Absolute! La Akvorezista Pasiva NFC RFID Silicona Pojnejo estas desegnita por esti\u00a0<strong>akvorezista<\/strong>\u00a0kaj\u00a0<strong>veterrezista<\/strong>. \u0108i tio igas \u011din ideala por uzo en diversaj akvo-rilataj medioj kiel akvaj parkoj, na\u011dejoj kaj banurboj.<\/p>\n<h3>3.\u00a0<strong>\u0108u mi povas personecigi la pojnojn per mia emblemo a\u016d dezajno?<\/strong><\/h3>\n<p>Jes, personigaj elektoj estas disponeblaj! Vi povas mendi pojnojn kun la emblemo de via kompanio, kaj elekti el pluraj presaj teknikoj kiel silkekrana presado, reliefo a\u016d lasera gravurado por krei pojnon kiu kompletigas vian markidentecon.<\/p>\n<h3>4.\u00a0<strong>Kiom longe da\u016dros la braceleto?<\/strong><\/h3>\n<p>La pojno estas farita el altkvalita silikono, kiu provizas bonegan fortikecon kaj reziston al eluzi\u011do, e\u0109 en malmolaj medioj. Kun ta\u016dga zorgo, ili povas da\u016dri por multoblaj uzoj, precipe se uzataj en kontrolitaj medioj.<\/p>\n<h3>5.\u00a0<strong>\u0108u la braceleto povas esti reuzita?<\/strong><\/h3>\n<p>Dum la braceleto estas da\u016drema, \u011dia celita uzo estas \u0109efe por unuokazaj aplikoj kiel festivaloj a\u016d koncertoj. Tamen, ili povas esti reuzitaj en malsamaj scenaroj kondi\u0109e ke ili ne estas difektitaj a\u016d markitaj en maniero kiel kiu identigas ilin kiel uzitaj.<\/p>","protected":false},"excerpt":{"rendered":"<div class=\"chat-list relative custom-scrollbar-reset-margin custom-scrollbar custom-scrollbar-hidden custom-scrollbar-float pb-9 flex-1 overflow-y-auto\">\n<div class=\"mx-auto max-w-[790px]\">\n<div class=\"message-item-outer relative px-4 mb-2\" data-id=\"d5e57210-2b0a-4a51-8aa4-f3908258a790\">\n<div class=\"content-area pl-[0px]\">\n<div class=\"message-item select-text relative\">\n<div class=\"message-inner relative\">\n<div class=\"py-[2px]\">\n<div class=\"flex flex-col gap-2\">\n<div class=\"answer-markdown-box overflow-x-auto select-text custom-scrollbar\">\n<div class=\"markdown-body\"><\/div>\n<\/div>\n<\/div>\n<\/div>\n<\/div>\n<\/div>\n<\/div>\n<\/div>\n<\/div>\n<\/div>\n<div>\n<div class=\"input-box relative max-w-[790px] mx-auto\">\n<div class=\"chat-input-box relative bg-grey-layer2-normal px-3 max-w-[790px] mx-auto pb-1\">\n<div class=\"main-input-area\">\n<div class=\"chat-input-top-bar gap-2 py-2 flex justify-start items-center\">\n<div class=\"flex gap-[6px] min-w-[90px] max-w-[calc(100%-40px)]\">\n<div class=\"flex gap-0\">\n<div class=\"relative\">\n<div class=\"topbar-btn h-[30px] w-[30px] flex overflow-hidden text-text-primary-1 items-center justify-center text-xs leading-4 rounded-lg model-btn model-btn-no-bg\" role=\"button\">La akvorezista pasiva NFC RFID silikona braceleto ofertas fidindan, da\u016dran solvon por sekura alirkontrolo kaj senkontentaj transakcioj \u0109e ajna evento. Ideala por festivaloj, gimnazioj kaj akvaj parkoj, \u011di provizas oportunon kaj personigon kun eleganta dezajno.<\/div>\n<\/div>\n<\/div>\n<\/div>\n<\/div>\n<\/div>\n<\/div>\n<\/div>\n<\/div>","protected":false},"featured_media":3431,"template":"","meta":[],"product_brand":[],"product_cat":[50],"product_tag":[],"class_list":{"0":"post-3430","1":"product","2":"type-product","3":"status-publish","4":"has-post-thumbnail","6":"product_cat-silicone-rfid-nfc-wristbands","8":"first","9":"instock","10":"shipping-taxable","11":"product-type-simple"},"_links":{"self":[{"href":"https:\/\/nfc-readers.com\/eo\/wp-json\/wp\/v2\/product\/3430","targetHints":{"allow":["GET"]}}],"collection":[{"href":"https:\/\/nfc-readers.com\/eo\/wp-json\/wp\/v2\/product"}],"about":[{"href":"https:\/\/nfc-readers.com\/eo\/wp-json\/wp\/v2\/types\/product"}],"wp:featuredmedia":[{"embeddable":true,"href":"https:\/\/nfc-readers.com\/eo\/wp-json\/wp\/v2\/media\/3431"}],"wp:attachment":[{"href":"https:\/\/nfc-readers.com\/eo\/wp-json\/wp\/v2\/media?parent=3430"}],"wp:term":[{"taxonomy":"product_brand","embeddable":true,"href":"https:\/\/nfc-readers.com\/eo\/wp-json\/wp\/v2\/product_brand?post=3430"},{"taxonomy":"product_cat","embeddable":true,"href":"https:\/\/nfc-readers.com\/eo\/wp-json\/wp\/v2\/product_cat?post=3430"},{"taxonomy":"product_tag","embeddable":true,"href":"https:\/\/nfc-readers.com\/eo\/wp-json\/wp\/v2\/product_tag?post=3430"}],"curies":[{"name":"wp","href":"https:\/\/api.w.org\/{rel}","templated":true}]}}