{"id":3437,"date":"2024-11-03T04:49:53","date_gmt":"2024-11-03T04:49:53","guid":{"rendered":"https:\/\/nfc-readers.com\/?post_type=product&#038;p=3437"},"modified":"2024-11-05T10:39:50","modified_gmt":"2024-11-05T10:39:50","slug":"disposable-hf-uhf-rfid-nfc-wristband-for-event-ticket","status":"publish","type":"product","link":"https:\/\/nfc-readers.com\/eo\/ic-reader\/disposable-hf-uhf-rfid-nfc-wristband-for-event-ticket\/","title":{"rendered":"For\u0135etebla HF rfid NFC Pojnejo por eventa bileto"},"content":{"rendered":"<h1 style=\"text-align: center;\"><strong>For\u0135etebla HF rfid NFC Pojnejo por eventa bileto<\/strong><\/h1>\n<p>&nbsp;<\/p>\n<p>En la hodia\u016da rapida mondo, aran\u011dantoj de eventoj devas konservi la plej novajn teknologiojn por provizi neforgeseblan sperton por siaj partoprenantoj. Unu el la plej efikaj manieroj atingi \u0109i tion estas tra <strong>For\u0135eteblaj HF RFID NFC Pojnoj<\/strong>. \u0108i tiuj novigaj brakbendoj revolucias kiel eventoj estas administritaj, plibonigante sekurecon, simpligante alirkontrolon kaj anta\u016denigante senpagajn pagojn. \u0108u por muzikaj festivaloj, akvaj parkoj a\u016d kompaniaj eventoj, \u0109i tiuj braceletoj certigas senjuntan sperton por kaj la gastoj kaj la organizantoj.<\/p>\n<p>&nbsp;<\/p>\n<h3><strong>Kial Elekti For\u0135eteblajn RFID\/NFC-Pojnojn?<\/strong><\/h3>\n<p>La\u00a0<strong>For\u0135etebla HF RFID NFC Pojnejo<\/strong>\u00a0estas desegnita specife por eventoj, kombinante oportunon kun avangarda teknologio. Jen kial investi en \u0109i tiuj pojnoj valoras \u0109iun centonon:<\/p>\n<ol>\n<li><strong>Plifortigita Sekureco:<\/strong>\u00a0La brakbendoj utiligas RFID-teknologion por oferti sekurajn enirsolvojn, signife reduktante la riskon de nea\u016dtorizita aliro. La da\u016dra materialo kaj dezajno certigas, ke ili estas kontra\u016dfrapeblaj.<\/li>\n<li><strong>Senkontantaj Solvoj:<\/strong>\u00a0Kun kreskantaj preferoj de konsumantoj por senpagaj pagoj, \u0109i tiuj braceletoj povas esti integritaj kun pagpretigaj sistemoj, permesante al la \u0109eestantoj fari a\u0109etojn rapide kaj senpene. \u0108i tio fluliniigas la fluon de komerco dum eventoj, plibonigante la gastan sperton.<\/li>\n<li><strong>Komforto kaj Uzant-amika:<\/strong>\u00a0\u0108eestantoj povas simple skani siajn pojnojn por eniro kaj a\u0109etoj, reduktante atendtempojn kaj igante sian sperton pli agrabla.<\/li>\n<li><strong>Personigo:<\/strong>\u00a0Markoj havas la eblon personecigi \u0109iun pojnon per emblemoj, eventodetaloj kaj QR-kodoj, ebligante efikan markigon kaj merkatadon.<\/li>\n<li><strong>Kostefika:<\/strong>\u00a0Estante unu-uza elekto, \u0109i tiuj braceletoj provizas ekonomian elekton sen kompromisi kvaliton a\u016d sekurecon.<\/li>\n<\/ol>\n<p>Nun, ni profundi\u011du en la trajtoj de nia\u00a0<strong>For\u0135etebla HF RFID NFC Pojnejo por Eventaj Biletoj<\/strong>.<\/p>\n<p>&nbsp;<\/p>\n<h3><strong>Teknikaj Specifoj<\/strong><\/h3>\n<table class=\"w-fit !mb-0 !max-w-none\">\n<thead>\n<tr>\n<th>Karakteriza\u0135o<\/th>\n<th>Specifo<\/th>\n<\/tr>\n<\/thead>\n<tbody>\n<tr>\n<td>Komerca nomo<\/td>\n<td>SXNFC<\/td>\n<\/tr>\n<tr>\n<td>Loko de Origino<\/td>\n<td>Guangdong, \u0108inio<\/td>\n<\/tr>\n<tr>\n<td>Ofteco<\/td>\n<td>13,56 MHz<\/td>\n<\/tr>\n<tr>\n<td>Protokolo<\/td>\n<td>ISO14443A<\/td>\n<\/tr>\n<tr>\n<td>Tipo de blato<\/td>\n<td>NFC-peceto\/ HF<\/td>\n<\/tr>\n<tr>\n<td>Uzado<\/td>\n<td>Eventa Bileto, Alirkontrolo, Senkontanta Pago<\/td>\n<\/tr>\n<tr>\n<td>Materialo<\/td>\n<td>Dupont Papero<\/td>\n<\/tr>\n<tr>\n<td>Grandeco<\/td>\n<td>250*19.5mm<\/td>\n<\/tr>\n<tr>\n<td>Presado<\/td>\n<td>Plenkolora Ofseta Preso<\/td>\n<\/tr>\n<\/tbody>\n<\/table>\n<p>&nbsp;<\/p>\n<h3><strong>Oftaj Demandoj (FAQs)<\/strong><\/h3>\n<p><strong>Q1: Kiel mi personecigas la pojnojn?<\/strong><br \/>\nR: Personigoj povas esti petitaj dum la menda procezo. Vi povas specifi vian dezajnon, emblemon, QR-kodojn a\u016d seriajn numerojn.<\/p>\n<p><strong>Q2: \u0108u la pojnoj estas akvorezistaj?<\/strong><br \/>\nA: Jes, la\u00a0<strong>Dupont Papero<\/strong>\u00a0materialo uzata en fabrikado estas akvorezista, certigante ke ili eltenas diversajn eventokondi\u0109ojn.<\/p>\n<p><strong>Q3: \u0108u la braceletoj povas esti reuzitaj?<\/strong><br \/>\nR: \u0108i tiuj braceletoj estas desegnitaj nur por unu-uzo; ili certigas maksimuman sekurecon kaj rezisteblajn kapablojn dum la tuta evento.<\/p>\n<p>&nbsp;<\/p>\n<h3><strong>Dum Reduktado de Mal\u015dparo: Ekologiaj Respondecaj Solvoj<\/strong><\/h3>\n<p>En nia ser\u0109ado de novigaj solvoj, ni anka\u016d atentas pri nia media efiko. La\u00a0<strong>For\u0135etebla HF UHF RFID NFC Pojnejo<\/strong>\u00a0subtenas ekologian da\u016dripovon la\u016d la sekvaj manieroj:<\/p>\n<ul>\n<li><strong>Unuuza Dezajno:<\/strong>\u00a0Kiel a\u00a0<strong>unuuza pojno<\/strong>, vi forigas la bezonon de revenprocezoj kaj lavado, kio \u015dparas rimedojn kaj energion.<\/li>\n<li><strong>Materiala Konsidero:<\/strong>\u00a0Uzanta\u00a0<strong>Dupont Papero<\/strong>, konata pro esti reciklebla, kontribuas al reduktado de la totala karbonpiedsigno asociita kun okaza\u0135provizoj.<\/li>\n<\/ul>","protected":false},"excerpt":{"rendered":"<p>La For\u0135etebla HF RFID NFC Wristband por eventaj biletoj ofertas sekuran kaj efikan manieron administri alirkontrolon \u0109e iu ajn evento. \u011cia agordebla dezajno certigas senjuntan sperton de \u0109eestantoj ebligante senpagajn pagojn kaj plibonigitajn sekurecajn mezurojn.<\/p>","protected":false},"featured_media":3438,"template":"","meta":[],"product_brand":[],"product_cat":[50],"product_tag":[],"class_list":{"0":"post-3437","1":"product","2":"type-product","3":"status-publish","4":"has-post-thumbnail","6":"product_cat-silicone-rfid-nfc-wristbands","8":"first","9":"instock","10":"shipping-taxable","11":"product-type-simple"},"_links":{"self":[{"href":"https:\/\/nfc-readers.com\/eo\/wp-json\/wp\/v2\/product\/3437","targetHints":{"allow":["GET"]}}],"collection":[{"href":"https:\/\/nfc-readers.com\/eo\/wp-json\/wp\/v2\/product"}],"about":[{"href":"https:\/\/nfc-readers.com\/eo\/wp-json\/wp\/v2\/types\/product"}],"wp:featuredmedia":[{"embeddable":true,"href":"https:\/\/nfc-readers.com\/eo\/wp-json\/wp\/v2\/media\/3438"}],"wp:attachment":[{"href":"https:\/\/nfc-readers.com\/eo\/wp-json\/wp\/v2\/media?parent=3437"}],"wp:term":[{"taxonomy":"product_brand","embeddable":true,"href":"https:\/\/nfc-readers.com\/eo\/wp-json\/wp\/v2\/product_brand?post=3437"},{"taxonomy":"product_cat","embeddable":true,"href":"https:\/\/nfc-readers.com\/eo\/wp-json\/wp\/v2\/product_cat?post=3437"},{"taxonomy":"product_tag","embeddable":true,"href":"https:\/\/nfc-readers.com\/eo\/wp-json\/wp\/v2\/product_tag?post=3437"}],"curies":[{"name":"wp","href":"https:\/\/api.w.org\/{rel}","templated":true}]}}