{"id":3444,"date":"2024-11-03T06:44:10","date_gmt":"2024-11-03T06:44:10","guid":{"rendered":"https:\/\/nfc-readers.com\/?post_type=product&#038;p=3444"},"modified":"2024-11-04T08:51:14","modified_gmt":"2024-11-04T08:51:14","slug":"custom-fm1208-8k-memory-smart-campus-card","status":"publish","type":"product","link":"https:\/\/nfc-readers.com\/eo\/ic-reader\/custom-fm1208-8k-memory-smart-campus-card\/","title":{"rendered":"Propra FM1208 8k memora inteligenta kampusa karto"},"content":{"rendered":"<h1><span style=\"color: #000080;\"><strong>Propra FM1208 8k memora inteligenta kampusa karto<\/strong><\/span><\/h1>\n<p><span style=\"color: #666699;\">La Estonteco de Alirkontrolaj Solvoj En \u0109iam pli cifereca mondo, senjunta alirkontrolo estas pli kritika ol iam ajn. La <strong>Propra FM12088K Memora Smart Campus Karto<\/strong>\u00a0estas desegnita por modernaj institucioj ser\u0109antaj sekurajn kaj efikajn manierojn administri aliron, identigon kaj transakciojn sur la kampuso. Kun 8K-memoro, RFID kaj NFC-komunikadkapabloj, kaj fortika dezajno, \u0109i tiu karto elstaras kiel esenca solvo por edukaj institucioj, entreprenoj kaj organizoj. \u0108i tiu produkto ofertas multajn avanta\u011dojn, kiuj faras \u011din valora investo por iu ajn ento koncentrita al plibonigita sekureco kaj simpligitaj operacioj.<\/span><\/p>\n<p>&nbsp;<\/p>\n<h2 style=\"text-align: center;\"><em><strong><span style=\"color: #000080;\">Kial Elekti la Propran FM12088K Memoran Smart Campus Karton?<\/span><\/strong><\/em><\/h2>\n<p>La Propra FM12088K Memora Smart Campus Karto estas pli ol nur peco de plasto; \u011di estas pionira ilo, kiu integras altnivelan teknologion kun praktikaj aplikoj. La \u0109efaj avanta\u011doj inkluzivas:<\/p>\n<ul>\n<li><strong>Pliigita Sekureco<\/strong>: Kun progresinta\u00a0<strong>Mifare Desfire<\/strong>\u00a0kapabloj kaj\u00a0<strong>reciproka a\u016dtentigo<\/strong>, via alirkontrolsistemo fari\u011das signife pli sekura.<\/li>\n<li><strong>Plibonigita Uzanto-Sperto<\/strong>: Desegnita por facila operacio, la karto\u00a0<strong>senkontakta dezajno<\/strong>\u00a0ebligas rapidan kaj oportunan aliron - ideala por okupataj kampusaj medioj.<\/li>\n<li><strong>Versatilaj Aplikoj<\/strong>: Ne limigitaj al alirkontrolo, \u0109i tiuj kartoj anka\u016d povas esti uzataj por financaj transakcioj, biletoj kaj lojalecprogramoj.<\/li>\n<li><strong>Fortikeco kaj Longviveco<\/strong>: Farita el\u00a0<strong>PVC<\/strong>, \u0109i tiuj kartoj estas\u00a0<strong>akvorezista\/veterrezista<\/strong>, certigante longvivecon e\u0109 en malfacilaj mediaj kondi\u0109oj.<\/li>\n<\/ul>\n<hr \/>\n<h2><\/h2>\n<h2 style=\"text-align: center;\"><span style=\"color: #000080;\"><em><strong>Evoluo de Mifare Technology<\/strong><\/em><\/span><\/h2>\n<p><span style=\"color: #008080;\">Mifare-teknologio evoluis tra la jaroj, transirante de la originalo <strong>Mifare Klasika<\/strong>\u00a0familio al progresintaj ripetoj kiel la\u00a0<strong>Mifare Desfire<\/strong>\u00a0serio. <\/span><\/p>\n<p><span style=\"color: #008080;\">\u0108i tiuj progresoj permesas pli grandajn memorkapablojn, pli altajn sekurecajn funkciojn kaj diversajn aplikojn. La FM1208-oj\u00a0<strong>8K memoro<\/strong>\u00a0reasertas siajn kapablojn pritrakti kompleksajn datumtransakciojn sekure kaj efike.<\/span><\/p>\n<p>&nbsp;<\/p>\n<h2 style=\"text-align: center;\"><em><strong><span style=\"color: #000080;\">\u015closilaj Atributoj de Smart Cards<\/span><\/strong><\/em><\/h2>\n<h3>Sa\u011dkartoj kiel la FM1208 ofertas plurajn \u015dlosilajn atributojn, inkluzive de:<\/h3>\n<ul>\n<li><strong>Senkontakta Komunikado<\/strong>: Utiligante\u00a0<strong>RFID\/NFC<\/strong>\u00a0teknologio, la karto povas esti skanita rapide sen fizika kontakto, provizante rapidan aliron.<\/li>\n<li><strong>Alta Sekureco<\/strong>: Kun\u00a0<strong>\u0109ifradaj \u015dlosiloj<\/strong>\u00a0kaj reciprokaj a\u016dtentikaj kapabloj, uzantoj povas esti certaj, ke iliaj akredita\u0135oj estas sekuraj.<\/li>\n<li><strong>Skalebleco<\/strong>: La FM1208 povas facile integri\u011di en ekzistantajn sistemojn a\u016d skalo por renkonti kreskantajn kampusajn bezonojn, plibonigante \u011deneralan funkcian efikecon.<\/li>\n<\/ul>\n<hr \/>\n<h2><\/h2>\n<h2 style=\"text-align: center;\"><em><span style=\"color: #000080;\"><strong>Unika Trajtoj<\/strong><\/span><\/em><\/h2>\n<p><span style=\"color: #666699;\">La Propra FM1208 Smart Campus Karto estas plenplena de unikaj funkcioj dizajnitaj por la hodia\u016da teknologia pejza\u011do.<\/span><\/p>\n<h3><span style=\"color: #333399;\"><strong>Akvorezista kaj Veterrezista<\/strong><\/span><\/h3>\n<p>\u0108i tiu inteligenta karto estas kreita por rezisti severajn kondi\u0109ojn, igante \u011din ta\u016dga por amba\u016d endomaj kaj sub\u0109ielaj aplikoj. La\u00a0<strong>PVC<\/strong>\u00a0uzata materialo certigas, ke \u011di restas nerompita kaj plene funkcia sub malsamaj mediaj premoj.<\/p>\n<p>&nbsp;<\/p>\n<h3><span style=\"color: #333399;\"><strong>Mini-Etiked-Kongruo<\/strong><\/span><\/h3>\n<p>La FM1208 anka\u016d povas funkcii kiel a\u00a0<strong>mini-etikedo<\/strong>, ebligante diversajn uzajn scenarojn. \u0108u integrita al vesta\u0135oj, tornistroj a\u016d monujoj, \u011di ofertas flekseblecon por studentoj kaj dungitoj.<\/p>\n<hr \/>\n<h3><span style=\"color: #333399;\"><strong>Teknikaj Specifoj<\/strong><\/span><\/h3>\n<p><strong>Jen detala rigardo al la teknikaj specifoj de la Propra FM12088K Memora Smart Campus Karto:<\/strong><\/p>\n<div class=\"table-with-header rounded-lg border border-solid border-grey-line2-normal w-fit max-w-full mb-2\">\n<div class=\"overflow-x-auto custom-scrollbar custom-scrollbar-float max-w-full\">\n<table class=\"w-fit !mb-0 !max-w-none\">\n<thead>\n<tr>\n<th>Karakteriza\u0135o<\/th>\n<th>Specifo<\/th>\n<\/tr>\n<\/thead>\n<tbody>\n<tr>\n<td><strong>Produkta Nomo<\/strong><\/td>\n<td>RFID Karto<\/td>\n<\/tr>\n<tr>\n<td><strong>Blato<\/strong><\/td>\n<td>FM1208<\/td>\n<\/tr>\n<tr>\n<td><strong>Memoro<\/strong><\/td>\n<td>8K<\/td>\n<\/tr>\n<tr>\n<td><strong>Materialo<\/strong><\/td>\n<td>PVC<\/td>\n<\/tr>\n<tr>\n<td><strong>Grandeco<\/strong><\/td>\n<td>85,5 x 54 mm<\/td>\n<\/tr>\n<tr>\n<td><strong>Ofteco<\/strong><\/td>\n<td>13,56 MHz<\/td>\n<\/tr>\n<tr>\n<td><strong>Lega Distanco<\/strong><\/td>\n<td>1-10 cm<\/td>\n<\/tr>\n<tr>\n<td><strong>MOQ (Minimuma Ordo Kvanto)<\/strong><\/td>\n<td>500<\/td>\n<\/tr>\n<tr>\n<td><strong>Presado<\/strong><\/td>\n<td>Ofseta presado<\/td>\n<\/tr>\n<tr>\n<td><strong>Loko de Origino<\/strong><\/td>\n<td>Guangdong, \u0108inio<\/td>\n<\/tr>\n<tr>\n<td><strong>Apliko<\/strong><\/td>\n<td>Alirkontrolo, Transakcioj<\/td>\n<\/tr>\n<\/tbody>\n<\/table>\n<\/div>\n<\/div>\n<p><strong>\u0108i tiuj specifoj montras karton, kiu emfazas sekurecon, fortikecon kaj efikecon.<\/strong><\/p>\n<hr \/>\n<h2><\/h2>\n<h2 style=\"text-align: center;\"><em><span style=\"color: #000080;\"><strong>Media Efiko kaj Da\u016dripovo<\/strong><\/span><\/em><\/h2>\n<p><span style=\"color: #666699;\">Rekonante la median spuron de teknologio, la Propra FM1208-karto adoptas da\u016drigeblan aliron. Estante konstruita el\u00a0<strong>PVC<\/strong>, \u011ci ofertas fortikecon sen kompromiti mediajn zorgojn.Da\u016drigeblaj Praktikoj- <strong>Recikleblo<\/strong>: La materialoj uzitaj povas esti reciklitaj, emfazante enga\u011di\u011don al media administrado.<\/span><\/p>\n<ul>\n<li><strong>Longa Vivda\u016dro<\/strong>: Kun da\u016drema dezajno, la karto reduktas la bezonon de oftaj anstata\u016da\u0135oj, finfine malaltigante mal\u015dparo.<\/li>\n<\/ul>\n<hr \/>\n<h2><\/h2>\n<h2 style=\"text-align: center;\"><em><span style=\"color: #000080;\"><strong>Aplikoj en Edukado kaj Preter<\/strong><\/span><\/em><\/h2>\n<p><span style=\"color: #666699;\">La Propra FM1208 Smart Campus Card servas diversajn aplikojn, precipe en edukaj institucioj, plibonigante la \u011deneralan kampusan sperton.<\/span><\/p>\n<p>&nbsp;<\/p>\n<h2 style=\"text-align: center;\"><em><strong><span style=\"color: #000080;\">En Edukaj Institucioj<\/span><\/strong><\/em><\/h2>\n<p style=\"text-align: left;\">1.\u00a0<strong>Kontrolo de Aliro<\/strong>: Sekura enirejo al konstrua\u0135oj, bibliotekoj a\u016d laboratorioj.<\/p>\n<ol start=\"2\">\n<li><strong>Campus ID<\/strong>: Servante kiel studentaj identigiloj, la kartoj simpligas identigprocezojn.<\/li>\n<li><strong>Pagsistemoj<\/strong>: Integri\u011do kun lernejaj kontoj por senkontantaj transakcioj \u0109e kafejoj kaj vendiloj.<\/li>\n<\/ol>","protected":false},"excerpt":{"rendered":"<p>La Propra FM12088K Memora Smart Campus Karto ofertas sekuran, senkontaktan alirkontrolon, idealan por edukaj institucioj kaj entreprenoj. Fortika kaj multflanka!<\/p>","protected":false},"featured_media":3449,"template":"","meta":[],"product_brand":[],"product_cat":[46],"product_tag":[],"class_list":{"0":"post-3444","1":"product","2":"type-product","3":"status-publish","4":"has-post-thumbnail","6":"product_cat-nfc-cards","8":"first","9":"instock","10":"shipping-taxable","11":"product-type-simple"},"_links":{"self":[{"href":"https:\/\/nfc-readers.com\/eo\/wp-json\/wp\/v2\/product\/3444","targetHints":{"allow":["GET"]}}],"collection":[{"href":"https:\/\/nfc-readers.com\/eo\/wp-json\/wp\/v2\/product"}],"about":[{"href":"https:\/\/nfc-readers.com\/eo\/wp-json\/wp\/v2\/types\/product"}],"wp:featuredmedia":[{"embeddable":true,"href":"https:\/\/nfc-readers.com\/eo\/wp-json\/wp\/v2\/media\/3449"}],"wp:attachment":[{"href":"https:\/\/nfc-readers.com\/eo\/wp-json\/wp\/v2\/media?parent=3444"}],"wp:term":[{"taxonomy":"product_brand","embeddable":true,"href":"https:\/\/nfc-readers.com\/eo\/wp-json\/wp\/v2\/product_brand?post=3444"},{"taxonomy":"product_cat","embeddable":true,"href":"https:\/\/nfc-readers.com\/eo\/wp-json\/wp\/v2\/product_cat?post=3444"},{"taxonomy":"product_tag","embeddable":true,"href":"https:\/\/nfc-readers.com\/eo\/wp-json\/wp\/v2\/product_tag?post=3444"}],"curies":[{"name":"wp","href":"https:\/\/api.w.org\/{rel}","templated":true}]}}