{"id":3450,"date":"2024-11-03T08:01:44","date_gmt":"2024-11-03T08:01:44","guid":{"rendered":"https:\/\/nfc-readers.com\/?post_type=product&#038;p=3450"},"modified":"2024-11-04T08:45:59","modified_gmt":"2024-11-04T08:45:59","slug":"nfc-with-qr-code-stainless-contactless-business-card","status":"publish","type":"product","link":"https:\/\/nfc-readers.com\/eo\/ic-reader\/nfc-with-qr-code-stainless-contactless-business-card\/","title":{"rendered":"NFC kun QR-kodo Neoksidebla senkontakta vizitkarto"},"content":{"rendered":"<h1><span style=\"color: #000080;\"><strong>NFC kun QR-kodo Neoksidebla senkontakta vizitkarto<\/strong><\/span><\/h1>\n<p><span style=\"color: #666699;\">En la nuntempa rapida cifereca mondo, la bezono de novigaj kaj efikaj interkonektaj solvoj estas pli grava ol iam ajn. Enigu la <strong>NFC kun QR-Kodo Neoksidebla Senkontakta Komerckarto<\/strong>, avangarda ilo dizajnita por redifini kiel profesiuloj dividas siajn informojn. Kunfandante modernan teknologion kun eleganta dezajno, \u0109i tiu vizitkarto permesas al uzantoj senpene dividi siajn kontaktajn detalojn, sociajn profilojn kaj pli per simplaj frapetoj kaj skanadoj. Kun sennombraj agordaj elektoj, \u0109i tiu senkontakta vizitkarto ne nur plibonigas vian profesian bildon, sed anka\u016d plifaciligas interkonektajn procezojn.<\/span><\/p>\n<p>&nbsp;<\/p>\n<h2 style=\"text-align: center;\"><span style=\"color: #000080;\"><strong>\u015closilaj Atributoj de NFC-Komerckartoj\u00a0<\/strong><\/span><\/h2>\n<p>NFC-teknologio transformas reton provizante unikajn atributojn kiuj distingas \u011din de tradiciaj vizitkartoj. \u0108i tiuj kartoj faciligas rapidan kaj efikan kundividon de informoj, ebligante al uzantoj transdoni siajn kontaktajn detalojn per simpla frapeto de inteligenta telefono. La\u00a0<strong>NFC kun QR-Kodo Neoksidebla Senkontakta Komerckarto<\/strong>\u00a0inkluzivas altnivelan teknologion kiel:<\/p>\n<ul>\n<li><strong>RFID Komunikado:<\/strong>\u00a0Funkcianta sur frekvenco de 13.56 MHz, enkalkulante rapidajn ligojn inter aparatoj.<\/li>\n<li><strong>Propraj \u0108ip Opcioj:<\/strong>\u00a0Havebla kun NTAG213, NTAG215, a\u016d NTAG216 blatoj, provizante flekseblecon bazitan sur uzantbezonoj.<\/li>\n<\/ul>\n<p>Utiligante \u0109i tiujn \u015dlosilajn atributojn, \u0109i tiu vizitkarto ne nur reprezentas vian profesian markon sed anka\u016d montras vian enga\u011di\u011don al novigo.<\/p>\n<p>&nbsp;<\/p>\n<h2 style=\"text-align: center;\"><span style=\"color: #000080;\"><em><strong>Dezajnaj Trajtoj: <\/strong><\/em><\/span><\/h2>\n<h2>Farante Da\u016dran Impreson<\/h2>\n<p><strong>Estetika alogo<\/strong>\u00a0estas decida en ajna komerca interago. La\u00a0<strong>NFC kun QR-Kodo Neoksidebla Senkontakta Komerckarto<\/strong>\u00a0estas desegnita kun gamo da agordeblaj funkcioj por konveni individuajn preferojn, certigante ke \u011di ne nur elstaras sed anka\u016d kongruas kun via marka identeco. \u0108efaj dezajnaj trajtoj inkluzivas:<\/p>\n<ul>\n<li><strong>Fini\u011doj:<\/strong>\u00a0Elektu inter brilaj a\u016d mataj surfacoj por altnivela aspekto, kiu konvenas al via stilo.<\/li>\n<li><strong>Materialaj Opcioj:<\/strong>\u00a0Kreitaj el altkvalita neoksidebla \u015dtalo, \u0109i tiuj kartoj ne nur aspektas luksaj, sed anka\u016d provizas fortikecon kontra\u016d eluzi\u011do.<\/li>\n<li><strong>Propraj Emblemoj kaj \u015cablonoj:<\/strong>\u00a0Agordu vian karton kun via emblemo gravurita, kreante unikan tu\u015don, kiu plibonigas la videblecon de via marko.<\/li>\n<\/ul>\n<p>Investante en profesie desegnita NFC-komerckarto, vi distingas vin de la konkurado.<\/p>\n<p>&nbsp;<\/p>\n<h2 style=\"text-align: center;\"><span style=\"color: #000080;\"><em><strong>Akvorezista kaj Veterrezista Fortikeco <\/strong><\/em><\/span><\/h2>\n<p><span style=\"color: #666699;\">En la tumulto de \u0109iutaga interkonektado, vi bezonas vizitkarton, kiu povas elteni diversajn mediajn kondi\u0109ojn. <\/span><\/p>\n<p><span style=\"color: #666699;\">La neoksidebla materialo de la\u00a0<strong>NFC kun QR-Kodo Neoksidebla Senkontakta Komerckarto<\/strong>\u00a0estas:<\/span><\/p>\n<ul>\n<li><strong>Akvorezista:<\/strong>\u00a0Protektas viajn informojn kontra\u016d hazardaj ver\u015doj kaj malsekaj kondi\u0109oj.<\/li>\n<li><strong>Veterrezista:<\/strong>\u00a0Ideala por ajna klimato, certigante ke via karto restas nerompita kaj plene funkcia sendepende de eksteraj elementoj.<\/li>\n<\/ul>\n<p>\u0108i tiu fortikeco certigas, ke via karto konservos siajn estetikajn kaj funkciajn kvalitojn la\u016dlonge de la tempo, igante \u011din sa\u011da investo.<\/p>\n<p>&nbsp;<\/p>\n<h2 style=\"text-align: center;\"><em><strong><span style=\"color: #000080;\">Uzant-amika Komunika Interfaco\u00a0<\/span><\/strong><\/em><\/h2>\n<p>Unu el la plej rimarkindaj trajtoj de la\u00a0<strong>NFC kun QR-Kodo Neoksidebla Senkontakta Komerckarto<\/strong>\u00a0estas \u011dia uzant-amika komunika interfaco. La kapablo uzi amba\u016d\u00a0<strong>NFC kaj RFID<\/strong>\u00a0teknologioj certigas, ke viaj informoj povas esti alireblaj rapide kaj facile per diversaj aparatoj. Jen kiel \u011di funkcias:<\/p>\n<ul>\n<li><strong>NFC-teknologio:<\/strong>\u00a0Uzantoj simple bezonas frapeti sian inteligentan telefonon kontra\u016d la karto por preni kontaktajn detalojn. \u0108i tiu simpleco anta\u016denigas rapidajn interagojn en interkonektaj agordoj.<\/li>\n<li><strong>Integri\u011do de QR-kodo:<\/strong>\u00a0La karto havas integran QR-kodon, provizante plian rimedon por kunhavi informojn por tiuj, kiuj eble ne havas NFC-ebligitajn aparatojn.<\/li>\n<\/ul>\n<p>\u0108i tiu duobla komunikado-interfaco certigas, ke vi povas konekti\u011di kun eblaj klientoj a\u016d partneroj senpene.<\/p>\n<p>&nbsp;<\/p>\n<h2 style=\"text-align: center;\"><span style=\"color: #000080;\"><em><strong>Specifoj Tio Gravas<\/strong><\/em><\/span><\/h2>\n<p>|\u00a0<strong>Materialo<\/strong>\u00a0| Neoksidebla \u015dtalo |<br \/>\n|\u00a0<strong>Ofteco<\/strong>\u00a0|13.56 MHz |<br \/>\n|\u00a0<strong>Grandeco<\/strong>\u00a0|85,5 mm x54 mm \/ Propra |<br \/>\n|\u00a0<strong>Dikeco<\/strong>\u00a0|0,8 mm \/ Propra |<br \/>\n|\u00a0<strong>Chip Opcioj<\/strong> | Propra \/ NTAG213 \/215 \/216 |<br \/>\n|\u00a0<strong>Koloraj Opcioj<\/strong>\u00a0| Nigra, Blanka, Roza Oro, Oro, Blua |<br \/>\n|\u00a0<strong>Specialaj Trajtoj<\/strong>\u00a0| Akvorezista \/ Veterrezista, Lukso|<\/p>\n<p>&nbsp;<\/p>\n<h2 style=\"text-align: center;\"><span style=\"color: #000080;\"><em><strong>Sekcio pri Demandoj<\/strong><\/em><\/span><\/h2>\n<p><strong><span style=\"color: #008080;\">Q: \u0108u mi povas personecigi la dezajnon de la karto?<\/span><\/strong><\/p>\n<p>A: Absolute! Vi povas elekti kolorojn, surfacajn fina\u0135ojn kaj e\u0109 gravura\u0135ojn por emblemoj, igante vian karton vere unika.<\/p>\n<p>&nbsp;<\/p>\n<p><strong><span style=\"color: #008080;\">Q: \u0108u la NFC-funkcio estas kongrua kun \u0109iuj inteligentaj telefonoj?<\/span><\/strong><\/p>\n<p>R: Jes, la NFC-karto estas dizajnita por funkcii kun plej multaj sa\u011dtelefonoj, kiuj subtenas NFC-teknologion.<\/p>","protected":false},"excerpt":{"rendered":"<p>Revoluciu reton per nia NFC kaj QR-kodo Neoksidebla Senkontakta Komerckarto\u2014dividu informojn senpene kun eleganta, agordebla dezajno!<\/p>","protected":false},"featured_media":3448,"template":"","meta":[],"product_brand":[],"product_cat":[46],"product_tag":[],"class_list":{"0":"post-3450","1":"product","2":"type-product","3":"status-publish","4":"has-post-thumbnail","6":"product_cat-nfc-cards","8":"first","9":"instock","10":"shipping-taxable","11":"product-type-simple"},"_links":{"self":[{"href":"https:\/\/nfc-readers.com\/eo\/wp-json\/wp\/v2\/product\/3450","targetHints":{"allow":["GET"]}}],"collection":[{"href":"https:\/\/nfc-readers.com\/eo\/wp-json\/wp\/v2\/product"}],"about":[{"href":"https:\/\/nfc-readers.com\/eo\/wp-json\/wp\/v2\/types\/product"}],"wp:featuredmedia":[{"embeddable":true,"href":"https:\/\/nfc-readers.com\/eo\/wp-json\/wp\/v2\/media\/3448"}],"wp:attachment":[{"href":"https:\/\/nfc-readers.com\/eo\/wp-json\/wp\/v2\/media?parent=3450"}],"wp:term":[{"taxonomy":"product_brand","embeddable":true,"href":"https:\/\/nfc-readers.com\/eo\/wp-json\/wp\/v2\/product_brand?post=3450"},{"taxonomy":"product_cat","embeddable":true,"href":"https:\/\/nfc-readers.com\/eo\/wp-json\/wp\/v2\/product_cat?post=3450"},{"taxonomy":"product_tag","embeddable":true,"href":"https:\/\/nfc-readers.com\/eo\/wp-json\/wp\/v2\/product_tag?post=3450"}],"curies":[{"name":"wp","href":"https:\/\/api.w.org\/{rel}","templated":true}]}}