{"id":3451,"date":"2024-11-03T08:34:25","date_gmt":"2024-11-03T08:34:25","guid":{"rendered":"https:\/\/nfc-readers.com\/?post_type=product&#038;p=3451"},"modified":"2024-11-04T08:44:09","modified_gmt":"2024-11-04T08:44:09","slug":"google-review-ntag213-215-216-nfc-card","status":"publish","type":"product","link":"https:\/\/nfc-readers.com\/eo\/ic-reader\/google-review-ntag213-215-216-nfc-card\/","title":{"rendered":"NTAG213 215 216 NFC-Karto por Google Review"},"content":{"rendered":"<h1><span style=\"color: #000080;\"><strong>NTAG213 215 216 NFC-Karto por Google Review <\/strong><\/span><\/h1>\n<p><span style=\"color: #666699;\">La Estonteco de Inteligenta RetoEn \u0109iam pli cifereca mondo, resti konektita estas pli grava ol iam ajn. La <strong>NTAG213 215 216 NFC-Karto por Google Review<\/strong> funkcias kiel noviga interreta solvo dizajnita por transformi kiel profesiuloj dividas kontaktinformojn. \u0108i tiu inteligenta karto kombinas elegantan dezajnon kun avangarda teknologio, permesante al uzantoj kunhavigi siajn informojn senpene per senkontakta NFC (Near Field Communication) kaj QR-koda funkcio. \u0108u vi bezonas vizitkarton, kiu instigas kvin-stelajn recenzojn a\u016d multflankan ilon por alirkontrolo, \u0109i tiu NFC-karto servas \u0109iujn.<\/span><\/p>\n<hr \/>\n<h2 style=\"text-align: center;\"><em><strong><span style=\"color: #000080;\">Produktaj Avanta\u011doj<\/span><\/strong><\/em><\/h2>\n<h2>Investante en la\u00a0<strong>NTAG213215216 NFC-karto<\/strong>\u00a0proponas multajn avanta\u011dojn:<\/h2>\n<ul>\n<li><strong>Senjunta Reto<\/strong>: Per simpla frapeto, vi povas kunhavigi viajn kontaktajn detalojn, profilojn pri sociaj amaskomunikiloj kaj pli, efikigante interkonektadon.<\/li>\n<li><strong>Personigo Opcioj<\/strong>: Agordu vian karton per kutimaj grandecoj, presado, kaj e\u0109 via unika emblemo - certigante ke vi faras memorindan impreson.<\/li>\n<li><strong>Fortikeco kaj Fidindeco<\/strong>: Desegnita por elteni la elementojn, la\u00a0<strong>akvorezista<\/strong>\u00a0kaj\u00a0<strong>veterrezista<\/strong>\u00a0funkcioj protektas viajn informojn, certigante ke \u011di restas nerompita dum la tempo.<\/li>\n<li><strong>Altnivela Teknologio<\/strong>: Utiligante la NTAG-blatojn de NXP, \u0109i tiuj kartoj disponigas fidindan komunikan interfacon idealan por diversaj aplikoj, de inteligenta konsumanta interago \u011dis sekuraj alirkontrolsistemoj.<\/li>\n<\/ul>\n<p>La\u00a0<strong>Google Review NTAG213215216 NFC-karto<\/strong> ne estas nur vizitkarto; \u011di estas multfaceta ilo, kiu plibonigas vian profesian bildon dum plifortigo de interagoj.<\/p>\n<p>&nbsp;<\/p>\n<h2 style=\"text-align: center;\"><span style=\"color: #000080;\"><em><strong>Teknikaj Specifoj<\/strong><\/em><\/span><\/h2>\n<p>Jen la detalaj teknikaj specifoj, kiuj difinas la NTAG213 215 216 NFC-Karton por Google Review:<\/p>\n<div class=\"table-with-header rounded-lg border border-solid border-grey-line2-normal w-fit max-w-full mb-2\">\n<div class=\"h-8 items-center flex justify-between px-2 text-xs border-0 border-b border-solid border-grey-line2-normal\">\n<div class=\"h-[26px] w-[26px] text-text-primary-3 cursor-pointer hover:text-text-primary-2 flex-center\"><\/div>\n<\/div>\n<div class=\"overflow-x-auto custom-scrollbar custom-scrollbar-float max-w-full\">\n<table class=\"w-fit !mb-0 !max-w-none\">\n<thead>\n<tr>\n<th><strong>Specifo<\/strong><\/th>\n<th><strong>Valoro<\/strong><\/th>\n<\/tr>\n<\/thead>\n<tbody>\n<tr>\n<td><strong>Materialo<\/strong><\/td>\n<td>Epoksio, PVC, Papero a\u016d PET<\/td>\n<\/tr>\n<tr>\n<td><strong>Ofteco<\/strong><\/td>\n<td>13,56 MHz<\/td>\n<\/tr>\n<tr>\n<td><strong>Grandeco<\/strong><\/td>\n<td>Propraj Grandecoj Disponeblaj<\/td>\n<\/tr>\n<tr>\n<td><strong>Dikeco<\/strong><\/td>\n<td>Propraj Grandecoj Disponeblaj<\/td>\n<\/tr>\n<tr>\n<td><strong>Memoro<\/strong><\/td>\n<td>144.504, a\u016d 888 bajtoj<\/td>\n<\/tr>\n<tr>\n<td><strong>Chip Opcioj<\/strong><\/td>\n<td>NTAG213, NTAG215, NTAG216<\/td>\n<\/tr>\n<tr>\n<td><strong>Presa Teknologio<\/strong><\/td>\n<td>CMYK Ofseta Presado<\/td>\n<\/tr>\n<tr>\n<td><strong>Tajpu<\/strong><\/td>\n<td>NFC Foruma Tipo 2<\/td>\n<\/tr>\n<tr>\n<td><strong>Specialaj Trajtoj<\/strong><\/td>\n<td>Akvorezista, Veterrezista<\/td>\n<\/tr>\n<\/tbody>\n<\/table>\n<\/div>\n<\/div>\n<p>\u0108i tiuj specifoj ilustras la teknikan kapablon de la NTAG213 215 216 NFC-Karto por Google Review, certigante uzeblon kaj funkciecon.<\/p>\n<p>&nbsp;<\/p>\n<h2 style=\"text-align: center;\"><em><span style=\"color: #000080;\"><strong>Skizo de Trajtoj kaj Atributoj<\/strong><\/span><\/em><\/h2>\n<h2 style=\"text-align: center;\"><strong>\u015closilaj Atributoj de la NFC-Karto<\/strong><\/h2>\n<p>La NTAG213 215 216 NFC-Karto por Google Review havas plurajn \u015dlosilajn atributojn, kiuj distingas \u011din de konvenciaj kartoj. La operacia frekvenco de\u00a0<strong>13,56 MHz<\/strong>\u00a0certigas rapidan komunikadon, permesante al aparatoj tuj konekti\u011di por pli glata sperto de uzanto. Disponeblaj pecetoj inkluzivas NTAG213, NTAG215, a\u016d NTAG216, respondante al diversaj memorpostuloj.<\/p>\n<p>&nbsp;<\/p>\n<h2 style=\"text-align: center;\"><span style=\"color: #000080;\"><em><strong>Industrio-Specifikaj Aplikoj<\/strong><\/em><\/span><\/h2>\n<p>\u0108i tiu NFC-karto ne estas nur dizajnita por komerca interkonektado. \u011cia adaptebleco ebligas uzon en diversaj industrioj, kiel ekzemple:<\/p>\n<ul>\n<li><strong>Kontrolo de Aliro<\/strong>: Perfekte integri\u011du kun viaj oficejaj sekursistemoj, provizante dungitojn sekuran eniron sen fizikaj \u015dlosiloj.<\/li>\n<li><strong>Publika Transporto<\/strong>: Uzu kartojn por bileto, permesante tujajn transakciojn kaj reduktante atendtempojn.<\/li>\n<li><strong>Administrado de Eventoj<\/strong>: Uzu por eniro de \u0109eestantoj \u0109e konferencoj; frapeti por akiri aliron kaj anstata\u016digi tradiciajn paperajn biletojn.<\/li>\n<\/ul>\n<p>La <strong>NTAG213215216 NFC-karto<\/strong>\u00a0povas esti utiligita tra aplikoj, montrante \u011dian \u0109iuflankecon kiel inteligenta kontaktsolvo.<\/p>\n<p>&nbsp;<\/p>\n<h3 style=\"text-align: center;\"><span style=\"color: #000080;\"><em><strong>Specialaj Trajtoj de la NFC-Karto<\/strong><\/em><\/span><\/h3>\n<p>La\u00a0<strong>akvorezista<\/strong>\u00a0kaj\u00a0<strong>veterrezista<\/strong>\u00a0trajtoj de la\u00a0<strong>NTAG213215216 NFC-karto<\/strong>\u00a0certigi fortikecon, farante \u011din ideala por diversaj kondi\u0109oj. Forgesu pri maltrankvilo kiam hazarde estas eksponita al ver\u015doj a\u016d ekstrema vetero; la integreco de via karto restas sendifekta.<\/p>\n<p>Aldone, la skribeltenivo de la karto de \u011dis\u00a0<strong>100.000 fojojn<\/strong>\u00a0ebligas plurajn uzojn sen kompromiti efikecon. \u011cia kapablo reteni informojn dum ampleksaj uzperiodoj certigas, ke via interkonekta ilo restas funkcianta dum jaroj.<\/p>\n<p>&nbsp;<\/p>\n<h2 style=\"text-align: center;\"><span style=\"color: #000080;\"><em><strong>Komunika Interfaco<\/strong><\/em><\/span><\/h2>\n<h3><strong>Senjunta Konektebleco<\/strong><\/h3>\n<p>Ekipita per altnivela komunika interfaco utiliganta\u00a0<strong>NFC<\/strong>, la NTAG213 215 216 NFC-Karto por Google Review certigas preska\u016d tujajn konektojn kun kongruaj aparatoj. Uzantoj povas frapeti sian inteligentan telefonon kontra\u016d la karto por preni kontaktinformojn tuj. La inkluziva QR-kodo ofertas alternativon por tiuj sen NFC-kapabloj, garantiante, ke \u0109iuj povas aliri viajn informojn sen \u011deno.<\/p>","protected":false},"excerpt":{"rendered":"<p>La NTAG213 215 216 NFC-Karto por Google Review ebligas senjuntan reton kun agordeblaj dezajnoj, akvorezista fortikeco kaj altnivela NFC-teknologio por rapidaj rilatoj.<\/p>","protected":false},"featured_media":3471,"template":"","meta":[],"product_brand":[],"product_cat":[46],"product_tag":[],"class_list":{"0":"post-3451","1":"product","2":"type-product","3":"status-publish","4":"has-post-thumbnail","6":"product_cat-nfc-cards","8":"first","9":"instock","10":"shipping-taxable","11":"product-type-simple"},"_links":{"self":[{"href":"https:\/\/nfc-readers.com\/eo\/wp-json\/wp\/v2\/product\/3451","targetHints":{"allow":["GET"]}}],"collection":[{"href":"https:\/\/nfc-readers.com\/eo\/wp-json\/wp\/v2\/product"}],"about":[{"href":"https:\/\/nfc-readers.com\/eo\/wp-json\/wp\/v2\/types\/product"}],"wp:featuredmedia":[{"embeddable":true,"href":"https:\/\/nfc-readers.com\/eo\/wp-json\/wp\/v2\/media\/3471"}],"wp:attachment":[{"href":"https:\/\/nfc-readers.com\/eo\/wp-json\/wp\/v2\/media?parent=3451"}],"wp:term":[{"taxonomy":"product_brand","embeddable":true,"href":"https:\/\/nfc-readers.com\/eo\/wp-json\/wp\/v2\/product_brand?post=3451"},{"taxonomy":"product_cat","embeddable":true,"href":"https:\/\/nfc-readers.com\/eo\/wp-json\/wp\/v2\/product_cat?post=3451"},{"taxonomy":"product_tag","embeddable":true,"href":"https:\/\/nfc-readers.com\/eo\/wp-json\/wp\/v2\/product_tag?post=3451"}],"curies":[{"name":"wp","href":"https:\/\/api.w.org\/{rel}","templated":true}]}}