{"id":3460,"date":"2024-11-04T06:26:42","date_gmt":"2024-11-04T06:26:42","guid":{"rendered":"https:\/\/nfc-readers.com\/?post_type=product&#038;p=3460"},"modified":"2024-11-04T08:39:37","modified_gmt":"2024-11-04T08:39:37","slug":"custom-logo-printing-yelptripadvisor-review-nfc-card","status":"publish","type":"product","link":"https:\/\/nfc-readers.com\/eo\/ic-reader\/custom-logo-printing-yelptripadvisor-review-nfc-card\/","title":{"rendered":"Propra Logo Presanta NFC-Karton por Yelp\\Tripadvisor Review"},"content":{"rendered":"<h1><span style=\"color: #000080;\"><strong>Propra Logo Presanta NFC-Karton por Yelp\\Tripadvisor Review<\/strong><\/span><\/h1>\n<p>&nbsp;<\/p>\n<p><span style=\"color: #666699;\">Avanta\u011doj de Propra Logo Presado Yelp\/Tripadvisor Revizio NFC-KartojLa integri\u011do de\u00a0<strong>NFC-teknologio<\/strong>\u00a0en klientenga\u011di\u011dstrategioj povas draste plibonigi oportunon kaj kolekti valorajn sugestojn efike. \u0108i tiuj kartoj povas katalizi konversaciojn, kura\u011digi klientan interagon kaj poste pliigi vian Yelp a\u016d TripAdvisor-ranking. Kun funkcioj kiel akvorezista kaj veterrezista fortikeco, \u0109i tiuj kartoj estas dizajnitaj por diversaj medioj, igante ilin inda aldono al via merkatika arsenalo.<\/span><\/p>\n<hr \/>\n<h2><\/h2>\n<h2 style=\"text-align: center;\"><em><strong><span style=\"color: #000080;\">Produkta Skizo<\/span><\/strong><\/em><\/h2>\n<h3><span style=\"color: #333399;\"><strong>1. Kio Estas Propraj Logo NFC-Kartoj?<\/strong><\/span><\/h3>\n<p>La Propra Logo Presanta NFC-Karton por Yelp\\Tripadvisor Review estas inteligenta karto kiu uzas\u00a0<strong>NFC (Near Field Communication)<\/strong>\u00a0teknologio por faciligi senkontaktajn interagojn. Simple frapetante la karton per kongrua inteligenta telefono, klientoj povas aliri ligon rekte kondukantan al via revizia pa\u011do. \u0108i tio forigas la bezonon de manaj enskriboj, simpligante la retrosciigprocezon kaj plibonigante \u011deneralajn respondajn indicojn.<\/p>\n<p>&nbsp;<\/p>\n<h3><span style=\"color: #333399;\"><strong>2. \u015closilaj Trajtoj de NFC-Kartoj<\/strong><\/span><\/h3>\n<p><strong>\u015closilaj atributoj<\/strong>\u00a0el niaj NFC-kartoj inkluzivas:<\/p>\n<ul>\n<li><strong>Ofteco de Operacio<\/strong>:13.56 MHz ebligas stabilan komunikadon.<\/li>\n<li><strong>Lega Distanco<\/strong>: Kartoj legeblas de 2 \u011dis 10 cm, certigante facilecon de uzo.<\/li>\n<li><strong>Materiala Komponado<\/strong>: Farita el da\u016dra PVC, certigante longvivecon.<\/li>\n<li><strong>Propra Presado<\/strong>: Havebla kun CMYK4C-presado, kiu ebligas viglan markigon.<\/li>\n<\/ul>\n<p>&nbsp;<\/p>\n<h3><span style=\"color: #333399;\"><strong>3. Avanta\u011doj de Uzado de NFC-Kartoj por Klientaj Recenzoj<\/strong><\/span><\/h3>\n<p>NFC-kartoj ne nur efikas por veturi trafikon al viaj recenzaj pa\u011doj, sed anka\u016d plibonigas klientan kontenton. Simpligante al klientoj doni sugestojn, vi rapide kolektas informojn pri iliaj spertoj, kondukante al plibonigoj kaj montrante vian enga\u011di\u011don al klienta servo.<\/p>\n<p>&nbsp;<\/p>\n<h2><span style=\"color: #333399;\"><strong>4. Teknikaj Specifoj de la NFC-Kartoj<\/strong><\/span><\/h2>\n<p>Malsupre estas la <strong>teknikaj specifoj<\/strong> de nia Propra Logo Presanta NFC-Karton por Recenzo de Yelp\\Tripadvisor:<\/p>\n<div class=\"table-with-header rounded-lg border border-solid border-grey-line2-normal w-fit max-w-full mb-2\">\n<div class=\"overflow-x-auto custom-scrollbar custom-scrollbar-float max-w-full\">\n<table class=\"w-fit !mb-0 !max-w-none\">\n<thead>\n<tr>\n<th>Atributo<\/th>\n<th>Specifo<\/th>\n<\/tr>\n<\/thead>\n<tbody>\n<tr>\n<td>Loko de Origino<\/td>\n<td>Guangdong, \u0108inio<\/td>\n<\/tr>\n<tr>\n<td>Tipo de blato<\/td>\n<td>NFC213\/215\/216 (NTAG\u00ae)<\/td>\n<\/tr>\n<tr>\n<td>Memorgrandeco<\/td>\n<td>144\/504\/888 bajtoj<\/td>\n<\/tr>\n<tr>\n<td>Grandeco<\/td>\n<td>85.5 * 54mm \/ Propra<\/td>\n<\/tr>\n<tr>\n<td>Komunika Interfaco<\/td>\n<td>RFID, NFC<\/td>\n<\/tr>\n<tr>\n<td>Presado<\/td>\n<td>CMYK Ofseta Presado<\/td>\n<\/tr>\n<tr>\n<td>Minimuma Ordo Kvanto (MOQ)<\/td>\n<td>500<\/td>\n<\/tr>\n<tr>\n<td>Specialaj Trajtoj<\/td>\n<td>Akvorezista \/ Veterrezista, MINI TAG<\/td>\n<\/tr>\n<\/tbody>\n<\/table>\n<\/div>\n<\/div>\n<h3><strong><span style=\"color: #333399;\">5. Unika Vendaj Punktoj: <\/span><\/strong><\/h3>\n<h3><strong>Akvorezista kaj Veterrezista<\/strong><\/h3>\n<p>Unu el la \u0109efaj zorgoj por fizikaj reklamaj materialoj estas fortikeco. Niaj NFC-kartoj venas kun <strong>akvorezista kaj veterrezista<\/strong>\u00a0kvalitoj, certigante ke ili pluvivas en diversaj kondi\u0109oj, \u0109u endome a\u016d ekstere. \u0108i tiu speciala funkcio igas ilin ta\u016dgaj por ajna merkatika kampanjo, \u0109u en restoracio, podetala vendejo a\u016d sub\u0109iela eventoj.<\/p>\n<p>&nbsp;<\/p>\n<h2 style=\"text-align: center;\"><em><span style=\"color: #000080;\"><strong>Kiel Uzi Proprajn Logo NFC-Kartojn<\/strong><\/span><\/em><\/h2>\n<p>Uzi la NFC-kartojn estas simpla:<\/p>\n<ol>\n<li>Distribuu la kartojn al klientoj, certigante ke ili komprenas \u011dian celon.<\/li>\n<li>Klientoj frapetas sian po\u015dtelefonon kontra\u016d la karto.<\/li>\n<li>La aparato ligas al via retropa\u011do sur platformoj kiel Yelp a\u016d TripAdvisor.<\/li>\n<li>Instigu ilin lasi recenzon por ke aliaj klientoj vidu.<\/li>\n<\/ol>\n<p>&nbsp;<\/p>\n<h2 style=\"text-align: center;\"><em><span style=\"color: #000080;\"><strong>Desegni la Perfektan Propran Logon NFC-Karton<\/strong><\/span><\/em><\/h2>\n<p>La dezajno de via <strong>revizia karto<\/strong>\u00a0estas decida por altiri atenton. Enkorpigu la kolorojn, emblemon kaj klaran alvokon de via marko. Altkvalita CMYK-presado certigas, ke via dezajno ne nur okulfrapas, sed anka\u016d reflektas vian markan etoso, igante viajn klientojn eksciti interagi kun viaj kartoj.<\/p>\n<p>&nbsp;<\/p>\n<h2 style=\"text-align: center;\"><em><span style=\"color: #000080;\"><strong>Media Efiko de NFC-Kartoj<\/strong><\/span><\/em><\/h2>\n<p>En rapide \u015dan\u011danta mondo, da\u016dripovo estas \u015dlosilo. Niaj NFC-kartoj estas faritaj el ekologiaj PVC-materialoj, reduktante la median spuron asociitan kun tradiciaj reviziaj kolektaj metodoj. Transiro al ciferecaj solvoj kiel ekzemple <strong>NFC-teknologio<\/strong>\u00a0kontribuas al pli da\u016drigebla komerca modelo.<\/p>\n<p>&nbsp;<\/p>\n<h2 style=\"text-align: center;\"><em><span style=\"color: #000080;\"><strong>Klientaj Recenzoj<\/strong><\/span><\/em><\/h2>\n<p>Realaj Reagoj de Uzantoj, Klientoj, kiuj jam integri\u011dis <strong>NFC-kartoj<\/strong>\u00a0en iliaj entreprenoj raportas signifajn plii\u011dojn en enga\u011di\u011dniveloj kaj religokvalito. Jen kelkaj atestoj:<\/p>\n<ul>\n<li><span style=\"color: #008080;\"><strong>&quot;La NFC-kartoj multe pli facilas kolekti recenzojn. Niaj klientoj amas kiom rapida kaj simpla \u011di estas!&quot;<\/strong><\/span> - Emily R.<\/li>\n<li><span style=\"color: #666699;\"><strong>&quot;Ni vidis a40% plii\u011di en sugestoj post kiam ni komencis uzi NFC-kartojn. \u011ci estis mirinda por nia reputacio interrete.&quot;<\/strong><\/span> - Mike T.<\/li>\n<\/ul>","protected":false},"excerpt":{"rendered":"<p>Propra Logo NFC-Kartoj plibonigas klientan enga\u011di\u011don ebligante facilan senkontaktan revizion, pliigante interretan reputacion kun akvorezista fortikeco.<\/p>","protected":false},"featured_media":3462,"template":"","meta":[],"product_brand":[],"product_cat":[46],"product_tag":[],"class_list":{"0":"post-3460","1":"product","2":"type-product","3":"status-publish","4":"has-post-thumbnail","6":"product_cat-nfc-cards","8":"first","9":"instock","10":"shipping-taxable","11":"product-type-simple"},"_links":{"self":[{"href":"https:\/\/nfc-readers.com\/eo\/wp-json\/wp\/v2\/product\/3460","targetHints":{"allow":["GET"]}}],"collection":[{"href":"https:\/\/nfc-readers.com\/eo\/wp-json\/wp\/v2\/product"}],"about":[{"href":"https:\/\/nfc-readers.com\/eo\/wp-json\/wp\/v2\/types\/product"}],"wp:featuredmedia":[{"embeddable":true,"href":"https:\/\/nfc-readers.com\/eo\/wp-json\/wp\/v2\/media\/3462"}],"wp:attachment":[{"href":"https:\/\/nfc-readers.com\/eo\/wp-json\/wp\/v2\/media?parent=3460"}],"wp:term":[{"taxonomy":"product_brand","embeddable":true,"href":"https:\/\/nfc-readers.com\/eo\/wp-json\/wp\/v2\/product_brand?post=3460"},{"taxonomy":"product_cat","embeddable":true,"href":"https:\/\/nfc-readers.com\/eo\/wp-json\/wp\/v2\/product_cat?post=3460"},{"taxonomy":"product_tag","embeddable":true,"href":"https:\/\/nfc-readers.com\/eo\/wp-json\/wp\/v2\/product_tag?post=3460"}],"curies":[{"name":"wp","href":"https:\/\/api.w.org\/{rel}","templated":true}]}}