{"id":3498,"date":"2024-11-04T07:04:41","date_gmt":"2024-11-04T07:04:41","guid":{"rendered":"https:\/\/nfc-readers.com\/?post_type=product&#038;p=3498"},"modified":"2024-11-04T08:28:09","modified_gmt":"2024-11-04T08:28:09","slug":"tap-url-writing-social-business-facebook-review-nfc-cards","status":"publish","type":"product","link":"https:\/\/nfc-readers.com\/eo\/ic-reader\/tap-url-writing-social-business-facebook-review-nfc-cards\/","title":{"rendered":"Frapu URL Skribanta Socia Komerco Facebook Revizio NFC Kartoj"},"content":{"rendered":"<h1><span style=\"color: #000080;\"><strong>Frapu URL Skribanta Socia Komerco Facebook Revizio NFC Kartoj<\/strong><\/span><\/h1>\n<p><span style=\"color: #333399;\">En la hodia\u016da rapida cifereca mondo, entreprenoj strebas al senjunta konektebleco kaj interago kun siaj klientoj. NFC-kartoj aperis kiel revolucia ilo, kiu transpontas la interspacon inter la fizikaj kaj ciferecaj sferoj. Kun siaj rimarkindaj funkcioj, inkluzive de Tap URL Writing, ili funkcias kiel potenca rimedo por socia komerca integri\u011do kaj plibonigo de klienga enga\u011di\u011do per vojoj kiel Facebook-Recenzoj. \u0108i tiu artikolo profunde enprofundi\u011das en la \u0109armon kaj avanta\u011dojn de niaj NFC-kartoj kaj kiel ili povas transformi viajn komercajn operaciojn.<\/span><\/p>\n<h2><\/h2>\n<h2 style=\"text-align: center;\"><em><strong><span style=\"color: #000080;\">Kial Investi en NFC-Kartoj?<\/span><\/strong><\/em><\/h2>\n<p style=\"text-align: left;\">NFC-kartoj simpligas la kompleksecon de klientenga\u011di\u011do kaj markreklamo. Kun kapabloj kiel skribi URL-ojn kaj ligi al recenzoj pri sociaj amaskomunikiloj kiel Facebook, \u0109i tiuj kartoj plibonigas klientajn spertojn kreante novajn vojojn por merkatado. Ilia akvorezista konstruo kaj ampleksaj memoropcioj certigas, ke ili ne nur plenumas kvalitajn normojn, sed anka\u016d povas travivi malsamajn mediojn, igante ilin bonega investo por entreprenoj.<\/p>\n<p>&nbsp;<\/p>\n<p>&nbsp;<\/p>\n<h2 style=\"text-align: center;\"><em><span style=\"color: #000080;\"><strong>Ampleksa Superrigardo de NFC-Kartoj<\/strong><\/span><\/em><\/h2>\n<h3><span style=\"color: #333399;\"><strong> \u015closilaj Atributoj de NFC-Kartoj<\/strong><\/span><\/h3>\n<p>NFC-kartoj estas dezajnitaj kun pluraj \u015dlosilaj atributoj, kiuj respondas al modernaj komercaj bezonoj:<br \/>\n<strong>Akvorezista \/ Veterrezista:<\/strong><\/p>\n<p>Konstruitaj por da\u016dri, niaj NFC-kartoj povas elteni diversajn mediajn kondi\u0109ojn. \u0108i tiu fortikeco signifas, ke vi povas uzi ilin en sub\u0109iela merkatado, eventoj a\u016d ajna loko kie tradiciaj kartoj ver\u015dajne malsukcesus.<\/p>\n<p><strong>Komunika Interfaco:<\/strong><\/p>\n<p>Uzante teknologion NFC (Near Field Communication) ebligas oportunan senkontaktan komunikadon. \u0108i tiu funkcio ne nur simpligas transakciojn sed anka\u016d faciligas kunhavigi komercajn informojn.<\/p>\n<p><strong>Industri-Specifikaj Atributoj:<\/strong><\/p>\n<p>NFC-kartoj estas precipe utilaj por specifaj industrioj, kiuj postulas identigajn kaj kontrolajn solvojn.<\/p>\n<p>Komercoj, kiuj iras de podetala komerco \u011dis gastamo, povas utiligi la funkciojn de \u0109i tiuj kartoj.<\/p>\n<p><strong>Propraj Grandecoj kaj Dezajnoj:<\/strong><\/p>\n<p>Niaj NFC-kartoj povas esti personecigitaj al diversaj grandecoj (85,5 * 54 mm normaj a\u016d tajloritaj dimensioj) kaj dezajnoj por kongrui perfekte kun la markado de via kompanio.<\/p>\n<p><strong>Altnivela \u0108ipa Teknologio:<\/strong><\/p>\n<p>Uzante blatojn kiel NTAG213,215, kaj 216 (registritajn varmarkojn de NXP BV), niaj kartoj garantias altan rendimenton kaj rapidajn datumojn kunhavigi kapablojn.<\/p>\n<h3><span style=\"color: #333399;\"><strong>Specialaj Trajtoj de Niaj NFC-Kartoj<\/strong><\/span><\/h3>\n<h3><strong>Multcela Funkcio<\/strong><\/h3>\n<p><span style=\"color: #008080;\">\u0108u uzataj por identigo, alirkontrolo, lojalecprogramoj, a\u016d simple kiel merkatika ilo, NFC-kartoj estas multflankaj:<\/span><\/p>\n<p><strong>Frapu URL-Skriban Funkcion: <\/strong><\/p>\n<p>Ebligi uzantojn frapeti siajn telefonojn sur la NFC-karto a\u016dtomate redirektas ilin al specifitaj URL-oj, kiel komercaj retejoj a\u016d profiloj pri sociaj amaskomunikiloj. \u0108i tiu funkcio estas esenca por efike reklami produktojn a\u016d servojn.<\/p>\n<p><strong>Sociaj Komercaj Recenzoj:<\/strong><\/p>\n<p>Kun dedi\u0109ita Facebook-revizia ligilo, eblaj klientoj povas legi atestojn kaj spertojn, kiuj establas fidon tuj.<\/p>\n<h2><\/h2>\n<h2 style=\"text-align: center;\"><em><span style=\"color: #000080;\"><strong>Ekologia Amika<\/strong><\/span><\/em><\/h2>\n<p>Kreitaj el ekokonsciaj materialoj kiel PVC, niaj NFC-kartoj ne nur estas fortikaj sed anka\u016d prioritatas da\u016dripovon:<\/p>\n<p><strong>Recikleblaj Materialoj:<\/strong> Nia enga\u011di\u011do al media respondeco signifas, ke post kiam la vivda\u016dro de la karto fini\u011dis, \u011di povas esti reciklita, reduktante vian karbonpiedsignon.<\/p>\n<h2 style=\"text-align: center;\"><span style=\"color: #000080;\"><em><strong>Teknikaj Specifoj Vi Devas Scii<\/strong><\/em><\/span><\/h2>\n<p><strong><span style=\"color: #008080;\">| Specifo | Detaloj |<\/span><\/strong><br \/>\n<strong><span style=\"color: #008080;\">|&#8212;&#8212;&#8212;&#8212;&#8212;&#8212;&#8212;&#8212;|&#8212;&#8212;&#8212;&#8212;&#8212;&#8212;&#8212;&#8212;&#8212;&#8212;&#8212;&#8212;&#8212;&#8212;&#8212;-|<\/span><\/strong><br \/>\n<strong><span style=\"color: #008080;\">| Ofteco |13,56 MHz |<\/span><\/strong><br \/>\n<strong><span style=\"color: #008080;\">| Memoraj Opcioj |144\/504\/888 bajtoj |<\/span><\/strong><br \/>\n<strong><span style=\"color: #008080;\">| Materialo | PVC\/Epoksio\/Papero\/PET |<\/span><\/strong><br \/>\n<strong><span style=\"color: #008080;\">| Grandeco | Agordigebla, norma85.5 *54 mm |<\/span><\/strong><br \/>\n<strong><span style=\"color: #008080;\">| Mikro\u0109ipo | NTAG213\/215\/216 |<\/span><\/strong><br \/>\n<strong><span style=\"color: #008080;\">| Legdistanco |2-10 cm |<\/span><\/strong><br \/>\n<strong><span style=\"color: #008080;\">| Metilaboro | QR-Kodo, Inkjeta Preso, Lasering Gravura\u0135o|<\/span><\/strong><br \/>\n<strong><span style=\"color: #008080;\">| Minimuma Ordo Kvanto (MOQ) |500 ekzempleroj |<\/span><\/strong><\/p>\n<p>&nbsp;<\/p>\n<h2 style=\"text-align: center;\"><em><strong><span style=\"color: #000080;\">Instrukcioj pri Uzado<\/span><\/strong><\/em><\/h2>\n<p>Uzi NFC-kartojn estas tiel facila kiel frapeti. Simple tenu vian NFC-ebligitan aparaton proksime de la karto por ekigi la agon difinitan sur \u011di. Jen rapida uzantgvidilo:<br \/>\nCertigu, ke NFC-funkcio estas ebligita en via inteligenta telefono.<br \/>\nAlportu vian aparaton proksime al la NFC-karto.<br \/>\nAtendu, ke la sciigo a\u016d invito aperos sur via ekrano, kondukante vin al la dezirata URL a\u016d pa\u011do pri sociaj amaskomunikiloj.<\/p>\n<h2 style=\"text-align: center;\"><em><span style=\"color: #000080;\"><strong>Klientaj Rimarkoj kaj Enrigardoj<\/strong><\/span><\/em><\/h2>\n<p><strong>Real-Mondaj Aplikoj<\/strong><\/p>\n<p>Klientoj uzis niajn NFC-kartojn diversmaniere:<br \/>\nLojalecaj Programoj: Komercoj integras NFC-kartojn en siaj lojalecaj programoj, ebligante al klientoj aliri rekompencojn per simpla frapeto.<\/p>\n<p><strong>Eventa Enga\u011di\u011do: <\/strong><\/p>\n<p>Dum komercaj foiroj kaj eventoj, kompanioj uzas \u0109i tiujn kartojn por provizi vizitantojn per tuja aliro al informoj, tiel plibonigante enga\u011di\u011don.<\/p>","protected":false},"excerpt":{"rendered":"<p>Malkovru kiel NFC-kartoj transpontas la ciferecajn kaj fizikajn mondojn, plibonigante klientan enga\u011di\u011don kaj simpligante aliron al sociaj recenzoj kaj informoj.<\/p>","protected":false},"featured_media":3494,"template":"","meta":[],"product_brand":[],"product_cat":[46],"product_tag":[],"class_list":{"0":"post-3498","1":"product","2":"type-product","3":"status-publish","4":"has-post-thumbnail","6":"product_cat-nfc-cards","8":"first","9":"instock","10":"shipping-taxable","11":"product-type-simple"},"_links":{"self":[{"href":"https:\/\/nfc-readers.com\/eo\/wp-json\/wp\/v2\/product\/3498","targetHints":{"allow":["GET"]}}],"collection":[{"href":"https:\/\/nfc-readers.com\/eo\/wp-json\/wp\/v2\/product"}],"about":[{"href":"https:\/\/nfc-readers.com\/eo\/wp-json\/wp\/v2\/types\/product"}],"wp:featuredmedia":[{"embeddable":true,"href":"https:\/\/nfc-readers.com\/eo\/wp-json\/wp\/v2\/media\/3494"}],"wp:attachment":[{"href":"https:\/\/nfc-readers.com\/eo\/wp-json\/wp\/v2\/media?parent=3498"}],"wp:term":[{"taxonomy":"product_brand","embeddable":true,"href":"https:\/\/nfc-readers.com\/eo\/wp-json\/wp\/v2\/product_brand?post=3498"},{"taxonomy":"product_cat","embeddable":true,"href":"https:\/\/nfc-readers.com\/eo\/wp-json\/wp\/v2\/product_cat?post=3498"},{"taxonomy":"product_tag","embeddable":true,"href":"https:\/\/nfc-readers.com\/eo\/wp-json\/wp\/v2\/product_tag?post=3498"}],"curies":[{"name":"wp","href":"https:\/\/api.w.org\/{rel}","templated":true}]}}