{"id":3499,"date":"2024-11-04T07:44:11","date_gmt":"2024-11-04T07:44:11","guid":{"rendered":"https:\/\/nfc-readers.com\/?post_type=product&#038;p=3499"},"modified":"2024-11-04T08:27:35","modified_gmt":"2024-11-04T08:27:35","slug":"mifare-1k-4k-s50-membership-loyalty-colorful-hotel-key-card","status":"publish","type":"product","link":"https:\/\/nfc-readers.com\/eo\/ic-reader\/mifare-1k-4k-s50-membership-loyalty-colorful-hotel-key-card\/","title":{"rendered":"Mifare 1k 4k S50 membreca lojaleco bunta hotela \u015dlosilkarto"},"content":{"rendered":"<h1><span style=\"color: #000080;\"><strong>Mifare 1k 4k S50 membreca lojaleco bunta hotela \u015dlosilkarto<\/strong><\/span><\/h1>\n<p><span style=\"color: #666699;\">En epoko de ciferecigo, la signifo de efika alirkontrolo kaj klientenga\u011di\u011do ne povas esti subtaksita. La <strong>Mifare1k4k S50-membra lojaleco bunta hotela \u015dlosilkarto<\/strong>\u00a0elstaras kiel esenca produkto en la gastamaj kaj membrecaj sektoroj. \u0108i tiuj multflankaj kartoj perfekte integras RFID-teknologion por sekura aliro kaj plibonigas gastajn spertojn per lojalecprogramoj. \u0108i tiu artikolo esploras la konvinkajn funkciojn, avanta\u011dojn kaj aplikojn de la karto Mifare S50.<\/span><\/p>\n<p>&nbsp;<\/p>\n<h2 style=\"text-align: center;\"><em><span style=\"color: #000080;\"><strong>Kial Investi en Mifare1k4k S50-Membreco-Lojaleco Buntaj Hotelaj \u015closilkartoj?<\/strong><\/span><\/em><\/h2>\n<p><span style=\"color: #333333;\"><strong>Investi en Mifare-membrecaj lojaleckartoj ofertas entreprenojn <span style=\"color: #333399;\">unika \u015danco plibonigi klientan sperton kaj sekurecon<\/span>. Kun funkcioj tajloritaj specife por la gastama sektoro, \u0109i tiuj kartoj plifaciligas la enregistrajn procezojn de gastoj samtempe faciligante personecigitajn klientajn interagojn. \u0108u vi estas hotelo administranta \u0109ambrojn a\u016d entrepreno ser\u0109anta lojalecsolvojn, \u0109i tiuj kartoj garantias fidindecon kaj sekurecon.<\/strong><\/span><\/p>\n<p><span style=\"color: #333333;\"><strong><span style=\"color: #333399;\">La viglaj koloroj kaj agordeblaj dezajnoj<\/span> faru Mifare-membrokartojn ne nur funkciajn sed anka\u016d videre allogajn por gastoj. Ili funkcias kiel identigo kaj merkatiga ilo, \u0109ar hoteloj povas inkluzivi markajn elementojn, kiuj plibonigas gastrekonon kaj revokon.<\/strong><\/span><\/p>\n<p>&nbsp;<\/p>\n<p>&nbsp;<\/p>\n<h2 style=\"text-align: center;\"><em><span style=\"color: #000080;\"><strong>Produkta Skizo<\/strong><\/span><\/em><\/h2>\n<h3><strong><span style=\"color: #333399;\">1. \u015closilaj Atributoj de Mifare-Kartoj<\/span><\/strong><\/h3>\n<h4>La <strong>Mifare1k4k S50<\/strong>\u00a0\u015dlosilkartoj estas kreitaj por plibonigi uzantosperton per pluraj \u015dlosilaj atributoj:<\/h4>\n<h4><span style=\"color: #008080;\"><strong>Fortikeco kaj Verstileco<\/strong><\/span><\/h4>\n<h4>Konstruita el\u00a0<strong>PVC\/PET<\/strong>, \u0109i tiuj kartoj estas ne nur akvorezistaj sed anka\u016d veterrezistaj, certigante longvivecon en diversaj mediaj kondi\u0109oj. \u0108u uzata endome a\u016d ekstere, ilia fortikeco garantias longeda\u016dran uzeblecon.<\/h4>\n<h4><span style=\"color: #008080;\"><strong>Smart Card Teknologio<\/strong><\/span><\/h4>\n<h4>\u0108i tiuj kartoj uzas\u00a0<strong>RFID-teknologio<\/strong>\u00a0funkcianta je ofteco de\u00a0<strong>13,56 MHz<\/strong>, kiu ebligas sekurajn, senkontaktajn transakciojn. La integri\u011do de la blatteknologio de NXP certigas kongruon kun ekzistantaj alirkontrolaj sistemoj dum li provizas altan rendimenton kaj fidindecon.<\/h4>\n<p>&nbsp;<\/p>\n<h3><span style=\"color: #333399;\"><strong>2. Industria-Specifikaj Aplikoj por Mifare-Kartoj<\/strong><\/span><\/h3>\n<p>Mifare-kartoj estas vaste uzitaj trans malsamaj industrioj, precipe en gastamo por alirkontrolo:<\/p>\n<h4><span style=\"color: #008080;\"><strong>Gastuma Sektoro<\/strong><\/span><\/h4>\n<h4>Hotelistoj uzas Mifare-kartojn por \u0109ambra aliro kaj pagoj. Gastoj povas facile eniri siajn \u0109ambrojn per simpla frapeto de la karto, forigante la bezonon de tradiciaj \u015dlosiloj.<\/h4>\n<h4><span style=\"color: #008080;\"><strong>Programoj de Membreco kaj Lojaleco<\/strong><\/span><\/h4>\n<h4>Entreprenoj efektivigantaj lojalecprogramojn povas emisii Mifare-kartojn kiuj amasigas poentojn por a\u0109etoj. \u0108i tio instigas ripetan komercon kaj rekompencas fidelajn klientojn efike.<\/h4>\n<p>&nbsp;<\/p>\n<h3><span style=\"color: #333399;\"><strong>3. Teknikaj Specifoj <\/strong><\/span><\/h3>\n<p>Tiu AferoKompreni la teknikajn detalojn estas kerna por entreprenoj fari informitajn decidojn. Jen la plej elstaraj specifoj de la karto Mifare1k S50:<\/p>\n<div class=\"table-with-header rounded-lg border border-solid border-grey-line2-normal w-fit max-w-full mb-2\">\n<div class=\"overflow-x-auto custom-scrollbar custom-scrollbar-float max-w-full\">\n<table class=\"w-fit !mb-0 !max-w-none\">\n<thead>\n<tr>\n<th>Specifo<\/th>\n<th>Detaloj<\/th>\n<\/tr>\n<\/thead>\n<tbody>\n<tr>\n<td>Ofteco<\/td>\n<td>13,56 MHz<\/td>\n<\/tr>\n<tr>\n<td>Memoraj Opcioj<\/td>\n<td>1k, 4k<\/td>\n<\/tr>\n<tr>\n<td>Materialo<\/td>\n<td>PVC\/PET<\/td>\n<\/tr>\n<tr>\n<td>Grandeco<\/td>\n<td>85.5mm x 54mm \/ Propra<\/td>\n<\/tr>\n<tr>\n<td>Blato<\/td>\n<td>MIFARE Classic1K<\/td>\n<\/tr>\n<tr>\n<td>Lega Distanco<\/td>\n<td>2-10 cm<\/td>\n<\/tr>\n<tr>\n<td>Metio<\/td>\n<td>Laserkodo, UV-inko, seria numero<\/td>\n<\/tr>\n<\/tbody>\n<\/table>\n<p>&nbsp;<\/p>\n<\/div>\n<\/div>\n<h2 style=\"text-align: center;\"><em><span style=\"color: #000080;\"><strong>Media Efiko de Mifare-Kartoj<\/strong><\/span><\/em><\/h2>\n<p>Eco-amikeco estas \u0109iam pli esenca en la hodia\u016da merkato, kaj Mifare-kartoj kongruas kun da\u016drigeblaj praktikoj.<\/p>\n<h3><strong><span style=\"color: #008080;\">Da\u016drigeblaj Materialoj<\/span><\/strong><\/h3>\n<h4>Konstruite el ekokonscia\u00a0<strong>Materialoj de PVC kaj PET<\/strong>, \u0109i tiuj kartoj minimumigas median efikon. \u0108e la fino de ilia vivociklo, ili povas esti reciklitaj, kontribuante al pli verda planedo.<\/h4>\n<h3><span style=\"color: #008080;\"><strong>Redukto de Karbonpiedsigno<\/strong><\/span><\/h3>\n<h4>Faciligante senkontaktan aliron, entreprenoj povas malaltigi siajn karbonpiedsignojn kaj redukti la bezonon de paper-bazitaj biletsistemoj, tiel anta\u016denigante da\u016dripovon dum siaj operacioj.<\/h4>\n<p>&nbsp;<\/p>\n<p>&nbsp;<\/p>\n<h2 style=\"text-align: center;\"><em><span style=\"color: #000080;\"><strong>Oftaj Demandoj<\/strong><\/span><\/em><\/h2>\n<h4><span style=\"color: #008080;\"><strong>Q1: \u0108u Mifare-kartoj estas kongruaj kun ekzistantaj sistemoj?<\/strong><\/span><\/h4>\n<p><strong>A1:<\/strong>\u00a0Jes, Mifare-kartoj estas dizajnitaj por esti kongruaj kun lar\u011da gamo de RFID-legiloj kaj alirkontrolaj sistemoj, precipe tiuj uzantaj la ISO\/IEC14443-Tipo A-normon. \u0108i tiu fleksebleco certigas, ke entreprenoj povas facile integri Mifare-kartojn en sian ekzistantan infrastrukturon.<\/p>\n<p>&nbsp;<\/p>\n<h4><strong><span style=\"color: #008080;\">Q2: Kiel funkcias la sekureco de Mifare-kartoj?<\/span><\/strong><\/h4>\n<p><strong>A2:<\/strong>\u00a0Mifare-kartoj utiligas reciprokan konfirmon kaj \u0109ifradajn protokolojn por sekurigi datumtranslokigon inter la karto kaj leganto. \u0108i tio certigas, ke nur rajtigitaj aparatoj povas aliri informojn konservitajn sur la karto, provizante altnivelan de sekureco por sentemaj datumoj.<\/p>","protected":false},"excerpt":{"rendered":"<p>Malkovru Mifare1k4k S50 buntajn hotelajn \u015dlosilkartojn por sekura aliro kaj lojalecprogramoj. Plibonigu gastajn spertojn per agordeblaj, da\u016draj dezajnoj!<\/p>","protected":false},"featured_media":3356,"template":"","meta":[],"product_brand":[],"product_cat":[46],"product_tag":[],"class_list":{"0":"post-3499","1":"product","2":"type-product","3":"status-publish","4":"has-post-thumbnail","6":"product_cat-nfc-cards","8":"first","9":"instock","10":"shipping-taxable","11":"product-type-simple"},"_links":{"self":[{"href":"https:\/\/nfc-readers.com\/eo\/wp-json\/wp\/v2\/product\/3499","targetHints":{"allow":["GET"]}}],"collection":[{"href":"https:\/\/nfc-readers.com\/eo\/wp-json\/wp\/v2\/product"}],"about":[{"href":"https:\/\/nfc-readers.com\/eo\/wp-json\/wp\/v2\/types\/product"}],"wp:featuredmedia":[{"embeddable":true,"href":"https:\/\/nfc-readers.com\/eo\/wp-json\/wp\/v2\/media\/3356"}],"wp:attachment":[{"href":"https:\/\/nfc-readers.com\/eo\/wp-json\/wp\/v2\/media?parent=3499"}],"wp:term":[{"taxonomy":"product_brand","embeddable":true,"href":"https:\/\/nfc-readers.com\/eo\/wp-json\/wp\/v2\/product_brand?post=3499"},{"taxonomy":"product_cat","embeddable":true,"href":"https:\/\/nfc-readers.com\/eo\/wp-json\/wp\/v2\/product_cat?post=3499"},{"taxonomy":"product_tag","embeddable":true,"href":"https:\/\/nfc-readers.com\/eo\/wp-json\/wp\/v2\/product_tag?post=3499"}],"curies":[{"name":"wp","href":"https:\/\/api.w.org\/{rel}","templated":true}]}}