{"id":3505,"date":"2024-11-04T15:45:07","date_gmt":"2024-11-04T15:45:07","guid":{"rendered":"https:\/\/nfc-readers.com\/?post_type=product&#038;p=3505"},"modified":"2024-11-04T15:45:07","modified_gmt":"2024-11-04T15:45:07","slug":"high-quality-ntag-213-ntag-215-pvc-nfc-business-card","status":"publish","type":"product","link":"https:\/\/nfc-readers.com\/eo\/ic-reader\/high-quality-ntag-213-ntag-215-pvc-nfc-business-card\/","title":{"rendered":"Altkvalita NTAG 213 NTAG 215 PVC NFC komerca Karto"},"content":{"rendered":"<h1><span style=\"color: #000080;\"><strong>Altkvalita NTAG 213 NTAG 215 PVC NFC komerca Karto<\/strong><\/span><\/h1>\n<p><span style=\"color: #666699;\">En la cifereca epoko, efika komunikado kaj konektebleco estas plej gravaj por entreprenoj ser\u0109antaj fari da\u016dran impreson. La <strong>Altkvalita NTAG213 NTAG215 PVC NFC Komerckarto<\/strong>\u00a0funkcias kiel potenca ilo, kiu kombinas altnivelan teknologion kun praktikeco. Proponante senjuntan aliron al informoj, \u0109i tiuj vizitkartoj NFC ne nur plifaciligas interkonektajn klopodojn, sed anka\u016d altigas vian profesian bildon. \u0108i tiu artikolo enprofundi\u011das en la nekompareblajn avanta\u011dojn de \u0109i tiuj vizitkartoj, elstarigante iliajn specialajn trajtojn, industri-specifajn atributojn kaj multe pli.<\/span><\/p>\n<p>&nbsp;<\/p>\n<h2 style=\"text-align: center;\"><em><span style=\"color: #000080;\"><strong>Kial Investi en NTAG213 NTAG215 PVC NFC Komerckartoj?<\/strong><\/span><\/em><\/h2>\n<p>Investante en\u00a0<strong>NTAG213 NTAG215 PVC NFC vizitkartoj<\/strong>\u00a0povas transformi la manieron kiel vi interagas kun eblaj klientoj kaj partneroj. Male al tradiciaj vizitkartoj, \u0109i tiuj NFC-ebligitaj kartoj ebligas vin kunhavigi viajn kontaktinformojn, sociajn amaskomunikilajn ligilojn kaj reklaman enhavon senpene per simpla frapeto. \u0108i tiu senkontakta teknologio nutras pli interagan konekton kun via publiko, certigante ke vi elstaras en konkurencivaj medioj.<\/p>\n<p>La fortikeco de \u0109i tiuj kartoj aldonas ilian valoron. Kreita el altkvalita\u00a0<strong>nigra PVC<\/strong>, la kartoj NTAG213 kaj NTAG215 estas\u00a0<strong>akvorezista<\/strong>\u00a0kaj\u00a0<strong>veterrezista<\/strong>, eltenante diversajn mediajn kondi\u0109ojn. \u0108i tiu fortikeco garantias, ke viaj kartoj restas funkciaj kaj videre allogaj la\u016dlonge de la tempo, reflektante profesiecon kaj enga\u011di\u011don al kvalito en \u0109iu interago.<\/p>\n<p>&nbsp;<\/p>\n<hr \/>\n<h2 style=\"text-align: center;\"><span style=\"color: #000080;\"><em><strong>Teknikaj Specifoj<\/strong><\/em><\/span><\/h2>\n<p><span style=\"color: #008080;\"><strong>Kompreni la teknikajn detalojn de NTAG-kartoj estas decida por informita decido. Jen detala superrigardo:<\/strong><\/span><\/p>\n<div class=\"table-with-header rounded-lg border border-solid border-grey-line2-normal w-fit max-w-full mb-2\">\n<div class=\"overflow-x-auto custom-scrollbar custom-scrollbar-float max-w-full\">\n<table class=\"w-fit !mb-0 !max-w-none\" style=\"height: 288px;\" width=\"404\">\n<thead>\n<tr>\n<th>Specifo<\/th>\n<th>Detaloj<\/th>\n<\/tr>\n<\/thead>\n<tbody>\n<tr>\n<td><strong>Blato<\/strong><\/td>\n<td>NTAG213 \/ NTAG215<\/td>\n<\/tr>\n<tr>\n<td><strong>Materialo<\/strong><\/td>\n<td>Nigra PVC<\/td>\n<\/tr>\n<tr>\n<td><strong>Dikeco<\/strong><\/td>\n<td>0,84 mm<\/td>\n<\/tr>\n<tr>\n<td><strong>Ofteco<\/strong><\/td>\n<td>13,56 MHz<\/td>\n<\/tr>\n<tr>\n<td><strong>Protokolo<\/strong><\/td>\n<td>ISO14443 Tipo A<\/td>\n<\/tr>\n<tr>\n<td><strong>Surfaca Fino<\/strong><\/td>\n<td>Brila Matte \/ Frostita<\/td>\n<\/tr>\n<\/tbody>\n<\/table>\n<p>&nbsp;<\/p>\n<\/div>\n<\/div>\n<h2 style=\"text-align: center;\"><span style=\"color: #000080;\"><em><strong>Produkta Skizo<\/strong><\/em><\/span><\/h2>\n<h4><span style=\"color: #008080;\"><strong>\u015closilaj Atributoj de NTAG213 kaj NTAG215 Kartoj<\/strong><\/span><\/h4>\n<p>Elektinte an\u00a0<strong>vizitkarto NFC<\/strong>, estas esence kompreni \u011diajn kernajn atributojn. La\u00a0<strong>NTAG213<\/strong>\u00a0kaj\u00a0<strong>NTAG215<\/strong>\u00a0modeloj korpigas progresintajn\u00a0<strong>RFID<\/strong>\u00a0teknologio, ebligante senkontaktan komunikadon. Funkcianta kun ofteco de\u00a0<strong>13,56 MHz<\/strong>, \u0109i tiuj kartoj subtenas legan distancon de\u00a0<strong>2-10 cm<\/strong>, igante ilin uzeblaj kaj efikaj.<\/p>\n<h2 style=\"text-align: center;\"><\/h2>\n<h2 style=\"text-align: center;\"><strong><em><span style=\"color: #000080;\">Avanta\u011doj<\/span><\/em><\/strong><\/h2>\n<ul>\n<li><strong>Fortikeco<\/strong>: Farita el kvalito\u00a0<strong>nigra PVC<\/strong>, \u0109i tiuj kartoj estas fortikaj kaj dizajnitaj por da\u016dri. Ilia veterrezisto igas ilin ta\u016dgaj por \u0109iutaga portado.<\/li>\n<li><strong>Verstileco<\/strong>: Perfektaj por diversaj aplikoj, \u0109i tiuj kartoj povas esti uzataj por alirkontrolaj sistemoj, lojalecaj programoj kaj evento-biletado.<\/li>\n<\/ul>\n<hr \/>\n<h2><\/h2>\n<h2 style=\"text-align: center;\"><em><span style=\"color: #000080;\"><strong>Specialaj Trajtoj de NFC-Komerckartoj<\/strong><\/span><\/em><\/h2>\n<p>La\u00a0<strong>Altkvalita NTAG213 NTAG215 PVC NFC Komerckarto<\/strong> venas ekipita per unikaj trajtoj adaptitaj por trakti la bezonojn de modernaj profesiuloj.<\/p>\n<p>&nbsp;<\/p>\n<h2 style=\"text-align: center;\"><em><span style=\"color: #000080;\"><strong>Komunika Interfaco<\/strong><\/span><\/em><\/h2>\n<p>La progresinta\u00a0<strong>komunika interfaco<\/strong>\u00a0provizita de\u00a0<strong>RFID<\/strong>\u00a0teknologio certigas glatan kaj efikan transdonon de datumoj, permesante tujajn konektojn. La NTAG-fritoj uzataj en \u0109i tiuj kartoj estas kreitaj por rapideco kaj fidindeco.<\/p>\n<ul>\n<li><strong>NTAG213<\/strong>: Ideala por normaj datumstokado bezonoj, provizante memorgrandecon de proksimume 144 bajtoj.<\/li>\n<li><strong>NTAG215<\/strong>: Proponas pliigitan memorkapablon, ideala por uzantoj, kiuj volas konservi pliajn informojn a\u016d ligilojn.<\/li>\n<\/ul>\n<hr \/>\n<h2><\/h2>\n<h2 style=\"text-align: center;\"><em><span style=\"color: #000080;\"><strong>Industrio-Specifikaj Aplikoj<\/strong><\/span><\/em><\/h2>\n<p>NTAG213 kaj NTAG215 NFC vizitkartoj estas precipe utilaj trans diversaj sektoroj.<\/p>\n<p>&nbsp;<\/p>\n<h2 style=\"text-align: center;\"><em><span style=\"color: #000080;\"><strong>Korporacia Reto<\/strong><\/span><\/em><\/h2>\n<p>En la kompania sektoro, efika interkonektado estas esenca. Inter\u015dan\u011dante NFC-komerckartojn, profesiuloj povas rapide dividi siajn profilojn. Anstata\u016d transskribi informojn, ricevantoj povas simple frapeti siajn sa\u011dtelefonojn por preni esencajn detalojn tuj.<\/p>\n<p>&nbsp;<\/p>\n<h2 style=\"text-align: center;\"><span style=\"color: #000080;\"><em><strong>Merkatado kaj Markado<\/strong><\/em><\/span><\/h2>\n<p><strong><span style=\"color: #666699;\">Komercoj povas utiligi \u0109i tiujn kartojn kiel merkatika ilo, enigante ligilojn al siaj retejoj a\u016d specialaj promocioj. Kiel tia, ili ne nur funkcias kiel rimedo de identigo sed anka\u016d anta\u016denigas la markon, levante konscion per \u0109iu interago.<\/span><\/strong><\/p>\n<ul>\n<li><strong>Lojalaj Programoj<\/strong>: Plibonigu klientan enga\u011di\u011don per integrado de lojalecaj rabatoj en NFC-kartojn, kiujn konsumantoj povas frapeti \u0109e la kaso.<\/li>\n<li><strong>Administrado de Eventoj<\/strong>: Plifaciligu aliron al eventoj kaj konferencoj uzante \u0109i tiujn kartojn por facila enregistri\u011do de registrintoj.<\/li>\n<\/ul>","protected":false},"excerpt":{"rendered":"<p>Malkovru la Altkvalitajn NTAG213\/215 PVC-NFC-Komerckartojn por senjunta interkonektado. Akvorezistaj kaj multflankaj, ili plibonigas vian profesian bildon senpene.<\/p>","protected":false},"featured_media":3509,"template":"","meta":[],"product_brand":[],"product_cat":[46],"product_tag":[],"class_list":{"0":"post-3505","1":"product","2":"type-product","3":"status-publish","4":"has-post-thumbnail","6":"product_cat-nfc-cards","8":"first","9":"instock","10":"shipping-taxable","11":"product-type-simple"},"_links":{"self":[{"href":"https:\/\/nfc-readers.com\/eo\/wp-json\/wp\/v2\/product\/3505","targetHints":{"allow":["GET"]}}],"collection":[{"href":"https:\/\/nfc-readers.com\/eo\/wp-json\/wp\/v2\/product"}],"about":[{"href":"https:\/\/nfc-readers.com\/eo\/wp-json\/wp\/v2\/types\/product"}],"wp:featuredmedia":[{"embeddable":true,"href":"https:\/\/nfc-readers.com\/eo\/wp-json\/wp\/v2\/media\/3509"}],"wp:attachment":[{"href":"https:\/\/nfc-readers.com\/eo\/wp-json\/wp\/v2\/media?parent=3505"}],"wp:term":[{"taxonomy":"product_brand","embeddable":true,"href":"https:\/\/nfc-readers.com\/eo\/wp-json\/wp\/v2\/product_brand?post=3505"},{"taxonomy":"product_cat","embeddable":true,"href":"https:\/\/nfc-readers.com\/eo\/wp-json\/wp\/v2\/product_cat?post=3505"},{"taxonomy":"product_tag","embeddable":true,"href":"https:\/\/nfc-readers.com\/eo\/wp-json\/wp\/v2\/product_tag?post=3505"}],"curies":[{"name":"wp","href":"https:\/\/api.w.org\/{rel}","templated":true}]}}