{"id":3515,"date":"2024-11-06T08:47:18","date_gmt":"2024-11-06T08:47:18","guid":{"rendered":"https:\/\/nfc-readers.com\/?post_type=product&#038;p=3515"},"modified":"2024-11-06T14:47:51","modified_gmt":"2024-11-06T14:47:51","slug":"custom-etched-copper-antenna-hf-nfc-inlay","status":"publish","type":"product","link":"https:\/\/nfc-readers.com\/eo\/ic-reader\/custom-etched-copper-antenna-hf-nfc-inlay\/","title":{"rendered":"NTAG Serio Gravita Kupra Anteno HF NFC Inkrusta\u0135o"},"content":{"rendered":"<h1 style=\"text-align: center;\">NTAG Serio Gravita Kupra Anteno HF NFC Inkrusta\u0135o<\/h1>\n<p>&nbsp;<\/p>\n<p>La <strong>NTAG Serio Gravita Kupra Anteno HF NFC Inkrusta\u0135o\u00a0<\/strong>ofertas novigan solvon en la mondo de teknologio NFC (Near Field Communication). Kun sia pintnivela dezajno kaj alta rendimento, \u0109i tiu produkto elstaras en merkato, kiu \u0109iam pli taksas efikecon, \u0109iuflankecon kaj da\u016dripovon. \u0108u vi ser\u0109as plibonigi viajn komercajn kapablojn a\u016d aldoni unikan funkcion al via produkta linio, \u0109i tiuj NFC-etikedoj liveras senekzemplajn avanta\u011dojn, kiuj igas ilin konsiderindaj.<\/p>\n<p>&nbsp;<\/p>\n<h3>Kial Vi Devus Elekti la Propra Gravita Kupra Anteno HF NFC Inlay<\/h3>\n<p>Enkorpigante\u00a0<strong>NFC-teknologio<\/strong>\u00a0en viajn aplikojn ebligas senjuntan inter\u015dan\u011don de datumoj kaj plibonigas la sperton de uzanto. La\u00a0<strong>Propra Gravita Kupra Anteno HF NFC Inkrusta\u0135o<\/strong>\u00a0provizas fidindan komunikadan interfacon je ofteco de\u00a0<strong>13,56 MHz<\/strong>, farante \u011din kongrua kun diversaj NFC-ebligitaj aparatoj. \u0108i tiu NFC-etikedo ne nur funkcias; \u011di estas konstruita kun altkvalitaj materialoj kiel\u00a0<strong>PET<\/strong>, certigante fortikecon kaj fortikecon.<\/p>\n<p>\u0108u uzata en merkatado, inteligenta pakado a\u016d por interagaj aplikoj, la avanta\u011doj estas klaraj:<\/p>\n<ul>\n<li><strong>Plifortigita Komunikado<\/strong>: Faciligas tujan transdonon de datumoj inter aparatoj, simpligante operaciojn en diversaj industrioj.<\/li>\n<li><strong>Verstileco<\/strong>: Propraj grandecoj kaj dezajnoj certigas, ke la NFC-inkrusta\u0135oj povas konveni en diversajn aplikojn, de merkataj materialoj \u011dis produkta pakado.<\/li>\n<li><strong>Fortikeco<\/strong>: Akvorezistaj kaj veterrezistaj trajtoj plibonigas rendimenton, igante ilin ta\u016dgaj por endoma kaj ekstera uzo.<\/li>\n<li><strong>Alta Memorkapablo<\/strong>: Kun\u00a0<strong>416 bajtoj<\/strong>\u00a0de skribebla memoro, \u011di ebligas efikan datumstokadon kaj retrovon.<\/li>\n<\/ul>\n<p>&nbsp;<\/p>\n<h3>\u015closilaj Trajtoj de la Propra Gravita Kupra Anteno HF NFC Inlay<\/h3>\n<p>La\u00a0<strong>Propra Gravita Kupra Anteno HF NFC Inkrusta\u0135o<\/strong>\u00a0estas desegnita kun gamo da funkcioj ta\u016dgaj por diversaj aplikoj.<\/p>\n<h3>Altnivela Komunikado<\/h3>\n<p>\u0108i tiu NFC-etikedo uzas a\u00a0<strong>komunika interfaco<\/strong>\u00a0kiu funkcias perfekte kun\u00a0<strong>NFC-ebligitaj aparatoj<\/strong>. Uzantoj povas simple frapeti sian\u00a0<strong>NFC-leganto<\/strong>\u00a0a\u016d\u00a0<strong>inteligenta telefono<\/strong>\u00a0kontra\u016d la inkrusta\u0135o por atingi tujajn konektojn kaj transdonon de datumoj.<\/p>\n<h3>Agordigeblaj Grandecaj Opcioj<\/h3>\n<p>Niaj NFC-inkrusta\u0135oj venas en norma grandeco de\u00a0<strong>Dia 30mm<\/strong>, kun ebloj por\u00a0<strong>la\u016dmenda grandeco<\/strong>\u00a0por konveni viajn unikajn postulojn. \u0108u vi bezonas pli malgrandan etikedon por specifa produkto a\u016d pli grandan por merkataj ekranoj, ni kovras vin.<\/p>\n<h3>Akvorezista kaj Veterrezista<\/h3>\n<p>Ne \u0109iuj NFC-etikedoj estas kreitaj egalaj; nia fanfaronas\u00a0<strong>akvorezistaj kaj veterrezistaj kapabloj<\/strong>. \u0108i tio signifas, ke vi povas uzi ilin ekstere sen zorgi pri ilia fortikeco a\u016d agado, igante ilin idealaj por eventoj, merkataj kampanjoj kaj produktoj elmontritaj al la elementoj.<\/p>\n<p>&nbsp;<\/p>\n<h2>Teknikaj Specifoj de la NFC Inlay<\/h2>\n<table class=\"w-fit !mb-0 !max-w-none\" style=\"height: 311px;\" width=\"449\">\n<thead>\n<tr>\n<th><strong>Specifo<\/strong><\/th>\n<th><strong>Detaloj<\/strong><\/th>\n<\/tr>\n<\/thead>\n<tbody>\n<tr>\n<td><strong>Tajpu<\/strong><\/td>\n<td>NFC Foruma Tipo 4<\/td>\n<\/tr>\n<tr>\n<td><strong>Materialo<\/strong><\/td>\n<td>PET<\/td>\n<\/tr>\n<tr>\n<td><strong>Grandeco<\/strong><\/td>\n<td>Dia 30mm \/ Propra Grandeco<\/td>\n<\/tr>\n<tr>\n<td><strong>Kapacito de memoro<\/strong><\/td>\n<td>416 bajtoj<\/td>\n<\/tr>\n<tr>\n<td><strong>Blato<\/strong><\/td>\n<td>Serio NTAG<\/td>\n<\/tr>\n<tr>\n<td><strong>Ofteco<\/strong><\/td>\n<td>13,56 MHz<\/td>\n<\/tr>\n<tr>\n<td><strong>Skribu Endurance<\/strong><\/td>\n<td>100.000 fojojn<\/td>\n<\/tr>\n<tr>\n<td><strong>Presado<\/strong><\/td>\n<td>CMYK Ofseta Presado<\/td>\n<\/tr>\n<tr>\n<td><strong>Pakado<\/strong><\/td>\n<td>200 pecoj\/interna blanka skatolo, 25 skatoloj\/karto<\/td>\n<\/tr>\n<tr>\n<td><strong>Haveno<\/strong><\/td>\n<td>\u015cen\u0135eno<\/td>\n<\/tr>\n<tr>\n<td><strong>Ununura Malneta Pezo<\/strong><\/td>\n<td>0,010 kg<\/td>\n<\/tr>\n<\/tbody>\n<\/table>\n<p>&nbsp;<\/p>\n<p>&nbsp;<\/p>\n<h3>Oftaj Demandoj (FAQs)<\/h3>\n<h2>1. Kio estas la Propra Gravita Kupra Anteno HF NFC Inlay?<\/h2>\n<p>La\u00a0<strong>Propra Gravita Kupra Anteno HF NFC Inkrusta\u0135o<\/strong>\u00a0estas altfrekvenca NFC-etikedo dizajnita por efika datum-inter\u015dan\u011do kaj senjunta komunikado kun NFC-ebligitaj aparatoj. \u011ci uzas altnivelan teknologion por fortikeco kaj \u0109iuflankeco en diversaj aplikoj, inkluzive de merkatado, inteligenta pakado kaj produktaj interagoj.<\/p>\n<h2>2. Kiel funkcias NFC-teknologio?<\/h2>\n<p>NFC (Near Field Communication) teknologio ebligas sendratan transdonon de datumoj inter aparatoj sur mallongaj distancoj. Kiam NFC-ebligita aparato, kiel ekzemple inteligenta telefono a\u016d leganto, venas ene de proksimeco de la NFC-etikedo, datumoj estas inter\u015dan\u011ditaj per radiofrekvenca komunikado, permesante al uzantoj aliri informojn a\u016d ekigi aplikojn rapide.<\/p>\n<h2>3. Kio estas la memorkapablo kaj skriba eltenivo de la NFC-inkrusta\u0135o?<\/h2>\n<p>La\u00a0<strong>Propra Gravita Kupra Anteno HF NFC Inkrusta\u0135o<\/strong>\u00a0havas memorkapablon de\u00a0<strong>416 bajtoj<\/strong>\u00a0kaj subtenas \u011dis\u00a0<strong>100.000 skribcikloj<\/strong>. \u0108i tio permesas ampleksan datumstokadon kaj la kapablon \u011disdatigi informojn la\u016dbezone.<\/p>\n<h2>4. \u0108u la Propra Gravita Kupra Anteno HF NFC Inlay estas akvorezista kaj veterrezista?<\/h2>\n<p>Jes, unu el la elstaraj trajtoj de nia NFC-inkrusto estas \u011dia\u00a0<strong>akvorezistaj kaj veterrezistaj kapabloj<\/strong>. \u0108i tio certigas, ke la etikedo povas elteni ekspozicion al la elementoj, igante \u011din ta\u016dga por kaj endomaj kaj sub\u0109ielaj aplikoj.<\/p>","protected":false},"excerpt":{"rendered":"<p>La Propra Gravita Kupra Anteno HF NFC Inlay estas diverstalenta kaj da\u016dra NFC-solvo desegnita por senjunta transdono de datumoj kaj novigaj aplikoj. \u011cia akvorezista dezajno kaj agordeblaj opcioj igas \u011din ideala por diversaj industrioj, plibonigante uzantan enga\u011di\u011don kaj operacian efikecon.<\/p>","protected":false},"featured_media":3516,"template":"","meta":[],"product_brand":[],"product_cat":[48],"product_tag":[],"class_list":{"0":"post-3515","1":"product","2":"type-product","3":"status-publish","4":"has-post-thumbnail","6":"product_cat-nfc-stickers","8":"first","9":"instock","10":"shipping-taxable","11":"product-type-simple"},"_links":{"self":[{"href":"https:\/\/nfc-readers.com\/eo\/wp-json\/wp\/v2\/product\/3515","targetHints":{"allow":["GET"]}}],"collection":[{"href":"https:\/\/nfc-readers.com\/eo\/wp-json\/wp\/v2\/product"}],"about":[{"href":"https:\/\/nfc-readers.com\/eo\/wp-json\/wp\/v2\/types\/product"}],"wp:featuredmedia":[{"embeddable":true,"href":"https:\/\/nfc-readers.com\/eo\/wp-json\/wp\/v2\/media\/3516"}],"wp:attachment":[{"href":"https:\/\/nfc-readers.com\/eo\/wp-json\/wp\/v2\/media?parent=3515"}],"wp:term":[{"taxonomy":"product_brand","embeddable":true,"href":"https:\/\/nfc-readers.com\/eo\/wp-json\/wp\/v2\/product_brand?post=3515"},{"taxonomy":"product_cat","embeddable":true,"href":"https:\/\/nfc-readers.com\/eo\/wp-json\/wp\/v2\/product_cat?post=3515"},{"taxonomy":"product_tag","embeddable":true,"href":"https:\/\/nfc-readers.com\/eo\/wp-json\/wp\/v2\/product_tag?post=3515"}],"curies":[{"name":"wp","href":"https:\/\/api.w.org\/{rel}","templated":true}]}}