{"id":3530,"date":"2024-11-06T09:00:03","date_gmt":"2024-11-06T09:00:03","guid":{"rendered":"https:\/\/nfc-readers.com\/?post_type=product&#038;p=3530"},"modified":"2024-11-06T09:00:03","modified_gmt":"2024-11-06T09:00:03","slug":"iso14443a-high-security-anti-fake-ntag-424-nfc-sticker","status":"publish","type":"product","link":"https:\/\/nfc-readers.com\/eo\/ic-reader\/iso14443a-high-security-anti-fake-ntag-424-nfc-sticker\/","title":{"rendered":"ISO14443A Altsekureca Kontra\u016d-Falsa NTAG 424 NFC-Glumarko"},"content":{"rendered":"<h1 style=\"text-align: center;\"><strong>ISO14443A Altsekureca Kontra\u016d-Falsa NTAG 424 NFC-Glumarko<\/strong><\/h1>\n<p>&nbsp;<\/p>\n<p>La <strong>NTAG 424 DNA NFC-Etikedo<\/strong>\u00a0estas avangarda solvo dizajnita por plibonigitaj kontra\u016dfalsaj aplikoj. Utiligante ISO 14443A-protokolon kaj havante altnivelajn sekurecajn funkciojn, \u0109i tiu NFC-glumarko estas decida por markoj kiuj volas protekti sian intelektan proprieton kaj plibonigi la fidon de la kliento. Kun siaj alt-efikecaj kapabloj, facile uzebla dezajno kaj multflankaj aplikoj, la NTAG 424 DNA NFC-Glumarko ne estas nur produkto\u2014\u011di estas sekura enirejo al pli inteligenta estonteco.<\/p>\n<p>&nbsp;<\/p>\n<h3>enkonduko al NTAG 424 DNA NFC-glumarko<\/h3>\n<p>La\u00a0<strong>NTAG 424 DNA NFC-Etikedo<\/strong>\u00a0reprezentas la avangardon de NFC-teknologio, temigante maksimumigi sekurecon por diversaj aplikoj, precipe en la sfero de produkta a\u016dtentigo. \u0108i tiu NFC-glumarko integras altnivelajn funkciojn de la NTAG424 DNA-peceto, kiu kapablas sekuran komunikadon kaj ofertas bonegan protekton kontra\u016d falsado. Kun dimensioj de\u00a0<strong>25mm<\/strong>\u00a0diametro kaj\u00a0<strong>45mm x 30mm<\/strong>\u00a0por rektangulaj opcioj, \u0109i tiu produkto estas tajlorita por markoj, kiuj taksas efikecon sen kompromiti estetikon.<\/p>\n<p>&nbsp;<\/p>\n<h3>\u0108efaj Trajtoj de la NTAG 424 NFC-Etikedo<\/h3>\n<p>La NTAG 424 DNA NFC-Etikedo havas plurajn specialajn funkciojn dizajnitajn por plibonigi funkciecon kaj sekurecon:<\/p>\n<ul>\n<li><strong>Protokolo Konformeco<\/strong>: La etikedo funkcias sur la\u00a0<strong>ISO 14443A<\/strong>\u00a0protokolo, certigante kongruon kun lar\u011da gamo de NFC-ebligitaj aparatoj.<\/li>\n<li><strong>Alta Komunika Ofteco<\/strong>: Kun ofteco de\u00a0<strong>13.56MHz<\/strong>, \u0109i tiuj glumarkoj disponigas optimumajn komunikajn kapablojn por fidinda datum\u015dan\u011do.<\/li>\n<li><strong>Agordigeblaj Opcioj<\/strong>: Uzantoj povas elekti el diversaj grandecoj kaj presaj opcioj, inkluzive\u00a0<strong>CMYK plenkolora presado<\/strong>,\u00a0<strong>ofseta presado<\/strong>, kaj\u00a0<strong>silkekrana presado<\/strong>, ebligante unikajn markajn \u015dancojn.<\/li>\n<\/ul>\n<p>La NTAG 424 DNA anka\u016d subtenas \u0109ifritan komunikadon, igante \u011din ideala por sentemaj aplikoj kiel ekzemple pagsistemoj kaj sekura a\u016dtentigo.<\/p>\n<p>&nbsp;<\/p>\n<h3>Avanta\u011doj de NFC-Glumarkoj por Marka Protekto<\/h3>\n<p>Investante en\u00a0<strong>NFC-teknologio<\/strong>\u00a0kiel ekzemple la glumarko NTAG 424 DNA ofertas multajn avanta\u011dojn:<\/p>\n<ul>\n<li><strong>Plifortigita Sekureco<\/strong>: Kun siaj altsekurecaj funkcioj, la NFC-etikedo ofertas trankvilon al markoj, ke iliaj produktoj estas protektitaj kontra\u016d falsistoj.<\/li>\n<li><strong>Pliigita Konsumanto-Fido<\/strong>: Provizante al konsumantoj simplan manieron kontroli produktan a\u016dtentikecon per sia\u00a0<strong>NFC-ebligitaj sa\u011dtelefonoj<\/strong>\u00a0povas plibonigi marklojalecon kaj fidon.<\/li>\n<li><strong>Kostefikeco<\/strong>: Kompare kun tradiciaj sekurecaj mezuroj, NFC-etikedoj ofte provizas pli pageblan solvon por protekti produktojn.<\/li>\n<\/ul>\n<p>&nbsp;<\/p>\n<h3>Teknikaj Specifoj de NTAG 424 DNA<\/h3>\n<table class=\"w-fit !mb-0 !max-w-none\">\n<thead>\n<tr>\n<th>Specifo<\/th>\n<th>Detaloj<\/th>\n<\/tr>\n<\/thead>\n<tbody>\n<tr>\n<td><strong>Blato<\/strong><\/td>\n<td>NTAG424 DNA<\/td>\n<\/tr>\n<tr>\n<td><strong>Ofteco<\/strong><\/td>\n<td>13.56MHz<\/td>\n<\/tr>\n<tr>\n<td><strong>Komunika Interfaco<\/strong><\/td>\n<td>NFC, RFID<\/td>\n<\/tr>\n<tr>\n<td><strong>Lega Distanco<\/strong><\/td>\n<td>1-10 cm<\/td>\n<\/tr>\n<tr>\n<td><strong>Materialo<\/strong><\/td>\n<td>Tegita papero, PET<\/td>\n<\/tr>\n<tr>\n<td><strong>Grandecaj Opcioj<\/strong><\/td>\n<td>Diametro: 25mm, Rektangula: 45mm x 30mm a\u016d personecigita<\/td>\n<\/tr>\n<tr>\n<td><strong>Pakita Grandeco<\/strong><\/td>\n<td>0,3 x 0,3 x 0,02 cm<\/td>\n<\/tr>\n<tr>\n<td><strong>Malneta Pezo<\/strong><\/td>\n<td>0,001 kg<\/td>\n<\/tr>\n<\/tbody>\n<\/table>\n<p>&nbsp;<\/p>\n<h3>Oftaj Demandoj (FAQs)<\/h3>\n<h4>1.\u00a0<strong>Kio estas la NTAG 424 DNA NFC-Etikedo, kaj kiel \u011di funkcias?<\/strong><\/h4>\n<p>La NTAG 424 DNA NFC-etikedo estas altsekureca NFC-glumarko, kiu permesas al uzantoj a\u016dtentigi produktojn per siaj NFC-ebligitaj inteligentaj telefonoj. \u011ci funkcias la\u016d la ISO 14443A protokolo kun ofteco de 13.56MHz, ebligante sekuran komunikadon kaj datuman translokigon inter la etikedo kaj kongruaj aparatoj.<\/p>\n<h4>2.\u00a0<strong>Kio estas la \u0109efaj trajtoj de la NTAG 424 DNA?<\/strong><\/h4>\n<p>\u0108efaj trajtoj inkluzivas:<\/p>\n<ul>\n<li>Dinamika a\u016dtentigo por plifortigita sekureco.<\/li>\n<li>Kontra\u016dmanipula teknologio por malhelpi nea\u016dtorizitan aliron.<\/li>\n<li>Agordigeblaj grandecoj kaj presaj opcioj por markigo.<\/li>\n<li>Legdistanco de 1-10 cm, ta\u016dga por diversaj aplikoj.<\/li>\n<\/ul>\n<h4>3.\u00a0<strong>Kiel mi povas uzi la NTAG 424 DNA-NFC-Etikedon?<\/strong><\/h4>\n<p>La NFC-etikedo povas esti uzata por:<\/p>\n<ul>\n<li>Produkta a\u016dtentigo por kontroli la legitimecon de eroj.<\/li>\n<li>Eventaj biletoj provizante sekuran kaj facile legeblan alirmetodon.<\/li>\n<li>Inteligenta pakado por plibonigi klientan enga\u011di\u011don per produktaj informoj kaj varba enhavo.<\/li>\n<\/ul>\n<h4>4.\u00a0<strong>Kiuj materialoj estas uzataj en la NTAG 424 DNA NFC-Etikedo?<\/strong><\/h4>\n<p>La NTAG 424 DNA NFC-Etikedo estas \u0109efe farita el kovrita papero kaj PET, ofertante fortikecon kaj flekseblecon por diversaj aplikoj.<\/p>","protected":false},"excerpt":{"rendered":"<p>La\u00a0<strong>ISO14443A Altsekureca Kontra\u016d-Falsa NTAG 424 NFC-Glumarko<\/strong>\u00a0estas avangarda solvo desegnita por sekura produkta a\u016dtentigo kaj kontra\u016dfalsaj mezuroj. Kun altnivela \u0109ifrado kaj dinamikaj a\u016dtentigaj funkcioj, \u0109i tiu NFC-glumarko rajtigas markojn protekti siajn produktojn kaj plibonigi la fidon de konsumantoj senpene.<\/p>","protected":false},"featured_media":3531,"template":"","meta":[],"product_brand":[],"product_cat":[48],"product_tag":[],"class_list":{"0":"post-3530","1":"product","2":"type-product","3":"status-publish","4":"has-post-thumbnail","6":"product_cat-nfc-stickers","8":"first","9":"instock","10":"shipping-taxable","11":"product-type-simple"},"_links":{"self":[{"href":"https:\/\/nfc-readers.com\/eo\/wp-json\/wp\/v2\/product\/3530","targetHints":{"allow":["GET"]}}],"collection":[{"href":"https:\/\/nfc-readers.com\/eo\/wp-json\/wp\/v2\/product"}],"about":[{"href":"https:\/\/nfc-readers.com\/eo\/wp-json\/wp\/v2\/types\/product"}],"wp:featuredmedia":[{"embeddable":true,"href":"https:\/\/nfc-readers.com\/eo\/wp-json\/wp\/v2\/media\/3531"}],"wp:attachment":[{"href":"https:\/\/nfc-readers.com\/eo\/wp-json\/wp\/v2\/media?parent=3530"}],"wp:term":[{"taxonomy":"product_brand","embeddable":true,"href":"https:\/\/nfc-readers.com\/eo\/wp-json\/wp\/v2\/product_brand?post=3530"},{"taxonomy":"product_cat","embeddable":true,"href":"https:\/\/nfc-readers.com\/eo\/wp-json\/wp\/v2\/product_cat?post=3530"},{"taxonomy":"product_tag","embeddable":true,"href":"https:\/\/nfc-readers.com\/eo\/wp-json\/wp\/v2\/product_tag?post=3530"}],"curies":[{"name":"wp","href":"https:\/\/api.w.org\/{rel}","templated":true}]}}