{"id":3537,"date":"2024-11-06T10:55:59","date_gmt":"2024-11-06T10:55:59","guid":{"rendered":"https:\/\/nfc-readers.com\/?post_type=product&#038;p=3537"},"modified":"2024-11-06T10:56:00","modified_gmt":"2024-11-06T10:56:00","slug":"customize-replicable-uid-iso14443a-rfid-card-for-attendance","status":"publish","type":"product","link":"https:\/\/nfc-readers.com\/eo\/ic-reader\/customize-replicable-uid-iso14443a-rfid-card-for-attendance\/","title":{"rendered":"personecigi reprodukteblan uid iso14443A RFID-karton por partopreno"},"content":{"rendered":"<h1 style=\"text-align: center;\"><span style=\"color: #000080;\"><strong>personecigi reprodukteblan uid iso14443A RFID-karton por partopreno<\/strong><\/span><\/h1>\n<p><span style=\"color: #666699;\"><strong>La personeciga reproduktebla UID ISO14443A RFID-karto por partopreno revolucias la manieron kiel organizoj administras \u0109eeston kaj alirkontrolon. Desegnitaj por \u0109iuflankeco kaj fidindeco, \u0109i tiuj kartoj ofertas senjuntan sperton por spuri \u0109eeston, plibonigi sekurecon kaj simpligi laborfluon en diversaj aplikoj. Kun fortikaj funkcioj kaj amika dezajno, \u0109i tiu RFID-karto estas nepra por entreprenoj ser\u0109antaj efikecon kaj sekurecon.<\/strong><\/span><\/p>\n<p><span style=\"color: #666699;\"><strong>Produktaj Avanta\u011doj kaj Kial Vi Devus A\u0109eti- Senjunta Spurado de \u0108eestado: La UID ISO14443A RFID-karto fluliniigas la \u0109eestprocezon. Uzantoj povas rapide frapeti siajn kartojn sur leganto, tuj registrante sian \u0109eeston sen la \u011deno de manaj enskriboj.<\/strong><\/span><\/p>\n<ul>\n<li><strong>Agordigeblaj Opcioj<\/strong>: Tajlu la dezajnon kaj funkciecon de \u0109i tiuj RFID-kartoj por plenumi specifajn organizajn bezonojn. \u0108u por kompania agordo, lernejo a\u016d evento, personigo certigas, ke \u0109iu karto estas unike ta\u016dga por sia celo.<\/li>\n<li><strong>Fidindeco kaj Fortikeco<\/strong>: Faritaj el altkvalitaj PVC\/PET-materialoj, \u0109i tiuj kartoj estas dizajnitaj por elteni \u0109iutagan uzon. Iliaj akvorezistaj kaj veterrezistaj trajtoj certigas longvivecon kaj fidindecon, esencajn por iu ajn alirkontrolsistemo.<\/li>\n<li><strong>Kostefika Solvo<\/strong>: Investi en \u0109i tiuj RFID-kartoj reduktas la tempon kaj rimedojn elspezitajn en manaj \u0109eestsistemoj. Krome, la malalta komenca kosto kaj alta fortikeco signifas, ke ili da\u016dros pli longe ol tradiciaj paperaj sistemoj.<\/li>\n<\/ul>\n<p>&nbsp;<\/p>\n<p>&nbsp;<\/p>\n<h2 style=\"text-align: center;\"><span style=\"color: #000080;\"><em><strong>Superrigardo de MIFARE-Produktoj<\/strong><\/em><\/span><\/h2>\n<p><strong>MIFARE-teknologio, evoluigita de NXP Semiconductors, estas gvida solvo por senkontaktaj inteligentaj kartoj kaj RFID-aplikoj. <\/strong><\/p>\n<p><span style=\"color: #008080;\"><strong>La MIFARE Classic1K, prezentita en niaj personecigitaj UID-kartoj, estas precipe konata pro sia fidindeco en alirkontrolo kaj sekuraj identigaj sistemoj. \u0108i tiu inteligenta karto funkcias perfekte kun diversaj legantoj, igante \u011din industria normo.<\/strong><\/span><\/p>\n<p>&nbsp;<\/p>\n<p>&nbsp;<\/p>\n<h2 style=\"text-align: center;\"><em><span style=\"color: #000080;\"><strong>\u015closilaj Trajtoj de la Agordu UID RFID-Karto<\/strong><\/span><\/em><\/h2>\n<h4>La\u00a0<strong>agordu reprodukteblan UID ISO14443A RFID-karton por partopreno<\/strong>\u00a0venas kun plej altnivelaj funkcioj:<\/h4>\n<ul>\n<li><strong>Akvorezista kaj Veterrezista<\/strong>: \u0108i tiuj kartoj povas elteni severajn mediojn, certigante kontinuan agadon.<\/li>\n<li><strong>Facila personigo<\/strong>: Elektu el diversaj presaj opcioj kiel\u00a0<strong>CMYK4C Preso<\/strong>, kompenso, silksekrana presado, lasera kodigo kaj UV-inko, permesante al organizoj personecigi \u0109iun karton efike.<\/li>\n<li><strong>Komunika Interfaco<\/strong>: La kartoj uzas RFID kaj NFC-teknologion, ebligante rapidan komunikadon kun legantoj kun ofteco de 13.56 MHz.<\/li>\n<\/ul>\n<p>&nbsp;<\/p>\n<p>&nbsp;<\/p>\n<h2 style=\"text-align: center;\"><em><span style=\"color: #000080;\"><strong>Teknikaj Specifoj<\/strong><\/span><\/em><\/h2>\n<p style=\"text-align: left;\">\n|\u00a0<strong>Peceto-Modelo<\/strong>\u00a0| MIFARE Classic1K |<br \/>\n|\u00a0<strong>Lega Distanco<\/strong> |2-10 cm |<br \/>\n|\u00a0<strong>Grandeco<\/strong>\u00a0|85,5 x54 mm |<br \/>\n|\u00a0<strong>Materialo<\/strong>\u00a0| PVC\/PET |<br \/>\n|\u00a0<strong>Specialaj Trajtoj<\/strong>\u00a0| Akvorezista, Veterrezista |<br \/>\n|\u00a0<strong>Loko de Origino<\/strong>\u00a0| Guangdong, \u0108inio |<br \/>\n|\u00a0<strong>Metio<\/strong>\u00a0| Laserkodo, UV-inko, seria numero, reliefado, termika presado |<br \/>\n|\u00a0<strong>Vendado de Unuoj<\/strong>\u00a0| Ununura ero |<br \/>\n|\u00a0<strong>Pakita Grandeco<\/strong>\u00a0|8,55 x5,4 x0,08 cm |<br \/>\n|\u00a0<strong>Pezo<\/strong>\u00a0|0,006 kg |<\/p>\n<p>&nbsp;<\/p>\n<p>&nbsp;<\/p>\n<h3 style=\"text-align: center;\"><span style=\"color: #000080;\"><em><strong>Aplikoj de RFID-Kartoj<\/strong><\/em><\/span><\/h3>\n<h4>La\u00a0<strong>agordu reprodukteblan UID ISO14443A RFID-karton por partopreno<\/strong>\u00a0povas esti utiligita en diversaj sektoroj, inkluzive de:<\/h4>\n<ul>\n<li><strong>Kontrolo de Aliro<\/strong>: Idealaj por kontroli eniron en sekurajn areojn, \u0109i tiuj kartoj certigas ke nur rajtigita personaro povas akiri aliron.<\/li>\n<li><strong>Spurado de \u0109eesto<\/strong>: Perfekta por lernejoj kaj kompaniaj oficejoj, kie la \u0109eestadregistrado estas esenca. La rapida frapeta funkcio signife reduktas tempon pasigitan pri manaj \u015dtipoj.<\/li>\n<li><strong>Publika Transporto<\/strong>: Plibonigu uzantan oportunecon en transitsistemoj permesante rapidan eniron per senkontakta teknologio.<\/li>\n<\/ul>\n<p>&nbsp;<\/p>\n<p>&nbsp;<\/p>\n<h2 style=\"text-align: center;\"><span style=\"color: #000080;\"><em><strong>Media Efiko kaj Da\u016dripovo<\/strong><\/em><\/span><\/h2>\n<p><strong>Elekti la personecigajn reprodukteblajn UID ISO14443A RFID-kartojn kontribuas al da\u016drigeblaj praktikoj. Ilia fortikeco signifas malpli da anstata\u016da\u0135oj kaj mal\u015dparo, minimumigante la median spuron asociitan kun normaj paperaj a\u016d plastaj kartoj.<\/strong><\/p>\n<p>&nbsp;<\/p>\n<p>&nbsp;<\/p>\n<h2 style=\"text-align: center;\"><em><span style=\"color: #000080;\"><strong>Klientaj Recenzoj kaj Atestoj<\/strong><\/span><\/em><\/h2>\n<p><span style=\"color: #008080;\">\u201c\u0108i tiuj RFID-kartoj multe pli simple simpligis la spuradon en nia lernejo! La agordaj elektoj estis grandega pluso.&quot; \u2013 <em>Emily R., Lerneja Administranto<\/em><\/span><\/p>\n<blockquote><p>&quot;Tre fidinda kaj da\u016dra. Ni uzas ilin en nia alirkontrolsistemo dum monatoj nun sen problemoj.&quot;<\/p><\/blockquote>","protected":false},"excerpt":{"rendered":"<p>Agordigebla RFID-karto por efika sekvado de \u0109eesto kaj sekura alirkontrolo, kun teknologio MIFARE Classic1K kaj da\u016dra materialo de PVC\/PET.<\/p>","protected":false},"featured_media":3357,"template":"","meta":[],"product_brand":[],"product_cat":[46],"product_tag":[],"class_list":{"0":"post-3537","1":"product","2":"type-product","3":"status-publish","4":"has-post-thumbnail","6":"product_cat-nfc-cards","8":"first","9":"instock","10":"shipping-taxable","11":"product-type-simple"},"_links":{"self":[{"href":"https:\/\/nfc-readers.com\/eo\/wp-json\/wp\/v2\/product\/3537","targetHints":{"allow":["GET"]}}],"collection":[{"href":"https:\/\/nfc-readers.com\/eo\/wp-json\/wp\/v2\/product"}],"about":[{"href":"https:\/\/nfc-readers.com\/eo\/wp-json\/wp\/v2\/types\/product"}],"wp:featuredmedia":[{"embeddable":true,"href":"https:\/\/nfc-readers.com\/eo\/wp-json\/wp\/v2\/media\/3357"}],"wp:attachment":[{"href":"https:\/\/nfc-readers.com\/eo\/wp-json\/wp\/v2\/media?parent=3537"}],"wp:term":[{"taxonomy":"product_brand","embeddable":true,"href":"https:\/\/nfc-readers.com\/eo\/wp-json\/wp\/v2\/product_brand?post=3537"},{"taxonomy":"product_cat","embeddable":true,"href":"https:\/\/nfc-readers.com\/eo\/wp-json\/wp\/v2\/product_cat?post=3537"},{"taxonomy":"product_tag","embeddable":true,"href":"https:\/\/nfc-readers.com\/eo\/wp-json\/wp\/v2\/product_tag?post=3537"}],"curies":[{"name":"wp","href":"https:\/\/api.w.org\/{rel}","templated":true}]}}