{"id":3538,"date":"2024-11-06T11:31:12","date_gmt":"2024-11-06T11:31:12","guid":{"rendered":"https:\/\/nfc-readers.com\/?post_type=product&#038;p=3538"},"modified":"2024-11-06T11:31:12","modified_gmt":"2024-11-06T11:31:12","slug":"ntag213-nfc-card-with-qr-code-printed-for-whatsapp-marketing","status":"publish","type":"product","link":"https:\/\/nfc-readers.com\/eo\/ic-reader\/ntag213-nfc-card-with-qr-code-printed-for-whatsapp-marketing\/","title":{"rendered":"NTAG213 NFC-Karto kun QR-kodo Presita por Whatsapp Merkatado"},"content":{"rendered":"<h1><span style=\"color: #000080;\"><strong>NTAG213 NFC-Karto kun QR-kodo Presita por Whatsapp Merkatado<\/strong><\/span><\/h1>\n<div class=\"chat-list relative custom-scrollbar-reset-margin custom-scrollbar custom-scrollbar-hidden custom-scrollbar-float pb-9 flex-1 overflow-y-auto\">\n<div class=\"mx-auto max-w-[790px]\">\n<div class=\"message-item-outer relative px-4 mb-2\" data-id=\"314708bd-f25a-4472-bc0c-0927c643c147\">\n<div class=\"content-area pl-[0px]\">\n<div class=\"message-item select-text relative\">\n<div class=\"message-inner relative\">\n<div class=\"py-[2px]\">\n<div class=\"flex flex-col gap-2\">\n<div class=\"answer-markdown-box overflow-x-auto select-text custom-scrollbar\">\n<div class=\"markdown-body\">\n<h3><span style=\"color: #008080;\"><strong>Revoluciu Vian Klientan Enga\u011di\u011don<\/strong><\/span><\/h3>\n<p>En la hodia\u016da cifereca epoko, entreprenoj konstante ser\u0109as novigajn manierojn por kunlabori kun siaj klientoj kaj reklami sian markon. Unu efika maniero fari tion estas uzi NFC (Near Field Communication) teknologion, specife NTAG213 NFC-kartojn kun QR-koda presado.<\/p>\n<p>\u0108i tiuj kartoj fari\u011dis \u0109iam pli popularaj por WhatsApp-merkatado, permesante al entreprenoj administri sian privatan trafikon kaj konekti kun klientoj en pli persona kaj interaga maniero.<\/p>\n<p>&nbsp;<\/p>\n<\/div>\n<\/div>\n<\/div>\n<\/div>\n<p>&nbsp;<\/p>\n<div class=\"py-[2px]\">\n<div class=\"flex flex-col gap-2\">\n<div class=\"answer-markdown-box overflow-x-auto select-text custom-scrollbar\">\n<div class=\"markdown-body\">\n<h2 style=\"text-align: center;\"><span style=\"color: #333399;\"><em><strong>Avanta\u011doj de NTAG213 NFC-Karto<\/strong><\/em><\/span><\/h2>\n<p>NTAG213 NFC-kartoj kun QR-koda presado ofertas gamon da avanta\u011doj por entreprenoj, kiuj volas plibonigi siajn klientajn enga\u011di\u011dojn kaj merkatajn klopodojn. \u0108i tiuj avanta\u011doj inkluzivas:<\/p>\n<ul>\n<li><strong>Facila uzi kaj administri<\/strong>: NTAG213 NFC-kartoj estas simplaj uzeblaj kaj administreblaj, permesante al entreprenoj facile krei kaj dividi WhatsApp-ligojn kun siaj klientoj.<\/li>\n<li><strong>Alta kapablo<\/strong>: NTAG213 NFC-kartoj havas grandan memorkapaciton, permesante al entreprenoj stoki signifan kvanton da datumoj, kiel WhatsApp-ligoj, kontaktinformoj kaj pli.<\/li>\n<li><strong>Agordigebla<\/strong>: NTAG213 NFC-kartoj povas esti personecigitaj per diversaj presaj opcioj, inkluzive de QR-kodoj, permesante al entreprenoj personecigi siajn merkatajn klopodojn.<\/li>\n<li><\/li>\n<\/ul>\n<p>&nbsp;<\/p>\n<\/div>\n<p>&nbsp;<\/p>\n<div class=\"markdown-body\">\n<h2 style=\"text-align: center;\"><span style=\"color: #333399;\"><em><strong>Trajtoj de NTAG213 NFC-Karto<\/strong><\/em><\/span><\/h2>\n<p>NTAG213 NFC-kartoj kun QR-koda presado por WhatsApp-merkatado havas gamon da altnivelaj funkcioj, inkluzive:<\/p>\n<ul>\n<li><strong>Kongruo kun WhatsApp<\/strong>: NTAG213 NFC-kartoj estas specife dizajnitaj por labori kun WhatsApp, permesante al entreprenoj facile krei kaj dividi WhatsApp-ligojn kun siaj klientoj.<\/li>\n<li><strong>QR-koda presado<\/strong>: NTAG213 NFC-kartoj prezentas QR-kodan presadon, permesante al entreprenoj facile personecigi siajn merkatajn klopodojn.<\/li>\n<li><strong>NFC-teknologio<\/strong>: NTAG213 NFC-kartoj uzas altnivelan NFC-teknologion, ebligante rapidan kaj fidindan transdonon de datumoj inter la karto kaj po\u015dtelefono.<\/li>\n<li><strong>Altsekureca \u0109ifrado<\/strong>: NTAG213-NFC-kartoj havas altnivelan sekurecan \u0109ifradon, protektante kontra\u016d nea\u016dtorizita aliro kaj certigante, ke klientdatenoj restas sekuraj.<\/li>\n<\/ul>\n<p>&nbsp;<\/p>\n<\/div>\n<p>&nbsp;<\/p>\n<div class=\"markdown-body\">\n<h2 style=\"text-align: center;\"><span style=\"color: #333399;\"><em><strong>Specifoj<\/strong><\/em><\/span><\/h2>\n<div class=\"table-with-header rounded-lg border border-solid border-grey-line2-normal w-fit max-w-full mb-2\">\n<div class=\"overflow-x-auto custom-scrollbar custom-scrollbar-float max-w-full\">\n<table class=\"w-fit !mb-0 !max-w-none\">\n<thead>\n<tr>\n<th>Specifo<\/th>\n<th>Valoro<\/th>\n<\/tr>\n<\/thead>\n<tbody>\n<tr>\n<td>Materialo<\/td>\n<td>PVC<\/td>\n<\/tr>\n<tr>\n<td>Grandeco<\/td>\n<td>Kutimo<\/td>\n<\/tr>\n<tr>\n<td>Memoro<\/td>\n<td>144 bajtoj<\/td>\n<\/tr>\n<tr>\n<td>Blato<\/td>\n<td>NTAG213<\/td>\n<\/tr>\n<tr>\n<td>Presado<\/td>\n<td>QR-koda presado subtenata<\/td>\n<\/tr>\n<tr>\n<td>Pakado<\/td>\n<td>200pcs \/interna blanka skatolo .25 skatolo \/kartono, Kartono grandeco: 48<em>22.5<\/em>30 cm<\/td>\n<\/tr>\n<tr>\n<td>Vendado de Unuoj<\/td>\n<td>Ununura ero<\/td>\n<\/tr>\n<tr>\n<td>Ununura paka grandeco<\/td>\n<td>35X1,5X0,02 cm<\/td>\n<\/tr>\n<tr>\n<td>Ununura malneta pezo<\/td>\n<td>0,010 kg<\/td>\n<\/tr>\n<\/tbody>\n<\/table>\n<p>&nbsp;<\/p>\n<\/div>\n<\/div>\n<h2 style=\"text-align: center;\"><span style=\"color: #333399;\"><em><strong>Kiel Uzi NTAG213 NFC-Karton\u00a0<\/strong><\/em><\/span><\/h2>\n<p>Uzi NTAG213 NFC-karton estas facila kaj simpla. Jen pa\u015do post pa\u015do por komenci vin:<\/p>\n<ol>\n<li><strong>Kreu WhatsApp-ligon<\/strong>: Kreu WhatsApp-ligon uzante la formaton &quot;<a href=\"https:\/\/wa.me\/WhatsAppnumber\" target=\"_blank\" rel=\"noopener\">https:\/\/wa.me\/WhatsAppnumber<\/a>&quot;, kie &quot;WhatsAppnumber&quot; estas via telefonnumero en internacia formato.<\/li>\n<li><strong>Programu la WhatsApp-ligon<\/strong>: Programu la WhatsApp-ligilon sur la NTAG213-NFC-karton per kongrua aparato kaj programaro.<\/li>\n<li><strong>Agordu la karton<\/strong>: Agordu la NTAG213-NFC-karton kun la marka kaj merkatiga mesa\u011do de via komerco.<\/li>\n<li><strong>Disdonu la karton<\/strong>: Disdonu la NTAG213 NFC-karton al viaj klientoj, \u0109u persone a\u016d per la po\u015dto.<\/li>\n<\/ol>\n<p>&nbsp;<\/p>\n<\/div>\n<p>&nbsp;<\/p>\n<div class=\"markdown-body\">\n<h2 style=\"text-align: center;\"><em><span style=\"color: #333399;\"><strong>Avanta\u011doj de NTAG213 NFC-Karto<\/strong><\/span><\/em><\/h2>\n<p>NTAG213 NFC-kartoj kun QR-koda presado por WhatsApp-merkatado ofertas gamon da avanta\u011doj super tradiciaj merkatmetodoj. \u0108i tiuj avanta\u011doj inkluzivas:<\/p>\n<ul>\n<li><strong>Pliigita enga\u011di\u011do<\/strong>: NTAG213-NFC-kartoj kun QR-koda presado por WhatsApp-merkatado permesas al entreprenoj enga\u011di\u011di kun klientoj en pli persona kaj interaga maniero.<\/li>\n<li><strong>Plibonigita markrekono<\/strong>: NTAG213 NFC-kartoj kun QR-koda presado por WhatsApp-merkatado povas esti personecigitaj kun la markado kaj merkatika mesa\u011do de komerco, plibonigante markrekonon kaj konscion.<\/li>\n<li><strong>Kostefika<\/strong>: NTAG213 NFC-kartoj kun QR-koda presado por WhatsApp-merkatado estas pagebla merkata solvo, ofertanta altan profiton de investo por entreprenoj.<\/li>\n<\/ul>\n<p>&nbsp;<\/p>\n<h2 style=\"text-align: center;\"><span style=\"color: #008080;\"><em><strong>ELEKTU NI NUN!<\/strong><\/em><\/span><\/h2>\n<p>NTAG213 NFC-kartoj kun QR-koda presado por WhatsApp-merkatado estas pionira kaj efika maniero por interrilati kun klientoj kaj reklami vian markon. Kun ilia facileco de uzo, alta kapablo, sekura \u0109ifrado kaj agordebla dezajno, NTAG213 NFC-kartoj kun QR-koda presado por WhatsApp-merkatado estas ideala solvo por entreprenoj, kiuj volas plibonigi sian klientan enga\u011di\u011don kaj merkatigajn klopodojn.<\/p>\n<\/div>\n<\/div>\n<\/div>\n<\/div>\n<\/div>\n<\/div>\n<\/div>\n<\/div>\n<\/div>\n<\/div>","protected":false},"excerpt":{"rendered":"<p><strong>NTAG213 NFC-Karto kun QR-Kodo por WhatsApp Merkatado<\/strong>: Revoluciu vian klientan enga\u011di\u011don per facile uzeblaj, altkapacaj kaj agordeblaj NFC-kartoj por personigita merkatado.<\/p>","protected":false},"featured_media":3543,"template":"","meta":[],"product_brand":[],"product_cat":[46],"product_tag":[],"class_list":{"0":"post-3538","1":"product","2":"type-product","3":"status-publish","4":"has-post-thumbnail","6":"product_cat-nfc-cards","8":"first","9":"instock","10":"shipping-taxable","11":"product-type-simple"},"_links":{"self":[{"href":"https:\/\/nfc-readers.com\/eo\/wp-json\/wp\/v2\/product\/3538","targetHints":{"allow":["GET"]}}],"collection":[{"href":"https:\/\/nfc-readers.com\/eo\/wp-json\/wp\/v2\/product"}],"about":[{"href":"https:\/\/nfc-readers.com\/eo\/wp-json\/wp\/v2\/types\/product"}],"wp:featuredmedia":[{"embeddable":true,"href":"https:\/\/nfc-readers.com\/eo\/wp-json\/wp\/v2\/media\/3543"}],"wp:attachment":[{"href":"https:\/\/nfc-readers.com\/eo\/wp-json\/wp\/v2\/media?parent=3538"}],"wp:term":[{"taxonomy":"product_brand","embeddable":true,"href":"https:\/\/nfc-readers.com\/eo\/wp-json\/wp\/v2\/product_brand?post=3538"},{"taxonomy":"product_cat","embeddable":true,"href":"https:\/\/nfc-readers.com\/eo\/wp-json\/wp\/v2\/product_cat?post=3538"},{"taxonomy":"product_tag","embeddable":true,"href":"https:\/\/nfc-readers.com\/eo\/wp-json\/wp\/v2\/product_tag?post=3538"}],"curies":[{"name":"wp","href":"https:\/\/api.w.org\/{rel}","templated":true}]}}