{"id":3552,"date":"2024-11-06T15:59:31","date_gmt":"2024-11-06T15:59:31","guid":{"rendered":"https:\/\/nfc-readers.com\/?post_type=product&#038;p=3552"},"modified":"2024-11-06T16:18:13","modified_gmt":"2024-11-06T16:18:13","slug":"contactless-cr80-plastic-ntag-216-nfc-loyalty-card","status":"publish","type":"product","link":"https:\/\/nfc-readers.com\/eo\/ic-reader\/contactless-cr80-plastic-ntag-216-nfc-loyalty-card\/","title":{"rendered":"Senkontakta CR80 plasta Ntag 216 NFC-lojaleckarto"},"content":{"rendered":"<h1 style=\"text-align: center;\"><span style=\"color: #000080;\"><strong>Senkontakta CR80 plasta Ntag 216 NFC-lojaleckarto<\/strong><\/span><\/h1>\n<p>&nbsp;<\/p>\n<h2 style=\"text-align: center;\"><span style=\"color: #008080;\"><em><strong>Revoluciante Klientan Enga\u011di\u011don<\/strong><\/em><\/span><\/h2>\n<p><strong><span style=\"color: #666699;\">En la hodia\u016da cifereca epoko, entreprenoj konstante ser\u0109as novigajn manierojn por kunlabori kun siaj klientoj kaj reklami sian markon. Unu efika maniero fari tion estas uzi NFC (Near Field Communication) teknologion, specife senkontaktajn CR80 plastajn Ntag216 NFC-lojaleckartojn.<\/span><\/strong><\/p>\n<p>&nbsp;<\/p>\n<p>&nbsp;<\/p>\n<h2 style=\"text-align: center;\"><em><strong><span style=\"color: #333399;\">Avanta\u011doj de Ntag216 NFC-Kartoj<\/span><\/strong><\/em><\/h2>\n<ol>\n<li><strong>Komforto<\/strong>: Senkontaktaj CR80 plastaj Ntag216 NFC-lojaleckartoj ofertas oportunan manieron por klientoj enga\u011di\u011di kun entreprenoj, sen la bezono de fizika kontakto a\u016d mana enigo de datumoj.<\/li>\n<li><strong>Personigita Sperto<\/strong>: Senkontaktaj CR80 plastaj Ntag216 NFC-lojaleckartoj povas esti personecigitaj kun la marko kaj merkatiga mesa\u011do de komerco, provizante personigitan sperton por klientoj.<\/li>\n<li><strong>Pliigita Enga\u011di\u011do<\/strong>: Senkontaktaj CR80 plastaj Ntag216 NFC-lojaleckartoj povas helpi entreprenojn pliigi klientenga\u011di\u011don, provizante unikan kaj interagan manieron por klientoj interagi kun sia marko.<\/li>\n<\/ol>\n<p>&nbsp;<\/p>\n<p>&nbsp;<\/p>\n<h2 style=\"text-align: center;\"><span style=\"color: #333399;\"><em><strong>Uzante Contactless Ntag216 NFC-Kartojn<\/strong><\/em><\/span><\/h2>\n<p>Uzi senkontaktajn CR80 plastajn Ntag216 NFC-lojaleckartojn estas facila kaj simpla. Jen pa\u015do post pa\u015do por komenci vin:<\/p>\n<ol>\n<li><strong>Kreu Po\u015dtelefonan Apon<\/strong>: Kreu po\u015dtelefonon kongruan kun senkontaktaj CR80 plastaj Ntag216 NFC-lojaleckartoj.<\/li>\n<li><strong>Programu la Karton<\/strong>: Programu la senkontaktan CR80 plastan Ntag216 NFC-lojaleckarton kun la marka kaj merkatiga mesa\u011do de via komerco.<\/li>\n<li><strong>Disdonu la Karton<\/strong>: Disdonu la senkontaktan CR80 plastan Ntag216 NFC-lojaleckarton al viaj klientoj.<\/li>\n<li><strong>Enga\u011di\u011du kun Klientoj<\/strong>: Enga\u011di\u011du kun viaj klientoj provizante unikan kaj interagan sperton per la senkontakta CR80 plasta Ntag216 NFC-lojaleckarto.<\/li>\n<\/ol>\n<p>&nbsp;<\/p>\n<p style=\"text-align: center;\">\n<h2 style=\"text-align: center;\"><span style=\"color: #333399;\"><em><strong>Teknikaj Specifoj<\/strong><\/em><\/span><\/h2>\n<div class=\"table-with-header rounded-lg border border-solid border-grey-line2-normal w-fit max-w-full mb-2\">\n<div class=\"overflow-x-auto custom-scrollbar custom-scrollbar-float max-w-full\">\n<table class=\"w-fit !mb-0 !max-w-none\" style=\"height: 510px;\" width=\"432\">\n<thead>\n<tr>\n<th>Specifo<\/th>\n<th>Valoro<\/th>\n<\/tr>\n<\/thead>\n<tbody>\n<tr>\n<td>Loko de Origino<\/td>\n<td>Guangdong, \u0108inio<\/td>\n<\/tr>\n<tr>\n<td>Apliko<\/td>\n<td>Vizitkarto<\/td>\n<\/tr>\n<tr>\n<td>Produkta nomo<\/td>\n<td>NFC-karto<\/td>\n<\/tr>\n<tr>\n<td>Materialo<\/td>\n<td>PVC<\/td>\n<\/tr>\n<tr>\n<td>Grandeco<\/td>\n<td>85.5 * 54mm \/ Propra<\/td>\n<\/tr>\n<tr>\n<td><\/td>\n<td><\/td>\n<\/tr>\n<tr>\n<td>Presado<\/td>\n<td>ofsetting\/CMYK4C Presado\/silkscreen Printing<\/td>\n<\/tr>\n<tr>\n<td>Ofteco<\/td>\n<td>13.56 MHz<\/td>\n<\/tr>\n<tr>\n<td>Blato<\/td>\n<td>Ntag216<\/td>\n<\/tr>\n<tr>\n<td>Memoro<\/td>\n<td>888 bajto<\/td>\n<\/tr>\n<tr>\n<td>Plumbotempo<\/td>\n<td>7-10 tagoj<\/td>\n<\/tr>\n<tr>\n<td>Protokolo<\/td>\n<td>ISO\/IEC14443A<\/td>\n<\/tr>\n<tr>\n<td>Legdistanco<\/td>\n<td>1-10 cm<\/td>\n<\/tr>\n<tr>\n<td>Pakado kaj livero<\/td>\n<td>Ununura ero<\/td>\n<\/tr>\n<tr>\n<td>Ununura paka grandeco<\/td>\n<td>8,55X5,4X0,08 cm<\/td>\n<\/tr>\n<tr>\n<td>Ununura malneta pezo<\/td>\n<td>0,006 kg<\/td>\n<\/tr>\n<\/tbody>\n<\/table>\n<\/div>\n<\/div>\n<p>&nbsp;<\/p>\n<h2 style=\"text-align: center;\"><span style=\"color: #333399;\"><em><strong>Oftaj Demandoj<\/strong><\/em><\/span><\/h2>\n<ol>\n<li><strong>Kio estas senkontakta CR80 plasta Ntag216 NFC-lojaleckarto?<\/strong><br \/>\nSenkontakta CR80 plasta Ntag216 NFC-lojaleckarto estas speco de karto, kiu uzas NFC-teknologion por stoki kaj transdoni datumojn inter la karto kaj movebla aparato.<\/li>\n<li><strong>Kio estas la avanta\u011doj de uzado de senkontaktaj CR80 plastaj Ntag216 NFC-lojaleckartoj?<\/strong><br \/>\nLa avanta\u011doj de uzado de senkontaktaj CR80 plastaj Ntag216 NFC-lojaleckartoj inkluzivas oportunon, personigitan sperton kaj pliigitan enga\u011di\u011don.<\/li>\n<\/ol>\n<p>&nbsp;<\/p>\n<p>&nbsp;<\/p>\n<h2 style=\"text-align: center;\"><span style=\"color: #333399;\"><em><strong>Kial Elekti Nin?<\/strong><\/em><\/span><\/h2>\n<p><strong><span style=\"color: #008080;\">Ni ofertas altkvalitajn senkontaktajn CR80 plastajn Ntag216 NFC-lojaleckartojn, kiuj estas dezajnitaj por renkonti la bezonojn de entreprenoj, kiuj volas interagadi kun siaj klientoj en unika kaj interaga maniero. Jen kelkaj kialoj, kial vi devus elekti nin:<\/span><\/strong><\/p>\n<ul>\n<li><strong>Senpagaj Specimenoj<\/strong>: Ni ofertas senpagajn specimenojn de niaj senpagaj CR80 plastaj Ntag216 NFC-lojaleckartoj, do vi povas provi anta\u016d ol vi a\u0109etas.<\/li>\n<li><strong>Malalta Prezo<\/strong>: Ni ofertas konkurencivan prezon por niaj senkontaktaj CR80 plastaj Ntag216 NFC-lojaleckartoj, farante ilin pagebla solvo por entreprenoj de \u0109iuj grandecoj.<\/li>\n<li><strong>Alta Kvalito<\/strong>: Niaj senkontaktaj CR80 plastaj Ntag216 NFC-lojaleckartoj estas faritaj per altkvalitaj materialoj kaj estas dizajnitaj por da\u016dri.<\/li>\n<li><strong>Fabriko de Produktado<\/strong>: Ni havas nian propran produktadfabrikon, kio signifas, ke ni povas oferti rapidajn turnajn tempojn kaj alt-volumajn produktadkapablojn.<\/li>\n<li><strong>Vario de Opcioj<\/strong>: Ni ofertas diversajn eblojn por niaj senkontaktaj CR80 plastaj Ntag216 NFC-lojaleckartoj, inkluzive de malsamaj grandecoj, materialoj kaj presaj opcioj.<\/li>\n<\/ul>","protected":false},"excerpt":{"rendered":"<p>Senkontakta CR80 Plasta Ntag216 NFC-lojaleckarto - Revoluciu klientan enga\u011di\u011don per niaj altkvalitaj, agordeblaj kaj oportunaj NFC-lojaleckartoj.<\/p>","protected":false},"featured_media":3592,"template":"","meta":[],"product_brand":[],"product_cat":[46],"product_tag":[],"class_list":{"0":"post-3552","1":"product","2":"type-product","3":"status-publish","4":"has-post-thumbnail","6":"product_cat-nfc-cards","8":"first","9":"instock","10":"shipping-taxable","11":"product-type-simple"},"_links":{"self":[{"href":"https:\/\/nfc-readers.com\/eo\/wp-json\/wp\/v2\/product\/3552","targetHints":{"allow":["GET"]}}],"collection":[{"href":"https:\/\/nfc-readers.com\/eo\/wp-json\/wp\/v2\/product"}],"about":[{"href":"https:\/\/nfc-readers.com\/eo\/wp-json\/wp\/v2\/types\/product"}],"wp:featuredmedia":[{"embeddable":true,"href":"https:\/\/nfc-readers.com\/eo\/wp-json\/wp\/v2\/media\/3592"}],"wp:attachment":[{"href":"https:\/\/nfc-readers.com\/eo\/wp-json\/wp\/v2\/media?parent=3552"}],"wp:term":[{"taxonomy":"product_brand","embeddable":true,"href":"https:\/\/nfc-readers.com\/eo\/wp-json\/wp\/v2\/product_brand?post=3552"},{"taxonomy":"product_cat","embeddable":true,"href":"https:\/\/nfc-readers.com\/eo\/wp-json\/wp\/v2\/product_cat?post=3552"},{"taxonomy":"product_tag","embeddable":true,"href":"https:\/\/nfc-readers.com\/eo\/wp-json\/wp\/v2\/product_tag?post=3552"}],"curies":[{"name":"wp","href":"https:\/\/api.w.org\/{rel}","templated":true}]}}