{"id":3553,"date":"2024-11-06T12:50:53","date_gmt":"2024-11-06T12:50:53","guid":{"rendered":"https:\/\/nfc-readers.com\/?post_type=product&#038;p=3553"},"modified":"2024-11-06T12:50:53","modified_gmt":"2024-11-06T12:50:53","slug":"nfc-rfid-sticker-alien-h9-9662-9654-9610-9640-long-read-range","status":"publish","type":"product","link":"https:\/\/nfc-readers.com\/eo\/ic-reader\/nfc-rfid-sticker-alien-h9-9662-9654-9610-9640-long-read-range\/","title":{"rendered":"NFC RFID glumarko Alien H9 9662 9654 9610 9640 Longa legoga gamo"},"content":{"rendered":"<h1 style=\"text-align: center;\"><strong>NFC RFID glumarko Alien H9 9662 9654 9610 9640 Longa legoga gamo<\/strong><\/h1>\n<p>En la nuntempa rapida cifereca mondo, efika komunikado kaj informa translokigo povas multe plibonigi funkcian efikecon. La <strong>NFC RFID glumarko Alien H9<\/strong>\u00a0estas escepta solvo, fanfaronanta a\u00a0<strong>longa legado<\/strong>\u00a0kaj altnivela funkcieco kiu servas al diversaj aplikoj, inkluzive de parkado, stokregistrado kaj pli. Kun impona legodistanco de\u00a0<strong>3-7 metroj<\/strong>, \u0109i tiu diverstalenta glumarko certigas senjuntan interagadon inter NFC-ebligitaj aparatoj, revoluciante kiel uzantoj okupi\u011das pri datumoj.<\/p>\n<p>Integrante avangardan teknologion en kompakta formato, la Alien H9-etikedo povas altigi viajn komercajn procezojn, plibonigi klientajn spertojn kaj faciligi senpenan konekteblecon. Malkovru la nekredeblajn avanta\u011dojn de la glumarko Alien H9 NFC RFID por kompreni kial \u011di estas inda investo por viaj bezonoj.<\/p>\n<p>&nbsp;<\/p>\n<h2>Superrigardo de NFC kaj RFID Teknologio<\/h2>\n<p>NFC (Near Field Communication) kaj RFID (Radiofrekvenca Identigo) estas potencaj sendrataj komunikadoteknologioj kiuj faciligas datum\u015dan\u011don inter aparatoj. NFC ebligas sekurajn transakciojn kaj interagojn proksime, dum RFID ebligas pli longajn legadojn, igante \u011din esenca por diversaj industrioj. La\u00a0<strong>Eksterterano H9<\/strong>\u00a0NFC RFID-glumarko kombinas \u0109i tiujn du teknologiojn, utiligante oftecon de\u00a0<strong>860-960 MHz<\/strong>, certigante optimuman efikecon tra diversaj aplikoj.<\/p>\n<p>&nbsp;<\/p>\n<h2>\u015closilaj Specifoj de Alien H9 NFC RFID-Glumarko<\/h2>\n<p>La\u00a0<strong>Alien H9 NFC RFID-glumarko<\/strong>\u00a0estas ekipita per diversaj funkcioj kaj specifoj dezajnitaj por plenumi modernajn teknologiajn postulojn:<\/p>\n<ul>\n<li><strong>Tipo de blato<\/strong>: Eksterterano H9<\/li>\n<li><strong>Etikedo Grandeco<\/strong>: 92 x 26 mm<\/li>\n<li><strong>Grandeco de Anteno<\/strong>: 70 x 17 mm<\/li>\n<li><strong>EPC Memoro<\/strong>: 128-bit<\/li>\n<li><strong>Lega Distanco<\/strong>: Avera\u011de, 3-7 metroj<\/li>\n<li><strong>Ofteco<\/strong>: Funkcias \u0109e 860-960 MHz<\/li>\n<li><strong>Produktado Origino<\/strong>: Guangdong, \u0108inio<\/li>\n<li><strong>Komerca nomo<\/strong>: SX<\/li>\n<li><strong>Modela Nombro<\/strong>: SX-050<\/li>\n<\/ul>\n<p>\u0108i tiuj specifoj reliefigas la alt-efikan kaj efikan dezajnon, kiu faras la Alien H9 gvidanton en la merkato.<\/p>\n<p>&nbsp;<\/p>\n<h2>Detalaj Teknikaj Specifoj<\/h2>\n<table class=\"w-fit !mb-0 !max-w-none\" style=\"height: 196px;\" width=\"401\">\n<thead>\n<tr>\n<th>Specifo<\/th>\n<th>Detaloj<\/th>\n<\/tr>\n<\/thead>\n<tbody>\n<tr>\n<td><strong>Komunika Interfaco<\/strong><\/td>\n<td>RFID<\/td>\n<\/tr>\n<tr>\n<td><strong>Karto-Tipo<\/strong><\/td>\n<td>Legu\/Skribu<\/td>\n<\/tr>\n<tr>\n<td><strong>Surfaca Fino<\/strong><\/td>\n<td>Brila\/Mate<\/td>\n<\/tr>\n<tr>\n<td><strong>Presado<\/strong><\/td>\n<td>CMYK Ofseta Rula Preso<\/td>\n<\/tr>\n<tr>\n<td><strong>Pako Grandeco<\/strong><\/td>\n<td>20 x 10 x 1 cm<\/td>\n<\/tr>\n<tr>\n<td><strong>Malneta Pezo<\/strong><\/td>\n<td>0,100 kg<\/td>\n<\/tr>\n<\/tbody>\n<\/table>\n<p>&nbsp;<\/p>\n<h2>Oftaj Demandoj pri Alien H9 NFC RFID Sticker<\/h2>\n<p><strong>Q1: Kiom longa estas la legaddistanco?<\/strong><br \/>\nA1: La legaddistanco kutime varias de\u00a0<strong>3 \u011dis 7 metroj<\/strong>, depende de mediaj kondi\u0109oj.<\/p>\n<p><strong>Q2: \u0108u la glumarko estas agordebla?<\/strong><br \/>\nA2: Jes, la Alien H9 subtenas personigon per koda presado kaj kodado por unikaj aplikoj.<\/p>","protected":false},"excerpt":{"rendered":"<p>La NFC RFID-Glumarko Alien H9 estas desegnita por optimuma rendimento kun longa legado, igante \u011din ideala por diversaj aplikoj kiel inventa administrado kaj sekura alirkontrolo. \u011cia da\u016dra konstruo certigas fidindecon en diversaj medioj.<\/p>","protected":false},"featured_media":3558,"template":"","meta":[],"product_brand":[],"product_cat":[48],"product_tag":[],"class_list":{"0":"post-3553","1":"product","2":"type-product","3":"status-publish","4":"has-post-thumbnail","6":"product_cat-nfc-stickers","8":"first","9":"instock","10":"shipping-taxable","11":"product-type-simple"},"_links":{"self":[{"href":"https:\/\/nfc-readers.com\/eo\/wp-json\/wp\/v2\/product\/3553","targetHints":{"allow":["GET"]}}],"collection":[{"href":"https:\/\/nfc-readers.com\/eo\/wp-json\/wp\/v2\/product"}],"about":[{"href":"https:\/\/nfc-readers.com\/eo\/wp-json\/wp\/v2\/types\/product"}],"wp:featuredmedia":[{"embeddable":true,"href":"https:\/\/nfc-readers.com\/eo\/wp-json\/wp\/v2\/media\/3558"}],"wp:attachment":[{"href":"https:\/\/nfc-readers.com\/eo\/wp-json\/wp\/v2\/media?parent=3553"}],"wp:term":[{"taxonomy":"product_brand","embeddable":true,"href":"https:\/\/nfc-readers.com\/eo\/wp-json\/wp\/v2\/product_brand?post=3553"},{"taxonomy":"product_cat","embeddable":true,"href":"https:\/\/nfc-readers.com\/eo\/wp-json\/wp\/v2\/product_cat?post=3553"},{"taxonomy":"product_tag","embeddable":true,"href":"https:\/\/nfc-readers.com\/eo\/wp-json\/wp\/v2\/product_tag?post=3553"}],"curies":[{"name":"wp","href":"https:\/\/api.w.org\/{rel}","templated":true}]}}