{"id":3564,"date":"2024-11-06T13:06:22","date_gmt":"2024-11-06T13:06:22","guid":{"rendered":"https:\/\/nfc-readers.com\/?post_type=product&#038;p=3564"},"modified":"2024-11-14T14:59:24","modified_gmt":"2024-11-14T14:59:24","slug":"t5577-dia-25mm-coated-paper-programmable-flexible-rfid-tag","status":"publish","type":"product","link":"https:\/\/nfc-readers.com\/eo\/ic-reader\/t5577-dia-25mm-coated-paper-programmable-flexible-rfid-tag\/","title":{"rendered":"T5577 Dia 25mm kovrita papero Programebla Fleksebla RFID-etikedo"},"content":{"rendered":"<h1 style=\"text-align: center;\"><strong>T5577 Dia 25mm kovrita papero Programebla Fleksebla RFID-etikedo<\/strong><\/h1>\n<p>La <strong>T5577 Dia 25mm Tegita Papero Programebla Fleksebla RFID-Etikedo<\/strong>\u00a0estas rimarkinda produkto en la mondo de NFC-teknologio, dizajnita por plibonigi biletajn solvojn kaj simpligi identigajn procezojn tra diversaj industrioj.<\/p>\n<p>Kun la progresinta blato T5577 enigita ene de rezistema kaj diverstalenta dezajno, \u0109i tiu RFID-etikedo kunigas funkciecon kun oportuno. \u0108i tiu priskribo gvidos vin tra la avanta\u011doj, funkcioj, specifoj kaj pli, elstarigante kial \u0109i tiu etikedo estas necesa por viaj komercaj a\u016d personaj bezonoj.<\/p>\n<p>&nbsp;<\/p>\n<h3><strong>Komunikada Interfaco: Kiel la RFID Funkcias<\/strong><\/h3>\n<p>Ekipita per potenca\u00a0<strong>RFID<\/strong>\u00a0komunika interfaco, la 12T5577 funkcias kun ofteco de\u00a0<strong>125KHz<\/strong>. \u0108i tio permesas komunikadon inter la etikedo kaj NFC-ebligitaj aparatoj a\u016d legantoj, faciligante rapidajn datum\u015dan\u011dojn. Simple frapeti vian\u00a0<strong>NFC-ebligita po\u015dtelefono a\u016d aparato<\/strong>\u00a0kontra\u016d la etikedo por preni a\u016d skribi informojn tuj.<\/p>\n<p>&nbsp;<\/p>\n<p>&nbsp;<\/p>\n<h3><strong>Aplikaj Areoj: De Biletado \u011dis Aktiva Administrado<\/strong><\/h3>\n<p>La T5577 RFID-etikedoj estas \u0109efe dizajnitaj por <strong>biletado<\/strong>\u00a0aplikoj sed povas efike esti utiligitaj en diversaj kampoj inkluzive de podetala stokadministrado, alirkontrolsistemoj, kaj okaza\u0135administrado. Ilia kapablo facile programi kaj reverki datumojn igas ilin escepte utilaj en dinamikaj medioj, kie informoj devas esti ofte \u011disdatigitaj.<\/p>\n<p>&nbsp;<\/p>\n<h3><strong>Kial A\u0109eti la 12T5577 RFID-Etikedon?<\/strong><\/h3>\n<p>Investante en la\u00a0<strong>12T5577 RFID-etikedo<\/strong>\u00a0signifas elekti efikecon, adapteblecon kaj fortikecon. Male al tradiciaj identigaj metodoj, RFID-etikedoj disponigas rapidan datumaliron kaj povas esti programitaj por stoki diversajn informojn facile. Por entreprenoj implikitaj en biletado, inventadministrado a\u016d serva identigo, \u0109i tiuj etikedoj simpligas operaciojn draste, reduktas homan eraron kaj plibonigas klientan sperton.<\/p>\n<p>Farita el kovrita papero kun diametro de 25 mm, la etikedo estas kaj malpeza kaj fleksebla, igante \u011din ideala por diversaj aplikoj, kiuj iras de markado \u011dis lo\u011distiko. Aldone, \u0109i tiu produkto fanfaronas pri funkcioj kiel ekzemple esti akvorezista\/veterrezista, longa legado de 2 \u011dis 10 cm, kaj skribciklo de \u011dis 100,000 fojojn, certigante longvivecon kaj fidindan agadon.<\/p>\n<p>&nbsp;<\/p>\n<h3><strong>Teknikaj Specifoj<\/strong><\/h3>\n<table class=\"w-fit !mb-0 !max-w-none\" style=\"height: 285px;\" width=\"426\">\n<thead>\n<tr>\n<th><strong>Specifo<\/strong><\/th>\n<th><strong>Detaloj<\/strong><\/th>\n<\/tr>\n<\/thead>\n<tbody>\n<tr>\n<td><strong>Blato<\/strong><\/td>\n<td>T5577<\/td>\n<\/tr>\n<tr>\n<td><strong>Grandeco<\/strong><\/td>\n<td>Dia 25mm<\/td>\n<\/tr>\n<tr>\n<td><strong>Materialo<\/strong><\/td>\n<td>Tegita papero<\/td>\n<\/tr>\n<tr>\n<td><strong>Surfaco<\/strong><\/td>\n<td>Matte, Brila, Frostita<\/td>\n<\/tr>\n<tr>\n<td><strong>Leganta Gamo<\/strong><\/td>\n<td>2-10 Cm<\/td>\n<\/tr>\n<tr>\n<td><strong>Protokolo<\/strong><\/td>\n<td>ISO11784\/11785<\/td>\n<\/tr>\n<tr>\n<td><strong>Skriba Ciklo<\/strong><\/td>\n<td>100,000 Tempoj<\/td>\n<\/tr>\n<tr>\n<td><strong>Funkcia Temperaturo<\/strong><\/td>\n<td>20~+80\u00b0C<\/td>\n<\/tr>\n<tr>\n<td><strong>Loko de Origino<\/strong><\/td>\n<td>Guangdong, \u0108inio<\/td>\n<\/tr>\n<tr>\n<td><strong>Presa Opcio<\/strong><\/td>\n<td>4C Offset\/Silk Screen Printing<\/td>\n<\/tr>\n<\/tbody>\n<\/table>\n<p>&nbsp;<\/p>\n<h2><strong>Oftaj Demandoj (FAQs)<\/strong><\/h2>\n<h3><strong>1. Kio estas NFC kaj RFID-teknologioj?<\/strong><\/h3>\n<p><strong>NFC (Near Field Communication)<\/strong>\u00a0kaj\u00a0<strong>RFID (Radiofrekvenca Identigo)<\/strong>\u00a0estas sendrataj komunikadoteknologioj kiuj permesas al aparatoj inter\u015dan\u011di datumojn sur mallongaj distancoj. NFC ofte estas uzita por movaj pagoj kaj datumtransigo, dum RFID estas ofte utiligita por spurado kaj stokregistroadministrado.<\/p>\n<h3><strong>2. Kiel mi programas la T5577 RFID-Etikedojn?<\/strong><\/h3>\n<p>Por programi la 12T5577 RFID-Etikedojn, vi bezonas NFC-ebligitan aparaton kaj kongruan apon. Simple el\u015dutu NFC-skriban apon, malfermu \u011din kaj sekvu la instrukciojn por enigi la datumojn, kiujn vi volas konservi en la etikedo. Post kiam datumoj estas programitaj, la etikedo povas esti legita per iu ajn NFC-ebligita aparato.<\/p>\n<h3><strong>3. Kio estas la legado de la RFID-Etikedo T5577?<\/strong><\/h3>\n<p>La legado por la 12T5577 RFID-Etikedo estas\u00a0<strong>2 \u011dis 10 centimetroj<\/strong>. \u0108i tiu gamo estas optimuma por plej multaj aplikoj, ebligante rapidajn kaj efikajn datumajn inter\u015dan\u011dojn sen la bezono de fizika kontakto.<\/p>\n<h3><strong>4. \u0108u \u0109i tiuj etikedoj estas akvorezistaj?<\/strong><\/h3>\n<p>Jes, la T5577 RFID-Etikedoj estas dezajnitaj por esti akvorezistaj\/veterrezistaj, igante ilin ta\u016dgaj por endomaj kaj eksterlandaj aplikoj. Ili povas elteni ekspozicion al humideco kaj diversaj mediaj kondi\u0109oj.<\/p>","protected":false},"excerpt":{"rendered":"<p>La <strong>T5577 Dia 25mm Tegita Papero Programebla Fleksebla RFID-Etikedo<\/strong>\u00a0estas diverstalenta kaj da\u016drema solvo por efika datumstokado kaj rehavigo, ideala por bileto kaj mastrumado de inventaro. \u011cia akvorezista dezajno, kombinita kun la kapablo esti facile programita kaj personecigita, igas \u011din fidinda elekto por diversaj aplikoj.<\/p>","protected":false},"featured_media":3565,"template":"","meta":[],"product_brand":[],"product_cat":[47],"product_tag":[],"class_list":{"0":"post-3564","1":"product","2":"type-product","3":"status-publish","4":"has-post-thumbnail","6":"product_cat-nfc-tags","8":"first","9":"instock","10":"shipping-taxable","11":"product-type-simple"},"_links":{"self":[{"href":"https:\/\/nfc-readers.com\/eo\/wp-json\/wp\/v2\/product\/3564","targetHints":{"allow":["GET"]}}],"collection":[{"href":"https:\/\/nfc-readers.com\/eo\/wp-json\/wp\/v2\/product"}],"about":[{"href":"https:\/\/nfc-readers.com\/eo\/wp-json\/wp\/v2\/types\/product"}],"wp:featuredmedia":[{"embeddable":true,"href":"https:\/\/nfc-readers.com\/eo\/wp-json\/wp\/v2\/media\/3565"}],"wp:attachment":[{"href":"https:\/\/nfc-readers.com\/eo\/wp-json\/wp\/v2\/media?parent=3564"}],"wp:term":[{"taxonomy":"product_brand","embeddable":true,"href":"https:\/\/nfc-readers.com\/eo\/wp-json\/wp\/v2\/product_brand?post=3564"},{"taxonomy":"product_cat","embeddable":true,"href":"https:\/\/nfc-readers.com\/eo\/wp-json\/wp\/v2\/product_cat?post=3564"},{"taxonomy":"product_tag","embeddable":true,"href":"https:\/\/nfc-readers.com\/eo\/wp-json\/wp\/v2\/product_tag?post=3564"}],"curies":[{"name":"wp","href":"https:\/\/api.w.org\/{rel}","templated":true}]}}