{"id":3578,"date":"2024-11-06T13:26:21","date_gmt":"2024-11-06T13:26:21","guid":{"rendered":"https:\/\/nfc-readers.com\/?post_type=product&#038;p=3578"},"modified":"2024-11-06T13:26:21","modified_gmt":"2024-11-06T13:26:21","slug":"nfc-sticker-manufacturer-customize-anti-counterfeiting-label","status":"publish","type":"product","link":"https:\/\/nfc-readers.com\/eo\/ic-reader\/nfc-sticker-manufacturer-customize-anti-counterfeiting-label\/","title":{"rendered":"NFC-glumarkfabrikisto personecigas kontra\u016dfalsan etikedon"},"content":{"rendered":"<h1 style=\"text-align: center;\"><strong>NFC-glumarkfabrikisto personecigas kontra\u016dfalsan etikedon<\/strong><\/h1>\n<p>&nbsp;<\/p>\n<p>En la hodia\u016da cifereca epoko, la bezono de sekuraj kaj fidindaj markosolvoj neniam estis pli grava. Nia <strong>NFC-glumarkoj<\/strong>, specife desegnita por kontra\u016dfalsaj aplikoj, ofertas revolucian manieron certigi produkton a\u016dtentikecon kaj plibonigi klientan fidon. Tajpita kaj personecigita por diversaj uzoj, nia\u00a0<strong>NFC-etikedoj<\/strong>\u00a0estas pli ol nur glumarkoj; ili estas subskribo de sekureco kiu povas esti perfekte integrita en vian komercon. Uzante altnivelan teknologion kiel la\u00a0<strong>NTAG 424 DNA NFC-Etikedo<\/strong>, \u0109i tiuj glumarkoj disponigas gamon da funkcioj kiuj ne nur protektas viajn produktojn sed anka\u016d enga\u011das viajn klientojn en novaj kaj novigaj manieroj.<\/p>\n<p>&nbsp;<\/p>\n<p><strong>Kial a\u0109eti NFC-glumarkojn?<\/strong><br \/>\nInvesti en NFC-glumarkoj de nia fabrikanto signifas protekti vian markon kontra\u016d falsado dum li provizas interagan sperton por viaj klientoj. La uzo de alta rendimento <strong>RFID kaj NFC<\/strong>\u00a0teknologio certigas, ke \u0109iu glumarko agas kiel unika identigilo, plibonigante ne nur sekurecon sed anka\u016d la \u011deneralan marksperton. \u0108i tiuj ne estas nur etikedoj; ili estas potencaj iloj por konstrui fidon de konsumantoj.<\/p>\n<p>&nbsp;<\/p>\n<h3>Specialaj Trajtoj de NFC-Glumarkoj<\/h3>\n<p>NFC-glumarkoj estas plenplenaj de funkcioj, kiuj faras ilin supera elekto por kontra\u016dfalsaj aplikoj. De personigaj opcioj \u011dis diversaj grandecoj kaj formoj, \u0109i tiuj glumarkoj kombinas funkciecon kun uzant-amika interfacoj.<\/p>\n<h3>Komunika Interfaco: RFID kaj NFC<\/h3>\n<p>Esploru la senjuntan integri\u011don de\u00a0<strong>RFID kaj NFC<\/strong>\u00a0teknologioj en \u0109i tiuj glumarkoj. Komprenu kiel ili funkcias kune por provizi fortikajn komunikajn kapablojn inter la etikedoj kaj NFC-ebligitaj aparatoj.<\/p>\n<h3>Ofteco kaj Efikeco<\/h3>\n<p>Kun ofteco de\u00a0<strong>13.56MHz<\/strong>, \u0109i tiuj NFC-etikedoj liveras fidindan legan distancon de 1-10cm, certigante rapidan kaj efikan skanadon \u0109u en podetala agordo a\u016d lo\u011distikaj aplikoj.<\/p>\n<h3>Materialoj Uzitaj: Tegita Papero kaj PET<\/h3>\n<p>La elekto de materialoj influas la fortikecon kaj rendimenton de NFC-glumarkoj. \u0108i tiu sekcio profundigas kial ni uzas\u00a0<strong>kovrita papero kaj PET<\/strong>\u00a0kaj kiel \u0109i tiuj materialoj kontribuas al la longviveco kaj uzebleco de la glumarko en diversaj medioj.<\/p>\n<p>&nbsp;<\/p>\n<h2>Oftaj Demandoj (FAQs)<\/h2>\n<h3>1.\u00a0<strong>Kio estas NFC-glumarkoj, kaj kiel ili funkcias?<\/strong><\/h3>\n<p>Glumarkoj NFC (Near Field Communication) estas malgrandaj etikedoj enigitaj kun NFC-teknologio, kiu ebligas sendratan komunikadon inter la glumarko kaj NFC-ebligitaj aparatoj, kiel inteligentaj telefonoj a\u016d tablojdoj. Kiam uzanto frapetas sian aparaton kontra\u016d la glumarko, \u011di povas ekigi diversajn agojn, kiel montri produktinformojn, viziti retejon a\u016d konfirmi a\u016dtentecon.<\/p>\n<hr \/>\n<h3>2.\u00a0<strong>Kio estas la maksimuma legdistanco de viaj NFC-glumarkoj?<\/strong><\/h3>\n<p>Niaj NFC-glumarkoj havas legan distancon de\u00a0<strong>1-10 cm<\/strong>\u00a0(\u0109irka\u016d 0,4-4 coloj). La efika gamo dependas de la aparato uzata kaj la medio en kiu \u011di estas skanita.<\/p>\n<hr \/>\n<h3>3.\u00a0<strong>\u0108u la NFC-glumarkoj estas agordeblaj?<\/strong><\/h3>\n<p>Jes! Niaj NFC-glumarkoj povas esti plene personecigitaj la\u016d grandeco, formo, dezajno kaj presita enhavo. Ni proponas\u00a0<strong>CMYK plenkolora presado, ofseta presado kaj silkekrana presado<\/strong>\u00a0ebloj por certigi, ke via marka mesa\u011do estas elstare montrata.<\/p>","protected":false},"excerpt":{"rendered":"<p>Niaj NFC-glumarkoj estas personigitaj kontra\u016dfalsaj etikedoj dezajnitaj por plibonigi produktan sekurecon kaj a\u016dtentikecon. Kun altnivela teknologio kaj unikaj dezajnoj, \u0109i tiuj glumarkoj ofertas al entreprenoj fidindan solvon por protekti sian markon kaj enga\u011di klientojn en interaga maniero.<\/p>","protected":false},"featured_media":3579,"template":"","meta":[],"product_brand":[],"product_cat":[48],"product_tag":[],"class_list":{"0":"post-3578","1":"product","2":"type-product","3":"status-publish","4":"has-post-thumbnail","6":"product_cat-nfc-stickers","8":"first","9":"instock","10":"shipping-taxable","11":"product-type-simple"},"_links":{"self":[{"href":"https:\/\/nfc-readers.com\/eo\/wp-json\/wp\/v2\/product\/3578","targetHints":{"allow":["GET"]}}],"collection":[{"href":"https:\/\/nfc-readers.com\/eo\/wp-json\/wp\/v2\/product"}],"about":[{"href":"https:\/\/nfc-readers.com\/eo\/wp-json\/wp\/v2\/types\/product"}],"wp:featuredmedia":[{"embeddable":true,"href":"https:\/\/nfc-readers.com\/eo\/wp-json\/wp\/v2\/media\/3579"}],"wp:attachment":[{"href":"https:\/\/nfc-readers.com\/eo\/wp-json\/wp\/v2\/media?parent=3578"}],"wp:term":[{"taxonomy":"product_brand","embeddable":true,"href":"https:\/\/nfc-readers.com\/eo\/wp-json\/wp\/v2\/product_brand?post=3578"},{"taxonomy":"product_cat","embeddable":true,"href":"https:\/\/nfc-readers.com\/eo\/wp-json\/wp\/v2\/product_cat?post=3578"},{"taxonomy":"product_tag","embeddable":true,"href":"https:\/\/nfc-readers.com\/eo\/wp-json\/wp\/v2\/product_tag?post=3578"}],"curies":[{"name":"wp","href":"https:\/\/api.w.org\/{rel}","templated":true}]}}