{"id":3594,"date":"2024-11-07T11:55:05","date_gmt":"2024-11-07T11:55:05","guid":{"rendered":"https:\/\/nfc-readers.com\/?post_type=product&#038;p=3594"},"modified":"2024-11-07T11:55:05","modified_gmt":"2024-11-07T11:55:05","slug":"icodeslix2-iso15693-rfid-card-for-library-management","status":"publish","type":"product","link":"https:\/\/nfc-readers.com\/eo\/ic-reader\/icodeslix2-iso15693-rfid-card-for-library-management\/","title":{"rendered":"ICODESLIX2 ISO15693 RFID-karto por bibliotekadministrado"},"content":{"rendered":"<h1 style=\"text-align: center;\"><span style=\"color: #000080;\"><strong>ICODESLIX2 ISO15693 RFID-karto por bibliotekadministrado<\/strong><\/span><\/h1>\n<div class=\"chat-list relative custom-scrollbar-reset-margin custom-scrollbar custom-scrollbar-hidden custom-scrollbar-float pb-9 flex-1 overflow-y-auto\">\n<div class=\"mx-auto max-w-[790px]\">\n<div class=\"message-item-outer relative px-4 mb-2\" data-id=\"364de8f7-3595-4f4e-adbf-ca8cd06befd0\">\n<div class=\"content-area pl-[0px]\">\n<div class=\"message-item select-text relative\">\n<div class=\"message-inner relative\">\n<div class=\"py-[2px]\">\n<div class=\"flex flex-col gap-2\">\n<div class=\"answer-markdown-box overflow-x-auto select-text custom-scrollbar\">\n<div class=\"markdown-body\">\n<p><span style=\"color: #666699;\"><strong>En epoko kie teknologio rapide transformas \u0109iutagajn operaciojn, integri ICODESLIX2 ISO15693 RFID-kartojn por bibliotekadministrado estas lud\u015dan\u011dilo. \u0108i tiu novigo ne nur fluliniigas operaciojn sed anka\u016d ri\u0109igas la uzantan sperton, signife plibonigante kaj efikecon kaj sekurecon ene de bibliotekoj. \u0108i tiuj sa\u011dkartoj estas specife dizajnitaj por plibonigi la manieron kiel bibliotekoj administras inventaron, spuri rimedojn kaj enga\u011di\u011di kun siaj patronoj.<\/strong><\/span><\/p>\n<p>&nbsp;<\/p>\n<\/div>\n<p>&nbsp;<\/p>\n<div class=\"markdown-body\">\n<h2 style=\"text-align: center;\"><span style=\"color: #000080;\"><em><strong>Avanta\u011doj de ICODESLIX2 ISO15693 RFID-Kartoj<\/strong><\/em><\/span><\/h2>\n<p style=\"text-align: left;\">\n<span style=\"color: #008080;\">La ICODESLIX2 ISO15693 RFID-karto provizas bibliotekojn per senjunta solvo por spurado kaj administrado de rimedoj. Uzante \u0109i tiun avangardan teknologion, bibliotekoj povas a\u016dtomatigi multajn procezojn, reduktante la laborkvanton de dungitaro kaj minimumigante homajn erarojn. \u0108i tiuj RFID-kartoj ne temas nur pri efikeco; ili anka\u016d ofertas plifortigitan sekurecon kaj facilecon de uzo, igante ilin valorega valora\u0135o por iu biblioteko.<\/span><\/p>\n<p>&nbsp;<\/p>\n<p>&nbsp;<\/p>\n<h2 style=\"text-align: center;\"><em><span style=\"color: #000080;\"><strong>Altkvalita Materialo kaj Dezajno<\/strong><\/span><\/em><\/h2>\n<p>Nia ICODESLIX2 ISO15693 RFID-karto estas kreita el da\u016dra PVC-materialo, certigante longvivecon kaj reziston al eluzi\u011do. Kun dimensioj de <strong>85,5 mm x 54 mm<\/strong>, la karto estas desegnita por facila uzado kaj stokado. La karto rolas\u00a0<strong>CMYK4C presado<\/strong>, permesante al bibliotekoj personecigi la karton kun sia markado, igante \u011din kaj funkcia ilo kaj varba objekto.<\/p>\n<p>&nbsp;<\/p>\n<\/div>\n<p>&nbsp;<\/p>\n<div class=\"markdown-body\">\n<h2 style=\"text-align: center;\"><span style=\"color: #000080;\"><em><strong>\u015closilaj Atributoj:<\/strong><\/em><\/span><\/h2>\n<ul>\n<li><strong>Materialo<\/strong>: PVC<\/li>\n<li><strong>Grandeco<\/strong>: 85,5 x 54 mm<\/li>\n<li>Plibonigita Komunika Interfaco<\/li>\n<li>La ICODESLIX2-karto funkcias per ofteco de <strong>13.56MHz<\/strong>, utiligante kaj RFID kaj NFC-komunikadinterfacojn. \u0108i tio certigas senjuntan interagadon kun diversaj kartlegiloj, plifortigante la integri\u011don de alirkontrolsistemoj kaj biblioteka administradprogramaro.<\/li>\n<\/ul>\n<p>&nbsp;<\/p>\n<p>&nbsp;<\/p>\n<h2 style=\"text-align: center;\"><em><span style=\"color: #000080;\"><strong>Avanta\u011doj por Bibliotekoj<\/strong><\/span><\/em><\/h2>\n<ul>\n<li><strong>Dinamika Datuma Administrado<\/strong>: Efikaj \u011disdatigoj helpas en realtempa spurado de enregistri\u011do\/eliro procezoj.<\/li>\n<li><strong>Plibonigita Stokkontrolo<\/strong>: Minimumu perdojn per precizaj spuraj kapabloj.<\/li>\n<\/ul>\n<p>&nbsp;<\/p>\n<h3><strong><span style=\"color: #333399;\">Uzant-amika Apliko<\/span><\/strong><\/h3>\n<p>La apliko de ICODESLIX2 RFID-teknologio etendi\u011das preter tradicia administrado de rimedoj. Bibliotekoj povas uzi \u0109i tiujn kartojn por:<\/p>\n<ul>\n<li><strong>Identigo de Patrono<\/strong>: Rapidaj skanadoj \u0109e kasejoj.<\/li>\n<li><strong>Spurado de Eventoj<\/strong>: Partoprenrekordoj por laborrenkonti\u011doj a\u016d eventoj.<\/li>\n<li><strong>Asigno de Rimedoj<\/strong>: A\u016dtomata protokolado de la uzado de rimedoj.<\/li>\n<\/ul>\n<p>&nbsp;<\/p>\n<h3><strong><span style=\"color: #333399;\">Uzantcentraj Trajtoj:<\/span><\/strong><\/h3>\n<ul>\n<li><strong>Facila Integri\u011do<\/strong>: Simpla integri en ekzistantajn biblioteksistemojn.<\/li>\n<li><strong>Minimuma Trejnado Bezonata<\/strong>: Personaro rapide adapti\u011dos al uzado de novaj kartsistemoj.<\/li>\n<\/ul>\n<p>&nbsp;<\/p>\n<\/div>\n<p>&nbsp;<\/p>\n<div class=\"markdown-body\">\n<h2 style=\"text-align: center;\"><em><span style=\"color: #000080;\"><strong>Teknikaj Specifoj kaj Agado<\/strong><\/span><\/em><\/h2>\n<p>ampleksa kompreno de la specifoj de la karto helpas fari klerajn decidojn.<\/p>\n<div class=\"table-with-header rounded-lg border border-solid border-grey-line2-normal w-fit max-w-full mb-2\">\n<div class=\"overflow-x-auto custom-scrollbar custom-scrollbar-float max-w-full\">\n<table class=\"w-fit !mb-0 !max-w-none\" style=\"height: 226px;\" width=\"440\">\n<thead>\n<tr>\n<th>Specifo<\/th>\n<th>Valoro<\/th>\n<\/tr>\n<\/thead>\n<tbody>\n<tr>\n<td>Blato<\/td>\n<td>ICODESLIX2<\/td>\n<\/tr>\n<tr>\n<td>Ofteco<\/td>\n<td>13,56 MHz<\/td>\n<\/tr>\n<tr>\n<td>Memoro<\/td>\n<td>2 kbit<\/td>\n<\/tr>\n<tr>\n<td>Lega Distanco<\/td>\n<td>2-10 cm<\/td>\n<\/tr>\n<tr>\n<td>Materialo<\/td>\n<td>PVC<\/td>\n<\/tr>\n<tr>\n<td>Grandeco<\/td>\n<td>85<\/td>\n<\/tr>\n<\/tbody>\n<\/table>\n<\/div>\n<\/div>\n<p>&nbsp;<\/p>\n<h2 style=\"text-align: center;\"><em><span style=\"color: #000080;\"><strong>Avanta\u011doj de NFC:<\/strong><\/span><\/em><\/h2>\n<ul>\n<li><strong>Senkontaktaj Transakcioj<\/strong>: Uzantoj povas rapide frapeti siajn kartojn por aliri biblioteksistemojn sen fizika kontakto.<\/li>\n<li><strong>Kongrueco<\/strong>: La teknologio de la karto estas evoluigita de NXP Semiconductors, certigante ke \u011di funkcias kun diversaj legantoj.<\/li>\n<li>Fortika Memoro kaj Funkcio<\/li>\n<li>Ekipita per <strong style=\"color: #555555;\">2 kbit memoro<\/strong><span style=\"color: #555555;\">, la ICODESLIX2 ISO15693 RFID-karto ofertas ampleksan spacon por stoki esencajn datumojn. La leg-skriba funkcieco permesas al bibliotekoj \u011disdatigi datenojn dinamike, certigante ke informoj kiel ekzemple librodisponeblo kaj patrondetaloj restas aktualaj.<\/span><\/li>\n<\/ul>\n<p>&nbsp;<\/p>\n<\/div>\n<p>&nbsp;<\/p>\n<h2 style=\"text-align: center;\"><span style=\"color: #000080;\"><em><strong>Media Efiko<\/strong><\/em><\/span><\/h2>\n<ul>\n<li><strong>Da\u016drigeblaj Materialoj<\/strong>: Nia PVC estas reciklebla, kontribuante malpli al media mal\u015dparo.<\/li>\n<li><strong>Longviveco<\/strong>: Reduktas la bezonon de oftaj anstata\u016da\u0135oj.<\/li>\n<\/ul>\n<p>&nbsp;<\/p>\n<\/div>\n<p>&nbsp;<\/p>\n<div class=\"answer-markdown-box overflow-x-auto select-text custom-scrollbar\">\n<h3 style=\"text-align: center;\"><span style=\"color: #333399;\"><strong>Efika Interago kaj Administrado Iloj<\/strong><\/span><\/h3>\n<p>La ICODESLIX2 RFID-karto simpligas interagojn inter patronoj kaj biblioteksistemoj:<\/p>\n<ul>\n<li><strong>Simpligitaj Procezoj<\/strong>: Reduktu atendotempojn \u0109e kasejoj, plibonigante la kontenton de la uzantoj.<\/li>\n<li><strong>Datumaj Insights<\/strong>: Generu uzajn raportojn, kiuj donas informojn pri asigno de rimedoj kaj agado de la patrono.<\/li>\n<\/ul>\n<p>&nbsp;<\/p>\n<h3 style=\"text-align: center;\"><span style=\"color: #333399;\"><strong>Altnivelaj Administradaj Iloj<\/strong><\/span><\/h3>\n<ul>\n<li><strong>Integri\u011do kun Ciferecaj Sistemoj<\/strong>: Konektu perfekte kun diversaj bibliotekaj administradsistemoj.<\/li>\n<li><strong>Realtempaj \u011cisdatigoj<\/strong>: Tuja sinkronigo kun la inventara datumbazo.<\/li>\n<\/ul>\n<\/div>\n<\/div>\n<\/div>\n<\/div>\n<\/div>\n<\/div>\n<\/div>\n<\/div>\n<\/div>","protected":false},"excerpt":{"rendered":"<p>Plibonigu bibliotekan administradon per ICODESLIX2 ISO15693 RFID-kartoj, proponante efikan spuradon de rimedoj, facilan integri\u011don kaj plibonigitan enga\u011di\u011don de uzantoj.<\/p>","protected":false},"featured_media":3480,"template":"","meta":[],"product_brand":[],"product_cat":[46],"product_tag":[],"class_list":{"0":"post-3594","1":"product","2":"type-product","3":"status-publish","4":"has-post-thumbnail","6":"product_cat-nfc-cards","8":"first","9":"instock","10":"shipping-taxable","11":"product-type-simple"},"_links":{"self":[{"href":"https:\/\/nfc-readers.com\/eo\/wp-json\/wp\/v2\/product\/3594","targetHints":{"allow":["GET"]}}],"collection":[{"href":"https:\/\/nfc-readers.com\/eo\/wp-json\/wp\/v2\/product"}],"about":[{"href":"https:\/\/nfc-readers.com\/eo\/wp-json\/wp\/v2\/types\/product"}],"wp:featuredmedia":[{"embeddable":true,"href":"https:\/\/nfc-readers.com\/eo\/wp-json\/wp\/v2\/media\/3480"}],"wp:attachment":[{"href":"https:\/\/nfc-readers.com\/eo\/wp-json\/wp\/v2\/media?parent=3594"}],"wp:term":[{"taxonomy":"product_brand","embeddable":true,"href":"https:\/\/nfc-readers.com\/eo\/wp-json\/wp\/v2\/product_brand?post=3594"},{"taxonomy":"product_cat","embeddable":true,"href":"https:\/\/nfc-readers.com\/eo\/wp-json\/wp\/v2\/product_cat?post=3594"},{"taxonomy":"product_tag","embeddable":true,"href":"https:\/\/nfc-readers.com\/eo\/wp-json\/wp\/v2\/product_tag?post=3594"}],"curies":[{"name":"wp","href":"https:\/\/api.w.org\/{rel}","templated":true}]}}