{"id":3595,"date":"2024-11-07T12:13:18","date_gmt":"2024-11-07T12:13:18","guid":{"rendered":"https:\/\/nfc-readers.com\/?post_type=product&#038;p=3595"},"modified":"2024-11-07T12:13:18","modified_gmt":"2024-11-07T12:13:18","slug":"custom-plastic-pvc-nfc-card-printing-for-business","status":"publish","type":"product","link":"https:\/\/nfc-readers.com\/eo\/ic-reader\/custom-plastic-pvc-nfc-card-printing-for-business\/","title":{"rendered":"Propra Plasta PVC NFC Karta Presado por Komerco"},"content":{"rendered":"<h1><span style=\"color: #000080;\"><strong>Propra Plasta PVC NFC Karta Presado por Komerco<\/strong><\/span><\/h1>\n<p><strong><span style=\"color: #666699;\">En la hodia\u016da rapida cifereca mondo, optimumigo de komercaj operacioj estas kerna, kaj Propra Plasta PVC-NFC-Karta Presado por Komerco gvidas la vojon. NFC (Near Field Communication) teknologio plibonigas kiel kompanioj administras alirkontrolon, klientinteragojn kaj reklamajn agadojn. Propraj NFC-kartoj ne nur plibonigas enga\u011di\u011don, sed anka\u016d ebligas senjuntajn transakciojn, personecigitan markigon kaj efikan administradon de datumoj. \u0108u vi ser\u0109as alirkontrolkartojn, Mifare-kartojn a\u016d lojaleckartojn, investi en personigitaj NFC-solvoj estas strategia movo, kiu povas altigi vian komercan funkciecon.<\/span><\/strong><\/p>\n<p><span style=\"color: #008080;\">Kun multaj avanta\u011doj de plifortigita sekureco \u011dis plibonigita klienta sperto, \u0109i tiuj kartoj povas servi diversajn industriojn, inkluzive de podetala komerco, gastamo kaj publika transporto. Ni esploru la multfacetajn avanta\u011dojn kaj funkciojn de NFC-kartoj, kial ili valoras la investon kaj kiel ili povas signife plibonigi viajn komercajn procezojn.<\/span><\/p>\n<hr \/>\n<h2><\/h2>\n<h2 style=\"text-align: center;\"><span style=\"color: #333399;\"><em><strong>\u015closilaj Atributoj de Propraj NFC-Kartoj<\/strong><\/em><\/span><\/h2>\n<p><strong>Kiam vi elektas por Propra Plasta PVC-NFC-Karta Presado por Komerco, vi akceptas multflankan ilon adaptitan al viaj unikaj bezonoj. \u0108i tiuj kartoj povas esti faritaj el da\u016dra PVC+Epoksia materialo, certigante, ke ili eltenas \u0109iutagan eluzi\u011don. La norma grandeco estas 85,5 mm x 54 mm, sed personigo permesas diversajn dimensiojn por konveni viajn aplikojn. Krome, vi povas elekti la\u016dmendan dikecon de 0,85 mm por plia fortikeco.<\/strong><\/p>\n<p>&nbsp;<\/p>\n<h2 style=\"text-align: center;\"><em><span style=\"color: #333399;\"><strong>Profitoj<\/strong><\/span><\/em><\/h2>\n<ul>\n<li><strong>Fortikeco<\/strong>: Propra PVC certigas longvivecon, igante vian investon inda.<\/li>\n<li><strong>Personigo<\/strong>: Elektu kolorojn, emblemojn kaj presajn stilojn, kiuj reflektas vian markan identecon.<\/li>\n<\/ul>\n<p>&nbsp;<\/p>\n<h2 style=\"text-align: center;\"><em><span style=\"color: #333399;\"><strong>Specialaj Trajtoj<\/strong><\/span><\/em><\/h2>\n<p><strong>Akvorezista kaj Veterrezista<\/strong><\/p>\n<p><strong>Propraj NFC-kartoj ofertas specifajn funkciojn destinitajn por plibonigi uzantan sperton kaj maksimumigi \u0109iuflankecon. Ili povas fari\u011di akvorezistaj kaj veterrezistaj, kio estas decida por entreprenoj kiuj funkcias en diversaj medioj.<\/strong><\/p>\n<h3><span style=\"color: #666699;\"><strong>Kial \u0108i tio Gravas:<\/strong><\/span><\/h3>\n<ul>\n<li><strong>Verstileco<\/strong>: Ideala por sub\u0109ielaj eventoj, alirkontrolo \u0109e sub\u0109ielaj ejoj, kaj pli.<\/li>\n<li><strong>Longviveco<\/strong>: Kartoj, kiuj rezistas al akvodama\u011do, da\u016dras pli longe, certigante, ke vi ne alportas oftajn anstata\u016digajn kostojn.<\/li>\n<\/ul>\n<p>&nbsp;<\/p>\n<h2 style=\"text-align: center;\"><em><span style=\"color: #333399;\"><strong>Teknikaj Specifoj de PVC-NFC-Kartoj<\/strong><\/span><\/em><\/h2>\n<p><span style=\"color: #008080;\"><strong>Kompreni la teknikajn specifojn de NFC-kartoj estas esenca por informita decido. <\/strong><\/span><\/p>\n<p><span style=\"color: #008080;\"><strong>Jen rompo de esencaj detaloj:<\/strong><\/span><\/p>\n<div class=\"table-with-header rounded-lg border border-solid border-grey-line2-normal w-fit max-w-full mb-2\">\n<div class=\"overflow-x-auto custom-scrollbar custom-scrollbar-float max-w-full\">\n<table class=\"w-fit !mb-0 !max-w-none\" style=\"height: 265px;\" width=\"435\">\n<thead>\n<tr>\n<th>Atributo<\/th>\n<th>Specifo<\/th>\n<\/tr>\n<\/thead>\n<tbody>\n<tr>\n<td>Blato<\/td>\n<td>F08\/NTag213\/Tag215\/Tag216 (2k\/4k\/8k)<\/td>\n<\/tr>\n<tr>\n<td>Grandeco<\/td>\n<td>85.5mm x54mm\/personigita<\/td>\n<\/tr>\n<tr>\n<td>Presaj Opcioj<\/td>\n<td>CMYK4C Preso\/offsetting\/silkscreen<\/td>\n<\/tr>\n<tr>\n<td>Ofteco<\/td>\n<td>13,56 MHz<\/td>\n<\/tr>\n<tr>\n<td>Memoro<\/td>\n<td>\u011cis 8k, agordebla<\/td>\n<\/tr>\n<tr>\n<td>Pakita Grandeco<\/td>\n<td>5.55cm x5.4cm x0.01cm<\/td>\n<\/tr>\n<tr>\n<td>Malneta Pezo<\/td>\n<td>0,010 kg<\/td>\n<\/tr>\n<\/tbody>\n<\/table>\n<\/div>\n<\/div>\n<h2><span style=\"color: #666699;\"><strong>Pliaj Trajtoj:<\/strong><\/span><\/h2>\n<ul>\n<li><strong>Agordita Logo<\/strong>: Uzo de via marko plibonigas videblecon kaj profesiecon.<\/li>\n<li><strong>Maldika tamen Forta<\/strong>: dikeco de 0,85 mm certigas malpezan karton da\u016dran.<\/li>\n<\/ul>\n<p>&nbsp;<\/p>\n<h2 style=\"text-align: center;\"><strong><em><span style=\"color: #000080;\">Plibonigitaj Komunikaj Interfacoj RFID kaj NFC<\/span><\/em><\/strong><\/h2>\n<p>La <strong>komunikaj interfacoj<\/strong>\u00a0de NFC-kartoj estas integritaj al sia funkcio. Funkcii je ofteco de\u00a0<strong>13,56 MHz<\/strong>, NFC-kartoj utiligas kaj RFID kaj NFC-teknologiojn, kiuj permesas rapidan, senkontaktan datum\u015dan\u011don.<\/p>\n<h3><span style=\"color: #666699;\"><strong>\u015closilaj Punktoj:<\/strong><\/span><\/h3>\n<ul>\n<li><strong>Senjuntaj Transakcioj<\/strong>: Rapidaj kaj senpagaj uzantinteragoj por pagoj kaj aliro.<\/li>\n<li><strong>Kongrueco<\/strong>: Funkcias perfekte kun diversaj\u00a0<strong>kartlegiloj<\/strong>\u00a0kaj administraj sistemoj, igante integri\u011don simpla.<\/li>\n<\/ul>\n<p>&nbsp;<\/p>\n<h3><span style=\"color: #666699;\"><strong>Industriaj Aplikoj: <\/strong><\/span><\/h3>\n<p><strong>Empower Your BusinessCustom NFC-kartoj estas nekredeble multflankaj kaj povas esti uzataj en multaj industriaj sektoroj. De Mifare-kartoj por publika transporto \u011dis alirkontrolaj kartoj por sekuraj medioj, la aplikoj estas vastaj.<\/strong><\/p>\n<p>&nbsp;<\/p>\n<h3><span style=\"color: #666699;\"><strong>Ekzemploj de aplika\u0135o:<\/strong><\/span><\/h3>\n<ul>\n<li><strong>Podetala komerco<\/strong>: Uzu lojaleckartojn por enga\u011di klientojn rekte, rekompencante ripetajn vizitojn dum vi kaptas valorajn datumojn.<\/li>\n<li><strong>Gastamo<\/strong>: Efektivigu inteligentajn \u0109ambrajn \u015dlosilojn por hoteloj, provizante gastojn kun perfekta enregistri\u011do-sperto.<\/li>\n<\/ul>\n<p>&nbsp;<\/p>\n<p>&nbsp;<\/p>\n<h2 style=\"text-align: center;\"><span style=\"color: #333399;\"><em><strong>Media Efiko kaj Da\u016dripovo<\/strong><\/em><\/span><\/h2>\n<p><strong>Enkorpigi ekologiajn praktikojn estas kritika por la hodia\u016daj entreprenoj. Niaj PVC-NFC-kartoj povas esti dezajnitaj por redukti median efikon. Uzado de recikleblaj materialoj traktas da\u016dripovzorgojn konservante altan funkciecon.<\/strong><\/p>\n<ul>\n<li><strong>Malsupra Karbonpiedsigno<\/strong>: Uzado de da\u016drigeblaj materialoj reduktas mal\u015dparon.<\/li>\n<li><strong>Da\u016dra Vivda\u016dro<\/strong>: Altkvalitaj kartoj signifas malpli da anstata\u016da\u0135oj, kio estas pli bona por la medio.<\/li>\n<\/ul>\n<p>&nbsp;<\/p>\n<h2 style=\"text-align: center;\"><em><span style=\"color: #333399;\"><strong>Klientaj Recenzoj<\/strong><\/span><\/em><\/h2>\n<ul>\n<li><strong>Sarah K.<\/strong>: &quot;La personigo-opcioj permesis al ni integri nian markadon perfekte. Niaj gastoj amas la novajn inteligentajn \u0109ambrajn \u015dlosilojn!\u201d<\/li>\n<li><strong>Mike R.<\/strong>: &quot;\u0108i tiuj kartoj funkcias perfekte kun nia alirkontrola sistemo. Instalado estis rapida, kaj ni nun povas facile administri niajn akredita\u0135ojn.&quot;<\/li>\n<\/ul>","protected":false},"excerpt":{"rendered":"<p>Optimumigu vian komercon per Propraj PVC-NFC-Kartoj, proponante fortikecon, akvorezistajn funkciojn, senjuntajn transakciojn kaj tajloritan markadon por diversaj aplikoj.<\/p>","protected":false},"featured_media":3597,"template":"","meta":[],"product_brand":[],"product_cat":[46],"product_tag":[],"class_list":{"0":"post-3595","1":"product","2":"type-product","3":"status-publish","4":"has-post-thumbnail","6":"product_cat-nfc-cards","8":"first","9":"instock","10":"shipping-taxable","11":"product-type-simple"},"_links":{"self":[{"href":"https:\/\/nfc-readers.com\/eo\/wp-json\/wp\/v2\/product\/3595","targetHints":{"allow":["GET"]}}],"collection":[{"href":"https:\/\/nfc-readers.com\/eo\/wp-json\/wp\/v2\/product"}],"about":[{"href":"https:\/\/nfc-readers.com\/eo\/wp-json\/wp\/v2\/types\/product"}],"wp:featuredmedia":[{"embeddable":true,"href":"https:\/\/nfc-readers.com\/eo\/wp-json\/wp\/v2\/media\/3597"}],"wp:attachment":[{"href":"https:\/\/nfc-readers.com\/eo\/wp-json\/wp\/v2\/media?parent=3595"}],"wp:term":[{"taxonomy":"product_brand","embeddable":true,"href":"https:\/\/nfc-readers.com\/eo\/wp-json\/wp\/v2\/product_brand?post=3595"},{"taxonomy":"product_cat","embeddable":true,"href":"https:\/\/nfc-readers.com\/eo\/wp-json\/wp\/v2\/product_cat?post=3595"},{"taxonomy":"product_tag","embeddable":true,"href":"https:\/\/nfc-readers.com\/eo\/wp-json\/wp\/v2\/product_tag?post=3595"}],"curies":[{"name":"wp","href":"https:\/\/api.w.org\/{rel}","templated":true}]}}