{"id":3602,"date":"2024-11-07T15:58:55","date_gmt":"2024-11-07T15:58:55","guid":{"rendered":"https:\/\/nfc-readers.com\/?post_type=product&#038;p=3602"},"modified":"2024-11-07T16:39:39","modified_gmt":"2024-11-07T16:39:39","slug":"write-url-dynamic-qr-code-ntag-213-nfc-card","status":"publish","type":"product","link":"https:\/\/nfc-readers.com\/eo\/ic-reader\/write-url-dynamic-qr-code-ntag-213-nfc-card\/","title":{"rendered":"Skribu URL-dinamikan QR-kodon Ntag 213 NFC-karton"},"content":{"rendered":"<h1 style=\"text-align: center;\"><span style=\"color: #000080;\"><strong>Skribu URL-dinamikan QR-kodon Ntag 213 NFC-karton<\/strong><\/span><\/h1>\n<p><span style=\"color: #666699;\"><strong>Skribu URL Dinamika QR-Kodo NTAG213 NFC-Karto: Transformu Viajn Komercajn Interagojn En \u0109iam pli cifereca mondo, efika komunikado kaj funkcia efikeco estas plej gravaj por iu ajn komerco. La Skribu URL-Dinamika QR-Kodo NTAG213 NFC-Karto estas revolucia produkto, kiu plibonigas interagojn, plifaciligas procezojn kaj faciligas konekti\u011di al klientoj kaj entreprenoj.<\/strong><\/span><\/p>\n<p>\u0108i tiuj NFC-kartoj uzas avangardan\u00a0<strong>NTAG213 teknologio<\/strong>\u00a0provizi dinamikajn URL-kapablojn, permesante al entreprenoj direkti uzantojn al iu ajn retejo a\u016d cifereca rimedo perfekte. \u0108i tiu potenca kombina\u0135o de teknologio de NFC kaj QR-kodo ebligas multfacetajn aplikojn, inkluzive de merkatkampanjoj, administrado de eventoj, produkta a\u016dtentigo kaj multe pli. Investi en NTAG213 NFC-kartoj ne estas nur strategia movo sed pa\u015do al modernigo de viaj komercaj operacioj.<\/p>\n<hr \/>\n<p>&nbsp;<\/p>\n<p>&nbsp;<\/p>\n<h2 style=\"text-align: center;\"><em><strong><span style=\"color: #333399;\">\u015closilaj Atributoj de NTAG213 NFC-Karto<\/span><\/strong><\/em><\/h2>\n<p><span style=\"color: #008080;\"><strong>La NFC-Karto NTAG213 elstaras pro siaj novigaj trajtoj kaj fortika konstruo. Jen la esencaj atributoj:<\/strong><\/span><\/p>\n<ul>\n<li><strong>Materialo<\/strong>: Kreita el altkvalita\u00a0<strong>PVC<\/strong>, \u0109i tiuj kartoj estas dizajnitaj por fortikeco kaj longviveco. Ili povas elteni la rigorojn de \u0109iutaga uzo, \u0109u ili estas disdonitaj \u0109e eventoj a\u016d uzataj en alirkontrolaj sistemoj.<\/li>\n<li><strong>\u0108ipa Teknologio<\/strong>: La blato NTAG213 estas specife kreita por aplikoj postulantaj dinamikajn datumojn, proponante memorkapablon de\u00a0<strong>144 bajtoj<\/strong>\u00a0kaj la kapablo reverki URL-ojn iam ajn sen bezono presi novajn kartojn.<\/li>\n<li><strong>Grandeco kaj personigo<\/strong>: Normaj dimensioj estas\u00a0<strong>85,5 mm x 54 mm<\/strong>, ebligante unuformecon kun tradiciaj kreditkartaj grandecoj, farante ilin facile porteblaj. Personigoj en grandeco kaj dezajno anka\u016d eblas por konveni viajn markajn bezonojn.<\/li>\n<\/ul>\n<p>&nbsp;<\/p>\n<p>&nbsp;<\/p>\n<h2 style=\"text-align: center;\"><em><strong><span style=\"color: #333399;\">Specialaj Trajtoj<\/span><\/strong><\/em><\/h2>\n<p style=\"text-align: left;\"><strong>Akvorezista kaj Veterrezista Dezajno<\/strong><\/p>\n<p style=\"text-align: left;\">Unu el la elstaraj trajtoj de la Write URL NFC-kartoj estas ilia\u00a0<strong>akvorezista kaj veterrezista<\/strong>\u00a0propra\u0135oj. Komercoj, kiuj funkcias en diversaj medioj, povas multe profiti el \u0109i tiuj funkcioj.<\/p>\n<ul>\n<li><strong>Verstileco<\/strong>: \u0108i tiuj kartoj estas idealaj por sub\u0109ielaj eventoj, kie eksponi\u011do al humideco povus dama\u011di normajn kartojn. \u0108u \u011di estas muzika festivalo, sporta evento a\u016d sub\u0109iela merkatika kampanjo, via\u00a0<strong>NTAG213 NFC-karto<\/strong>\u00a0plenumos fidinde.<\/li>\n<li><strong>Longviveco<\/strong>: Rezisti akvodama\u011do ne nur plilongigas la vivda\u016dron de la karto sed anka\u016d \u015dparas al vi kostojn asociitajn kun oftaj anstata\u016da\u0135oj.<\/li>\n<\/ul>\n<p>&nbsp;<\/p>\n<h2 style=\"text-align: center;\"><em><strong><span style=\"color: #333399;\">Komunikaj Interfacoj<\/span><\/strong><\/em><\/h2>\n<ul>\n<li><strong>RFID kaj NFC<\/strong>: Funkcianta kun ofteco de\u00a0<strong>13,56 MHz<\/strong>, tiuj kartoj utiligas kaj RFID kaj NFC-teknologiojn por ebligi senkontaktan komunikadon. \u0108i tio certigas rapidan kaj efikan inter\u015dan\u011don de datumoj, plibonigante sperton de uzanto dum transakcioj.<\/li>\n<li><strong>Senjuntaj Transakcioj<\/strong>: La integri\u011do de NFC-teknologio permesas senpenan interagadon. Uzantoj povas simple frapeti sian karton kontra\u016d kongrua leganto, tuj alportante la ligitan URL, kiu povas direkti ilin al retejo, formo a\u016d plurmedia enhavo.<\/li>\n<\/ul>\n<p>&nbsp;<\/p>\n<p>&nbsp;<\/p>\n<h2 style=\"text-align: center;\"><em><span style=\"color: #333399;\"><strong>Teknikaj Specifoj<\/strong><\/span><\/em><\/h2>\n<p><span style=\"color: #008080;\"><strong>Por informita decido, jen la detalaj teknikaj specifoj de la Skribu URL-Dinamika QR-Kodo NTAG213 NFC-Karto:<\/strong><\/span><\/p>\n<div class=\"table-with-header rounded-lg border border-solid border-grey-line2-normal w-fit max-w-full mb-2\">\n<div class=\"overflow-x-auto custom-scrollbar custom-scrollbar-float max-w-full\">\n<table class=\"w-fit !mb-0 !max-w-none\">\n<thead>\n<tr>\n<th><strong>Atributo<\/strong><\/th>\n<th><strong>Specifo<\/strong><\/th>\n<\/tr>\n<\/thead>\n<tbody>\n<tr>\n<td><strong>Blato<\/strong><\/td>\n<td>NTAG213 (registrita varmarko de NXP\u00ae)<\/td>\n<\/tr>\n<tr>\n<td><strong>Materialo<\/strong><\/td>\n<td>PVC<\/td>\n<\/tr>\n<tr>\n<td><strong>Grandeco<\/strong><\/td>\n<td>85,5 mm x 54 mm<\/td>\n<\/tr>\n<tr>\n<td><strong>Memoro<\/strong><\/td>\n<td>144 bajtoj (personaj elektoj disponeblaj)<\/td>\n<\/tr>\n<tr>\n<td><strong>Ofteco<\/strong><\/td>\n<td>13,56 MHz<\/td>\n<\/tr>\n<tr>\n<td><strong>Presaj Opcioj<\/strong><\/td>\n<td>CMYK Ofseta Presado<\/td>\n<\/tr>\n<tr>\n<td><strong>Lega Distanco<\/strong><\/td>\n<td>2-10 cm<\/td>\n<\/tr>\n<tr>\n<td><strong>Loko de Origino<\/strong><\/td>\n<td>Guangdong, \u0108inio<\/td>\n<\/tr>\n<tr>\n<td><strong>Metio<\/strong><\/td>\n<td>Diversaj opcioj: Lasera Kodo, UV-Inko, ktp.<\/td>\n<\/tr>\n<\/tbody>\n<\/table>\n<p>&nbsp;<\/p>\n<\/div>\n<\/div>\n<h2 style=\"text-align: center;\"><em><strong><span style=\"color: #333399;\">Aplikoj Tra Industrioj<\/span><\/strong><\/em><\/h2>\n<p><span style=\"color: #008080;\"><strong>La Skribu URL-Dinamika QR-Kodo NTAG213 NFC-Karto havas diversajn aplikojn tra diversaj sektoroj:<\/strong><\/span><\/p>\n<ul>\n<li><strong>Retail kaj Merkatado<\/strong>: Uzu \u0109i tiujn kartojn por lojalecprogramoj, permesante al klientoj facile aliri reklamajn ligilojn a\u016d specialajn ofertojn. La\u00a0<strong>dinamika URL<\/strong>\u00a0trajto signifas, ke vi povas \u011disdatigi promociojn tuj sen bezoni novajn kartojn.<\/li>\n<li><strong>Administrado de Eventoj<\/strong>: Perfektaj por konferencoj, koncertoj a\u016d foiroj, \u0109i tiuj kartoj povas provizi senkontaktan aliron al horaroj, parolantoj-informoj kaj evento-\u011disdatigoj per QR-kodoj ligitaj al la NFC-peceto.<\/li>\n<\/ul>","protected":false},"excerpt":{"rendered":"<p>La Skribu URL-Dinamika QR-Kodo NTAG213 NFC-Karto plibonigas komercajn interagojn kun dinamikaj URL-oj, NFC-teknologio, akvorezista dezajno kaj multflankaj aplikoj.<\/p>","protected":false},"featured_media":3604,"template":"","meta":[],"product_brand":[],"product_cat":[46],"product_tag":[],"class_list":{"0":"post-3602","1":"product","2":"type-product","3":"status-publish","4":"has-post-thumbnail","6":"product_cat-nfc-cards","8":"first","9":"instock","10":"shipping-taxable","11":"product-type-simple"},"_links":{"self":[{"href":"https:\/\/nfc-readers.com\/eo\/wp-json\/wp\/v2\/product\/3602","targetHints":{"allow":["GET"]}}],"collection":[{"href":"https:\/\/nfc-readers.com\/eo\/wp-json\/wp\/v2\/product"}],"about":[{"href":"https:\/\/nfc-readers.com\/eo\/wp-json\/wp\/v2\/types\/product"}],"wp:featuredmedia":[{"embeddable":true,"href":"https:\/\/nfc-readers.com\/eo\/wp-json\/wp\/v2\/media\/3604"}],"wp:attachment":[{"href":"https:\/\/nfc-readers.com\/eo\/wp-json\/wp\/v2\/media?parent=3602"}],"wp:term":[{"taxonomy":"product_brand","embeddable":true,"href":"https:\/\/nfc-readers.com\/eo\/wp-json\/wp\/v2\/product_brand?post=3602"},{"taxonomy":"product_cat","embeddable":true,"href":"https:\/\/nfc-readers.com\/eo\/wp-json\/wp\/v2\/product_cat?post=3602"},{"taxonomy":"product_tag","embeddable":true,"href":"https:\/\/nfc-readers.com\/eo\/wp-json\/wp\/v2\/product_tag?post=3602"}],"curies":[{"name":"wp","href":"https:\/\/api.w.org\/{rel}","templated":true}]}}