{"id":3610,"date":"2024-11-08T02:46:18","date_gmt":"2024-11-08T02:46:18","guid":{"rendered":"https:\/\/nfc-readers.com\/?post_type=product&#038;p=3610"},"modified":"2024-11-08T02:46:18","modified_gmt":"2024-11-08T02:46:18","slug":"nfc-soft-pvc-vinyl-wristband-card-for-rfid-fabric-wristband","status":"publish","type":"product","link":"https:\/\/nfc-readers.com\/eo\/ic-reader\/nfc-soft-pvc-vinyl-wristband-card-for-rfid-fabric-wristband\/","title":{"rendered":"NFC Mola PVC Vinila Pojnranda Karto por Rfid \u015ctofa Pojnejo"},"content":{"rendered":"<h1><strong>NFC Mola PVC Vinila Pojnranda Karto por RFID \u015ctofa Pojnejo<\/strong><\/h1>\n<p>&nbsp;<\/p>\n<p>En la hodia\u016da rapida, teknologi-movita mondo, la <strong>NFC Mola PVC Vinila Pojnranda Karto por RFID \u015ctofa Pojnejo<\/strong>\u00a0elstaras kiel esenca ilo por senjunta alirkontrolo, senpagaj transakcioj kaj plibonigitaj uzantspertoj. Faritaj el altkvalita vinilo, \u0109i tiuj braceletoj estas malpezaj, buntaj kaj nekredeble multflankaj, igante ilin perfektaj por diversaj eventoj kiel koncertoj, festivaloj, plezurparkoj kaj kompaniaj renkonti\u011doj. Kun operacia ofteco de\u00a0<strong>13,56 MHz<\/strong>\u00a0kaj kongruo kun RFID kaj NFC-teknologioj, \u0109i tiuj braceletoj ofertas unikajn solvojn por aran\u011dantoj kaj entreprenoj de eventoj, kiuj volas plibonigi sekurecon kaj plifaciligi operaciojn.<\/p>\n<p>&nbsp;<\/p>\n<h3><strong>Kial Elekti NFC Molajn PVC Vinilajn Pojnojn?<\/strong><\/h3>\n<p>Investi en NFC-brajnojn ne estas nur moda deklaro sed funkcia \u011disdatigo por administri eventojn kaj uzantinteragojn efike. \u0108i tiuj braceletoj forigas la bezonon de tradiciaj biletoj kaj alirkontrolaj sistemoj, reduktante atendtempojn kaj plibonigante gastojn. Kun kutimaj markaj elektoj disponeblaj, entreprenoj povas akceli sian videblecon dum ili provizas fidindan kaj sekuran metodon por senpagaj pagoj. \u0108u vi organizas muzikajn festivalojn, sportajn eventojn a\u016d amuzparkojn, \u0109i tiuj braceletoj ofertas la fidindecon kaj funkciecon, kiun vi bezonas.<\/p>\n<p>&nbsp;<\/p>\n<h2>Trajtoj de RFID kaj NFC Teknologio<\/h2>\n<h3>Plibonigita Alirkontrolo<\/h3>\n<p>La\u00a0<strong>RFID-teknologio<\/strong>\u00a0enigita ene de \u0109i tiuj braceletoj permesas\u00a0<strong>rapida alirkontrolo<\/strong>\u00a0\u0109e eventoj, certigante ke enirpunktoj estas sekurigitaj dum reduktante la tempon, ke gastoj pasigas atendante en vico. Eventorganizantoj povas uzi\u00a0<strong>RFID-pojnoj<\/strong>\u00a0por diversaj funkcioj, inkluzive de:<\/p>\n<ul>\n<li><strong>VIP-Aliro<\/strong>: Diferenci\u011du inter \u011denerala akcepto kaj VIP-partoprenantoj por specialaj areoj.<\/li>\n<li><strong>Senkontantaj Pagoj<\/strong>: Ebligu senpagajn transakciojn por varoj, man\u011da\u0135oj kaj trinka\u0135oj surloke, igante la \u011deneralan sperton pli oportuna.<\/li>\n<\/ul>\n<h3>Simpligitaj Operacioj<\/h3>\n<p>Uzanta\u00a0<strong>NFC-brajna teknologio<\/strong>\u00a0fluliniigas eventajn operaciojn signife. La kapablo konduki\u00a0<strong>kolekto de datumoj<\/strong>\u00a0tra \u0109i tiuj aparatoj permesas vendistojn analizi \u0109eestantan konduton kaj elspezpadronojn efike. \u0108i tiuj informoj tiam povas esti uzataj por plibonigi estontajn eventojn, plibonigi merkatajn strategiojn kaj optimumigi klientajn spertojn.<\/p>\n<p>&nbsp;<\/p>\n<h3><strong>Avanta\u011doj de Uzado de Vinilaj Pojnoj<\/strong><\/h3>\n<h3>Fortikeco kaj Komforto<\/h3>\n<p>Kreita el altkvalita\u00a0<strong>vinila materialo<\/strong>, NFC-pojnoj estas dizajnitaj por elteni diversajn elementojn asociitajn kun festivaloj, koncertoj kaj sub\u0109ielaj eventoj. Male al paperaj biletoj a\u016d \u015dtofaj braceletoj, kiuj povas facile dis\u015diri a\u016d esti difektitaj, vinilaj braceletoj estas akvorezistaj, \u015direblaj kaj \u015dvitaj, certigante ke ili restas nerompitaj dum la tuta evento.<\/p>\n<h3>Unufoja Uzo kaj Man\u011drezista<\/h3>\n<p>La\u00a0<strong>unufoja uzo<\/strong>\u00a0naturo de \u0109i tiuj braceletoj certigas maksimuman sekurecon. Post kiam braceleto estas uzita por eniro, \u011di fari\u011das malplena kaj ne povas esti reuzita. \u0108i tio signife reduktas la riskon de biletfra\u016ddo, kiu estas ofta afero en grandaj eventoj. Eventorganizantoj povas esti certaj, ke iliaj aktiva\u0135oj kaj operacioj estas protektitaj.<\/p>\n<p>&nbsp;<\/p>\n<h3><strong>Agordigeblaj Opcioj por Markado<\/strong><\/h3>\n<h3>Kreante Da\u016dran Impreson<\/h3>\n<p>NFC-pojnoj ofertas plurajn personigajn elektojn por markaj celoj. Komercoj povas plibonigi sian videblecon per kutimo\u00a0<strong>presado de varmotransigo<\/strong>, emblemoj, strekkodoj a\u016d QR-kodoj sur kaj la pojnoj kaj akompanaj kartoj. \u0108i tiuj markaj \u015dancoj kreas profesian aspekton, kiu lasas da\u016dran impreson sur gastoj, anta\u016denigante markrekonon e\u0109 post la evento.<\/p>\n<h3>Merkataj Profitoj<\/h3>\n<p>Markado per personigitaj pojnoj pruvis esti efika merkatiga ilo. \u0108eestantoj portantaj la pojnojn de via marko fari\u011das promenaj reklamoj, montrante vian emblemon kaj dezajnojn longe post kiam la evento fini\u011das. \u0108i tio plibonigas la markvideblecon kaj povus altiri novajn klientojn, kiuj vidas vian markon en diversaj kuntekstoj.<\/p>\n<p>&nbsp;<\/p>\n<h3><strong>Oftaj Demandoj (FAQs)<\/strong><\/h3>\n<h2>1. Kio estas NFC Molaj PVC Vinil-Pojnoj?<\/h2>\n<p>NFC Soft PVC Vinyl Wristbands estas portebla teknologio, kiu utiligas Near Field Communication (NFC) kaj Radiofrekvencan Identigon (RFID) por disponigi senkontaktan alirkontrolon, datumkolekton kaj senpagajn pagajn elektojn \u0109e eventoj. Ili estas faritaj el da\u016dra vinila materialo kaj estas dezajnitaj por komforto kaj komforto de la uzanto.<\/p>\n<h2>2. Kio estas la ofteco de \u0109i tiuj braceletoj?<\/h2>\n<p>\u0108i tiuj braceletoj funkcias kun ofteco de\u00a0<strong>13,56 MHz<\/strong>, kiu estas ofta por NFC kaj RFID-teknologioj, certigante kongruon kun la plej multaj RFID-legantoj kaj NFC-ebligitaj aparatoj.<\/p>\n<h2>3. \u0108u la pojnoj estas reuzeblaj?<\/h2>\n<p>Ne, la NFC Molaj PVC Vinil-Pojnoj estas dezajnitaj por\u00a0<strong>unuuza<\/strong>. \u0108i tiu funkcio celas plibonigi sekurecon kaj minimumigi la riskon de biletfra\u016ddo, igante ilin idealaj por eventoj kie alirkontrolo estas decida.<\/p>\n<h2>4. \u0108u la pojnoj povas esti personecigitaj?<\/h2>\n<p>Jes! Vi povas personecigi la pojnojn en diversaj manieroj, inkluzive de:<\/p>\n<ul>\n<li><strong>Logoprintado<\/strong><\/li>\n<li><strong>Strekkodoj kaj QR-kodoj<\/strong><\/li>\n<li><strong>Koloraj dezajnoj<\/strong><\/li>\n<li><strong>Specialaj metiaj teknikoj<\/strong>\u00a0kiel ekzemple varmotransiga presado kaj lasera kodigo.<\/li>\n<\/ul>\n<p>\u0108i tiu personigo permesas al entreprenoj plibonigi markadon kaj krei profesian aspekton por eventoj.<\/p>","protected":false},"excerpt":{"rendered":"<p>La NFC Soft PVC Vinyl Wristband Card estas da\u016drema, agordebla solvo por sekura aliro kaj senkontentaj transakcioj \u0109e eventoj. Desegnitaj por komforto kaj funkcieco, \u0109i tiuj braceletoj plibonigas la \u011deneralan gastan sperton certigante fidindan alirkontrolon.<\/p>","protected":false},"featured_media":3611,"template":"","meta":[],"product_brand":[],"product_cat":[50],"product_tag":[],"class_list":{"0":"post-3610","1":"product","2":"type-product","3":"status-publish","4":"has-post-thumbnail","6":"product_cat-silicone-rfid-nfc-wristbands","8":"first","9":"instock","10":"shipping-taxable","11":"product-type-simple"},"_links":{"self":[{"href":"https:\/\/nfc-readers.com\/eo\/wp-json\/wp\/v2\/product\/3610","targetHints":{"allow":["GET"]}}],"collection":[{"href":"https:\/\/nfc-readers.com\/eo\/wp-json\/wp\/v2\/product"}],"about":[{"href":"https:\/\/nfc-readers.com\/eo\/wp-json\/wp\/v2\/types\/product"}],"wp:featuredmedia":[{"embeddable":true,"href":"https:\/\/nfc-readers.com\/eo\/wp-json\/wp\/v2\/media\/3611"}],"wp:attachment":[{"href":"https:\/\/nfc-readers.com\/eo\/wp-json\/wp\/v2\/media?parent=3610"}],"wp:term":[{"taxonomy":"product_brand","embeddable":true,"href":"https:\/\/nfc-readers.com\/eo\/wp-json\/wp\/v2\/product_brand?post=3610"},{"taxonomy":"product_cat","embeddable":true,"href":"https:\/\/nfc-readers.com\/eo\/wp-json\/wp\/v2\/product_cat?post=3610"},{"taxonomy":"product_tag","embeddable":true,"href":"https:\/\/nfc-readers.com\/eo\/wp-json\/wp\/v2\/product_tag?post=3610"}],"curies":[{"name":"wp","href":"https:\/\/api.w.org\/{rel}","templated":true}]}}