{"id":3619,"date":"2024-11-08T04:21:11","date_gmt":"2024-11-08T04:21:11","guid":{"rendered":"https:\/\/nfc-readers.com\/?post_type=product&#038;p=3619"},"modified":"2024-11-08T04:21:11","modified_gmt":"2024-11-08T04:21:11","slug":"mifare-ultralight-ev1-rfid-stretchy-woven-nfc-rfid-wristband","status":"publish","type":"product","link":"https:\/\/nfc-readers.com\/eo\/ic-reader\/mifare-ultralight-ev1-rfid-stretchy-woven-nfc-rfid-wristband\/","title":{"rendered":"MIFARE Ultralight Ev1 RFID Stretchy Woven NFC RFID pojno"},"content":{"rendered":"<h1 style=\"text-align: center;\"><strong>MIFARE Ultralight Ev1 RFID Stretchy Woven NFC RFID pojno<\/strong><\/h1>\n<p>&nbsp;<\/p>\n<p>La <strong>MIFARE Ultralight EV1 RFID Stretchy Woven NFC Pojnejo<\/strong>\u00a0estas la finfina solvo por moderna administrado de eventoj, provizante senjuntan alirkontrolon, senpagajn pagajn solvojn kaj plifortigitan gastan sperton. Kreita kun novigo en menso, \u0109i tiu braceleto kombinas avangardan RFID-teknologion kun agordeblaj dezajnoj, i\u011dante esenca ilo por aran\u011dantoj kaj \u0109eestantoj de eventoj. \u0108u vi aran\u011das muzikan festivalon, akvan parkan altiron a\u016d kompanian eventon, \u0109i tiu RFID-branda\u0135o certigas simpligitajn operaciojn, pliigitan sekurecon kaj memorindan sperton por \u0109iuj implikitaj.<\/p>\n<p>&nbsp;<\/p>\n<h3><strong>Produktaj Avanta\u011doj<\/strong><\/h3>\n<ul>\n<li><strong>Plifortigita Sekureco<\/strong>: La peceto MIFARE Ultralight EV1 certigas, ke via pojno estas ne nur kontra\u016dfrapa sed anka\u016d kapabla je sekura transdono de datumoj.<\/li>\n<li><strong>Akvorezista kaj Fortika<\/strong>: Taksita je IP68, \u0109i tiu braceleto estas kaj akvorezista kaj veterrezista, desegnita por elteni diversajn mediajn kondi\u0109ojn, certigante ke \u011di ne difekti\u011dos dum sub\u0109ielaj eventoj a\u016d akvorilataj agadoj.<\/li>\n<li><strong>Uzant-amika<\/strong>: La RFID-brajno forigas la bezonon de kontantaj transakcioj, ebligante senpagajn pagojn, kiuj plibonigas efikecon kaj reduktas atendtempojn por gastoj.<\/li>\n<li><strong>Agordigeblaj Dezajnoj<\/strong>: Kun la opcio por plenkolora CMYK-presado, aran\u011dantoj de eventoj povas krei videble allogajn pojnojn kiuj plibonigas markvideblecon.<\/li>\n<li><strong>Flekseblaj Grandecoj kaj Koloroj<\/strong>: Disponeblaj en diversaj grandecoj (145x25x1.5 mm kaj 185x25x1.5 mm) kaj koloroj (blua, ru\u011da, blanka, nigra, verda, flava, oran\u011da, griza), la pojnoj respondas al diversaj estetikaj preferoj.<\/li>\n<\/ul>\n<p>&nbsp;<\/p>\n<h2><strong>\u015closilaj Trajtoj kaj Specifoj<\/strong><\/h2>\n<h3>Alt-Efikeca MIFARE-blato<\/h3>\n<p>La koro de la pojno estas la\u00a0<strong>MIFARE Ultralight EV1-peceto<\/strong>, kiu disponigas fidindan agadon por alirkontrolo kaj datumadministrado. La blato certigas sekuran komunikadon kun RFID-legantoj, igante \u011din ideala por alttrafikaj eventoj kie rapida pretigo estas esenca.<\/p>\n<h3>Akvorezista kaj Veterrezista Dezajno<\/h3>\n<p>Kun an\u00a0<strong>IP68-taksado<\/strong>, la pojno estas akvorezista, permesante al \u011di resti funkcia e\u0109 en malfacilaj vetercirkonstancoj. \u0108u pluvas \u0109e koncerto a\u016d pla\u016ddas \u0109e akvoparko, uzantoj povas \u011dui siajn agadojn sen zorgo.<\/p>\n<h3>Senkontantaj Pagaj Solvoj<\/h3>\n<p>Pasis la tagoj de portado de kontantmono a\u016d kartoj. \u0108i tiu braceleto permesas rapidan kaj facilan\u00a0<strong>senpagaj pagoj<\/strong>, perfekta por okupataj eventoj kie efikeco estas \u015dlosilo. Eventorganizantoj povas facile monitori transakciojn kaj simpligi operaciojn.<\/p>\n<h3>Personigo kaj Markado<\/h3>\n<p>Eventplanistoj povas utiligi la\u00a0<strong>plenkolora CMYK-presado<\/strong>\u00a0eblo por krei personecigitajn dezajnojn. \u0108i tio ne nur plibonigas markadon sed anka\u016d aldonas unikan tu\u015don, permesante al partoprenantoj montri sian eventon.<\/p>\n<p>&nbsp;<\/p>\n<h2><strong>Oftaj Demandoj (FAQs)<\/strong><\/h2>\n<h3>1.\u00a0<strong>Kio estas RFID-pojno?<\/strong><\/h3>\n<p>RFID-pojno estas portebla aparato kiu uzas radiofrekvencan identigon (RFID) teknologion por transdoni datumojn per radiondoj. \u011ci permesas sekuran alirkontrolon, senpagajn pagojn kaj datumkolektadon \u0109e eventoj.<\/p>\n<h3>2.\u00a0<strong>Kiel funkcias la braceleto MIFARE Ultralight EV1 RFID?<\/strong><\/h3>\n<p>La braceleto funkcias per blato, kiu komunikas kun RFID-legantoj. Kiam la braceleto estas frapetita kontra\u016d leganto, \u011di transdonas la konservitajn datumojn, donante aliron a\u016d pretigan pagon.<\/p>\n<h3>3.\u00a0<strong>\u0108u la braceleto estas akvorezista?<\/strong><\/h3>\n<p>Jes, nia MIFARE Ultralight EV1 RFID-pojno estas taksita IP68, tio signifas, ke \u011di estas plene akvorezista kaj povas elteni submer\u011don en akvon, igante \u011din ta\u016dga por diversaj sub\u0109ielaj eventoj, inkluzive de akvaj parkoj.<\/p>\n<h3>4.\u00a0<strong>\u0108u la braceleto povas esti personecigita?<\/strong><\/h3>\n<p>Absolute! Ni ofertas agordeblajn kolorajn opciojn kaj plenkoloran CMYK-presadon, ebligante vin desegni pojnojn kiuj kongruas kun la marko kaj temo de via evento.<\/p>\n<p>&nbsp;<\/p>","protected":false},"excerpt":{"rendered":"<p>La MIFARE Ultralight EV1 RFID Stretchy Woven NFC Wristband estas desegnita por sekura alirkontrolo kaj senkontentaj transakcioj \u0109e eventoj. \u011ciaj akvorezistaj kaj agordeblaj trajtoj igas \u011din ideala por diversaj okazoj.<\/p>","protected":false},"featured_media":3620,"template":"","meta":[],"product_brand":[],"product_cat":[50],"product_tag":[],"class_list":{"0":"post-3619","1":"product","2":"type-product","3":"status-publish","4":"has-post-thumbnail","6":"product_cat-silicone-rfid-nfc-wristbands","8":"first","9":"instock","10":"shipping-taxable","11":"product-type-simple"},"_links":{"self":[{"href":"https:\/\/nfc-readers.com\/eo\/wp-json\/wp\/v2\/product\/3619","targetHints":{"allow":["GET"]}}],"collection":[{"href":"https:\/\/nfc-readers.com\/eo\/wp-json\/wp\/v2\/product"}],"about":[{"href":"https:\/\/nfc-readers.com\/eo\/wp-json\/wp\/v2\/types\/product"}],"wp:featuredmedia":[{"embeddable":true,"href":"https:\/\/nfc-readers.com\/eo\/wp-json\/wp\/v2\/media\/3620"}],"wp:attachment":[{"href":"https:\/\/nfc-readers.com\/eo\/wp-json\/wp\/v2\/media?parent=3619"}],"wp:term":[{"taxonomy":"product_brand","embeddable":true,"href":"https:\/\/nfc-readers.com\/eo\/wp-json\/wp\/v2\/product_brand?post=3619"},{"taxonomy":"product_cat","embeddable":true,"href":"https:\/\/nfc-readers.com\/eo\/wp-json\/wp\/v2\/product_cat?post=3619"},{"taxonomy":"product_tag","embeddable":true,"href":"https:\/\/nfc-readers.com\/eo\/wp-json\/wp\/v2\/product_tag?post=3619"}],"curies":[{"name":"wp","href":"https:\/\/api.w.org\/{rel}","templated":true}]}}