{"id":3626,"date":"2024-11-08T04:27:49","date_gmt":"2024-11-08T04:27:49","guid":{"rendered":"https:\/\/nfc-readers.com\/?post_type=product&#038;p=3626"},"modified":"2024-11-08T04:27:50","modified_gmt":"2024-11-08T04:27:50","slug":"concert-access-identification-tickets-nfc-elastic-wristband","status":"publish","type":"product","link":"https:\/\/nfc-readers.com\/eo\/ic-reader\/concert-access-identification-tickets-nfc-elastic-wristband\/","title":{"rendered":"koncerto aliro identigo biletoj NFC elasta braceleto"},"content":{"rendered":"<h1 style=\"text-align: center;\"><strong>koncerto aliro identigo biletoj NFC elasta braceleto<\/strong><\/h1>\n<p>&nbsp;<\/p>\n<p>Navigi la mondon de eventoj kaj festivaloj neniam estis pli facila, danke al la enkonduko de NFC-elastaj pojnoj. En pejza\u011do \u0109iam pli dependanta de teknologio por sekureco kaj oportuno, la <strong>NFC-pojno<\/strong> aperas kiel lud\u015dan\u011dilo por koncertaliridentigo kaj biletado. Faritaj el da\u016draj materialoj kaj enpenetritaj per avangarda RFID-teknologio, \u0109i tiuj braceletoj ofertas efikan, senpagan solvon por aran\u011dantoj kaj \u0109eestantoj de eventoj. \u0108u vi administras viglan muzikan festivalon a\u016d intiman koncerton, investi en \u0109i tiuj altnivelaj brakbendoj povas simpligi alirkontrolon kaj plibonigi la \u011deneralan gastan sperton.<\/p>\n<p>&nbsp;<\/p>\n<h2><strong>Kial Elekti la Elastan Brabanon de NFC?<\/strong><\/h2>\n<p>La elasta pojno de NFC estas desegnita por simpligi la enirprocezon certigante sekurecon kaj fidindecon. \u0108i tiuj braceletoj estas akvorezistaj, agordeblaj kaj ekipitaj per altnivela NFC-teknologio, ebligante senpagajn pagajn solvojn kaj rapidan eniron. Enkorpigante funkciojn specife dezajnitajn por altkapacaj eventoj, vi povas signife redukti atendtempojn kaj plibonigi sekurecon, \u0109io dum vi provizas memorindan sperton por la \u0109eestantoj.<\/p>\n<p>\u0108i tiu ampleksa gvidilo esploras la diversajn funkciojn kaj avanta\u011dojn de la elasta pojno de NFC, traktante kial \u011di estas inda investo por iu ajn evento.<\/p>\n<p>&nbsp;<\/p>\n<h2><strong>Produktaj Trajtoj kaj Profitoj<\/strong><\/h2>\n<h3>1.\u00a0<strong>Altnivela RFID kaj NFC Teknologio<\/strong><\/h3>\n<p>La elasta pojno de NFC uzas altnivelan\u00a0<strong>RFID<\/strong>\u00a0(Radiofrekvenca Identigo) kaj\u00a0<strong>NFC<\/strong>\u00a0(Near Field Communication) teknologioj, kiuj funkcias sur ofteco de\u00a0<strong>13.56MHz<\/strong>. \u0108i tiu integri\u011do certigas rapidan komunikadon inter la braceleto kaj la skanado-ekipa\u0135o, faciligante senjuntan alirkontrolon sen la bezono palpi por fizikaj biletoj.<\/p>\n<p>Enkorpigante amba\u016d\u00a0<strong>RFID<\/strong>\u00a0kaj\u00a0<strong>NFC<\/strong>\u00a0nuancoj en via aran\u011do de evento ebligas efikan datumkolektadon, estontajn merkatajn komprenojn kaj plibonigitajn gastojn. Amba\u016d teknologioj pruvi\u011das esti\u00a0<strong>akvorezista<\/strong>, igante ilin idealaj por sub\u0109ielaj koncertoj kaj festivaloj kie neanta\u016dviditaj vetercirkonstancoj povas alie interrompi eventojn.<\/p>\n<h3>2.\u00a0<strong>Opcioj de personigo<\/strong><\/h3>\n<p>Unu el la elstaraj trajtoj de la\u00a0<strong>NFC-pojno<\/strong>\u00a0estas \u011dia agordebleco. Tra\u00a0<strong>presado de varmotransigo<\/strong>, vi povas personecigi \u0109i tiujn pojnojn per emblemoj, koloroj kaj grafika\u0135oj rilataj al via evento. \u0108u vi organizas kompanian feston, someran festivalon a\u016d koncerton, certigi, ke via marko estas videbla, plifortigas markrekonon inter \u0109eestantoj.<\/p>\n<p>Krome, niaj pojnoj venas en diversaj grandecoj, inkluzive\u00a0<strong>180x20mm<\/strong>, a\u016d povas esti tajlorita por plenumi viajn specifajn postulojn. \u0108i tiu nivelo de personigo helpas kreskigi senton de aparteno kaj identeco por viaj partoprenantoj.<\/p>\n<h3>3.\u00a0<strong>Plibonigita Gasta Sperto<\/strong><\/h3>\n<p>Efika\u00a0<strong>kontrolo de aliro<\/strong>\u00a0estas decida dum grandaj eventoj. Niaj NFC-elastaj pojnoj provizas tujan konfirmon, permesante al gastoj rapide eniri ejojn. Minimumigante botelojn kaj reduktante atendtempojn, vi kreas pli favoran kaj agrablan sperton por via publiko.<\/p>\n<p>Krome, \u0109i tiuj braceletoj estas reuzeblaj; ili estas faritaj el da\u016dra\u00a0<strong>\u015dtofo\/PVC<\/strong>\u00a0materialoj kiuj povas elteni diversajn mediajn kondi\u0109ojn konservante sian integrecon. \u0108i tiu fortikeco estas grava \u0109e sub\u0109ielaj eventoj, kie pojnoj povas esti elmontritaj al akvo, \u015dvito a\u016d e\u0109 malglata manipulado.<\/p>\n<h3>4.\u00a0<strong>Efikaj Pagaj Solvoj<\/strong><\/h3>\n<p>En la hodia\u016da senkontanta socio, ofertado\u00a0<strong>senpera pago<\/strong>\u00a0elektoj fari\u011dis esencaj. La elastaj braceletoj de NFC faciligas senkontaktajn transakciojn, ebligante al uzantoj fari a\u0109etojn \u0109e man\u011dbudoj, komercbudoj kaj pli sen bezoni fizikan kontantmonon. \u0108i tio ne nur plibonigas la gastan sperton, sed anka\u016d plifortigas eventajn operaciojn reduktante zorgojn pri montraktado.<\/p>\n<p>Gastoj povas simple frapeti sian pojnon \u0109e iu ajn vendejo kun NFC-ebligita, draste malpliigante transakciajn tempojn\u2014certante, ke neniu maltrafu popularajn a\u0135ojn!<\/p>\n<h3>5.\u00a0<strong>Sekureco kaj Kolekto de Datumoj<\/strong><\/h3>\n<p>Utiligante\u00a0<strong>RFID<\/strong>\u00a0teknologio signife pliigas la sekurecon de via evento. \u0108iu pojno povas esti enigita kun unikaj identigiloj, kiuj helpas spuri kaj administri gastan aliron; tiu teknologio permesas realtempan monitoradon de gastfluo ene de la ejo.<\/p>\n<p>Aldone, datumkolektaj kapabloj signifas, ke vi povas analizi tendencojn, kompreni la konduton de \u0109eestantoj kaj efektivigi dinamikajn prezojn strategiojn por venontaj eventoj. \u0108i tiu kompreno povas konduki al plibonigita planado kaj ekzekuto por\u00a0<strong>RFID-eventoj<\/strong>\u00a0en la estonteco.<\/p>\n<p>&nbsp;<\/p>\n<h2>Teknikaj Specifoj<\/h2>\n<table class=\"w-fit !mb-0 !max-w-none\">\n<thead>\n<tr>\n<th><strong>Atributo<\/strong><\/th>\n<th><strong>Priskribo<\/strong><\/th>\n<\/tr>\n<\/thead>\n<tbody>\n<tr>\n<td><strong>Produkta Nomo<\/strong><\/td>\n<td>NFC Elasta Pojnejo<\/td>\n<\/tr>\n<tr>\n<td><strong>Materialo<\/strong><\/td>\n<td>\u015ctofo\/PVC<\/td>\n<\/tr>\n<tr>\n<td><strong>Komunika Interfaco<\/strong><\/td>\n<td>RFID, NFC<\/td>\n<\/tr>\n<tr>\n<td><strong>Ofteco<\/strong><\/td>\n<td>13.56MHz<\/td>\n<\/tr>\n<tr>\n<td><strong>Chip Opcioj<\/strong><\/td>\n<td>Tag213\/tag215\/tag216\/2k\/4k\/8k\/tk4100\/t5577<\/td>\n<\/tr>\n<tr>\n<td><strong>Protokolo<\/strong><\/td>\n<td>ISO 14443A<\/td>\n<\/tr>\n<tr>\n<td><strong>Lega Distanco<\/strong><\/td>\n<td>1-10 cm<\/td>\n<\/tr>\n<tr>\n<td><strong>Personigo<\/strong><\/td>\n<td>Logo, Koloro, Grafiko<\/td>\n<\/tr>\n<\/tbody>\n<\/table>\n<p>&nbsp;<\/p>\n<h2><strong>Oftaj Demandoj (FAQs)<\/strong><\/h2>\n<h3>1.\u00a0<strong>Kio estas NFC-elasta pojno?<\/strong><\/h3>\n<p>NFC elasta pojno estas portebla aparato enigita kun NFC (Near Field Communication) kaj RFID (Radiofrekvenca Identigo). \u011ci permesas rapidan alirkontrolon, senpagajn pagojn kaj datumkolektadon \u0109e eventoj, plibonigante la \u011deneralan gastan sperton.<\/p>\n<h3>2.\u00a0<strong>Kiel funkcias NFC-pojnoj?<\/strong><\/h3>\n<p>NFC-brandoj funkcias per elsendado de datumoj tra radiondoj kiam ili estas proksimigitaj al kongrua leganto. \u0108i tio ebligas senkontaktajn interagojn, kiel enirskanadon a\u016d pagpretigon, simple frapetante la pojnon kontra\u016d sensilo.<\/p>\n<h3>3.\u00a0<strong>\u0108u NFC-pojnoj estas akvorezistaj?<\/strong><\/h3>\n<p>Jes, niaj NFC-elastaj pojnoj estas dezajnitaj por esti akvorezistaj, igante ilin ta\u016dgaj por uzo en diversaj medioj, inkluzive de koncertoj kaj sub\u0109ielaj eventoj kie povas okazi eksponi\u011do al akvo.<\/p>\n<h3>4.\u00a0<strong>\u0108u la pojnoj povas esti personecigitaj?<\/strong><\/h3>\n<p>Absolute! La elastaj brakbendoj de NFC povas esti personigitaj per via emblemo, koloroj kaj grafika\u0135oj per varmotransiga presado. \u0108i tiu personigo estas ideala por marki kaj plibonigi la eventon.<\/p>","protected":false},"excerpt":{"rendered":"<p>La\u00a0<strong>Koncerta Aliro Identigo NFC Elasta Pojnejo<\/strong>\u00a0estas avangarda solvo desegnita por plifaciligi eventon-eniron kaj plibonigi gastojn. Havante altnivelan RFID-teknologion, \u0109i tiuj agordeblaj kaj akvorezistaj pojnoj ebligas senjuntan alirkontrolon kaj senpagajn pagojn, igante ilin idealaj por koncertoj kaj festivaloj de ajna skalo.<\/p>","protected":false},"featured_media":3627,"template":"","meta":[],"product_brand":[],"product_cat":[50],"product_tag":[],"class_list":{"0":"post-3626","1":"product","2":"type-product","3":"status-publish","4":"has-post-thumbnail","6":"product_cat-silicone-rfid-nfc-wristbands","8":"first","9":"instock","10":"shipping-taxable","11":"product-type-simple"},"_links":{"self":[{"href":"https:\/\/nfc-readers.com\/eo\/wp-json\/wp\/v2\/product\/3626","targetHints":{"allow":["GET"]}}],"collection":[{"href":"https:\/\/nfc-readers.com\/eo\/wp-json\/wp\/v2\/product"}],"about":[{"href":"https:\/\/nfc-readers.com\/eo\/wp-json\/wp\/v2\/types\/product"}],"wp:featuredmedia":[{"embeddable":true,"href":"https:\/\/nfc-readers.com\/eo\/wp-json\/wp\/v2\/media\/3627"}],"wp:attachment":[{"href":"https:\/\/nfc-readers.com\/eo\/wp-json\/wp\/v2\/media?parent=3626"}],"wp:term":[{"taxonomy":"product_brand","embeddable":true,"href":"https:\/\/nfc-readers.com\/eo\/wp-json\/wp\/v2\/product_brand?post=3626"},{"taxonomy":"product_cat","embeddable":true,"href":"https:\/\/nfc-readers.com\/eo\/wp-json\/wp\/v2\/product_cat?post=3626"},{"taxonomy":"product_tag","embeddable":true,"href":"https:\/\/nfc-readers.com\/eo\/wp-json\/wp\/v2\/product_tag?post=3626"}],"curies":[{"name":"wp","href":"https:\/\/api.w.org\/{rel}","templated":true}]}}