{"id":3633,"date":"2024-11-08T04:33:33","date_gmt":"2024-11-08T04:33:33","guid":{"rendered":"https:\/\/nfc-readers.com\/?post_type=product&#038;p=3633"},"modified":"2024-11-08T04:33:34","modified_gmt":"2024-11-08T04:33:34","slug":"rfid-wristband-elastic-nfc-rfid-tag-access-control-identification","status":"publish","type":"product","link":"https:\/\/nfc-readers.com\/eo\/ic-reader\/rfid-wristband-elastic-nfc-rfid-tag-access-control-identification\/","title":{"rendered":"RFID-pojnbendo Elasta NFC RFID-etikedo alirkontrola identigo"},"content":{"rendered":"<h1 style=\"text-align: center;\"><strong>RFID-pojnbendo Elasta NFC RFID-etikedo alirkontrola identigo<\/strong><\/h1>\n<p>La <strong>RFID Pojnejo<\/strong>\u00a0transformas kiel organizoj administras alirkontrolon kaj identigon \u0109e eventoj, festivaloj kaj ejoj. Kun \u011dia progresinta\u00a0<strong>NFC-teknologio<\/strong>,\u00a0<strong>akvorezistaj materialoj<\/strong>, kaj agordeblaj trajtoj, \u0109i tiu elasta pojno estas ne nur funkcia sed desegnita por fortikeco kaj stilo. \u011ci efike kombinas sekurecajn mezurojn kun uzant-amikaj funkcioj, ofertante al aran\u011dantoj de evento simpligitan solvon por administri grandajn homamasojn dum plibonigo de la gasto-sperto.<\/p>\n<p>&nbsp;<\/p>\n<h2><strong>Kial Elekti la RFID-Pojneton?<\/strong><\/h2>\n<p>Investante en an\u00a0<strong>RFID-pojno<\/strong>\u00a0ofertas multajn avanta\u011dojn kaj por organizantoj kaj \u0109eestantoj. Kun funkcioj kiuj permesas\u00a0<strong>senpagaj pagoj<\/strong>\u00a0kaj\u00a0<strong>rapida eniro<\/strong>, \u0109i tiuj braceletoj estas specife desegnitaj por eventoj, kiuj bezonas pliigitan sekurecon kaj efikecon. \u0108u vi administras a\u00a0<strong>muzika festivalo<\/strong>, kompania renkonti\u011do, a\u016d plezurparko, la RFID-brajno ofertas nivelon de alirebleco kaj sekureco kiun tradiciaj biletoj ne povas provizi.<\/p>\n<h3>Produktaj Avanta\u011doj:<\/h3>\n<ul>\n<li><strong>Plifortigita Sekureco<\/strong>: La RFID-brajno certigas, ke nur rajtigitaj individuoj akiras eniron, reduktante la riskon de nea\u016dtorizita aliro.<\/li>\n<li><strong>Simpligitaj Operacioj<\/strong>: Faciligas rapidan eniron kaj eliron, minimumigante obstrukci\u011don \u0109e alirpunktoj.<\/li>\n<li><strong>Multflanka Apliko<\/strong>: Ta\u016dga por eventoj de ajna grandeco, de festivaloj \u011dis gimnastika alirkontrolo.<\/li>\n<li><strong>Propra Markado<\/strong>: Agordu pojnojn per unikaj dezajnoj, emblemoj kaj koloroj por plibonigi la videblecon de la marko.<\/li>\n<\/ul>\n<p>&nbsp;<\/p>\n<h3><strong>Karakteriza\u0135oj de la RFID Wristband<\/strong><\/h3>\n<p>La\u00a0<strong>RFID-pojno<\/strong>\u00a0havas multajn specialajn funkciojn dizajnitajn por certigi senmanka alirkontrolo. \u0108i tiuj braceletoj estas\u00a0<strong>akvorezista<\/strong>, garantiante fidindan funkciadon e\u0109 en neanta\u016dvideblaj vetercirkonstancoj. Funkcianta kun ofteco de\u00a0<strong>13,56 MHz<\/strong>\u00a0kaj uzante la\u00a0<strong>ISO 14443A protokolo<\/strong>, \u0109i tiuj braceletoj uzas\u00a0<strong>NTAG213 blatoj<\/strong>\u00a0kun memorkapablo de\u00a0<strong>144 bajtoj<\/strong>.<\/p>\n<p>La braceleto komunikas uzante\u00a0<strong>NFC<\/strong>\u00a0(Near Field Communication) teknologio, kiu permesas rapidan interagadon kiam skanita de RFID-legantoj ene de legodistanco de\u00a0<strong>1-10 cm<\/strong>. \u0108i tio signifas, ke gastoj povas eniri ejojn rapide simple frapante sian pojnon sur leganto, signife plibonigante la fluon de trafiko \u0109e enirpunktoj.<\/p>\n<p>&nbsp;<\/p>\n<h3><strong>Teknikaj Specifoj<\/strong><\/h3>\n<table class=\"w-fit !mb-0 !max-w-none\" style=\"height: 463px;\" width=\"472\">\n<thead>\n<tr>\n<th><strong>Atributo<\/strong><\/th>\n<th><strong>Detaloj<\/strong><\/th>\n<\/tr>\n<\/thead>\n<tbody>\n<tr>\n<td><strong>Produkta Nomo<\/strong><\/td>\n<td>RFID Pojnejo<\/td>\n<\/tr>\n<tr>\n<td><strong>Komerca nomo<\/strong><\/td>\n<td>Shunxin<\/td>\n<\/tr>\n<tr>\n<td><strong>Modela Nombro<\/strong><\/td>\n<td>SX-Pojnejo<\/td>\n<\/tr>\n<tr>\n<td><strong>Materialo<\/strong><\/td>\n<td>\u015ctofo<\/td>\n<\/tr>\n<tr>\n<td><strong>Grandeco<\/strong><\/td>\n<td>180 * 20 mm<\/td>\n<\/tr>\n<tr>\n<td><strong>Blato<\/strong><\/td>\n<td>NTAG213<\/td>\n<\/tr>\n<tr>\n<td><strong>Memoro<\/strong><\/td>\n<td>144 bajto<\/td>\n<\/tr>\n<tr>\n<td><strong>Komunika Interfaco<\/strong><\/td>\n<td>RFID, NFC<\/td>\n<\/tr>\n<tr>\n<td><strong>Ofteco<\/strong><\/td>\n<td>13,56 MHz<\/td>\n<\/tr>\n<tr>\n<td><strong>Protokolo<\/strong><\/td>\n<td>ISO 14443A<\/td>\n<\/tr>\n<tr>\n<td><strong>Lega Distanco<\/strong><\/td>\n<td>1 \u2013 10 cm<\/td>\n<\/tr>\n<tr>\n<td><strong>Plumbotempo<\/strong><\/td>\n<td>8 \u2013 12 labortagoj<\/td>\n<\/tr>\n<tr>\n<td><strong>Presado<\/strong><\/td>\n<td>Preso de varmotransigo<\/td>\n<\/tr>\n<tr>\n<td><strong>Pakado<\/strong><\/td>\n<td>200 pecoj\/interna skatolo, 25 skatoloj\/karto<\/td>\n<\/tr>\n<tr>\n<td><strong>Kartono Grandeco<\/strong><\/td>\n<td>48 * 22,5 * 30 cm<\/td>\n<\/tr>\n<tr>\n<td><strong>Malneta Pezo<\/strong><\/td>\n<td>0,010 kg<\/td>\n<\/tr>\n<tr>\n<td><strong>Ununura Pako Grandeco<\/strong><\/td>\n<td>35 * 1,5 * 0,02 cm<\/td>\n<\/tr>\n<\/tbody>\n<\/table>\n<p>&nbsp;<\/p>\n<h2><strong>Oftaj Demandoj (FAQs)<\/strong><\/h2>\n<h3>1. Kio estas RFID-pojno?<\/h3>\n<p>An\u00a0<strong>RFID-pojno<\/strong>\u00a0estas portebla aparato ekipita per Radio Frequency Identification (RFID) teknologio, plejparte uzita por alirkontrolo, senpataj pagoj, kaj identigo \u0109e okaza\u0135oj kiel ekzemple koncertoj, festivaloj, kaj distraj ejoj.<\/p>\n<h3>2. Kiel funkcias RFID-teknologio?<\/h3>\n<p>RFID-teknologio uzas radiondojn por transdoni datumojn de la pojno al leganto. Kiam la braceleto venas en la legodistanco (1-10 cm), \u011di a\u016dtomate komunikas kun la leganto, permesante rapidan kaj sekuran aliron a\u016d transakciojn.<\/p>\n<h3>3. Kio estas la avanta\u011doj de uzi RFID-pojnojn super tradiciaj biletoj?<\/h3>\n<p>RFID-pojnoj provizas plurajn avanta\u011dojn:<\/p>\n<ul>\n<li><strong>Pli Rapida Eniro<\/strong>: \u0108eestantoj povas frapeti siajn pojnojn por rapida aliro, reduktante atendovicojn kaj atendotempojn.<\/li>\n<li><strong>Plifortigita Sekureco<\/strong>: Nea\u016dtorizitaj personoj ne povas uzi RFID-pojnojn, \u0109ar \u0109iu pojno estas unike kodita.<\/li>\n<li><strong>Senkontantaj Transakcioj<\/strong>: Multaj braceletoj ebligas senpagajn pagojn por man\u011da\u0135oj, varoj kaj servoj, plibonigante la sperton de uzanto.<\/li>\n<li><strong>Kolekto de datumoj<\/strong>: Eventorganizantoj povas kolekti valorajn analizojn pri konduto kaj preferoj de vizitanto.<\/li>\n<\/ul>\n<h3>4. \u0108u RFID-pojnoj estas akvorezistaj?<\/h3>\n<p>Jes, niaj RFID-pojnoj estas desegnitaj por esti\u00a0<strong>akvorezista<\/strong>\u00a0kaj\u00a0<strong>veterrezista<\/strong>, igante ilin ta\u016dgaj por sub\u0109ielaj eventoj kaj agadoj.<\/p>","protected":false},"excerpt":{"rendered":"<p>La RFID-brajno kombinas elastan komforton kun altnivela NFC-teknologio por efika alirkontrolo kaj identigo. Perfekta por eventoj, \u011di ofertas sekurecon kaj komforton en agordebla dezajno.<\/p>","protected":false},"featured_media":3634,"template":"","meta":[],"product_brand":[],"product_cat":[50],"product_tag":[],"class_list":{"0":"post-3633","1":"product","2":"type-product","3":"status-publish","4":"has-post-thumbnail","6":"product_cat-silicone-rfid-nfc-wristbands","8":"first","9":"instock","10":"shipping-taxable","11":"product-type-simple"},"_links":{"self":[{"href":"https:\/\/nfc-readers.com\/eo\/wp-json\/wp\/v2\/product\/3633","targetHints":{"allow":["GET"]}}],"collection":[{"href":"https:\/\/nfc-readers.com\/eo\/wp-json\/wp\/v2\/product"}],"about":[{"href":"https:\/\/nfc-readers.com\/eo\/wp-json\/wp\/v2\/types\/product"}],"wp:featuredmedia":[{"embeddable":true,"href":"https:\/\/nfc-readers.com\/eo\/wp-json\/wp\/v2\/media\/3634"}],"wp:attachment":[{"href":"https:\/\/nfc-readers.com\/eo\/wp-json\/wp\/v2\/media?parent=3633"}],"wp:term":[{"taxonomy":"product_brand","embeddable":true,"href":"https:\/\/nfc-readers.com\/eo\/wp-json\/wp\/v2\/product_brand?post=3633"},{"taxonomy":"product_cat","embeddable":true,"href":"https:\/\/nfc-readers.com\/eo\/wp-json\/wp\/v2\/product_cat?post=3633"},{"taxonomy":"product_tag","embeddable":true,"href":"https:\/\/nfc-readers.com\/eo\/wp-json\/wp\/v2\/product_tag?post=3633"}],"curies":[{"name":"wp","href":"https:\/\/api.w.org\/{rel}","templated":true}]}}