{"id":3667,"date":"2024-11-10T06:11:18","date_gmt":"2024-11-10T06:11:18","guid":{"rendered":"https:\/\/nfc-readers.com\/?post_type=product&#038;p=3667"},"modified":"2024-11-10T06:11:19","modified_gmt":"2024-11-10T06:11:19","slug":"custom-nfc-sticker-for-brand-authentication-anti-counterfeiting","status":"publish","type":"product","link":"https:\/\/nfc-readers.com\/eo\/ic-reader\/custom-nfc-sticker-for-brand-authentication-anti-counterfeiting\/","title":{"rendered":"Propra NFC-Glumarko por Marka A\u016dtentigo Kontra\u016d Falsado"},"content":{"rendered":"<h1 style=\"text-align: center;\"><strong>Propra NFC-Glumarko por Marka A\u016dtentigo Kontra\u016d Falsado<\/strong><\/h1>\n<p>En la hodia\u016da rapide evoluanta merkato, certigi la legitimecon de produktoj fari\u011dis pli kritika ol iam ajn. Propraj NFC-glumarkoj funkcias kiel noviga solvo por marka\u016dtentikigo kaj kontra\u016dfalsaj mezuroj. \u0108i tiuj progresintaj glumarkoj ekspluatas teknologion de Near Field Communication (NFC) por provizi senjuntan kontrolan procezon, plibonigante markintegrecon kaj fidon de la kliento. \u0108i tiu produkto ne nur funkcias kiel sekureca mezuro, sed anka\u016d faciligas allogan klientan sperton. Kun gamo da agordeblaj opcioj, \u0109i tiuj NFC-glumarkoj estas valora investo por iu ajn komerco, kiu volas protekti sian markidentecon.<\/p>\n<p>&nbsp;<\/p>\n<h2>Kial Elekti Proprajn NFC-Glumarkojn?<\/h2>\n<p>Propraj NFC-glumarkoj ofertas multajn avanta\u011dojn, kiuj igas ilin inda aldono al la sekureca arsenalo de via marko. Integrante NFC-teknologion, \u0109i tiuj glumarkoj permesas rapidan kaj senpene a\u016dtentikigon per NFC-ebligitaj sa\u011dtelefonoj kaj aparatoj. Kun funkcioj kiel akvorezista fortikeco, diversaj grandecoj kaj formoj kaj agordeblaj presaj opcioj, \u0109i tiuj glumarkoj ne nur plifortigas sekurecon, sed anka\u016d plibonigas la aspekton de viaj produktoj.<\/p>\n<p>La investo en kutimaj NFC-glumarkoj povas signife redukti la riskon de falsigo, donante al konsumantoj konfidon pri la a\u016dtentikeco de siaj a\u0109etoj. Travideble provizante informojn pri la origino de la produkto kaj produktaddetaloj, \u0109i tiuj glumarkoj anka\u016d povas altigi la konsuman sperton kaj enga\u011di\u011don.<\/p>\n<p>&nbsp;<\/p>\n<h2>Karakteriza\u0135oj de Propraj NFC-Glumarkoj<\/h2>\n<h3>Altnivela Teknologio kaj Sekureco<\/h3>\n<p>Propraj NFC-glumarkoj estas ekipitaj per avangarda teknologio, kiel RFID-komunikaj interfacoj, igante ilin escepte efikaj en marka\u016dtentikigo. Utiligante la\u00a0<strong>NXP NTAG213<\/strong>\u00a0blato, \u0109i tiuj glumarkoj funkcias kun ofteco de\u00a0<strong>13,56 MHz<\/strong>, certigante fidindan ligon kun aliaj NFC-ebligitaj aparatoj. \u0108u alfiksitaj al produktaj paka\u0135oj a\u016d etikedoj, \u0109i tiuj glumarkoj provizas kompleksan solvon por kontra\u016dbatali falsa\u0135on per minimuma peno.<\/p>\n<h3>Versatilaj Aplikoj<\/h3>\n<p>La \u0109iuflankeco de kutimaj NFC-glumarkoj igas ilin ta\u016dgaj por lar\u011da gamo de industrioj, de luksaj varoj \u011dis konsumelektroniko. Ili povas esti fiksitaj al diversaj surfacoj\u2014inkluzive\u00a0<strong>PVC, PET<\/strong>, kaj metalo\u2014ebligante entreprenojn integrigi ilin en sian markadon perfekte. Firmaoj povas elekti el pluraj dezajnoj, inkluzive\u00a0<strong>ronda, kvadrata<\/strong>, kaj kutimaj agordoj, por plej bone konveni la estetikon de ilia produkto.<\/p>\n<h2>2. Fortikeco kaj Uzebleco<\/h2>\n<h3>Akvorezista kaj Veterrezista Dezajno<\/h3>\n<p>Kiam temas pri etikedado de produktoj, fortikeco estas plej grava. Propraj NFC-glumarkoj estas dizajnitaj por elteni severajn mediajn kondi\u0109ojn. Ilia\u00a0<strong>akvorezista<\/strong>\u00a0kaj\u00a0<strong>veterrezista<\/strong>\u00a0trajtoj igas ilin idealaj por sub\u0109ielaj aplikoj a\u016d produktoj elmontritaj al humideco. \u0108i tio certigas, ke la NFC-teknologio restas plene funkcianta, sendepende de la ekstera medio, protektante la integrecon de via marko.<\/p>\n<h3>Uzant-amika Interfaco<\/h3>\n<p>La simpleco uzi kutimajn NFC-glumarkojn estas alia grava avanta\u011do. Klientoj povas facile a\u016dtentikigi produktojn frapetante siajn\u00a0<strong>NFC-ebligitaj sa\u011dtelefonoj<\/strong>\u00a0kontra\u016d la glumarko. \u0108i tiu intuicia interago forigas kompleksajn procezojn, permesante al uzantoj kontroli a\u016dtentecon kaj rapide aliri pliajn produktajn informojn. Kiel rezulto, \u0109i tio pliigas klientan kontenton kaj enga\u011di\u011don.<\/p>\n<p>&nbsp;<\/p>\n<p>&nbsp;<\/p>\n<h2>Teknikaj Specifoj<\/h2>\n<table class=\"w-fit !mb-0 !max-w-none\">\n<thead>\n<tr>\n<th>Specifo<\/th>\n<th>Detalo<\/th>\n<\/tr>\n<\/thead>\n<tbody>\n<tr>\n<td><strong>Blato<\/strong><\/td>\n<td>Ntag213, Ntag215, Ntag216<\/td>\n<\/tr>\n<tr>\n<td><strong>Ofteco<\/strong><\/td>\n<td>13,56 MHz<\/td>\n<\/tr>\n<tr>\n<td><strong>Protokolo<\/strong><\/td>\n<td>ISO 14443A<\/td>\n<\/tr>\n<tr>\n<td><strong>Skribeblaj datumtipoj<\/strong><\/td>\n<td>Retejo, Teksto, QR-kodoj, aliaj formatoj<\/td>\n<\/tr>\n<tr>\n<td><strong>Presi Opcioj<\/strong><\/td>\n<td>Ofseta presado, Cifereca presado, Personigo<\/td>\n<\/tr>\n<tr>\n<td><strong>Metiaj Opcioj<\/strong><\/td>\n<td>Brila, Matte, Epoksio, Hologramo<\/td>\n<\/tr>\n<tr>\n<td><strong>Grandecaj Opcioj<\/strong><\/td>\n<td>Ronda (30mm en diametro), Kvadrata, Propra<\/td>\n<\/tr>\n<tr>\n<td><strong>Pakaj Detaloj<\/strong><\/td>\n<td>200-komputiloj en interna skatolo, 25 skatoloj per kartono; grandeco de kartono: 48<em>22.5<\/em>30 cm<\/td>\n<\/tr>\n<tr>\n<td><strong>Pezo<\/strong><\/td>\n<td>0,010 kg per glumarko<\/td>\n<\/tr>\n<\/tbody>\n<\/table>\n<p>&nbsp;<\/p>\n<p>&nbsp;<\/p>\n<h2>Oftaj Demandoj (FAQs)<\/h2>\n<h3>1.\u00a0<strong>Kio estas NFC-teknologio, kaj kiel \u011di funkcias?<\/strong><\/h3>\n<p>NFC (Near Field Communication) estas mallongdistanca sendrata teknologio kiu ebligas komunikadon inter kongruaj aparatoj kiam ili estas proksimigitaj, tipe ene de kelkaj centimetroj. Propraj NFC-glumarkoj enhavas NFC-peceton, kiu transdonas datumojn al NFC-ebligitaj inteligentaj telefonoj kaj aparatoj kiam ili estas frapetataj, permesante al uzantoj rapide kontroli produkton a\u016dtentikecon a\u016d aliri pliajn informojn.<\/p>\n<h3>2.\u00a0<strong>Kiom da\u016dre estas kutimaj NFC-glumarkoj?<\/strong><\/h3>\n<p>Propraj NFC-glumarkoj estas dizajnitaj por esti akvorezistaj kaj veterrezistaj, igante ilin ta\u016dgaj por endomaj kaj sub\u0109ielaj aplikoj. Ili povas elteni diversajn mediajn kondi\u0109ojn, certigante ke la NFC-teknologio restas funkcia por plilongigita periodo.<\/p>\n<h3>3.\u00a0<strong>\u0108u \u0109i tiuj glumarkoj povas esti personecigitaj?<\/strong><\/h3>\n<p>Jes! Niaj kutimaj NFC-glumarkoj ofertas gamon da ebloj por personigo, inkluzive de grandeco, formo, dezajno kaj presaj metodoj. Vi povas presi emblemojn, produktajn informojn, QR-kodojn kaj aliajn markajn elementojn por kongrui kun via marka identeco.<\/p>\n<h3>4.\u00a0<strong>Kiuj materialoj estas uzataj por la glumarkoj?<\/strong><\/h3>\n<p>Propraj NFC-glumarkoj povas esti faritaj el diversaj materialoj kiel PVC, PET a\u016d kovrita papero. \u0108iu materialo estas elektita pro sia fortikeco kaj ta\u016dgeco por malsamaj aplikoj, certigante ke la glumarkoj povas ali\u011di efike al viaj produktoj.<\/p>","protected":false},"excerpt":{"rendered":"<p>Propraj NFC-glumarkoj ofertas altnivelan solvon por marka a\u016dtentigo kaj kontra\u016dfalsado. Facile kontrolu la legitimecon de la produkto per simpla frapeto de inteligenta telefono.<\/p>","protected":false},"featured_media":3668,"template":"","meta":[],"product_brand":[],"product_cat":[48],"product_tag":[],"class_list":{"0":"post-3667","1":"product","2":"type-product","3":"status-publish","4":"has-post-thumbnail","6":"product_cat-nfc-stickers","8":"first","9":"instock","10":"shipping-taxable","11":"product-type-simple"},"_links":{"self":[{"href":"https:\/\/nfc-readers.com\/eo\/wp-json\/wp\/v2\/product\/3667","targetHints":{"allow":["GET"]}}],"collection":[{"href":"https:\/\/nfc-readers.com\/eo\/wp-json\/wp\/v2\/product"}],"about":[{"href":"https:\/\/nfc-readers.com\/eo\/wp-json\/wp\/v2\/types\/product"}],"wp:featuredmedia":[{"embeddable":true,"href":"https:\/\/nfc-readers.com\/eo\/wp-json\/wp\/v2\/media\/3668"}],"wp:attachment":[{"href":"https:\/\/nfc-readers.com\/eo\/wp-json\/wp\/v2\/media?parent=3667"}],"wp:term":[{"taxonomy":"product_brand","embeddable":true,"href":"https:\/\/nfc-readers.com\/eo\/wp-json\/wp\/v2\/product_brand?post=3667"},{"taxonomy":"product_cat","embeddable":true,"href":"https:\/\/nfc-readers.com\/eo\/wp-json\/wp\/v2\/product_cat?post=3667"},{"taxonomy":"product_tag","embeddable":true,"href":"https:\/\/nfc-readers.com\/eo\/wp-json\/wp\/v2\/product_tag?post=3667"}],"curies":[{"name":"wp","href":"https:\/\/api.w.org\/{rel}","templated":true}]}}