{"id":3675,"date":"2024-11-10T06:17:39","date_gmt":"2024-11-10T06:17:39","guid":{"rendered":"https:\/\/nfc-readers.com\/?post_type=product&#038;p=3675"},"modified":"2024-11-10T06:17:39","modified_gmt":"2024-11-10T06:17:39","slug":"13-56mhz-iso14443a-mifare-ntag-424dna-rfid-nfc-coin-tag-token","status":"publish","type":"product","link":"https:\/\/nfc-readers.com\/eo\/ic-reader\/13-56mhz-iso14443a-mifare-ntag-424dna-rfid-nfc-coin-tag-token\/","title":{"rendered":"13.56mhz ISO14443A MIfare NTAG 424DNA RFID NFC Monera Etikedo Token"},"content":{"rendered":"<h1 style=\"text-align: center;\"><span style=\"font-size: 95%;\"><strong>13.56mhz ISO14443A MIfare NTAG 424DNA RFID NFC Monera Etikedo Token<\/strong><\/span><\/h1>\n<p>&nbsp;<\/p>\n<p>En la rapide evoluanta mondo de senkontaktaj teknologioj, la\u00a0<strong>13.56mhz ISO14443A MIfare NTAG 424DNA RFID NFC Monera Etikedo Token<\/strong>\u00a0elstaras kiel multflanka kaj potenca solvo. \u0108i tiuj NFC-etikedoj ofertas esceptan utilecon por diversaj aplikoj, de videoludado \u011dis sekura komunikado. Desegnitaj kun precizeco, \u0109i tiuj \u0135etonoj kombinas altnivelajn kapablojn kun uzant-amikaj funkcioj, igante ilin nepraj por entuziasmuloj kaj profesiuloj. \u0108u vi celas plibonigi viajn komercajn operaciojn, plifaciligi datumojn kunhavigi a\u016d simple esplori novigan teknologion, investi en \u0109i tiuj NFC-etikedoj povas mal\u015dlosi novajn \u015dancojn.<\/p>\n<p>&nbsp;<\/p>\n<h2>Produktaj Avanta\u011doj<\/h2>\n<ol>\n<li><strong>Plibonigita Utilo<\/strong>: La blato NTAG 424DNA disponigas fortikan memoron (416 bajtoj) kaj sekuran datum\u015dan\u011don, ideala por aplikoj postulantaj altnivelan sekurecon.<\/li>\n<li><strong>Fortikeco<\/strong>: Realigitaj kun akvorezistaj kaj veterrezistaj trajtoj, \u0109i tiuj etikedoj prosperas en sub\u0109ielaj agordoj, certigante longvivecon e\u0109 en malfacilaj medioj.<\/li>\n<li><strong>Lar\u011da Kongrueco<\/strong>: Kongruaj kun diversaj NFC-ebligitaj aparatoj, \u0109i tiuj etikedoj povas facile integri\u011di en ekzistantajn laborfluojn, farante la transiron al senkontakta teknologio senjunta.<\/li>\n<\/ol>\n<p>Kun \u0109i tiuj konvinkaj avanta\u011doj, estas klare kial la\u00a0<strong>NTAG 424DNA NFC-Monero-Etikedo<\/strong>\u00a0indas a\u0109eti.<\/p>\n<p>&nbsp;<\/p>\n<h3>Teknikaj Specifoj<\/h3>\n<p>La teknikaj specifoj de la\u00a0<strong>NTAG 424DNA<\/strong>\u00a0RFID NFC Coin Tag reliefigas \u011dian fortikecon kaj \u0109iuflankecon. Jen la \u0109efaj punktoj por konsideri:<\/p>\n<ul>\n<li><strong>Blato<\/strong>: NTAG 424 DNA<\/li>\n<li><strong>Kapacito de memoro<\/strong>: 416 bajtoj<\/li>\n<li><strong>Ofteco<\/strong>: 13,56 MHz<\/li>\n<li><strong>Lega Distanco<\/strong>: 2-10 cm<\/li>\n<li><strong>Materialo<\/strong>: PVC<\/li>\n<li><strong>Grandeco<\/strong>: Diametro de 25mm\/30mm<\/li>\n<li><strong>Dikeco<\/strong>: 0.84mm (adaptebla)<\/li>\n<li><strong>Pezo<\/strong>: 6,5 g<\/li>\n<\/ul>\n<p>\u0108i tiuj specifoj certigas, ke la NFC-etikedo povas renkonti diversajn uzantbezonojn, de videoludaj aplika\u0135oj \u011dis sekurigi komercajn operaciojn.<\/p>\n<p>&nbsp;<\/p>\n<h3>Aplikoj de la NTAG 424DNA Coin Tag<\/h3>\n<p>La aplikoj por la\u00a0<strong>NTAG 424DNA<\/strong>\u00a0moneretikedo estas ampleksaj. En la videoludadindustrio, \u0109i tiuj etikedoj povas plibonigi uzantspertojn permesante interagadon kun en-ludaj elementoj per NFC-ebligitaj aparatoj. Ili povas esti programitaj por mal\u015dlosi ekskluzivan enhavon, provizi tujajn rekompencojn a\u016d ligi al interretaj platformoj, kondukante la enga\u011di\u011don de la uzantoj.<\/p>\n<p>Aldone, en komerca kunteksto, NFC-etikedoj povas funkcii kiel ciferecaj vizitkartoj, provizante tujan aliron al kontaktaj detaloj a\u016d biletujoj, a\u016d ili povas esti uzataj por spurado de valora\u0135oj kaj stokregistrado. La \u0109iuflankeco en aplikoj pruvas la\u00a0<strong>La funkcieco de NFC-etikedoj en kaj \u0109iutaga vivo kaj speciali\u011dintaj industrioj.<\/strong><\/p>\n<p>&nbsp;<\/p>\n<p>&nbsp;<\/p>\n<h2>Oftaj Demandoj (FAQs) por NTAG 424DNA RFID NFC Monera Etikedo<\/h2>\n<h3>1. Kio estas NFC-teknologio, kaj kiel \u011di funkcias?<\/h3>\n<p>NFC (Near Field Communication) teknologio permesas al aparatoj komuniki sendrate sur mallongaj distancoj (tipe 2-10 cm). \u011ci ebligas inter\u015dan\u011don de datumoj inter NFC-ebligitaj aparatoj kaj etikedoj, kiel la NTAG 424DNA, per procezo nomita elektromagneta indukto. Por interagi, simple tenu vian NFC-ebligitan telefonon a\u016d aparaton proksime de la etikedo, kaj la datumoj estos elsenditaj tuj.<\/p>\n<h3>2. Kiuj aparatoj estas kongruaj kun la NTAG 424DNA NFC Coin Tag?<\/h3>\n<p>La NTAG 424DNA NFC Coin Tag estas kongrua kun \u0109iuj NFC-ebligitaj moveblaj aparatoj, inkluzive de lar\u011da gamo de Android-po\u015dtelefonoj kaj tablojdoj, same kiel certaj modeloj de iPhonoj (iPhone 7 kaj poste). Plej modernaj aparatoj kun NFC-kapabloj povas legi kaj skribi datumojn al \u0109i tiuj etikedoj.<\/p>\n<h3>3. \u0108u la NTAG 424DNA NFC Coin Tag estas reverkebla?<\/h3>\n<p>Jes, la NTAG 424DNA NFC Coin Tag estas reverkebla. La memoro povas esti modifita, permesante al uzantoj \u011disdatigi la konservitajn datumojn kiam ajn necese. \u0108i tiu funkcio igas \u011din tre diverstalenta por diversaj aplikoj, kiel \u015dan\u011di kontaktajn detalojn sur cifereca vizitkarto a\u016d \u011disdatigi lud-rilatajn informojn.<\/p>","protected":false},"excerpt":{"rendered":"<div class=\"message-item-outer relative px-4 mb-2\" data-id=\"ab1b65d0-6e69-4f08-ab26-216071361a06\">\n<div class=\"content-area pl-[0px]\">\n<div class=\"message-item select-text relative\">\n<div class=\"message-inner relative\">\n<div class=\"py-[2px]\">\n<div class=\"flex flex-col gap-2\">\n<div class=\"answer-markdown-box overflow-x-auto select-text custom-scrollbar\">\n<div class=\"markdown-body\">\n<p>La 13.56MHz ISO14443A Mifare NTAG 424DNA RFID NFC Coin Tag Token ofertas altnivelan datuman sekurecon kun sia 416-bajta memoro, igante \u011din ideala por aplikoj kiel sekuraj transakcioj kaj interaga merkatado. \u011cia akvorezista dezajno kaj kongruo kun diversaj NFC-ebligitaj aparatoj certigas multflankan uzon en kaj endomaj kaj sub\u0109ielaj agordoj.<\/p>\n<\/div>\n<\/div>\n<\/div>\n<\/div>\n<\/div>\n<\/div>\n<\/div>\n<\/div>","protected":false},"featured_media":3676,"template":"","meta":[],"product_brand":[],"product_cat":[47],"product_tag":[],"class_list":{"0":"post-3675","1":"product","2":"type-product","3":"status-publish","4":"has-post-thumbnail","6":"product_cat-nfc-tags","8":"first","9":"instock","10":"shipping-taxable","11":"product-type-simple"},"_links":{"self":[{"href":"https:\/\/nfc-readers.com\/eo\/wp-json\/wp\/v2\/product\/3675","targetHints":{"allow":["GET"]}}],"collection":[{"href":"https:\/\/nfc-readers.com\/eo\/wp-json\/wp\/v2\/product"}],"about":[{"href":"https:\/\/nfc-readers.com\/eo\/wp-json\/wp\/v2\/types\/product"}],"wp:featuredmedia":[{"embeddable":true,"href":"https:\/\/nfc-readers.com\/eo\/wp-json\/wp\/v2\/media\/3676"}],"wp:attachment":[{"href":"https:\/\/nfc-readers.com\/eo\/wp-json\/wp\/v2\/media?parent=3675"}],"wp:term":[{"taxonomy":"product_brand","embeddable":true,"href":"https:\/\/nfc-readers.com\/eo\/wp-json\/wp\/v2\/product_brand?post=3675"},{"taxonomy":"product_cat","embeddable":true,"href":"https:\/\/nfc-readers.com\/eo\/wp-json\/wp\/v2\/product_cat?post=3675"},{"taxonomy":"product_tag","embeddable":true,"href":"https:\/\/nfc-readers.com\/eo\/wp-json\/wp\/v2\/product_tag?post=3675"}],"curies":[{"name":"wp","href":"https:\/\/api.w.org\/{rel}","templated":true}]}}