{"id":3683,"date":"2024-11-10T06:22:41","date_gmt":"2024-11-10T06:22:41","guid":{"rendered":"https:\/\/nfc-readers.com\/?post_type=product&#038;p=3683"},"modified":"2024-11-10T06:22:41","modified_gmt":"2024-11-10T06:22:41","slug":"wholesale-high-security-tamper-proof-nfc-tag-rfid-sticker","status":"publish","type":"product","link":"https:\/\/nfc-readers.com\/eo\/ic-reader\/wholesale-high-security-tamper-proof-nfc-tag-rfid-sticker\/","title":{"rendered":"Pogranda Altsekureca Tamper Proof NFC-Etikedo RFID-Glumarko"},"content":{"rendered":"<h1 style=\"text-align: center;\"><strong>Pogranda Altsekureca Tamper Proof NFC-Etikedo RFID-Glumarko<\/strong><\/h1>\n<p>&nbsp;<\/p>\n<p>Mal\u015dlosu la estontecon de sekura informo kun ni <strong>Pogranda Altsekureca Tamper Proof NFC-Etikedo RFID-Glumarko<\/strong>. Perfektaj por kontra\u016dfalsaj solvoj, \u0109i tiuj novigaj NFC-glumarkoj kombinas altnivelajn sekurecajn funkciojn kun lar\u011da aplika\u0135a \u0109iuflankeco. Desegnitaj por entreprenoj, kiuj prioritatas sekurecon kaj efikecon, \u0109i tiuj NFC-etikedoj reprezentas la sekvan pa\u015don en senkontakta teknologio por diversaj sektoroj, inkluzive de podetala komerco, lo\u011distiko kaj administrado de eventoj.<\/p>\n<p>&nbsp;<\/p>\n<p><strong>Kial A\u0109eti Niajn NFC-Etikedojn?<\/strong><br \/>\nNiaj NFC-etikedoj provizas sekuran, efikan kaj oportunan solvon por gamo da aplikoj\u2014de a\u016dtentikigado de produktoj \u011dis liverado de senjuntaj uzantspertoj en ciferecaj transakcioj. Certigante, ke viaj informoj estas sekuraj kontra\u016d falsado, niaj etikedoj NFC-rezisteblaj ne nur plibonigas sekurecon sed anka\u016d aldonas valoron al via marko. Aldone, la agordebla naturo certigas, ke \u0109iu etikedo povas esti adaptita por plenumi viajn specifajn postulojn, igante ilin multflanka elekto por iu ajn komerco.<\/p>\n<p>&nbsp;<\/p>\n<h2>Trajtoj de la Tamper-Proof NFC-Etikedo<\/h2>\n<p>Kiam temas pri sekureco, nia\u00a0<strong>Pogranda Altsekureca Tamper Proof NFC-Etikedo RFID-Glumarko<\/strong>\u00a0elstaras pro sia\u00a0<strong>specialaj trajtoj<\/strong>\u00a0desegnita por batali kontra\u016dfalsadon.<\/p>\n<ul>\n<li><strong>Premanta Dezajno<\/strong>: Post kiam alkro\u0109itaj, \u0109i tiuj NFC-etikedoj estas preska\u016d neeble forigeblaj sen grava dama\u011do, certigante ke ajna mistraktado estas facile detektebla.<\/li>\n<li><strong>Propra Grandeco kaj Presado<\/strong>: Niaj etikedoj venas en agordebla grandeco kaj estas presitaj uzante\u00a0<strong>CMYK 4C ofseta presado<\/strong>\u00a0por viglaj, altkvalitaj grafika\u0135oj kiuj plibonigas markadon.<\/li>\n<li><strong>Kapacito de memoro<\/strong>: \u0108iu etikedo prezentas\u00a0<strong>416 bajtoj<\/strong>\u00a0de memoro, enkalkulante la konservadon de esencaj informoj sekure.<\/li>\n<\/ul>\n<p>\u0108i tiuj atributoj faras la NFC-etikedon kaj fidinda kaj efika, igante \u011din esenca ilo por entreprenoj celantaj al plej altnivelaj sekurecaj mezuroj en siaj operacioj.<\/p>\n<p>&nbsp;<\/p>\n<h2>Aplikoj de NFC-Etikedoj<\/h2>\n<p>La \u0109iuflankeco de niaj NFC-etikedoj permesas ilin apliki tra multaj sektoroj, plibonigante komercajn procezojn konservante sekurajn transakciojn:<\/p>\n<ul>\n<li><strong>Kontra\u016dfalsado<\/strong>: Komercoj povas uzi \u0109i tiujn etikedojn por certigi la a\u016dtentikecon de la produkto, \u0109ar ili estas desegnitaj por esti sekure alfiksitaj kaj kontra\u016dfrapeblaj, malkura\u011digante falsajn praktikojn.<\/li>\n<li><strong>Administrado de Eventoj<\/strong>: Uzu NFC-etikedojn por bileto, permesante senjuntan alirkontrolon kaj reduktante la efikon de biletfra\u016ddo.<\/li>\n<li><strong>Inteligenta Merkatado<\/strong>: \u0108i tiuj etikedoj povas esti integritaj en merkatajn materialojn, ebligante klientojn okupi\u011di pri via marko rekte frapante siajn telefonojn por aliri promociojn, produktajn detalojn a\u016d ciferecajn vizitkartojn.<\/li>\n<\/ul>\n<p>Utiligante la potencon de \u0109i tiuj aplikoj, entreprenoj povas efike protekti siajn operaciojn kaj optimumigi klientan interagadon.<\/p>\n<p>&nbsp;<\/p>\n<h2>Oftaj Demandoj (FAQs)<\/h2>\n<h3>1.\u00a0<strong>Kio estas NFC-etikedo?<\/strong><\/h3>\n<p>NFC (Near Field Communication) etikedo estas malgranda aparato kiu uzas RFID (Radiofrekvenca Identigo) teknologion por transdoni informojn sendrate tra mallongaj distancoj (tipe ene de intervalo de 1-10 cm). Uzantoj povas frapeti siajn NFC-ebligitajn aparatojn kontra\u016d la etikedo por aliri konservitajn informojn a\u016d fari agon.<\/p>\n<h3>2.\u00a0<strong>Kiel mi programas NFC-etikedon?<\/strong><\/h3>\n<p>Programi NFC-etikedon kutime implikas uzi NFC-ebligitan inteligentan telefonon a\u016d aliajn kongruajn aparatojn kun NFC-aplika\u0135o. Vi povas skribi datumojn al la etikedo (kiel URL-oj a\u016d kontaktinformoj) uzante \u0109i tiujn programojn. Simple elektu la datumojn, kiujn vi volas skribi, frapu vian aparaton al la etikedo, kaj la datumoj estos konservitaj.<\/p>\n<h3>3.\u00a0<strong>Kiajn datumojn NFC-etikedoj povas konservi?<\/strong><\/h3>\n<p>NFC-etikedoj povas stoki diversajn specojn de datumoj, inkluzive de URL-oj, tekstoj, kontaktinformoj, produktaj detaloj, komandoj por programoj kaj pli. La specifa kvanto da datumoj stokeblaj dependas de la memorkapablo de la etikedo, kun niaj NFC-etikedoj subtenantaj\u00a0<strong>416 bajtoj<\/strong>.<\/p>\n<h3>4.\u00a0<strong>\u0108u viaj NFC-etikedoj estas reverkeblaj?<\/strong><\/h3>\n<p>Jes, niaj NFC-etikedoj estas reverkeblaj, tio signifas, ke vi povas programi ilin kun malsamaj datumoj la\u016dbezone. \u0108i tiu funkcio estas precipe utila por entreprenoj, kiuj volas flekseblecon en siaj aplikoj.<\/p>","protected":false},"excerpt":{"rendered":"<p>Plialtigu la sekurecon de via marko per niaj pograndaj altsekurecaj rezisteblaj NFC-etikedaj RFID-glumarkoj. Desegnitaj por kontra\u016dfalsado, ili ofertas agordeblajn solvojn kaj senjuntan aliron al datumoj.<\/p>","protected":false},"featured_media":3684,"template":"","meta":[],"product_brand":[],"product_cat":[47],"product_tag":[],"class_list":{"0":"post-3683","1":"product","2":"type-product","3":"status-publish","4":"has-post-thumbnail","6":"product_cat-nfc-tags","8":"first","9":"instock","10":"shipping-taxable","11":"product-type-simple"},"_links":{"self":[{"href":"https:\/\/nfc-readers.com\/eo\/wp-json\/wp\/v2\/product\/3683","targetHints":{"allow":["GET"]}}],"collection":[{"href":"https:\/\/nfc-readers.com\/eo\/wp-json\/wp\/v2\/product"}],"about":[{"href":"https:\/\/nfc-readers.com\/eo\/wp-json\/wp\/v2\/types\/product"}],"wp:featuredmedia":[{"embeddable":true,"href":"https:\/\/nfc-readers.com\/eo\/wp-json\/wp\/v2\/media\/3684"}],"wp:attachment":[{"href":"https:\/\/nfc-readers.com\/eo\/wp-json\/wp\/v2\/media?parent=3683"}],"wp:term":[{"taxonomy":"product_brand","embeddable":true,"href":"https:\/\/nfc-readers.com\/eo\/wp-json\/wp\/v2\/product_brand?post=3683"},{"taxonomy":"product_cat","embeddable":true,"href":"https:\/\/nfc-readers.com\/eo\/wp-json\/wp\/v2\/product_cat?post=3683"},{"taxonomy":"product_tag","embeddable":true,"href":"https:\/\/nfc-readers.com\/eo\/wp-json\/wp\/v2\/product_tag?post=3683"}],"curies":[{"name":"wp","href":"https:\/\/api.w.org\/{rel}","templated":true}]}}