{"id":3691,"date":"2024-11-10T06:28:41","date_gmt":"2024-11-10T06:28:41","guid":{"rendered":"https:\/\/nfc-readers.com\/?post_type=product&#038;p=3691"},"modified":"2024-11-10T06:28:41","modified_gmt":"2024-11-10T06:28:41","slug":"nfc-ntag-424-dna-sticker-anti-metal-tag-anti-fake","status":"publish","type":"product","link":"https:\/\/nfc-readers.com\/eo\/ic-reader\/nfc-ntag-424-dna-sticker-anti-metal-tag-anti-fake\/","title":{"rendered":"NFC Ntag 424 DNA-Glumarko Kontra\u016d metala etikedo Kontra\u016d-falsa"},"content":{"rendered":"<h1 style=\"text-align: center;\"><strong>NFC Ntag 424 DNA-Glumarko Kontra\u016d metala etikedo Kontra\u016d-falsa<\/strong><\/h1>\n<p>En epoko kie cifereca sekureco kaj a\u016dtentikeco estas plej gravaj, la <strong>NFC Ntag 424 DNA-Glumarko Kontra\u016d-Metala Etikedo<\/strong>\u00a0elstaras kiel pionira solvo. \u0108u vi ser\u0109as protekti vian markon per kontra\u016d-falsa teknologio, plibonigi uzantinteragon per senjunta komunikado a\u016d simple akcepti la plej novan en NFC-teknologio, \u0109i tiu produkto estas kreita por plenumi viajn bezonojn. Adia\u016du zorgojn pri falsa\u0135oj kaj certigu, ke viaj produktoj transdonas fidon.<\/p>\n<p>&nbsp;<\/p>\n<h2>Produkta Superrigardo kaj Profitoj<\/h2>\n<p>La\u00a0<strong>NFC Ntag 424 DNA-glumarko<\/strong>\u00a0ofertas altnivelajn funkciojn, kiuj faras \u011din nepre necesa por entreprenoj kaj konsumantoj. \u011ci traktas la defion a\u016dtentikigi erojn kaj certigi sekuran komunikadon per teknologio NFC (Near Field Communication). Kun \u011dia kompakta dezajno kaj specialigitaj materialoj, \u011di estas perfekta por diversaj aplikoj, inkluzive de produkta etikedado, merkatado kaj alirkontrolo.<\/p>\n<p>&nbsp;<\/p>\n<h3>Avanta\u011doj de Elektado de NFC Ntag 424 DNA-Glumarkoj<\/h3>\n<ul>\n<li><strong>Kontra\u016d-Falsa Teknologio:<\/strong>\u00a0La integri\u011do de altnivelaj kontra\u016d-falsaj protokoloj protektas vian markon kontra\u016d falsado.<\/li>\n<li><strong>Uzant-amika:<\/strong>\u00a0Facile uzebla kun NFC-ebligitaj sa\u011dtelefonoj, tabeloj kaj aliaj aparatoj, certigante tujan aliron al cifereca enhavo.<\/li>\n<li><strong>Da\u016dra kaj Veterrezista:<\/strong>\u00a0Konstruite kun kontra\u016dmetalaj materialoj, igante \u011din ta\u016dga por diversaj medioj.<\/li>\n<li><strong>Agordigeblaj Solvoj:<\/strong>\u00a0Havebla en malsamaj grandecoj kaj formoj, respondante al specifaj komercaj bezonoj.<\/li>\n<\/ul>\n<p>Elektante la\u00a0<strong>NFC Ntag 424 DNA-Glumarko Kontra\u016d-metala etikedo Kontra\u016d-falsa<\/strong>\u00a0signifas investi en kvalito, sekureco kaj la plej nova teknologio, igante \u011din valora je \u0109iu centono.<\/p>\n<p>&nbsp;<\/p>\n<h3>Teknikaj Specifoj<\/h3>\n<p>La\u00a0<strong>NFC Ntag 424 DNA-glumarko<\/strong>\u00a0venas ekipita kun avangardaj specifoj desegnitaj por supera rendimento. \u0108efaj trajtoj inkluzivas:<\/p>\n<ul>\n<li><strong>Peceto-Modelo<\/strong>: Ntag 424 DNA<\/li>\n<li><strong>Kapacito de memoro<\/strong>: 416 bajtoj<\/li>\n<li><strong>Operacia Ofteco<\/strong>: 13,56 MHz<\/li>\n<li><strong>Konformeco<\/strong>: ISO 14443A normo, certigante kongruon kun diversaj NFC-aparatoj.<\/li>\n<\/ul>\n<p>&nbsp;<\/p>\n<h3>Specialaj Trajtoj de la NFC Ntag 424 DNA-Etikedo<\/h3>\n<p><strong>Akvorezistaj \/ Veterrezistaj Kvalitoj<\/strong>: Unu el la elstaraj aspektoj de \u0109i tiu NFC-etikedo estas \u011dia kapablo elteni diversajn mediajn kondi\u0109ojn. \u0108u pluvas a\u016d eksponita al polvo, la etikedo konservas sian funkciecon pro sia fortika dezajno.<\/p>\n<p><strong>MINI TAG Dezajno<\/strong>: Kun diametro de nur 30 mm, \u0109i tiu mini-etikedo estas nekredeble diverstalenta. \u011cia kompakta grandeco igas \u011din ta\u016dga por lar\u011da gamo de aplikoj kie spaco estas limo.<\/p>\n<p>&nbsp;<\/p>\n<h3>Oftaj Demandoj pri NFC Ntag 424 DNA-Glumarkoj<\/h3>\n<p><strong>Q: \u0108u \u0109i tiuj glumarkoj povas esti uzataj ekstere?<\/strong><br \/>\nR: Jes, la akvorezistaj kaj veterrezistaj trajtoj ebligas sub\u0109ielan uzadon, igante ilin ta\u016dgaj por diversaj medioj.<\/p>\n<p><strong>Q: Kiel mi povas mendi la\u016dmendajn dezajnojn?<\/strong><br \/>\nR: Interesitaj klientoj povas kontakti nian vendan teamon per la enketformularo disponebla en nia retejo por diskuti personigajn elektojn.<\/p>\n<p><strong>Q: \u0108u necesas speciala aplika\u0135o por legi \u0109i tiujn etikedojn?<\/strong><br \/>\nR: Ne necesas speciala aplika\u0135o krom havi norman NFC-ebligitan aparaton, kiu povas a\u016dtomate interpreti la NFC-signalojn.<\/p>","protected":false},"excerpt":{"rendered":"<div class=\"message-item-outer relative px-4 mb-2\" data-id=\"54844065-da5f-474c-98ea-c1f5db113a22\">\n<div class=\"content-area pl-[0px]\">\n<div class=\"message-item select-text relative\">\n<div class=\"message-inner relative\">\n<div class=\"py-[2px]\">\n<div class=\"flex flex-col gap-2\">\n<div class=\"answer-markdown-box overflow-x-auto select-text custom-scrollbar\">\n<div class=\"markdown-body\">\n<p>La\u00a0<strong>NFC Ntag 424 DNA-Glumarko Kontra\u016d-Metala Etikedo<\/strong> estas avangarda solvo dizajnita por kontra\u016dbatali falsa\u0135on per altnivela kontra\u016d-falsa teknologio. \u011cia kompakta, fortika dezajno certigas senjuntan funkciadon sur metalaj surfacoj, igante \u011din ideala por certigi la a\u016dtentikecon de la produkto kaj plibonigi la fidon de konsumantoj.<\/p>\n<\/div>\n<\/div>\n<\/div>\n<\/div>\n<\/div>\n<\/div>\n<\/div>\n<\/div>\n<div class=\"message-item-outer relative px-4 mb-2\" data-id=\"46d94813-0d14-49f1-b71b-49c37dfa1a29\">\n<div class=\"content-area pl-[0px]\">\n<div class=\"message-item select-text relative self ms-[22px]\">\n<div class=\"message-inner relative\">\n<div class=\"py-[2px] flex-row-reverse\">\n<div class=\"flex flex-row-reverse\">\n<div class=\"max-w-full\">\n<div class=\"mt-1 border overflow-hidden max-w-[360px] border-solid text-text-primary-4 border-grey-line2-normal rounded-xl mb-2 py-[10px] px-[12px] cursor-pointer hover:border-grey-line2-hover\">\n<div class=\"transition-[max-height] duration-300 ease-in-out\">\n<div class=\"text-xs opacity-100 transition-opacity duration-700 ease-in-out\"><\/div>\n<\/div>\n<\/div>\n<\/div>\n<\/div>\n<\/div>\n<\/div>\n<\/div>\n<\/div>\n<\/div>","protected":false},"featured_media":3693,"template":"","meta":[],"product_brand":[],"product_cat":[48],"product_tag":[],"class_list":{"0":"post-3691","1":"product","2":"type-product","3":"status-publish","4":"has-post-thumbnail","6":"product_cat-nfc-stickers","8":"first","9":"instock","10":"shipping-taxable","11":"product-type-simple"},"_links":{"self":[{"href":"https:\/\/nfc-readers.com\/eo\/wp-json\/wp\/v2\/product\/3691","targetHints":{"allow":["GET"]}}],"collection":[{"href":"https:\/\/nfc-readers.com\/eo\/wp-json\/wp\/v2\/product"}],"about":[{"href":"https:\/\/nfc-readers.com\/eo\/wp-json\/wp\/v2\/types\/product"}],"wp:featuredmedia":[{"embeddable":true,"href":"https:\/\/nfc-readers.com\/eo\/wp-json\/wp\/v2\/media\/3693"}],"wp:attachment":[{"href":"https:\/\/nfc-readers.com\/eo\/wp-json\/wp\/v2\/media?parent=3691"}],"wp:term":[{"taxonomy":"product_brand","embeddable":true,"href":"https:\/\/nfc-readers.com\/eo\/wp-json\/wp\/v2\/product_brand?post=3691"},{"taxonomy":"product_cat","embeddable":true,"href":"https:\/\/nfc-readers.com\/eo\/wp-json\/wp\/v2\/product_cat?post=3691"},{"taxonomy":"product_tag","embeddable":true,"href":"https:\/\/nfc-readers.com\/eo\/wp-json\/wp\/v2\/product_tag?post=3691"}],"curies":[{"name":"wp","href":"https:\/\/api.w.org\/{rel}","templated":true}]}}