{"id":3700,"date":"2024-11-10T06:34:49","date_gmt":"2024-11-10T06:34:49","guid":{"rendered":"https:\/\/nfc-readers.com\/?post_type=product&#038;p=3700"},"modified":"2024-11-10T06:38:34","modified_gmt":"2024-11-10T06:38:34","slug":"custom-nfc-fragile-sticker-for-commodity-label-product-tag","status":"publish","type":"product","link":"https:\/\/nfc-readers.com\/eo\/ic-reader\/custom-nfc-fragile-sticker-for-commodity-label-product-tag\/","title":{"rendered":"Propra NFC Fragile Glumarko por Varo-Etikedo Produkta etikedo"},"content":{"rendered":"<h1 style=\"text-align: center;\"><strong>Propra NFC Fragile Glumarko por Varo-Etikedo Produkta etikedo<\/strong><\/h1>\n<p>&nbsp;<\/p>\n<p>La <strong>Propra NFC Fragile Glumarko<\/strong>\u00a0por varoj etikedado estas revolucia produkto kiu integras progresinta\u00a0<strong>NFC (Near Field Communication)<\/strong>\u00a0teknologio en \u0109iutagajn etikedajn solvojn. Kreitaj por certigi sekuran kaj fidindan etikedadon de delikataj a\u0135oj, \u0109i tiuj glumarkoj ebligas entreprenojn plibonigi siajn produktajn konfirmojn kaj sekurecajn protokolojn. Kun miksa\u0135o de praktikeco kaj moderneco, investado en NFC-teknologio por etikedado neniam estis pli kritika. \u0108i tiu artikolo enprofundi\u011das en la funkciojn, avanta\u011dojn kaj \u011deneralan utilecon de la Propra NFC Fragile Glumarko, gvidante vin fari informitan decidon.<\/p>\n<p>&nbsp;<\/p>\n<h2>Kial Elekti NFC Fragilaj Glumarkoj?<\/h2>\n<p>La\u00a0<strong>Propra NFC Fragile Glumarko<\/strong>\u00a0estas desegnita por renkonti la bezonojn de entreprenoj, kiuj postulas fidindan metodon por marki kaj spuri delikatajn varojn. Jen kelkaj konvinkaj kialoj, kial vi devus konsideri \u011disdatigi vian etikedprocezon per \u0109i tiu pionira produkto:<\/p>\n<ol>\n<li><strong>Plibonigita Sekureco kaj Kontrolo<\/strong>: \u0108i tiuj glumarkoj certigas, ke kontrolaj procezoj estas kaj efikaj kaj malsukcesaj. Kun la enigita blato NTAG213, \u0109iu glumarko povas sekure stoki informojn kaj kontroli la a\u016dtentikecon de la paka\u0135o per simpla frapeto.\u00a0<strong>NFC-ebligita inteligenta telefono<\/strong>.<\/li>\n<li><strong>Uzant-amika Apliko<\/strong>: Forgesu komplikajn aran\u011dajn procezojn. Aplikante la\u00a0<strong>NFC fragila glumarko<\/strong>\u00a0estas nekredeble simpla\u2014nur sen\u015deligi kaj alglui\u011di\u2014farante \u011din alirebla por iu ajn uzanto en via provizo\u0109eno.<\/li>\n<li><strong>Fortikeco kaj Veterrezisto<\/strong>: Farita el altkvalita\u00a0<strong>PET\/PVC\/Papero<\/strong>\u00a0materialoj, \u0109i tiuj glumarkoj estas desegnitaj por elteni diversajn mediajn kondi\u0109ojn. \u0108u eksponitaj al humideco a\u016d al diversaj temperaturoj, niaj delikataj glumarkoj de NFC konservas altan rendimenton kaj fidindecon.<\/li>\n<li><strong>Agordigebla kaj Versatila<\/strong>: Nia\u00a0<strong>kutima NFC-glumarko<\/strong>\u00a0povas esti adaptita por renkonti specifajn markojn kaj informbezonojn, enkalkulante kaj funkciajn kaj varbajn aplikojn.<\/li>\n<\/ol>\n<p>&nbsp;<\/p>\n<h2>\u0108efaj Trajtoj de NFC Fragile Glumarkoj<\/h2>\n<p>Uzanta\u00a0<strong>NFC (Near Field Communication)<\/strong>\u00a0teknologio, niaj kutimaj delikataj glumarkoj estas ekipitaj per gamo da specialaj funkcioj, kiuj elstaras ilin:<\/p>\n<ul>\n<li><strong>Akvorezista \/ Veterrezista Dezajno<\/strong>: \u0108i tiuj glumarkoj eltenas severajn mediajn kondi\u0109ojn, igante ilin ta\u016dgaj por endomaj kaj eksterlandaj aplikoj.<\/li>\n<li><strong>Kongrueco<\/strong>: La\u00a0<strong>ntag213 blato<\/strong>\u00a0estas rekonita pro sia \u011deneraligita kongruo kun diversaj\u00a0<strong>NFC-aparatoj<\/strong>, certigante facilecon de uzo.<\/li>\n<\/ul>\n<h3>Kiel \u011ci Funkcias<\/h3>\n<p>Simple frapeti vian\u00a0<strong>NFC-ebligita inteligenta telefono<\/strong>\u00a0kontra\u016d la glumarko por aliri anta\u016d-stokitajn informojn a\u016d kontroli produktajn detalojn, kiuj povas draste plifaciligi inventaron kaj vendajn procezojn.<\/p>\n<p>&nbsp;<\/p>\n<h2>Teknikaj Specifoj<\/h2>\n<table class=\"w-fit !mb-0 !max-w-none\">\n<thead>\n<tr>\n<th><strong>Specifo<\/strong><\/th>\n<th><strong>Detaloj<\/strong><\/th>\n<\/tr>\n<\/thead>\n<tbody>\n<tr>\n<td><strong>Blato<\/strong><\/td>\n<td>NTAG213<\/td>\n<\/tr>\n<tr>\n<td><strong>Ofteco<\/strong><\/td>\n<td>13,56 Mhz<\/td>\n<\/tr>\n<tr>\n<td><strong>Memorgrandeco<\/strong><\/td>\n<td>144 bajtoj<\/td>\n<\/tr>\n<tr>\n<td><strong>Materialo<\/strong><\/td>\n<td>PET\/PVC\/Papero<\/td>\n<\/tr>\n<tr>\n<td><strong>Diametro<\/strong><\/td>\n<td>30 mm<\/td>\n<\/tr>\n<tr>\n<td><strong>Presi<\/strong><\/td>\n<td>CMYK Ofseta Presado<\/td>\n<\/tr>\n<tr>\n<td><strong>Akvorezista<\/strong><\/td>\n<td>Jes<\/td>\n<\/tr>\n<tr>\n<td><strong>Pako Grandeco<\/strong><\/td>\n<td>200 pcs\/interna skatolo; 25 skatoloj\/karto<\/td>\n<\/tr>\n<tr>\n<td><strong>Kartono Grandeco<\/strong><\/td>\n<td>48 x 22,5 x 30 cm<\/td>\n<\/tr>\n<tr>\n<td><strong>Proviza Kapablo<\/strong><\/td>\n<td>5,000,000 pecoj monate<\/td>\n<\/tr>\n<tr>\n<td><strong>Ununura Pako Grandeco<\/strong><\/td>\n<td>35 x 1,5 x 0,02 cm<\/td>\n<\/tr>\n<tr>\n<td><strong>Malneta Pezo<\/strong><\/td>\n<td>0,010 kg<\/td>\n<\/tr>\n<\/tbody>\n<\/table>\n<p>&nbsp;<\/p>\n<h2>Oftaj Demandoj<\/h2>\n<h3>Q: \u0108u la Fragile Glumarkoj de NFC estas kongruaj kun \u0109iuj inteligentaj telefonoj?<\/h3>\n<p><strong>A<\/strong>: Jes, kondi\u0109e ke la inteligenta telefono havas NFC-kapablon ebligita.<\/p>\n<h3>Q: Kiom longe da\u016dras la glumarkoj?<\/h3>\n<p><strong>A<\/strong>: Niaj glumarkoj estas da\u016draj kaj dizajnitaj por elteni diversajn kondi\u0109ojn, certigante ke ili da\u016dras dum la vivociklo de la produkto.<\/p>\n<h3>Q: \u0108u mi povas spuri uzadon en reala tempo?<\/h3>\n<p><strong>A<\/strong>: Dum \u0109i tiuj glumarkoj disponigas tujan konfirmon, realtempa spurado povas postuli integri\u011don kun specifaj stokregistraj administradsistemoj.<\/p>","protected":false},"excerpt":{"rendered":"<p>La Propra NFC Fragile Glumarko por varo-etikedado estas dizajnita por disponigi sekuran spuradon kaj a\u016dtentikeckonfirmon por delikataj produktoj. \u011cia uzant-amika dezajno certigas facilan aplikon dum plibonigo de inventaro-administrado.<\/p>","protected":false},"featured_media":3708,"template":"","meta":[],"product_brand":[],"product_cat":[48],"product_tag":[],"class_list":{"0":"post-3700","1":"product","2":"type-product","3":"status-publish","4":"has-post-thumbnail","6":"product_cat-nfc-stickers","8":"first","9":"instock","10":"shipping-taxable","11":"product-type-simple"},"_links":{"self":[{"href":"https:\/\/nfc-readers.com\/eo\/wp-json\/wp\/v2\/product\/3700","targetHints":{"allow":["GET"]}}],"collection":[{"href":"https:\/\/nfc-readers.com\/eo\/wp-json\/wp\/v2\/product"}],"about":[{"href":"https:\/\/nfc-readers.com\/eo\/wp-json\/wp\/v2\/types\/product"}],"wp:featuredmedia":[{"embeddable":true,"href":"https:\/\/nfc-readers.com\/eo\/wp-json\/wp\/v2\/media\/3708"}],"wp:attachment":[{"href":"https:\/\/nfc-readers.com\/eo\/wp-json\/wp\/v2\/media?parent=3700"}],"wp:term":[{"taxonomy":"product_brand","embeddable":true,"href":"https:\/\/nfc-readers.com\/eo\/wp-json\/wp\/v2\/product_brand?post=3700"},{"taxonomy":"product_cat","embeddable":true,"href":"https:\/\/nfc-readers.com\/eo\/wp-json\/wp\/v2\/product_cat?post=3700"},{"taxonomy":"product_tag","embeddable":true,"href":"https:\/\/nfc-readers.com\/eo\/wp-json\/wp\/v2\/product_tag?post=3700"}],"curies":[{"name":"wp","href":"https:\/\/api.w.org\/{rel}","templated":true}]}}