{"id":1520,"date":"2024-04-07T03:57:14","date_gmt":"2024-04-07T03:57:14","guid":{"rendered":"https:\/\/nfc-readers.com\/?post_type=product&#038;p=1520"},"modified":"2024-10-16T08:07:41","modified_gmt":"2024-10-16T08:07:41","slug":"acr39u-uf-type-c-connector-smart-card-reader","status":"publish","type":"product","link":"https:\/\/nfc-readers.com\/es\/ic-reader\/acr39u-uf-type-c-connector-smart-card-reader\/","title":{"rendered":"Conector ACR39U-UF-TYPE C-Lector de tarjetas inteligentes"},"content":{"rendered":"<h1>Conector ACR39U-UF-TYPE C-Lector de tarjetas inteligentes<\/h1>\n<p>El Lector de Tarjetas Inteligentes ACR39U-UF surge como una herramienta altamente vers\u00e1til e innovadora, incorporando conectividad USB Tipo C para un uso m\u00e1s f\u00e1cil y adaptable. Su compatibilidad con una amplia gama de tarjetas inteligentes y su cumplimiento de est\u00e1ndares cr\u00edticos de la industria lo convierten en un lector NFC port\u00e1til esencial para una multitud de aplicaciones seguras en plataformas m\u00f3viles y de escritorio.<\/p>\n<ul>\n<li>\n<h2>Interfaz USB 2.0 de velocidad completa<\/h2>\n<\/li>\n<li>\n<h2>Conector USB tipo C<\/h2>\n<\/li>\n<li>\n<h2>Plug and Play: la compatibilidad con CCID aporta la m\u00e1xima movilidad<\/h2>\n<\/li>\n<li>\n<h2>Lector de tarjetas inteligentes:<\/h2>\n<ul>\n<li>\n<h3>Admite tarjetas ISO 7816 Clase A, B y C (5 V, 3 V, 1,8 V)<\/h3>\n<\/li>\n<li>\n<h3>Soporta CAC<\/h3>\n<\/li>\n<li>\n<h3>Soporta tarjeta SIPRNET<\/h3>\n<\/li>\n<li>\n<h3>Admite tarjeta J-LIS<\/h3>\n<\/li>\n<li>\n<h3>Soporta tarjetas de microprocesador con protocolo T=0 o T=1<\/h3>\n<\/li>\n<li>\n<h3>Soporta tarjetas de memoria<\/h3>\n<\/li>\n<li>\n<h3>Soporta tarjeta Mykad<\/h3>\n<\/li>\n<li>\n<h3>Admite PPS (selecci\u00f3n de protocolos y par\u00e1metros)<\/h3>\n<\/li>\n<li>\n<h3>Cuenta con protecci\u00f3n contra cortocircuitos<\/h3>\n<\/li>\n<\/ul>\n<\/li>\n<li>\n<h2>Interfaz de programaci\u00f3n de aplicaciones:<\/h2>\n<ul>\n<li>\n<h3>Soporta PC\/SC<\/h3>\n<\/li>\n<li>\n<h3>Soporta CT-API CT-API (a trav\u00e9s de contenedor en la parte superior de PC\/SC)<\/h3>\n<\/li>\n<\/ul>\n<\/li>\n<li>\n<h2>Compatible con Android\u2122 3.1 y posteriores<\/h2>\n<\/li>\n<li>\n<div>\n<table width=\"581\">\n<tbody>\n<tr>\n<td colspan=\"2\" width=\"581\">Caracter\u00edsticas f\u00edsicas<\/td>\n<\/tr>\n<tr>\n<td width=\"236\">Dimensiones (mm)<\/td>\n<td width=\"345\">72,2 mm (largo) x 69,0 mm (ancho) x 14,5 mm (alto)<\/td>\n<\/tr>\n<tr>\n<td width=\"236\">Peso (gramos)<\/td>\n<td width=\"345\">65,0 gramos<\/td>\n<\/tr>\n<tr>\n<td colspan=\"2\" width=\"581\">Interfaz USB<\/td>\n<\/tr>\n<tr>\n<td width=\"236\">Protocolo<\/td>\n<td width=\"345\">CCID USB<\/td>\n<\/tr>\n<tr>\n<td width=\"236\">tipo de conector<\/td>\n<td width=\"345\">Est\u00e1ndar tipo C<\/td>\n<\/tr>\n<tr>\n<td width=\"236\">Fuente de alimentaci\u00f3n<\/td>\n<td width=\"345\">Desde el puerto USB<\/td>\n<\/tr>\n<tr>\n<td width=\"236\">Velocidad<\/td>\n<td width=\"345\">USB 2.0 de m\u00e1xima velocidad (12 Mbps)<\/td>\n<\/tr>\n<tr>\n<td width=\"236\">Longitud del cable<\/td>\n<td width=\"345\">1,5 m, fijo<\/td>\n<\/tr>\n<tr>\n<td colspan=\"2\" width=\"581\">Interfaz de tarjeta inteligente de contacto<\/td>\n<\/tr>\n<tr>\n<td width=\"236\">N\u00famero de ranuras<\/td>\n<td width=\"345\">1 ranura para tarjetas de tama\u00f1o completo<\/td>\n<\/tr>\n<tr>\n<td width=\"236\">Est\u00e1ndar<\/td>\n<td width=\"345\">ISO 7816 Partes 1-4, Clase A, B, C (5 V, 3 V, 1,8 V)<\/td>\n<\/tr>\n<tr>\n<td width=\"236\">Protocolo<\/td>\n<td width=\"345\">T=0; T=1; Soporte de tarjeta de memoria<\/td>\n<\/tr>\n<tr>\n<td width=\"236\">Otros<\/td>\n<td width=\"345\">Tarjeta Mykad, CAC, PIV, SIPRNET, Tarjetas inteligentes J-LIS<\/td>\n<\/tr>\n<tr>\n<td colspan=\"2\" width=\"581\">Certificaciones\/Cumplimiento<\/td>\n<\/tr>\n<tr>\n<td rowspan=\"18\" width=\"236\">Certificaciones\/Cumplimiento<\/td>\n<td width=\"345\">EN62368\/CEI 62368<\/td>\n<\/tr>\n<tr>\n<td width=\"345\">CE<\/td>\n<\/tr>\n<tr>\n<td width=\"345\">FCC<\/td>\n<\/tr>\n<tr>\n<td width=\"345\">RoHS<\/td>\n<\/tr>\n<tr>\n<td width=\"345\">ALCANZAR<\/td>\n<\/tr>\n<tr>\n<td width=\"345\">EMV\u2122 Nivel 1 (Contacto)<\/td>\n<\/tr>\n<tr>\n<td width=\"345\">J-LIS<\/td>\n<\/tr>\n<tr>\n<td width=\"345\">KCC<\/td>\n<\/tr>\n<tr>\n<td width=\"345\">Banco Popular de China<\/td>\n<\/tr>\n<tr>\n<td width=\"345\">TAA (Estados Unidos)<\/td>\n<\/tr>\n<tr>\n<td width=\"345\">Reino Unido<\/td>\n<\/tr>\n<tr>\n<td width=\"345\">VCCI<\/td>\n<\/tr>\n<tr>\n<td width=\"345\">RAEE<\/td>\n<\/tr>\n<tr>\n<td width=\"345\">ISO 7816<\/td>\n<\/tr>\n<tr>\n<td width=\"345\">USB 2.0 de m\u00e1xima velocidad<\/td>\n<\/tr>\n<tr>\n<td width=\"345\">PC\/SC<\/td>\n<\/tr>\n<tr>\n<td width=\"345\">CCID<\/td>\n<\/tr>\n<tr>\n<td width=\"345\">Microsoft\u00aeWHQL<\/td>\n<\/tr>\n<tr>\n<td colspan=\"2\" width=\"581\">Soporte del sistema operativo del controlador del dispositivo<\/td>\n<\/tr>\n<tr>\n<td rowspan=\"5\" width=\"236\">Soporte del sistema operativo del controlador del dispositivo<\/td>\n<td width=\"345\">Windows\u00ae<\/td>\n<\/tr>\n<tr>\n<td width=\"345\">Linux\u00ae<\/td>\n<\/tr>\n<tr>\n<td width=\"345\">macOS\u00ae<\/td>\n<\/tr>\n<tr>\n<td width=\"345\">Solaris\u2122<\/td>\n<\/tr>\n<tr>\n<td width=\"345\">Android\u2122<\/td>\n<\/tr>\n<\/tbody>\n<\/table>\n<\/div>\n<\/li>\n<\/ul>","protected":false},"excerpt":{"rendered":"<p>El ACR39U-UF es un lector seguro USB tipo C compacto y de contacto de alta velocidad, dise\u00f1ado para una integraci\u00f3n perfecta con diversas aplicaciones de tarjetas inteligentes en m\u00faltiples dispositivos.<\/p>","protected":false},"featured_media":1524,"template":"","meta":[],"product_brand":[],"product_cat":[39],"product_tag":[],"class_list":{"0":"post-1520","1":"product","2":"type-product","3":"status-publish","4":"has-post-thumbnail","6":"product_cat-usb-ic-smartcard-reader","8":"first","9":"instock","10":"shipping-taxable","11":"product-type-simple"},"_links":{"self":[{"href":"https:\/\/nfc-readers.com\/es\/wp-json\/wp\/v2\/product\/1520","targetHints":{"allow":["GET"]}}],"collection":[{"href":"https:\/\/nfc-readers.com\/es\/wp-json\/wp\/v2\/product"}],"about":[{"href":"https:\/\/nfc-readers.com\/es\/wp-json\/wp\/v2\/types\/product"}],"wp:featuredmedia":[{"embeddable":true,"href":"https:\/\/nfc-readers.com\/es\/wp-json\/wp\/v2\/media\/1524"}],"wp:attachment":[{"href":"https:\/\/nfc-readers.com\/es\/wp-json\/wp\/v2\/media?parent=1520"}],"wp:term":[{"taxonomy":"product_brand","embeddable":true,"href":"https:\/\/nfc-readers.com\/es\/wp-json\/wp\/v2\/product_brand?post=1520"},{"taxonomy":"product_cat","embeddable":true,"href":"https:\/\/nfc-readers.com\/es\/wp-json\/wp\/v2\/product_cat?post=1520"},{"taxonomy":"product_tag","embeddable":true,"href":"https:\/\/nfc-readers.com\/es\/wp-json\/wp\/v2\/product_tag?post=1520"}],"curies":[{"name":"wp","href":"https:\/\/api.w.org\/{rel}","templated":true}]}}