{"id":1527,"date":"2024-04-07T04:11:14","date_gmt":"2024-04-07T04:11:14","guid":{"rendered":"https:\/\/nfc-readers.com\/?post_type=product&#038;p=1527"},"modified":"2024-10-16T08:04:40","modified_gmt":"2024-10-16T08:04:40","slug":"acr39u-nf-pocketmate-ii-usb-type-c-smart-card-reader","status":"publish","type":"product","link":"https:\/\/nfc-readers.com\/es\/ic-reader\/acr39u-nf-pocketmate-ii-usb-type-c-smart-card-reader\/","title":{"rendered":"Lector de tarjetas inteligentes ACR39U-NF PocketMate II (USB tipo C)"},"content":{"rendered":"<h1>Lector de tarjetas inteligentes ACR39U-NF PocketMate II (USB tipo C)<\/h1>\n<p>El ACR39 PocketMate II representa una soluci\u00f3n de lector NFC y lector de tarjetas inteligentes port\u00e1til, compacta pero robusta, que atiende a un amplio espectro de aplicaciones seguras. Su conectividad USB tipo C de \u00faltima generaci\u00f3n, su amplia compatibilidad con tarjetas y su integraci\u00f3n multiplataforma lo convierten en una herramienta indispensable para operaciones seguras y flexibles en dominios inform\u00e1ticos y m\u00f3viles.<\/p>\n<ul>\n<li>\n<h2>Interfaz USB 2.0 de velocidad completa<\/h2>\n<\/li>\n<li>\n<h2>Conector USB tipo C<\/h2>\n<\/li>\n<li>\n<h2>Plug and Play: la compatibilidad con CCID aporta la m\u00e1xima movilidad<\/h2>\n<\/li>\n<li>\n<h2>Dise\u00f1o de movimiento giratorio<\/h2>\n<\/li>\n<li>\n<h2>Lector de tarjetas inteligentes:<\/h2>\n<ul>\n<li>\n<h3>Admite tarjetas ISO 7816 Clase A, B y C (5 V, 3 V, 1,8 V)<\/h3>\n<\/li>\n<li>\n<h3>Soporta CAC<\/h3>\n<\/li>\n<li>\n<h3>Soporta tarjeta SIPRNET<\/h3>\n<\/li>\n<li>\n<h3>Admite tarjeta J-LIS<\/h3>\n<\/li>\n<li>\n<h3>Soporta tarjeta Mykad<\/h3>\n<\/li>\n<li>\n<h3>Soporta tarjetas de microprocesador con protocolo T=0 o T=1<\/h3>\n<\/li>\n<li>\n<h3>Soporta tarjetas de memoria<\/h3>\n<\/li>\n<li>\n<h3>Admite PPS (selecci\u00f3n de protocolos y par\u00e1metros)<\/h3>\n<\/li>\n<li>\n<h3>Cuenta con protecci\u00f3n contra cortocircuitos<\/h3>\n<\/li>\n<\/ul>\n<\/li>\n<li>\n<h2>Interfaz de programaci\u00f3n de aplicaciones:<\/h2>\n<ul>\n<li>\n<h3>Soporta PC\/SC<\/h3>\n<\/li>\n<li>\n<h3>Soporta CT-API CT-API (a trav\u00e9s de contenedor en la parte superior de PC\/SC)<\/h3>\n<\/li>\n<\/ul>\n<\/li>\n<li>\n<h2>Compatible con Android\u2122 3.1 y posteriores<\/h2>\n<\/li>\n<li>\n<div>\n<table width=\"719\">\n<tbody>\n<tr>\n<td colspan=\"2\" width=\"719\">Caracter\u00edsticas f\u00edsicas<\/td>\n<\/tr>\n<tr>\n<td width=\"326\">Dimensiones (mm)<\/td>\n<td width=\"393\">58,0 mm (largo) x 20,0 mm (ancho) x 13,9 mm (alto)<\/td>\n<\/tr>\n<tr>\n<td width=\"326\">Peso (gramos)<\/td>\n<td width=\"393\">10 gramos<\/td>\n<\/tr>\n<tr>\n<td colspan=\"2\" width=\"719\">Interfaz USB<\/td>\n<\/tr>\n<tr>\n<td width=\"326\">Protocolo<\/td>\n<td width=\"393\">CCID USB<\/td>\n<\/tr>\n<tr>\n<td width=\"326\">tipo de conector<\/td>\n<td width=\"393\">Est\u00e1ndar tipo C<\/td>\n<\/tr>\n<tr>\n<td width=\"326\">Fuente de alimentaci\u00f3n<\/td>\n<td width=\"393\">Desde el puerto USB<\/td>\n<\/tr>\n<tr>\n<td width=\"326\">Velocidad<\/td>\n<td width=\"393\">USB de m\u00e1xima velocidad (12 Mbps)<\/td>\n<\/tr>\n<tr>\n<td colspan=\"2\" width=\"719\">Interfaz de tarjeta inteligente de contacto<\/td>\n<\/tr>\n<tr>\n<td width=\"326\">N\u00famero de ranuras<\/td>\n<td width=\"393\">1 ranura para tarjetas de tama\u00f1o completo<\/td>\n<\/tr>\n<tr>\n<td width=\"326\">Est\u00e1ndar<\/td>\n<td width=\"393\">ISO 7816 Partes 1-3, Clase A, B, C (5 V, 3 V, 1,8 V)<\/td>\n<\/tr>\n<tr>\n<td width=\"326\">Protocolo<\/td>\n<td width=\"393\">T=0; T=1; Soporte de tarjeta de memoria<\/td>\n<\/tr>\n<tr>\n<td width=\"326\">Otros<\/td>\n<td width=\"393\">Tarjetas inteligentes CAC, PIV, SIPRNET, J-LIS<\/td>\n<\/tr>\n<tr>\n<td colspan=\"2\" width=\"719\">Certificaciones\/Cumplimiento<\/td>\n<\/tr>\n<tr>\n<td rowspan=\"16\" width=\"326\">Certificaciones\/Cumplimiento<\/td>\n<td>EN 60950\/CEI 60950<\/td>\n<\/tr>\n<tr>\n<td>ISO 7816<\/td>\n<\/tr>\n<tr>\n<td>USB de m\u00e1xima velocidad<\/td>\n<\/tr>\n<tr>\n<td>EMV\u2122 Nivel 1 (Contacto)<\/td>\n<\/tr>\n<tr>\n<td>PC\/SC<\/td>\n<\/tr>\n<tr>\n<td>CCID<\/td>\n<\/tr>\n<tr>\n<td>TAA (Estados Unidos)<\/td>\n<\/tr>\n<tr>\n<td>VCCI (Jap\u00f3n)<\/td>\n<\/tr>\n<tr>\n<td>J-LIS (Jap\u00f3n)<\/td>\n<\/tr>\n<tr>\n<td>Banco Popular de China (China)<\/td>\n<\/tr>\n<tr>\n<td>CE<\/td>\n<\/tr>\n<tr>\n<td>FCC<\/td>\n<\/tr>\n<tr>\n<td>RAEE<\/td>\n<\/tr>\n<tr>\n<td>RoHS 2<\/td>\n<\/tr>\n<tr>\n<td>ALCANZAR<\/td>\n<\/tr>\n<tr>\n<td>Microsoft\u00aeWHQL<\/td>\n<\/tr>\n<tr>\n<td colspan=\"2\" width=\"719\">Soporte del sistema operativo del controlador del dispositivo<\/td>\n<\/tr>\n<tr>\n<td rowspan=\"5\" width=\"326\">Soporte del sistema operativo del controlador del dispositivo<\/td>\n<td>Windows\u00ae<\/td>\n<\/tr>\n<tr>\n<td>Linux\u00ae<\/td>\n<\/tr>\n<tr>\n<td>MACOS\u00ae<\/td>\n<\/tr>\n<tr>\n<td>Solaris<\/td>\n<\/tr>\n<tr>\n<td>Android\u2122 3.1 y posterior<\/td>\n<\/tr>\n<\/tbody>\n<\/table>\n<\/div>\n<\/li>\n<\/ul>","protected":false},"excerpt":{"rendered":"<p>El ACR39U PocketMate II es un lector seguro USB tipo C compacto que ofrece un rendimiento de alta velocidad para aplicaciones de tarjetas inteligentes, incluidas firmas digitales y banca segura.<\/p>","protected":false},"featured_media":1530,"template":"","meta":[],"product_brand":[],"product_cat":[39],"product_tag":[],"class_list":{"0":"post-1527","1":"product","2":"type-product","3":"status-publish","4":"has-post-thumbnail","6":"product_cat-usb-ic-smartcard-reader","8":"first","9":"instock","10":"shipping-taxable","11":"product-type-simple"},"_links":{"self":[{"href":"https:\/\/nfc-readers.com\/es\/wp-json\/wp\/v2\/product\/1527","targetHints":{"allow":["GET"]}}],"collection":[{"href":"https:\/\/nfc-readers.com\/es\/wp-json\/wp\/v2\/product"}],"about":[{"href":"https:\/\/nfc-readers.com\/es\/wp-json\/wp\/v2\/types\/product"}],"wp:featuredmedia":[{"embeddable":true,"href":"https:\/\/nfc-readers.com\/es\/wp-json\/wp\/v2\/media\/1530"}],"wp:attachment":[{"href":"https:\/\/nfc-readers.com\/es\/wp-json\/wp\/v2\/media?parent=1527"}],"wp:term":[{"taxonomy":"product_brand","embeddable":true,"href":"https:\/\/nfc-readers.com\/es\/wp-json\/wp\/v2\/product_brand?post=1527"},{"taxonomy":"product_cat","embeddable":true,"href":"https:\/\/nfc-readers.com\/es\/wp-json\/wp\/v2\/product_cat?post=1527"},{"taxonomy":"product_tag","embeddable":true,"href":"https:\/\/nfc-readers.com\/es\/wp-json\/wp\/v2\/product_tag?post=1527"}],"curies":[{"name":"wp","href":"https:\/\/api.w.org\/{rel}","templated":true}]}}