{"id":1537,"date":"2024-04-07T06:01:23","date_gmt":"2024-04-07T06:01:23","guid":{"rendered":"https:\/\/nfc-readers.com\/?post_type=product&#038;p=1537"},"modified":"2024-10-16T07:57:49","modified_gmt":"2024-10-16T07:57:49","slug":"acr3901u-s1-bluetooth-smart-card-reader-writer","status":"publish","type":"product","link":"https:\/\/nfc-readers.com\/es\/ic-reader\/acr3901u-s1-bluetooth-smart-card-reader-writer\/","title":{"rendered":"Lector \u2013 Escritor de tarjetas inteligentes Bluetooth\u00ae ACR3901U-S1"},"content":{"rendered":"<h1>Lector \u2013 Escritor de tarjetas inteligentes Bluetooth\u00ae ACR3901U-S1<\/h1>\n<p>El ACR3901U-S1 se presenta como un lector bluetooth nfc de alta tecnolog\u00eda adecuado para el individuo moderno conocedor de la tecnolog\u00eda. Garantiza una amplia compatibilidad con tarjetas inteligentes y dispositivos personales, combinando r\u00e1pidas velocidades de transferencia de datos con portabilidad, elevada por su capacidad inal\u00e1mbrica Bluetooth, lo que la convierte en una herramienta indispensable para quienes exigen transacciones seguras y flexibles con tarjetas inteligentes.<\/p>\n<ul>\n<li>\n<h2>Interfaz Bluetooth\u00ae<\/h2>\n<\/li>\n<li>\n<h2>Interfaz USB 2.0 de velocidad completa<\/h2>\n<\/li>\n<li>\n<h2>Fuente de alimentaci\u00f3n<\/h2>\n<ul>\n<li>\n<h3>Funciona con pilas (incorpora una bater\u00eda de Iones de Litio recargable mediante puerto Micro-USB)<\/h3>\n<\/li>\n<li>\n<h3>Alimentado por USB (a trav\u00e9s del modo vinculado a PC)<\/h3>\n<\/li>\n<\/ul>\n<\/li>\n<li>\n<h2>Cumplimiento CCID<\/h2>\n<\/li>\n<li>\n<h2>Lector de tarjetas inteligentes:<\/h2>\n<ul>\n<li>\n<h3>Interfaz de contacto:<\/h3>\n<ul>\n<li>\n<h4>Admite tarjetas ISO 7816 Clase A, B y C (5 V, 3 V, 1,8 V)<\/h4>\n<\/li>\n<li>\n<h4>Soporta tarjetas de microprocesador con protocolo T=0 o T=1<\/h4>\n<\/li>\n<li>\n<h4>Soporta tarjetas de memoria<\/h4>\n<\/li>\n<li>\n<h4>Admite PPS (selecci\u00f3n de protocolos y par\u00e1metros)<\/h4>\n<\/li>\n<li>\n<h4>Cuenta con protecci\u00f3n contra cortocircuitos<\/h4>\n<\/li>\n<li>\n<h4>Admite el algoritmo de cifrado AES-128<\/h4>\n<\/li>\n<\/ul>\n<\/li>\n<\/ul>\n<\/li>\n<li>\n<h2>Perif\u00e9rico incorporado:<\/h2>\n<ul>\n<li>\n<h3>Tres LED de un solo color<\/h3>\n<\/li>\n<\/ul>\n<\/li>\n<li>\n<h2>Interfaz de programaci\u00f3n de aplicaciones:<\/h2>\n<ul>\n<li>\n<h3>Soporta PC\/SC<\/h3>\n<\/li>\n<li>\n<h3>Soporta CT-API (a trav\u00e9s de contenedor en la parte superior de PC\/SC)<\/h3>\n<\/li>\n<\/ul>\n<\/li>\n<li>\n<h2>Capacidad de actualizaci\u00f3n del firmware USB<\/h2>\n<\/li>\n<li>\n<h2>Compatible con Android\u2122 4.3 y posteriores<\/h2>\n<\/li>\n<li>\n<h2>Compatible con iOS 8.0 y posteriores<\/h2>\n<\/li>\n<li>\n<div>\n<table width=\"556\">\n<tbody>\n<tr>\n<td colspan=\"2\" width=\"556\">Caracter\u00edsticas f\u00edsicas<\/td>\n<\/tr>\n<tr>\n<td width=\"190\">Dimensiones (mm)<\/td>\n<td width=\"366\">94 mm (largo) \u00d7 60 mm (ancho) \u00d7 12 mm (alto)<\/td>\n<\/tr>\n<tr>\n<td width=\"190\">Peso (gramos)<\/td>\n<td width=\"366\">30,8 g (59,7 g con cable \u00b1 5 g de tolerancia)<\/td>\n<\/tr>\n<tr>\n<td colspan=\"2\" width=\"556\">Interfaz Bluetooth<\/td>\n<\/tr>\n<tr>\n<td width=\"190\">Protocolo<\/td>\n<td width=\"366\">Bluetooth\u00ae (Bluetooth de bajo consumo \/ Bluetooth 4.0)<\/td>\n<\/tr>\n<tr>\n<td width=\"190\">Fuente de alimentaci\u00f3n<\/td>\n<td width=\"366\">Bater\u00eda recargable de iones de litio (carga a trav\u00e9s de USB)<\/td>\n<\/tr>\n<tr>\n<td width=\"190\">Velocidad<\/td>\n<td width=\"366\">1Mbps<\/td>\n<\/tr>\n<tr>\n<td colspan=\"2\" width=\"556\">Interfaz USB<\/td>\n<\/tr>\n<tr>\n<td width=\"190\">Protocolo<\/td>\n<td width=\"366\">CCID USB<\/td>\n<\/tr>\n<tr>\n<td width=\"190\">tipo de conector<\/td>\n<td width=\"366\">Micro USB<\/td>\n<\/tr>\n<tr>\n<td width=\"190\">Fuente de alimentaci\u00f3n<\/td>\n<td width=\"366\">Desde el puerto USB<\/td>\n<\/tr>\n<tr>\n<td width=\"190\">Velocidad<\/td>\n<td width=\"366\">USB de m\u00e1xima velocidad (12 Mbps)<\/td>\n<\/tr>\n<tr>\n<td width=\"190\">Longitud del cable<\/td>\n<td width=\"366\">1m, Desmontable<\/td>\n<\/tr>\n<tr>\n<td colspan=\"2\" width=\"556\">Interfaz de tarjeta inteligente de contacto<\/td>\n<\/tr>\n<tr>\n<td width=\"190\">N\u00famero de ranuras<\/td>\n<td width=\"366\">1 ranura para tarjetas de tama\u00f1o completo<\/td>\n<\/tr>\n<tr>\n<td width=\"190\">Est\u00e1ndar<\/td>\n<td width=\"366\">ISO 7816 Partes 1-4, Clase A, B, C (5 V, 3 V, 1,8 V)<\/td>\n<\/tr>\n<tr>\n<td width=\"190\">Protocolo<\/td>\n<td width=\"366\">T=0; T=1; Soporte de tarjeta de memoria<\/td>\n<\/tr>\n<tr>\n<td colspan=\"2\" width=\"556\">Perif\u00e9ricos incorporados<\/td>\n<\/tr>\n<tr>\n<td width=\"190\">CONDUJO<\/td>\n<td width=\"366\">3 monocolores: Rojo, Azul y Verde<\/td>\n<\/tr>\n<tr>\n<td colspan=\"2\" width=\"556\">Otras caracter\u00edsticas<\/td>\n<\/tr>\n<tr>\n<td width=\"190\">Cifrado<\/td>\n<td width=\"366\">Algoritmo de cifrado AES en el dispositivo<\/td>\n<\/tr>\n<tr>\n<td width=\"190\">Actualizaci\u00f3n de firmware<\/td>\n<td width=\"366\">Soportado<\/td>\n<\/tr>\n<tr>\n<td colspan=\"2\" width=\"556\">Certificaciones\/Cumplimiento<\/td>\n<\/tr>\n<tr>\n<td rowspan=\"14\" width=\"190\">Certificaciones\/Cumplimiento<\/td>\n<td width=\"366\">EN 60950\/CEI 60950<\/td>\n<\/tr>\n<tr>\n<td width=\"366\">ISO 7816<\/td>\n<\/tr>\n<tr>\n<td width=\"366\">USB de m\u00e1xima velocidad<\/td>\n<\/tr>\n<tr>\n<td width=\"366\">Bluetooth\u00ae<\/td>\n<\/tr>\n<tr>\n<td width=\"366\">EMV\u2122 Nivel 1 (Contacto)<\/td>\n<\/tr>\n<tr>\n<td width=\"366\">PC\/SC<\/td>\n<\/tr>\n<tr>\n<td width=\"366\">CCID<\/td>\n<\/tr>\n<tr>\n<td width=\"366\">CE<\/td>\n<\/tr>\n<tr>\n<td width=\"366\">FCC<\/td>\n<\/tr>\n<tr>\n<td width=\"366\">RoHS<\/td>\n<\/tr>\n<tr>\n<td width=\"366\">ALCANZAR<\/td>\n<\/tr>\n<tr>\n<td width=\"366\">VCCI (Jap\u00f3n)<\/td>\n<\/tr>\n<tr>\n<td width=\"366\">MIC (Jap\u00f3n)<\/td>\n<\/tr>\n<tr>\n<td width=\"366\">Microsoft\u00aeWHQL<\/td>\n<\/tr>\n<tr>\n<td colspan=\"2\" width=\"556\">Soporte del sistema operativo del controlador del dispositivo<\/td>\n<\/tr>\n<tr>\n<td rowspan=\"5\" width=\"190\">Soporte del sistema operativo del controlador del dispositivo<\/td>\n<td width=\"366\">Windows\u00ae<\/td>\n<\/tr>\n<tr>\n<td width=\"366\">Linux\u00ae<\/td>\n<\/tr>\n<tr>\n<td width=\"366\">MAC OS\u00ae 10.7 y posterior<\/td>\n<\/tr>\n<tr>\n<td width=\"366\">Android\u2122 4.3 y posterior<\/td>\n<\/tr>\n<tr>\n<td width=\"366\">iOS 8.0 y posterior<\/td>\n<\/tr>\n<\/tbody>\n<\/table>\n<\/div>\n<\/li>\n<\/ul>","protected":false},"excerpt":{"rendered":"<p>El ACR3901U-S1 es un lector seguro USB port\u00e1til y un lector de contacto Bluetooth\u00ae que ofrece un rendimiento de alta velocidad para aplicaciones de tarjetas inteligentes en movimiento.<\/p>","protected":false},"featured_media":1538,"template":"","meta":[],"product_brand":[],"product_cat":[39],"product_tag":[],"class_list":{"0":"post-1537","1":"product","2":"type-product","3":"status-publish","4":"has-post-thumbnail","6":"product_cat-usb-ic-smartcard-reader","8":"first","9":"instock","10":"shipping-taxable","11":"product-type-simple"},"_links":{"self":[{"href":"https:\/\/nfc-readers.com\/es\/wp-json\/wp\/v2\/product\/1537","targetHints":{"allow":["GET"]}}],"collection":[{"href":"https:\/\/nfc-readers.com\/es\/wp-json\/wp\/v2\/product"}],"about":[{"href":"https:\/\/nfc-readers.com\/es\/wp-json\/wp\/v2\/types\/product"}],"wp:featuredmedia":[{"embeddable":true,"href":"https:\/\/nfc-readers.com\/es\/wp-json\/wp\/v2\/media\/1538"}],"wp:attachment":[{"href":"https:\/\/nfc-readers.com\/es\/wp-json\/wp\/v2\/media?parent=1537"}],"wp:term":[{"taxonomy":"product_brand","embeddable":true,"href":"https:\/\/nfc-readers.com\/es\/wp-json\/wp\/v2\/product_brand?post=1537"},{"taxonomy":"product_cat","embeddable":true,"href":"https:\/\/nfc-readers.com\/es\/wp-json\/wp\/v2\/product_cat?post=1537"},{"taxonomy":"product_tag","embeddable":true,"href":"https:\/\/nfc-readers.com\/es\/wp-json\/wp\/v2\/product_tag?post=1537"}],"curies":[{"name":"wp","href":"https:\/\/api.w.org\/{rel}","templated":true}]}}