{"id":1542,"date":"2024-04-07T06:09:00","date_gmt":"2024-04-07T06:09:00","guid":{"rendered":"https:\/\/nfc-readers.com\/?post_type=product&#038;p=1542"},"modified":"2024-10-16T07:16:12","modified_gmt":"2024-10-16T07:16:12","slug":"acr122u-nfc-reader-writer","status":"publish","type":"product","link":"https:\/\/nfc-readers.com\/es\/ic-reader\/acr122u-nfc-reader-writer\/","title":{"rendered":"ACR122U Lector escritor NFC"},"content":{"rendered":"<h1>ACR122U Lector escritor NFC<\/h1>\n<p><span style=\"color: #555555;\">El ACR122U es un lector y escritor de tarjetas NFC de primer nivel, caracterizado por su amplia compatibilidad de tarjetas, facilidad de integraci\u00f3n y r\u00e1pidas velocidades de operaci\u00f3n. Sirve como un terminal POS seguro y f\u00e1cil de usar con capacidades de lector NFC. Reforzado por caracter\u00edsticas adicionales como un SDK f\u00e1cil de usar para desarrolladores, un factor de forma resistente y un cifrado robusto, el ACR122U representa una soluci\u00f3n completa y confiable para cualquiera que requiera una interacci\u00f3n sin contacto avanzada y segura en su infraestructura operativa.<\/span><\/p>\n<p><iframe loading=\"lazy\" title=\"ACR122U Lector Escritor NFC\" width=\"1020\" height=\"574\" src=\"https:\/\/www.youtube.com\/embed\/uWYpJXXT7_Q?feature=oembed\" frameborder=\"0\" allow=\"accelerometer; autoplay; clipboard-write; encrypted-media; gyroscope; picture-in-picture; web-share\" referrerpolicy=\"strict-origin-when-cross-origin\" allowfullscreen><\/iframe><\/p>\n<ul>\n<li>\n<h2>Interfaz USB de velocidad completa<\/h2>\n<\/li>\n<li>\n<h2>Cumplimiento CCID<\/h2>\n<\/li>\n<li>\n<h2>Lector de tarjetas inteligentes:<\/h2>\n<ul>\n<li>\n<h3>Interfaz sin contacto:<\/h3>\n<ul>\n<li>\n<h4>Velocidad de lectura\/escritura de hasta 424 kbps<\/h4>\n<\/li>\n<li>\n<h4>Antena incorporada para acceso a etiquetas sin contacto, con distancia de lectura de tarjetas de hasta 30 mm (dependiendo del tipo de etiqueta)<\/h4>\n<\/li>\n<li>\n<h4>Admite tarjetas ISO 14443 tipo A y B, MIFARE\u00ae, FeliCa y los 4 tipos de etiquetas NFC (ISO\/IEC 18092)<\/h4>\n<\/li>\n<li>\n<h4>Funci\u00f3n anticolisi\u00f3n incorporada (solo se accede a 1 etiqueta en cualquier momento)<\/h4>\n<\/li>\n<li>\n<h4>Soporte NFC<\/h4>\n<\/li>\n<li>\n<h4>Modo lector\/escritor de tarjetas<\/h4>\n<\/li>\n<\/ul>\n<\/li>\n<\/ul>\n<\/li>\n<li>\n<h2>Perif\u00e9ricos incorporados:<\/h2>\n<ul>\n<li>\n<h3>LED:<\/h3>\n<ul>\n<li>\n<h4>LED bicolor controlable por el usuario<\/h4>\n<\/li>\n<\/ul>\n<\/li>\n<\/ul>\n<\/li>\n<li>\n<h2>Interfaz de programaci\u00f3n de aplicaciones:<\/h2>\n<ul>\n<li>\n<h3>Soporta PC\/SC<\/h3>\n<\/li>\n<li>\n<h3>Soporta CT-API (a trav\u00e9s de contenedor en la parte superior de PC\/SC)<\/h3>\n<\/li>\n<\/ul>\n<\/li>\n<li>\n<h2>Capacidad de actualizaci\u00f3n del firmware USB<\/h2>\n<\/li>\n<li>\n<h2>Compatible con Android\u2122 3.1 y posteriores<\/h2>\n<\/li>\n<li>\n<div>\n<table width=\"854\">\n<tbody>\n<tr>\n<td colspan=\"3\" width=\"854\">Caracter\u00edsticas f\u00edsicas<\/td>\n<\/tr>\n<tr>\n<td width=\"400\">Dimensiones (mm)<\/td>\n<td width=\"61\"><\/td>\n<td width=\"393\">98,0 mm (largo) x 65,0 mm (ancho) x 12,8 mm (alto)<\/td>\n<\/tr>\n<tr>\n<td width=\"400\">Peso (gramos)<\/td>\n<td width=\"61\"><\/td>\n<td width=\"393\">70 gramos<\/td>\n<\/tr>\n<tr>\n<td colspan=\"3\" width=\"854\">Interfaz USB<\/td>\n<\/tr>\n<tr>\n<td width=\"400\">Protocolo<\/td>\n<td width=\"61\"><\/td>\n<td width=\"393\">CCID USB<\/td>\n<\/tr>\n<tr>\n<td width=\"400\">Fuente de alimentaci\u00f3n<\/td>\n<td width=\"61\"><\/td>\n<td width=\"393\">Desde el puerto USB<\/td>\n<\/tr>\n<tr>\n<td width=\"400\">Velocidad<\/td>\n<td width=\"61\"><\/td>\n<td width=\"393\">USB de m\u00e1xima velocidad (12 Mbps)<\/td>\n<\/tr>\n<tr>\n<td width=\"400\">Longitud del cable<\/td>\n<td width=\"61\"><\/td>\n<td width=\"393\">1,0 m, fijo<\/td>\n<\/tr>\n<tr>\n<td colspan=\"3\" width=\"854\">Interfaz de tarjeta inteligente sin contacto<\/td>\n<\/tr>\n<tr>\n<td width=\"400\">Est\u00e1ndar<\/td>\n<td width=\"61\"><\/td>\n<td width=\"393\">ISO\/IEC 18092 NFC, ISO 14443 Tipo A y B, MIFARE\u00ae, FeliCa<\/td>\n<\/tr>\n<tr>\n<td rowspan=\"4\" width=\"400\">Protocolo<\/td>\n<td width=\"61\"><\/td>\n<td width=\"393\">Tarjeta compatible con ISO 14443-4, T=CL<\/td>\n<\/tr>\n<tr>\n<td width=\"61\"><\/td>\n<td width=\"393\">Tarjeta MIFARE\u00ae Cl\u00e1sica, T=CL<\/td>\n<\/tr>\n<tr>\n<td width=\"61\"><\/td>\n<td width=\"393\">ISO18092, etiquetas NFC<\/td>\n<\/tr>\n<tr>\n<td width=\"61\"><\/td>\n<td width=\"393\">FeliCa<\/td>\n<\/tr>\n<tr>\n<td colspan=\"3\" width=\"854\">Perif\u00e9ricos incorporados<\/td>\n<\/tr>\n<tr>\n<td width=\"400\">CONDUJO<\/td>\n<td width=\"61\"><\/td>\n<td width=\"393\">1 bicolor: Rojo y Verde<\/td>\n<\/tr>\n<tr>\n<td width=\"400\">Zumbador<\/td>\n<td width=\"61\"><\/td>\n<td width=\"393\">Mon\u00f3tono<\/td>\n<\/tr>\n<tr>\n<td colspan=\"3\" width=\"854\">Certificaciones\/Cumplimiento<\/td>\n<\/tr>\n<tr>\n<td rowspan=\"13\" width=\"400\">Certificaciones\/Cumplimiento<\/td>\n<td width=\"61\"><\/td>\n<td width=\"393\">EN 60950\/CEI 60950<\/td>\n<\/tr>\n<tr>\n<td width=\"61\"><\/td>\n<td width=\"393\">ISO 18092<\/td>\n<\/tr>\n<tr>\n<td width=\"61\"><\/td>\n<td width=\"393\">ISO 14443<\/td>\n<\/tr>\n<tr>\n<td width=\"61\"><\/td>\n<td width=\"393\">USB de m\u00e1xima velocidad<\/td>\n<\/tr>\n<tr>\n<td width=\"61\"><\/td>\n<td width=\"393\">PC\/SC<\/td>\n<\/tr>\n<tr>\n<td width=\"61\"><\/td>\n<td width=\"393\">CCID<\/td>\n<\/tr>\n<tr>\n<td width=\"61\"><\/td>\n<td width=\"393\">VCCI (Jap\u00f3n)<\/td>\n<\/tr>\n<tr>\n<td width=\"61\"><\/td>\n<td width=\"393\">KC (Corea)<\/td>\n<\/tr>\n<tr>\n<td width=\"61\"><\/td>\n<td width=\"393\">Microsoft\u00aeWHQL<\/td>\n<\/tr>\n<tr>\n<td width=\"61\"><\/td>\n<td width=\"393\">CE<\/td>\n<\/tr>\n<tr>\n<td width=\"61\"><\/td>\n<td width=\"393\">FCC<\/td>\n<\/tr>\n<tr>\n<td width=\"61\"><\/td>\n<td width=\"393\">RoHS 2<\/td>\n<\/tr>\n<tr>\n<td width=\"61\"><\/td>\n<td width=\"393\">ALCANZAR<\/td>\n<\/tr>\n<tr>\n<td colspan=\"3\" width=\"854\">Soporte del sistema operativo del controlador del dispositivo<\/td>\n<\/tr>\n<tr>\n<td rowspan=\"6\" width=\"400\">Soporte del sistema operativo del controlador del dispositivo<\/td>\n<td width=\"61\"><\/td>\n<td width=\"393\">Windows\u00aeCE<\/td>\n<\/tr>\n<tr>\n<td width=\"61\"><\/td>\n<td width=\"393\">Windows\u00ae<\/td>\n<\/tr>\n<tr>\n<td width=\"61\"><\/td>\n<td width=\"393\">Linux\u00ae<\/td>\n<\/tr>\n<tr>\n<td width=\"61\"><\/td>\n<td width=\"393\">MACOS\u00ae<\/td>\n<\/tr>\n<tr>\n<td width=\"61\"><\/td>\n<td width=\"393\">Solaris<\/td>\n<\/tr>\n<tr>\n<td width=\"61\"><\/td>\n<td width=\"393\">Android\u2122<\/td>\n<\/tr>\n<\/tbody>\n<\/table>\n<\/div>\n<\/li>\n<\/ul>","protected":false},"excerpt":{"rendered":"<div class=\"auto-hide-last-sibling-br paragraph_4183d\">El ACR122U es un lector NFC USB vers\u00e1til que utiliza tecnolog\u00eda RFID y admite los est\u00e1ndares CCID y PC\/SC para una comunicaci\u00f3n sin contacto perfecta con tarjetas inteligentes.<\/div>\n<div class=\"auto-hide-last-sibling-br paragraph_4183d\"><\/div>","protected":false},"featured_media":1544,"template":"","meta":[],"product_brand":[],"product_cat":[45,40],"product_tag":[],"class_list":{"0":"post-1542","1":"product","2":"type-product","3":"status-publish","4":"has-post-thumbnail","6":"product_cat-contactless-nfc-reader","7":"product_cat-rfid-nfc-reader","9":"first","10":"instock","11":"shipping-taxable","12":"product-type-simple"},"_links":{"self":[{"href":"https:\/\/nfc-readers.com\/es\/wp-json\/wp\/v2\/product\/1542","targetHints":{"allow":["GET"]}}],"collection":[{"href":"https:\/\/nfc-readers.com\/es\/wp-json\/wp\/v2\/product"}],"about":[{"href":"https:\/\/nfc-readers.com\/es\/wp-json\/wp\/v2\/types\/product"}],"wp:featuredmedia":[{"embeddable":true,"href":"https:\/\/nfc-readers.com\/es\/wp-json\/wp\/v2\/media\/1544"}],"wp:attachment":[{"href":"https:\/\/nfc-readers.com\/es\/wp-json\/wp\/v2\/media?parent=1542"}],"wp:term":[{"taxonomy":"product_brand","embeddable":true,"href":"https:\/\/nfc-readers.com\/es\/wp-json\/wp\/v2\/product_brand?post=1542"},{"taxonomy":"product_cat","embeddable":true,"href":"https:\/\/nfc-readers.com\/es\/wp-json\/wp\/v2\/product_cat?post=1542"},{"taxonomy":"product_tag","embeddable":true,"href":"https:\/\/nfc-readers.com\/es\/wp-json\/wp\/v2\/product_tag?post=1542"}],"curies":[{"name":"wp","href":"https:\/\/api.w.org\/{rel}","templated":true}]}}