{"id":1550,"date":"2024-04-07T06:15:08","date_gmt":"2024-04-07T06:15:08","guid":{"rendered":"https:\/\/nfc-readers.com\/?post_type=product&#038;p=1550"},"modified":"2024-10-16T06:43:39","modified_gmt":"2024-10-16T06:43:39","slug":"acr1281u-c1-usb-dual-interface-reader","status":"publish","type":"product","link":"https:\/\/nfc-readers.com\/es\/ic-reader\/acr1281u-c1-usb-dual-interface-reader\/","title":{"rendered":"Lector USB de doble interfaz ACR1281U-C1"},"content":{"rendered":"<h1>Lector USB de doble interfaz ACR1281U-C1<\/h1>\n<p>El ACR1281U-C1 DualBoost II es una versi\u00f3n mejorada del lector ACR128 DualBoost. Al actuar como lector de tarjetas inteligentes, proporciona una interfaz dual eficiente capaz de interactuar con cualquier tarjeta inteligente que cumpla con los est\u00e1ndares ISO 7816 e ISO 14443. Este DualBoost II de segunda generaci\u00f3n fusiona operaciones de tarjetas inteligentes con y sin contacto tradicionalmente distintas en una unidad \u00fanica y cohesiva, lo que permite el uso de una tarjeta para diversas aplicaciones. Su utilidad brilla en el comercio electr\u00f3nico, ya que permite el procesamiento seguro de pagos en l\u00ednea a trav\u00e9s de tarjetas de cr\u00e9dito, y desempe\u00f1a un papel clave en el transporte p\u00fablico, ayudando en la recarga de tarjetas sin contacto dentro de sistemas de tarifas automatizados. Encarna la visi\u00f3n de la soluci\u00f3n de una sola tarjeta en la que una gran variedad de funcionalidades de tarjetas inteligentes se unifican en una sola tarjeta. La serie DualBoost actualizada es totalmente compatible con PC\/SC para una interacci\u00f3n perfecta con interfaces de contacto y sin contacto. Como lector NFC port\u00e1til, aumenta la comunicaci\u00f3n para tarjetas sin contacto a velocidades de hasta 848 kbps, atendiendo a aplicaciones avanzadas que exigen un alto rendimiento. El lector tambi\u00e9n est\u00e1 equipado con mecanismos inteligentes para manejar tarjetas h\u00edbridas y combinadas, ofreciendo la capacidad de identificar tarjetas sin contacto introducidas incorrectamente en la ranura para tarjetas de contacto. Una parte integral de su dise\u00f1o es la ranura SAM que refuerza la seguridad en ambas interfaces. Las caracter\u00edsticas mejoradas, como la capacidad de actualizar el firmware a trav\u00e9s de USB, la compatibilidad con tarjetas de memoria de contacto y la compatibilidad con comandos APDU ampliados destacan el ACR1281U-C1 DualBoost II como una opci\u00f3n rentable. herramienta eficaz y potente con todo incluido que eleva la comodidad y versatilidad dentro de numerosos sistemas de tarjetas inteligentes.<\/p>\n<p><iframe loading=\"lazy\" title=\"Lector de tarjetas inteligentes con y sin contacto ACR1281U C1\" width=\"1020\" height=\"574\" src=\"https:\/\/www.youtube.com\/embed\/dABTVMG9dvI?feature=oembed\" frameborder=\"0\" allow=\"accelerometer; autoplay; clipboard-write; encrypted-media; gyroscope; picture-in-picture; web-share\" referrerpolicy=\"strict-origin-when-cross-origin\" allowfullscreen><\/iframe><\/p>\n<ul>\n<li>\n<h2>Interfaz USB 2.0 de velocidad completa<\/h2>\n<\/li>\n<li>\n<h2>Cumplimiento CCID<\/h2>\n<\/li>\n<li>\n<h2>Lector de tarjetas inteligentes sin contacto:<\/h2>\n<ul>\n<li>\n<h3>Velocidad de lectura\/escritura de hasta 848 kbps<\/h3>\n<\/li>\n<li>\n<h3>Antena incorporada para acceso a etiquetas sin contacto, con distancia de lectura de tarjetas de hasta 50 mm (seg\u00fan el tipo de etiqueta)<\/h3>\n<\/li>\n<li>\n<h3>Admite tarjetas ISO 14443 Parte 4 Tipo A y B y series MIFARE\u00ae<\/h3>\n<\/li>\n<li>\n<h3>Funci\u00f3n anticolisi\u00f3n incorporada (solo se accede a una etiqueta en cualquier momento)<\/h3>\n<\/li>\n<li>\n<h3>Admite APDU extendida (m\u00e1x. 64 kbytes)<\/h3>\n<\/li>\n<\/ul>\n<\/li>\n<li>\n<h2>P\u00f3ngase en contacto con el lector de tarjetas inteligentes:<\/h2>\n<ul>\n<li>\n<h3>Soporta ISO 7816 Clase A, B y C (5 V, 3V y 1,8 V)<\/h3>\n<\/li>\n<li>\n<h3>Soporta CAC (Tarjeta de acceso com\u00fan)<\/h3>\n<\/li>\n<li>\n<h3>Admite PIV (Tarjeta de verificaci\u00f3n de identidad personal)<\/h3>\n<\/li>\n<li>\n<h3>Soporta tarjetas de microprocesador con protocolo T=0 o T=1<\/h3>\n<\/li>\n<li>\n<h3>Soporta tarjetas de memoria<\/h3>\n<\/li>\n<li>\n<h3>Ranura SAM compatible con ISO 7816<\/h3>\n<\/li>\n<\/ul>\n<\/li>\n<li>\n<h2>Interfaz de programaci\u00f3n de aplicaciones:<\/h2>\n<ul>\n<li>\n<h3>Soporta PC\/SC<\/h3>\n<\/li>\n<li>\n<h3>Soporta CT-API (a trav\u00e9s de contenedor en la parte superior de PC\/SC)<\/h3>\n<\/li>\n<\/ul>\n<\/li>\n<li>\n<h2>Perif\u00e9ricos incorporados:<\/h2>\n<ul>\n<li>\n<h3>Dos LED controlables por el usuario<\/h3>\n<\/li>\n<li>\n<h3>Zumbador controlable por el usuario<\/h3>\n<\/li>\n<\/ul>\n<\/li>\n<li>\n<h2>Capacidad de actualizaci\u00f3n del firmware USB<\/h2>\n<\/li>\n<li>\n<div>\n<table width=\"551\">\n<tbody>\n<tr>\n<td colspan=\"2\" width=\"551\">Caracter\u00edsticas f\u00edsicas<\/td>\n<\/tr>\n<tr>\n<td width=\"230\">Dimensiones (mm)<\/td>\n<td width=\"321\">120,5 mm (largo) x 72,0 mm (ancho) x 20,4 mm (alto)<\/td>\n<\/tr>\n<tr>\n<td width=\"230\">Peso (gramos)<\/td>\n<td width=\"321\">140 gramos<\/td>\n<\/tr>\n<tr>\n<td colspan=\"2\" width=\"551\">Interfaz USB<\/td>\n<\/tr>\n<tr>\n<td width=\"230\">Protocolo<\/td>\n<td width=\"321\">CCID USB<\/td>\n<\/tr>\n<tr>\n<td width=\"230\">tipo de conector<\/td>\n<td width=\"321\">Est\u00e1ndar tipo A<\/td>\n<\/tr>\n<tr>\n<td width=\"230\">Fuente de alimentaci\u00f3n<\/td>\n<td width=\"321\">Desde el puerto USB<\/td>\n<\/tr>\n<tr>\n<td width=\"230\">Velocidad<\/td>\n<td width=\"321\">USB de m\u00e1xima velocidad (12 Mbps)<\/td>\n<\/tr>\n<tr>\n<td width=\"230\">Longitud del cable<\/td>\n<td width=\"321\">2,0 m, fijo<\/td>\n<\/tr>\n<tr>\n<td colspan=\"2\" width=\"551\">Interfaz de tarjeta inteligente de contacto<\/td>\n<\/tr>\n<tr>\n<td width=\"230\">N\u00famero de ranuras<\/td>\n<td width=\"321\">1 ranura para tarjetas de tama\u00f1o completo<\/td>\n<\/tr>\n<tr>\n<td width=\"230\">Est\u00e1ndar<\/td>\n<td width=\"321\">ISO 7816 Clase A, B, C (5 V, 3 V, 1,8 V)<\/td>\n<\/tr>\n<tr>\n<td width=\"230\">Protocolo<\/td>\n<td width=\"321\">T=0; T=1<\/td>\n<\/tr>\n<tr>\n<td colspan=\"2\" width=\"551\">Interfaz de tarjeta inteligente sin contacto<\/td>\n<\/tr>\n<tr>\n<td width=\"230\">Est\u00e1ndar<\/td>\n<td width=\"321\">ISO 14443 A y B Partes 1-4<\/td>\n<\/tr>\n<tr>\n<td rowspan=\"2\" width=\"230\">Protocolo<\/td>\n<td width=\"321\">Tarjeta compatible con ISO 14443-4, T=CL<\/td>\n<\/tr>\n<tr>\n<td width=\"321\">Tarjeta MIFARE\u00ae Cl\u00e1sica, T=CL<\/td>\n<\/tr>\n<tr>\n<td colspan=\"2\" width=\"551\">Interfaz de tarjeta SAM<\/td>\n<\/tr>\n<tr>\n<td width=\"230\">N\u00famero de ranuras<\/td>\n<td width=\"321\">1 ranura para tarjeta de tama\u00f1o SIM est\u00e1ndar<\/td>\n<\/tr>\n<tr>\n<td width=\"230\">Est\u00e1ndar<\/td>\n<td width=\"321\">ISO 7816 Clase A (5V)<\/td>\n<\/tr>\n<tr>\n<td width=\"230\">Protocolo<\/td>\n<td width=\"321\">T=0; T=1<\/td>\n<\/tr>\n<tr>\n<td colspan=\"2\" width=\"551\">Perif\u00e9ricos incorporados<\/td>\n<\/tr>\n<tr>\n<td width=\"230\">CONDUJO<\/td>\n<td width=\"321\">2 monocolor: Rojo y Verde<\/td>\n<\/tr>\n<tr>\n<td width=\"230\">Zumbador<\/td>\n<td width=\"321\">Mon\u00f3tono<\/td>\n<\/tr>\n<tr>\n<td colspan=\"2\" width=\"551\">Otras caracter\u00edsticas<\/td>\n<\/tr>\n<tr>\n<td width=\"230\">Actualizaci\u00f3n de firmware<\/td>\n<td width=\"321\">Soportado<\/td>\n<\/tr>\n<tr>\n<td colspan=\"2\" width=\"551\">Certificaciones\/Cumplimiento<\/td>\n<\/tr>\n<tr>\n<td rowspan=\"10\" width=\"230\">Certificaciones\/Cumplimiento<\/td>\n<td width=\"321\">ISO 14443<\/td>\n<\/tr>\n<tr>\n<td width=\"321\">ISO 7816<\/td>\n<\/tr>\n<tr>\n<td width=\"321\">USB de m\u00e1xima velocidad<\/td>\n<\/tr>\n<tr>\n<td width=\"321\">PC\/SC<\/td>\n<\/tr>\n<tr>\n<td width=\"321\">CCID<\/td>\n<\/tr>\n<tr>\n<td width=\"321\">Microsoft\u00aeWHQL<\/td>\n<\/tr>\n<tr>\n<td width=\"321\">CE<\/td>\n<\/tr>\n<tr>\n<td width=\"321\">FCC<\/td>\n<\/tr>\n<tr>\n<td width=\"321\">RoHS<\/td>\n<\/tr>\n<tr>\n<td width=\"321\">ALCANZAR<\/td>\n<\/tr>\n<tr>\n<td colspan=\"2\" width=\"551\">Soporte del sistema operativo del controlador del dispositivo<\/td>\n<\/tr>\n<tr>\n<td rowspan=\"5\" width=\"230\">Soporte del sistema operativo del controlador del dispositivo<\/td>\n<td width=\"321\">Windows\u00ae<\/td>\n<\/tr>\n<tr>\n<td width=\"321\">Linux\u00ae<\/td>\n<\/tr>\n<tr>\n<td width=\"321\">MACOS\u00ae<\/td>\n<\/tr>\n<tr>\n<td width=\"321\">Solaris<\/td>\n<\/tr>\n<tr>\n<td width=\"321\">Android\u2122<\/td>\n<\/tr>\n<\/tbody>\n<\/table>\n<\/div>\n<\/li>\n<\/ul>","protected":false},"excerpt":{"rendered":"<p>El ACR1281U-C1 es un lector USB de contacto y sin contacto vers\u00e1til, con una ranura SAM y capacidades NFC port\u00e1tiles para un mejor rendimiento en aplicaciones de tarjetas inteligentes.<\/p>","protected":false},"featured_media":1557,"template":"","meta":[],"product_brand":[],"product_cat":[45],"product_tag":[],"class_list":{"0":"post-1550","1":"product","2":"type-product","3":"status-publish","4":"has-post-thumbnail","6":"product_cat-contactless-nfc-reader","8":"first","9":"instock","10":"shipping-taxable","11":"product-type-simple"},"_links":{"self":[{"href":"https:\/\/nfc-readers.com\/es\/wp-json\/wp\/v2\/product\/1550","targetHints":{"allow":["GET"]}}],"collection":[{"href":"https:\/\/nfc-readers.com\/es\/wp-json\/wp\/v2\/product"}],"about":[{"href":"https:\/\/nfc-readers.com\/es\/wp-json\/wp\/v2\/types\/product"}],"wp:featuredmedia":[{"embeddable":true,"href":"https:\/\/nfc-readers.com\/es\/wp-json\/wp\/v2\/media\/1557"}],"wp:attachment":[{"href":"https:\/\/nfc-readers.com\/es\/wp-json\/wp\/v2\/media?parent=1550"}],"wp:term":[{"taxonomy":"product_brand","embeddable":true,"href":"https:\/\/nfc-readers.com\/es\/wp-json\/wp\/v2\/product_brand?post=1550"},{"taxonomy":"product_cat","embeddable":true,"href":"https:\/\/nfc-readers.com\/es\/wp-json\/wp\/v2\/product_cat?post=1550"},{"taxonomy":"product_tag","embeddable":true,"href":"https:\/\/nfc-readers.com\/es\/wp-json\/wp\/v2\/product_tag?post=1550"}],"curies":[{"name":"wp","href":"https:\/\/api.w.org\/{rel}","templated":true}]}}