{"id":1555,"date":"2024-04-07T06:18:18","date_gmt":"2024-04-07T06:18:18","guid":{"rendered":"https:\/\/nfc-readers.com\/?post_type=product&#038;p=1555"},"modified":"2024-10-16T06:39:36","modified_gmt":"2024-10-16T06:39:36","slug":"acr1281s-c1-dualboost-ii-serial-reader","status":"publish","type":"product","link":"https:\/\/nfc-readers.com\/es\/ic-reader\/acr1281s-c1-dualboost-ii-serial-reader\/","title":{"rendered":"Lector serie ACR1281S-C1 DualBoost II"},"content":{"rendered":"<h1>Lector serie ACR1281S-C1 DualBoost II<\/h1>\n<p>El ACR1281S-C1 DualBoost II es un lector multifac\u00e9tico que facilita las interacciones con tarjetas inteligentes con y sin contacto de conformidad con las normas ISO 7816 e ISO 14443, respectivamente. Este lector de interfaz dual combina a la perfecci\u00f3n funcionalidades que tradicionalmente se encuentran en sistemas discretos en una unidad singular que admite tarjetas con y sin contacto. Agiliza diversas transacciones, ya sea liquidaci\u00f3n de pagos en los sectores bancario y de comercio electr\u00f3nico utilizando tarjetas de cr\u00e9dito o validando tarjetas sin contacto para un acceso seguro a \u00e1reas o sistemas designados. Esto se integra bien con el concepto de una tarjeta inteligente universal que fusiona m\u00faltiples funciones de tarjeta inteligente en una sola entidad f\u00edsica. Como caracter\u00edstica de los dispositivos plug and play, el ACR1281S-C1 no requiere instalaciones complejas de controladores. Incorpora una ranura SAM (M\u00f3dulo de acceso seguro), que fortalece la seguridad en interacciones con y sin contacto. La capacidad del dispositivo para una comunicaci\u00f3n r\u00e1pida alcanza hasta 848 kbps cuando se manejan tarjetas sin contacto, lo que garantiza su idoneidad para aplicaciones intensivas y de alto rendimiento. Con capacidades como capacidad de actualizaci\u00f3n de firmware USB, soporte para tarjetas de memoria de contacto y la capacidad de manejar APDU extendidas, el ACR1281S-C1 Serial DualBoost II representa una soluci\u00f3n econ\u00f3mica y robusta. Ofrece la doble ventaja de comodidad y adaptabilidad en un amplio espectro de aplicaciones de tarjetas inteligentes.<\/p>\n<ul>\n<li>\n<h2>Interfaz serie RS232<\/h2>\n<\/li>\n<li>\n<h2>Interfaz USB para fuente de alimentaci\u00f3n<\/h2>\n<\/li>\n<li>\n<h2>Formato de marco tipo CCID (formato binario)<\/h2>\n<\/li>\n<li>\n<h2>Lector de tarjetas inteligentes sin contacto:<\/h2>\n<ul>\n<li>\n<h3>Velocidad de lectura\/escritura de hasta 848 kbps<\/h3>\n<\/li>\n<li>\n<h3>Antena incorporada para acceso a etiquetas sin contacto, con distancia de lectura de tarjetas de hasta 50 mm (seg\u00fan el tipo de etiqueta)<\/h3>\n<\/li>\n<li>\n<h3>Admite tarjetas ISO 14443 Parte 4 Tipo A y B y series MIFARE\u00ae<\/h3>\n<\/li>\n<li>\n<h3>Funci\u00f3n anticolisi\u00f3n incorporada (solo se accede a una etiqueta en cualquier momento)<\/h3>\n<\/li>\n<li>\n<h3>Admite APDU extendida (m\u00e1x. 64 kbytes)<\/h3>\n<\/li>\n<\/ul>\n<\/li>\n<li>\n<h2>P\u00f3ngase en contacto con el lector de tarjetas inteligentes:<\/h2>\n<ul>\n<li>\n<h3>Soporta ISO 7816 Clase A, B y C (5 V, 3V y 1,8 V)<\/h3>\n<\/li>\n<li>\n<h3>Soporta tarjetas de microprocesador con protocolo T=0 o T=1<\/h3>\n<\/li>\n<li>\n<h3>Soporta tarjetas de memoria<\/h3>\n<\/li>\n<li>\n<h3>Ranura SAM compatible con ISO 7816<\/h3>\n<\/li>\n<\/ul>\n<\/li>\n<li>\n<h2>Perif\u00e9ricos incorporados:<\/h2>\n<ul>\n<li>\n<h3>Dos LED controlables por el usuario<\/h3>\n<\/li>\n<li>\n<h3>Zumbador controlable por el usuario<\/h3>\n<\/li>\n<\/ul>\n<\/li>\n<li>\n<h2>Capacidad de actualizaci\u00f3n del firmware USB<\/h2>\n<\/li>\n<li>\n<div>\n<table width=\"500\">\n<tbody>\n<tr>\n<td colspan=\"2\" width=\"500\">Caracter\u00edsticas f\u00edsicas<\/td>\n<\/tr>\n<tr>\n<td width=\"181\">Dimensiones (mm)<\/td>\n<td width=\"319\">120,5 mm (largo) x 72,0 mm (ancho) x 20,4 mm (alto)<\/td>\n<\/tr>\n<tr>\n<td width=\"181\">Peso (gramos)<\/td>\n<td width=\"319\">150 gramos<\/td>\n<\/tr>\n<tr>\n<td colspan=\"2\" width=\"500\">Interfaz de serie<\/td>\n<\/tr>\n<tr>\n<td width=\"181\">Protocolo<\/td>\n<td width=\"319\">RS-232<\/td>\n<\/tr>\n<tr>\n<td width=\"181\">tipo de conector<\/td>\n<td width=\"319\">Conector DB-9<\/td>\n<\/tr>\n<tr>\n<td width=\"181\">Fuente de alimentaci\u00f3n<\/td>\n<td width=\"319\">Desde el puerto USB<\/td>\n<\/tr>\n<tr>\n<td width=\"181\">Longitud del cable<\/td>\n<td width=\"319\">1,5 m, Fijo (DB9 + USB)<\/td>\n<\/tr>\n<tr>\n<td colspan=\"2\" width=\"500\">Interfaz de tarjeta inteligente de contacto<\/td>\n<\/tr>\n<tr>\n<td width=\"181\">N\u00famero de ranuras<\/td>\n<td width=\"319\">1 ranura para tarjetas de tama\u00f1o completo<\/td>\n<\/tr>\n<tr>\n<td width=\"181\">Est\u00e1ndar<\/td>\n<td width=\"319\">ISO 7816 Clase A, B, C (5 V, 3 V, 1,8 V)<\/td>\n<\/tr>\n<tr>\n<td width=\"181\">Protocolo<\/td>\n<td width=\"319\">T=0; T=1<\/td>\n<\/tr>\n<tr>\n<td colspan=\"2\" width=\"500\">Interfaz de tarjeta inteligente sin contacto<\/td>\n<\/tr>\n<tr>\n<td width=\"181\">Est\u00e1ndar<\/td>\n<td width=\"319\">ISO 14443 A y B Partes 1-4<\/td>\n<\/tr>\n<tr>\n<td rowspan=\"2\" width=\"181\">Protocolo<\/td>\n<td width=\"319\">Tarjeta compatible con ISO 14443-4, T=CL<\/td>\n<\/tr>\n<tr>\n<td width=\"319\">Tarjeta MIFARE\u00ae Cl\u00e1sica, T=CL<\/td>\n<\/tr>\n<tr>\n<td colspan=\"2\" width=\"500\">Interfaz de tarjeta SAM<\/td>\n<\/tr>\n<tr>\n<td width=\"181\">N\u00famero de ranuras<\/td>\n<td width=\"319\">1 ranura para tarjeta de tama\u00f1o SIM est\u00e1ndar<\/td>\n<\/tr>\n<tr>\n<td width=\"181\">Est\u00e1ndar<\/td>\n<td width=\"319\">ISO 7816 Clase A (5V)<\/td>\n<\/tr>\n<tr>\n<td width=\"181\">Protocolo<\/td>\n<td width=\"319\">T=0; T=1<\/td>\n<\/tr>\n<tr>\n<td colspan=\"2\" width=\"500\">Perif\u00e9ricos incorporados<\/td>\n<\/tr>\n<tr>\n<td width=\"181\">CONDUJO<\/td>\n<td width=\"319\">2 monocolor: Rojo y Verde<\/td>\n<\/tr>\n<tr>\n<td width=\"181\">Zumbador<\/td>\n<td width=\"319\">Mon\u00f3tono<\/td>\n<\/tr>\n<tr>\n<td colspan=\"2\" width=\"500\">Otras caracter\u00edsticas<\/td>\n<\/tr>\n<tr>\n<td width=\"181\">Actualizaci\u00f3n de firmware<\/td>\n<td width=\"319\">Soportado<\/td>\n<\/tr>\n<tr>\n<td colspan=\"2\" width=\"500\">Certificaciones\/Cumplimiento<\/td>\n<\/tr>\n<tr>\n<td rowspan=\"5\" width=\"181\">Certificaciones\/Cumplimiento<\/td>\n<td width=\"319\">ISO 14443<\/td>\n<\/tr>\n<tr>\n<td width=\"319\">ISO 7816<\/td>\n<\/tr>\n<tr>\n<td width=\"319\">CE<\/td>\n<\/tr>\n<tr>\n<td width=\"319\">FCC<\/td>\n<\/tr>\n<tr>\n<td width=\"319\">RoHS<\/td>\n<\/tr>\n<tr>\n<td colspan=\"2\" width=\"500\">Soporte del sistema operativo del controlador del dispositivo<\/td>\n<\/tr>\n<tr>\n<td rowspan=\"2\" width=\"181\">Soporte del sistema operativo del controlador del dispositivo<\/td>\n<td width=\"319\">Windows\u00ae<\/td>\n<\/tr>\n<tr>\n<td width=\"319\">Linux\u00ae<\/td>\n<\/tr>\n<\/tbody>\n<\/table>\n<\/div>\n<\/li>\n<\/ul>","protected":false},"excerpt":{"rendered":"<p>El ACR1281S-C1 es un lector de contacto y sin contacto de doble funci\u00f3n, con una ranura SAM para mayor seguridad y rendimiento de alta velocidad en aplicaciones de tarjetas inteligentes.<\/p>","protected":false},"featured_media":1556,"template":"","meta":[],"product_brand":[],"product_cat":[45],"product_tag":[],"class_list":{"0":"post-1555","1":"product","2":"type-product","3":"status-publish","4":"has-post-thumbnail","6":"product_cat-contactless-nfc-reader","8":"first","9":"instock","10":"shipping-taxable","11":"product-type-simple"},"_links":{"self":[{"href":"https:\/\/nfc-readers.com\/es\/wp-json\/wp\/v2\/product\/1555","targetHints":{"allow":["GET"]}}],"collection":[{"href":"https:\/\/nfc-readers.com\/es\/wp-json\/wp\/v2\/product"}],"about":[{"href":"https:\/\/nfc-readers.com\/es\/wp-json\/wp\/v2\/types\/product"}],"wp:featuredmedia":[{"embeddable":true,"href":"https:\/\/nfc-readers.com\/es\/wp-json\/wp\/v2\/media\/1556"}],"wp:attachment":[{"href":"https:\/\/nfc-readers.com\/es\/wp-json\/wp\/v2\/media?parent=1555"}],"wp:term":[{"taxonomy":"product_brand","embeddable":true,"href":"https:\/\/nfc-readers.com\/es\/wp-json\/wp\/v2\/product_brand?post=1555"},{"taxonomy":"product_cat","embeddable":true,"href":"https:\/\/nfc-readers.com\/es\/wp-json\/wp\/v2\/product_cat?post=1555"},{"taxonomy":"product_tag","embeddable":true,"href":"https:\/\/nfc-readers.com\/es\/wp-json\/wp\/v2\/product_tag?post=1555"}],"curies":[{"name":"wp","href":"https:\/\/api.w.org\/{rel}","templated":true}]}}