{"id":1564,"date":"2024-04-07T06:24:04","date_gmt":"2024-04-07T06:24:04","guid":{"rendered":"https:\/\/nfc-readers.com\/?post_type=product&#038;p=1564"},"modified":"2024-10-16T06:23:32","modified_gmt":"2024-10-16T06:23:32","slug":"acm1281u-c7-usb-contactless-reader-module-with-sam-slot","status":"publish","type":"product","link":"https:\/\/nfc-readers.com\/es\/ic-reader\/acm1281u-c7-usb-contactless-reader-module-with-sam-slot\/","title":{"rendered":"M\u00f3dulo lector sin contacto USB ACM1281U-C7 con ranura SAM"},"content":{"rendered":"<h1>M\u00f3dulo lector sin contacto USB ACM1281U-C7 con ranura SAM<\/h1>\n<p>El ACM1281U-C7 se destaca como un sofisticado lector de tarjetas inteligentes dise\u00f1ado para una integraci\u00f3n perfecta en varios sistemas integrados. Al admitir ISO 14443 A\/B para las principales tecnolog\u00edas de tarjetas y ofrecer seguridad profunda a trav\u00e9s de su ranura SAM compatible, junto con la flexibilidad del firmware actualizable en campo, este lector NFC port\u00e1til est\u00e1 dise\u00f1ado para entornos donde la seguridad y la confiabilidad son primordiales, como Sistemas de pago y juego.<\/p>\n<ul>\n<li>\n<h2>Interfaz USB 2.0 de velocidad completa<\/h2>\n<\/li>\n<li>\n<h2>Cumplimiento CCID<\/h2>\n<\/li>\n<li>\n<h2>Capacidad de actualizaci\u00f3n del firmware USB<\/h2>\n<\/li>\n<li>\n<h2>Lector de tarjetas inteligentes:<\/h2>\n<ul>\n<li>\n<h3>Interfaz sin contacto:<\/h3>\n<ul>\n<li>\n<h4>Velocidad de lectura\/escritura de hasta 848 kbps<\/h4>\n<\/li>\n<li>\n<h4>Antena incorporada para acceso a etiquetas sin contacto, con distancia de lectura de tarjetas de hasta 50 mm (seg\u00fan el tipo de etiqueta)<\/h4>\n<\/li>\n<li>\n<h4>Admite tarjetas ISO 14443 Parte 4 Tipo A y B y la serie MIFARE\u00ae Classic<\/h4>\n<\/li>\n<li>\n<h4>Funci\u00f3n anticolisi\u00f3n incorporada (solo se accede a 1 etiqueta en cualquier momento)<\/h4>\n<\/li>\n<li>\n<h4>Admite APDU extendida (m\u00e1x. 64 kbytes)<\/h4>\n<\/li>\n<\/ul>\n<\/li>\n<li>\n<h3>Interfaz SAM:<\/h3>\n<ul>\n<li>\n<h4>Ranura SAM compatible con ISO 7816, Clase A (5 V)<\/h4>\n<\/li>\n<\/ul>\n<\/li>\n<\/ul>\n<\/li>\n<li>\n<h2>Interfaz de programaci\u00f3n de aplicaciones:<\/h2>\n<ul>\n<li>\n<h3>Soporta PC\/SC<\/h3>\n<\/li>\n<li>\n<h3>Soporta CT-API (a trav\u00e9s de contenedor en la parte superior de PC\/SC)<\/h3>\n<\/li>\n<\/ul>\n<\/li>\n<li>\n<h2>Perif\u00e9ricos:<\/h2>\n<ul>\n<li>\n<h3>LED bicolor controlable por el usuario<\/h3>\n<\/li>\n<li>\n<h3>Zumbador controlable por el usuario<\/h3>\n<\/li>\n<li>\n<div>\n<table width=\"558\">\n<tbody>\n<tr>\n<td colspan=\"2\" width=\"558\">Caracter\u00edsticas f\u00edsicas<\/td>\n<\/tr>\n<tr>\n<td width=\"234\">Dimensiones (mm)<\/td>\n<td width=\"324\">106,6 mm (largo) x 67,0 mm (ancho) x 16,0 mm (alto)<\/td>\n<\/tr>\n<tr>\n<td width=\"234\">Peso (gramos)<\/td>\n<td width=\"324\">20,8 gramos<\/td>\n<\/tr>\n<tr>\n<td colspan=\"2\" width=\"558\">Interfaz USB<\/td>\n<\/tr>\n<tr>\n<td width=\"234\">Protocolo<\/td>\n<td width=\"324\">CCID USB<\/td>\n<\/tr>\n<tr>\n<td width=\"234\">tipo de conector<\/td>\n<td width=\"324\">Est\u00e1ndar tipo A<\/td>\n<\/tr>\n<tr>\n<td width=\"234\">Fuente de alimentaci\u00f3n<\/td>\n<td width=\"324\">Desde el puerto USB<\/td>\n<\/tr>\n<tr>\n<td width=\"234\">Velocidad<\/td>\n<td width=\"324\">USB de m\u00e1xima velocidad (12 Mbps)<\/td>\n<\/tr>\n<tr>\n<td width=\"234\">Longitud del cable<\/td>\n<td width=\"324\">1,0 m, desmontable (opcional)<\/td>\n<\/tr>\n<tr>\n<td colspan=\"2\" width=\"558\">Interfaz de tarjeta inteligente sin contacto<\/td>\n<\/tr>\n<tr>\n<td width=\"234\">Est\u00e1ndar<\/td>\n<td width=\"324\">ISO 14443 A y B Partes 1-4<\/td>\n<\/tr>\n<tr>\n<td rowspan=\"2\" width=\"234\">Protocolo<\/td>\n<td width=\"324\">Tarjetas compatibles con ISO14443-4, T=CL<\/td>\n<\/tr>\n<tr>\n<td width=\"324\">Protocolo de tarjeta MIFARE\u00ae Classic, T=CL<\/td>\n<\/tr>\n<tr>\n<td width=\"234\">Antena<\/td>\n<td width=\"324\">65mm x 60mm<\/td>\n<\/tr>\n<tr>\n<td colspan=\"2\" width=\"558\">Interfaz de tarjeta SAM<\/td>\n<\/tr>\n<tr>\n<td width=\"234\">N\u00famero de ranuras<\/td>\n<td width=\"324\">1<\/td>\n<\/tr>\n<tr>\n<td width=\"234\">Est\u00e1ndar<\/td>\n<td width=\"324\">ISO 7816 Partes 1-3, Clase A (5 V)<\/td>\n<\/tr>\n<tr>\n<td width=\"234\">Protocolo<\/td>\n<td width=\"324\">T=0; T=1<\/td>\n<\/tr>\n<tr>\n<td colspan=\"2\" width=\"558\">Perif\u00e9ricos incorporados<\/td>\n<\/tr>\n<tr>\n<td width=\"234\">CONDUJO<\/td>\n<td width=\"324\">2 monocolor: Rojo y Verde<\/td>\n<\/tr>\n<tr>\n<td width=\"234\">Zumbador<\/td>\n<td width=\"324\">Mon\u00f3tono<\/td>\n<\/tr>\n<tr>\n<td colspan=\"2\" width=\"558\">Otras caracter\u00edsticas<\/td>\n<\/tr>\n<tr>\n<td width=\"234\">Actualizaci\u00f3n de firmware<\/td>\n<td width=\"324\">Soportado<\/td>\n<\/tr>\n<tr>\n<td colspan=\"2\" width=\"558\">Certificaciones\/Cumplimiento<\/td>\n<\/tr>\n<tr>\n<td rowspan=\"10\" width=\"234\">Certificaciones\/Cumplimiento<\/td>\n<td width=\"324\">ISO 7816 (ranura SAM)<\/td>\n<\/tr>\n<tr>\n<td width=\"324\">ISO 14443<\/td>\n<\/tr>\n<tr>\n<td width=\"324\">USB de m\u00e1xima velocidad<\/td>\n<\/tr>\n<tr>\n<td width=\"324\">PC\/SC<\/td>\n<\/tr>\n<tr>\n<td width=\"324\">CCID<\/td>\n<\/tr>\n<tr>\n<td width=\"324\">CE<\/td>\n<\/tr>\n<tr>\n<td width=\"324\">FCC<\/td>\n<\/tr>\n<tr>\n<td width=\"324\">RoHS<\/td>\n<\/tr>\n<tr>\n<td width=\"324\">ALCANZAR<\/td>\n<\/tr>\n<tr>\n<td width=\"324\">Microsoft\u00aeWHQL<\/td>\n<\/tr>\n<tr>\n<td colspan=\"2\" width=\"558\">Soporte del sistema operativo del controlador del dispositivo<\/td>\n<\/tr>\n<tr>\n<td rowspan=\"5\" width=\"234\">Soporte del sistema operativo del controlador del dispositivo<\/td>\n<td width=\"324\">Windows\u00ae<\/td>\n<\/tr>\n<tr>\n<td width=\"324\">Linux\u00ae<\/td>\n<\/tr>\n<tr>\n<td width=\"324\">MACOS\u00ae<\/td>\n<\/tr>\n<tr>\n<td width=\"324\">Solaris<\/td>\n<\/tr>\n<tr>\n<td width=\"324\">Android\u2122<\/td>\n<\/tr>\n<\/tbody>\n<\/table>\n<\/div>\n<\/li>\n<\/ul>\n<\/li>\n<\/ul>","protected":false},"excerpt":{"rendered":"<p>El ACM1281U-C7 es un lector sin contacto USB vers\u00e1til con SAM, compatible con CCID y PC\/SC, ideal para aplicaciones NFC seguras como pagos de m\u00e1quinas expendedoras.<\/p>","protected":false},"featured_media":1565,"template":"","meta":[],"product_brand":[],"product_cat":[41],"product_tag":[],"class_list":{"0":"post-1564","1":"product","2":"type-product","3":"status-publish","4":"has-post-thumbnail","6":"product_cat-module-ic-reader","8":"first","9":"instock","10":"shipping-taxable","11":"product-type-simple"},"_links":{"self":[{"href":"https:\/\/nfc-readers.com\/es\/wp-json\/wp\/v2\/product\/1564","targetHints":{"allow":["GET"]}}],"collection":[{"href":"https:\/\/nfc-readers.com\/es\/wp-json\/wp\/v2\/product"}],"about":[{"href":"https:\/\/nfc-readers.com\/es\/wp-json\/wp\/v2\/types\/product"}],"wp:featuredmedia":[{"embeddable":true,"href":"https:\/\/nfc-readers.com\/es\/wp-json\/wp\/v2\/media\/1565"}],"wp:attachment":[{"href":"https:\/\/nfc-readers.com\/es\/wp-json\/wp\/v2\/media?parent=1564"}],"wp:term":[{"taxonomy":"product_brand","embeddable":true,"href":"https:\/\/nfc-readers.com\/es\/wp-json\/wp\/v2\/product_brand?post=1564"},{"taxonomy":"product_cat","embeddable":true,"href":"https:\/\/nfc-readers.com\/es\/wp-json\/wp\/v2\/product_cat?post=1564"},{"taxonomy":"product_tag","embeddable":true,"href":"https:\/\/nfc-readers.com\/es\/wp-json\/wp\/v2\/product_tag?post=1564"}],"curies":[{"name":"wp","href":"https:\/\/api.w.org\/{rel}","templated":true}]}}