{"id":1566,"date":"2024-04-07T06:26:05","date_gmt":"2024-04-07T06:26:05","guid":{"rendered":"https:\/\/nfc-readers.com\/?post_type=product&#038;p=1566"},"modified":"2024-10-16T06:20:36","modified_gmt":"2024-10-16T06:20:36","slug":"acm1281s-c7-serial-contactless-reader-module-with-sam-slot","status":"publish","type":"product","link":"https:\/\/nfc-readers.com\/es\/ic-reader\/acm1281s-c7-serial-contactless-reader-module-with-sam-slot\/","title":{"rendered":"M\u00f3dulo lector serie sin contacto ACM1281S-C7 con ranura SAM"},"content":{"rendered":"<h1>M\u00f3dulo lector serie sin contacto ACM1281S-C7 con ranura SAM<\/h1>\n<p>El ACM1281S-C7 representa un avanzado lector de tarjetas inteligentes sin contacto en serie con atributos port\u00e1tiles y de alta velocidad, adecuado para una amplia gama de aplicaciones que exigen interacciones r\u00e1pidas, confiables y seguras. Su capacidad para admitir APDU extendidas, junto con su facilidad de uso, hace de este lector una soluci\u00f3n s\u00f3lida tanto para entornos m\u00f3viles como fijos.<\/p>\n<ul>\n<li>\n<h2>Interfaz serie RS232<\/h2>\n<\/li>\n<li>\n<h2>Interfaz USB para fuente de alimentaci\u00f3n<\/h2>\n<\/li>\n<li>\n<h2>Formato de marco tipo CCID (formato binario)<\/h2>\n<\/li>\n<li>\n<h2>Capacidad de actualizaci\u00f3n del firmware USB<\/h2>\n<\/li>\n<li>\n<h2>Lector de tarjetas inteligentes:<\/h2>\n<ul>\n<li>\n<h3>Interfaz sin contacto:<\/h3>\n<ul>\n<li>\n<h4>Velocidad de lectura\/escritura de hasta 848 kbps<\/h4>\n<\/li>\n<li>\n<h4>Antena incorporada para acceso a etiquetas sin contacto, con distancia de lectura de tarjetas de hasta 50 mm (seg\u00fan el tipo de etiqueta)<\/h4>\n<\/li>\n<li>\n<h4>Admite tarjetas ISO 14443 Parte 4 Tipo A y B y la serie MIFARE\u00ae Classic<\/h4>\n<\/li>\n<li>\n<h4>Funci\u00f3n anticolisi\u00f3n incorporada (solo se accede a 1 etiqueta en cualquier momento)<\/h4>\n<\/li>\n<li>\n<h4>Admite APDU extendida (m\u00e1x. 64 kbytes)<\/h4>\n<\/li>\n<\/ul>\n<\/li>\n<li>\n<h3>Interfaz SAM:<\/h3>\n<ul>\n<li>\n<h4>Ranura SAM compatible con ISO 7816, Clase A (5 V)<\/h4>\n<\/li>\n<\/ul>\n<\/li>\n<\/ul>\n<\/li>\n<li>\n<h2>Perif\u00e9ricos:<\/h2>\n<ul>\n<li>\n<h3>LED bicolor controlable por el usuario<\/h3>\n<\/li>\n<li>\n<h3>Zumbador controlable por el usuario<\/h3>\n<\/li>\n<li>\n<div>\n<table width=\"551\">\n<tbody>\n<tr>\n<td colspan=\"2\" width=\"551\">Caracter\u00edsticas f\u00edsicas<\/td>\n<\/tr>\n<tr>\n<td width=\"226\">Dimensiones (mm)<\/td>\n<td width=\"325\">106,6 mm (largo) x 67,0 g (ancho) x 16,0 g (alto)<\/td>\n<\/tr>\n<tr>\n<td width=\"226\">Peso (gramos)<\/td>\n<td width=\"325\">20,8 gramos<\/td>\n<\/tr>\n<tr>\n<td colspan=\"2\" width=\"551\">Interfaz de serie<\/td>\n<\/tr>\n<tr>\n<td width=\"226\">Protocolo<\/td>\n<td width=\"325\">RS-232<\/td>\n<\/tr>\n<tr>\n<td width=\"226\">tipo de conector<\/td>\n<td width=\"325\">Conector DB-9<\/td>\n<\/tr>\n<tr>\n<td width=\"226\">Fuente de alimentaci\u00f3n<\/td>\n<td width=\"325\">Mediante cable USB<\/td>\n<\/tr>\n<tr>\n<td width=\"226\">Longitud del cable<\/td>\n<td width=\"325\">1,5 m, Desmontable (Opcional)<\/td>\n<\/tr>\n<tr>\n<td colspan=\"2\" width=\"551\">Interfaz de tarjeta inteligente sin contacto<\/td>\n<\/tr>\n<tr>\n<td width=\"226\">Est\u00e1ndar<\/td>\n<td width=\"325\">ISO 14443 A y B Partes 1-4<\/td>\n<\/tr>\n<tr>\n<td rowspan=\"2\" width=\"226\">Protocolo<\/td>\n<td width=\"325\">Tarjetas compatibles con ISO14443-4, T=CL<\/td>\n<\/tr>\n<tr>\n<td width=\"325\">Protocolo de tarjeta MIFARE\u00ae Classic, T=CL<\/td>\n<\/tr>\n<tr>\n<td width=\"226\">Antena<\/td>\n<td width=\"325\">65mm x 60mm<\/td>\n<\/tr>\n<tr>\n<td colspan=\"2\" width=\"551\">Interfaz de tarjeta SAM<\/td>\n<\/tr>\n<tr>\n<td width=\"226\">N\u00famero de ranuras<\/td>\n<td width=\"325\">1<\/td>\n<\/tr>\n<tr>\n<td width=\"226\">Est\u00e1ndar<\/td>\n<td width=\"325\">ISO 7816 Partes 1-3, Clase A (5 V)<\/td>\n<\/tr>\n<tr>\n<td width=\"226\">Protocolo<\/td>\n<td width=\"325\">T=0; T=1<\/td>\n<\/tr>\n<tr>\n<td colspan=\"2\" width=\"551\">Perif\u00e9ricos incorporados<\/td>\n<\/tr>\n<tr>\n<td width=\"226\">CONDUJO<\/td>\n<td width=\"325\">2 monocolor: Rojo y Verde<\/td>\n<\/tr>\n<tr>\n<td width=\"226\">Zumbador<\/td>\n<td width=\"325\">Mon\u00f3tono<\/td>\n<\/tr>\n<tr>\n<td colspan=\"2\" width=\"551\">Otras caracter\u00edsticas<\/td>\n<\/tr>\n<tr>\n<td width=\"226\">Actualizaci\u00f3n de firmware<\/td>\n<td width=\"325\">Soportado<\/td>\n<\/tr>\n<tr>\n<td colspan=\"2\" width=\"551\">Certificaciones\/Cumplimiento<\/td>\n<\/tr>\n<tr>\n<td rowspan=\"6\" width=\"226\">Certificaciones\/Cumplimiento<\/td>\n<td width=\"325\">ISO 7816 (ranura SAM)<\/td>\n<\/tr>\n<tr>\n<td width=\"325\">ISO 14443<\/td>\n<\/tr>\n<tr>\n<td width=\"325\">CE<\/td>\n<\/tr>\n<tr>\n<td width=\"325\">FCC<\/td>\n<\/tr>\n<tr>\n<td width=\"325\">RoHS<\/td>\n<\/tr>\n<tr>\n<td width=\"325\">ALCANZAR<\/td>\n<\/tr>\n<tr>\n<td colspan=\"2\" width=\"551\">Soporte del sistema operativo del controlador del dispositivo<\/td>\n<\/tr>\n<tr>\n<td rowspan=\"2\" width=\"226\">Soporte del sistema operativo del controlador del dispositivo<\/td>\n<td width=\"325\">Windows\u00ae<\/td>\n<\/tr>\n<tr>\n<td width=\"325\">Linux\u00ae<\/td>\n<\/tr>\n<\/tbody>\n<\/table>\n<\/div>\n<\/li>\n<\/ul>\n<\/li>\n<\/ul>","protected":false},"excerpt":{"rendered":"<p>El ACM1281S-C7 es un lector sin contacto serial compacto con un m\u00f3dulo SAM, que ofrece rendimiento de alta velocidad y f\u00e1cil integraci\u00f3n para diversas aplicaciones integradas.<\/p>","protected":false},"featured_media":1567,"template":"","meta":[],"product_brand":[],"product_cat":[45,41],"product_tag":[],"class_list":{"0":"post-1566","1":"product","2":"type-product","3":"status-publish","4":"has-post-thumbnail","6":"product_cat-contactless-nfc-reader","7":"product_cat-module-ic-reader","9":"first","10":"instock","11":"shipping-taxable","12":"product-type-simple"},"_links":{"self":[{"href":"https:\/\/nfc-readers.com\/es\/wp-json\/wp\/v2\/product\/1566","targetHints":{"allow":["GET"]}}],"collection":[{"href":"https:\/\/nfc-readers.com\/es\/wp-json\/wp\/v2\/product"}],"about":[{"href":"https:\/\/nfc-readers.com\/es\/wp-json\/wp\/v2\/types\/product"}],"wp:featuredmedia":[{"embeddable":true,"href":"https:\/\/nfc-readers.com\/es\/wp-json\/wp\/v2\/media\/1567"}],"wp:attachment":[{"href":"https:\/\/nfc-readers.com\/es\/wp-json\/wp\/v2\/media?parent=1566"}],"wp:term":[{"taxonomy":"product_brand","embeddable":true,"href":"https:\/\/nfc-readers.com\/es\/wp-json\/wp\/v2\/product_brand?post=1566"},{"taxonomy":"product_cat","embeddable":true,"href":"https:\/\/nfc-readers.com\/es\/wp-json\/wp\/v2\/product_cat?post=1566"},{"taxonomy":"product_tag","embeddable":true,"href":"https:\/\/nfc-readers.com\/es\/wp-json\/wp\/v2\/product_tag?post=1566"}],"curies":[{"name":"wp","href":"https:\/\/api.w.org\/{rel}","templated":true}]}}