{"id":1568,"date":"2024-04-07T06:30:24","date_gmt":"2024-04-07T06:30:24","guid":{"rendered":"https:\/\/nfc-readers.com\/?post_type=product&#038;p=1568"},"modified":"2024-10-16T06:16:19","modified_gmt":"2024-10-16T06:16:19","slug":"acm1252u-y3-usb-nfc-reader-module-with-detachable-antenna-board","status":"publish","type":"product","link":"https:\/\/nfc-readers.com\/es\/ic-reader\/acm1252u-y3-usb-nfc-reader-module-with-detachable-antenna-board\/","title":{"rendered":"M\u00f3dulo lector NFC USB ACM1252U-Y3 con placa de antena desmontable"},"content":{"rendered":"<h1>M\u00f3dulo lector NFC USB ACM1252U-Y3 con placa de antena desmontable<\/h1>\n<p>El ACM1252U-Y3 es un m\u00f3dulo lector USB de tarjetas inteligentes NFC de \u00faltima generaci\u00f3n, ideal para aplicaciones diversificadas que requieren tecnolog\u00eda NFC integrada. Con sus capacidades de rango extendido, transferencia de datos de alta velocidad y caracter\u00edsticas adicionales que promueven la adaptabilidad y la facilidad de uso, este m\u00f3dulo es una opci\u00f3n premium para permitir transacciones NFC en aplicaciones de sistemas integrados.<\/p>\n<ul>\n<li>\n<h2>Interfaz USB 2.0 de velocidad completa<\/h2>\n<\/li>\n<li>\n<h2>Cumplimiento CCID<\/h2>\n<\/li>\n<li>\n<h2>Capacidad de actualizaci\u00f3n del firmware USB<\/h2>\n<\/li>\n<li>\n<h2>Lector de tarjetas inteligentes:<\/h2>\n<ul>\n<li>\n<h3>Interfaz sin contacto:<\/h3>\n<ul>\n<li>\n<h4>Velocidad de lectura\/escritura de hasta 424 kbps<\/h4>\n<\/li>\n<li>\n<h4>Antena incorporada para acceso a etiquetas sin contacto, con distancia de lectura de tarjetas de hasta 50 mm (seg\u00fan el tipo de etiqueta)<\/h4>\n<\/li>\n<li>\n<h4>Admite tarjetas ISO 14443 tipo A y B, MIFARE\u00ae y FeliCa, y los 4 tipos de etiquetas NFC (ISO\/IEC 18092)<\/h4>\n<\/li>\n<li>\n<h4>Admite UID MIFARE\u00ae de 7 bytes, MIFARE\u00ae Plus y MIFARE\u00ae DESfire<\/h4>\n<\/li>\n<li>\n<h4>Funci\u00f3n anticolisi\u00f3n incorporada (solo se accede a 1 etiqueta en cualquier momento)<\/h4>\n<\/li>\n<li>\n<h4>Soporte NFC:<\/h4>\n<ul>\n<li>Modo lector\/escritor NFC<\/li>\n<li>Modo punto a punto<\/li>\n<li>Modo de emulaci\u00f3n de tarjeta<\/li>\n<\/ul>\n<\/li>\n<\/ul>\n<\/li>\n<\/ul>\n<\/li>\n<li>\n<h2>Interfaz de programaci\u00f3n de aplicaciones:<\/h2>\n<ul>\n<li>\n<h3>Soporta PC\/SC<\/h3>\n<\/li>\n<li>\n<h3>Soporta CT-API (a trav\u00e9s de contenedor en la parte superior de PC\/SC)<\/h3>\n<\/li>\n<\/ul>\n<\/li>\n<li>\n<h2>Perif\u00e9ricos:<\/h2>\n<ul>\n<li>\n<h3>LED bicolor controlable por el usuario<\/h3>\n<\/li>\n<li>\n<h3>Zumbador controlable por el usuario<\/h3>\n<\/li>\n<li>\n<div>\n<table width=\"495\">\n<tbody>\n<tr>\n<td colspan=\"2\" width=\"495\">Caracter\u00edsticas f\u00edsicas<\/td>\n<\/tr>\n<tr>\n<td rowspan=\"2\" width=\"187\">Dimensiones (mm)<\/td>\n<td width=\"308\">Tablero principal: 55,0 mm (largo) x 45,0 mm (ancho) x 5,1 mm (alto)<\/td>\n<\/tr>\n<tr>\n<td width=\"308\">Placa de antena: 91,0 mm (largo) x 49,5 mm (ancho) x 5,1 mm (alto)<\/td>\n<\/tr>\n<tr>\n<td width=\"187\">Peso (gramos)<\/td>\n<td width=\"308\">26,6 gramos<\/td>\n<\/tr>\n<tr>\n<td colspan=\"2\" width=\"495\">Interfaz USB<\/td>\n<\/tr>\n<tr>\n<td width=\"187\">Protocolo<\/td>\n<td width=\"308\">CCID USB<\/td>\n<\/tr>\n<tr>\n<td width=\"187\">tipo de conector<\/td>\n<td width=\"308\">Est\u00e1ndar tipo A<\/td>\n<\/tr>\n<tr>\n<td width=\"187\">Fuente de alimentaci\u00f3n<\/td>\n<td width=\"308\">Desde el puerto USB<\/td>\n<\/tr>\n<tr>\n<td width=\"187\">Velocidad<\/td>\n<td width=\"308\">USB de m\u00e1xima velocidad (12 Mbps)<\/td>\n<\/tr>\n<tr>\n<td width=\"187\">Longitud del cable<\/td>\n<td width=\"308\">1,0 m, desmontable (opcional)<\/td>\n<\/tr>\n<tr>\n<td colspan=\"2\" width=\"495\">Interfaz de tarjeta inteligente sin contacto<\/td>\n<\/tr>\n<tr>\n<td width=\"187\">Est\u00e1ndar<\/td>\n<td width=\"308\">ISO\/IEC 18092 NFC, ISO 14443 Tipo A y B, MIFARE\u00ae, FeliCa<\/td>\n<\/tr>\n<tr>\n<td rowspan=\"4\" width=\"187\">Protocolo<\/td>\n<td width=\"308\">Tarjeta compatible con ISO 14443-4, T=CL<\/td>\n<\/tr>\n<tr>\n<td width=\"308\">Tarjeta MIFARE\u00ae Cl\u00e1sica, T=CL<\/td>\n<\/tr>\n<tr>\n<td width=\"308\">ISO18092, etiquetas NFC<\/td>\n<\/tr>\n<tr>\n<td width=\"308\">FeliCa<\/td>\n<\/tr>\n<tr>\n<td width=\"187\">Antena<\/td>\n<td width=\"308\">77mm x 49,5mm<\/td>\n<\/tr>\n<tr>\n<td colspan=\"2\" width=\"495\">Interfaz de tarjeta SAM<\/td>\n<\/tr>\n<tr>\n<td width=\"187\">N\u00famero de ranuras<\/td>\n<td width=\"308\">1 (opcional)<\/td>\n<\/tr>\n<tr>\n<td colspan=\"2\" width=\"495\">Perif\u00e9ricos incorporados<\/td>\n<\/tr>\n<tr>\n<td width=\"187\">CONDUJO<\/td>\n<td width=\"308\">1 bicolor: Rojo y Verde<\/td>\n<\/tr>\n<tr>\n<td width=\"187\">Zumbador<\/td>\n<td width=\"308\">Mon\u00f3tono<\/td>\n<\/tr>\n<tr>\n<td colspan=\"2\" width=\"495\">Otras caracter\u00edsticas<\/td>\n<\/tr>\n<tr>\n<td width=\"187\">Actualizaci\u00f3n de firmware<\/td>\n<td width=\"308\">Soportado<\/td>\n<\/tr>\n<tr>\n<td colspan=\"2\" width=\"495\">Certificaciones\/Cumplimiento<\/td>\n<\/tr>\n<tr>\n<td rowspan=\"13\" width=\"187\">Certificaciones\/Cumplimiento<\/td>\n<td width=\"308\">EN 60950\/CEI 60950<\/td>\n<\/tr>\n<tr>\n<td width=\"308\">ISO 7816 (ranura SAM)<\/td>\n<\/tr>\n<tr>\n<td width=\"308\">ISO 14443<\/td>\n<\/tr>\n<tr>\n<td width=\"308\">ISO 18092<\/td>\n<\/tr>\n<tr>\n<td width=\"308\">USB de m\u00e1xima velocidad<\/td>\n<\/tr>\n<tr>\n<td width=\"308\">PC\/SC<\/td>\n<\/tr>\n<tr>\n<td width=\"308\">CCID<\/td>\n<\/tr>\n<tr>\n<td width=\"308\">VCCI (Jap\u00f3n)<\/td>\n<\/tr>\n<tr>\n<td width=\"308\">CE<\/td>\n<\/tr>\n<tr>\n<td width=\"308\">FCC<\/td>\n<\/tr>\n<tr>\n<td width=\"308\">RoHS<\/td>\n<\/tr>\n<tr>\n<td width=\"308\">ALCANZAR<\/td>\n<\/tr>\n<tr>\n<td width=\"308\">Microsoft\u00aeWHQL<\/td>\n<\/tr>\n<tr>\n<td colspan=\"2\" width=\"495\">Soporte del sistema operativo del controlador del dispositivo<\/td>\n<\/tr>\n<tr>\n<td rowspan=\"5\" width=\"187\">Soporte del sistema operativo del controlador del dispositivo<\/td>\n<td width=\"308\">Windows\u00ae<\/td>\n<\/tr>\n<tr>\n<td width=\"308\">Linux\u00ae<\/td>\n<\/tr>\n<tr>\n<td width=\"308\">MACOS\u00ae<\/td>\n<\/tr>\n<tr>\n<td width=\"308\">Solaris<\/td>\n<\/tr>\n<tr>\n<td width=\"308\">Android\u2122<\/td>\n<\/tr>\n<\/tbody>\n<\/table>\n<\/div>\n<\/li>\n<\/ul>\n<\/li>\n<\/ul>","protected":false},"excerpt":{"rendered":"<p>El ACM1252U-Y3 es un m\u00f3dulo USB NFC vers\u00e1til que utiliza tecnolog\u00eda 13.56M, admite el intercambio de datos de alta velocidad y es ideal para diversas aplicaciones integradas.<\/p>","protected":false},"featured_media":1570,"template":"","meta":[],"product_brand":[],"product_cat":[45,41,40],"product_tag":[],"class_list":{"0":"post-1568","1":"product","2":"type-product","3":"status-publish","4":"has-post-thumbnail","6":"product_cat-contactless-nfc-reader","7":"product_cat-module-ic-reader","8":"product_cat-rfid-nfc-reader","10":"first","11":"instock","12":"shipping-taxable","13":"product-type-simple"},"_links":{"self":[{"href":"https:\/\/nfc-readers.com\/es\/wp-json\/wp\/v2\/product\/1568","targetHints":{"allow":["GET"]}}],"collection":[{"href":"https:\/\/nfc-readers.com\/es\/wp-json\/wp\/v2\/product"}],"about":[{"href":"https:\/\/nfc-readers.com\/es\/wp-json\/wp\/v2\/types\/product"}],"wp:featuredmedia":[{"embeddable":true,"href":"https:\/\/nfc-readers.com\/es\/wp-json\/wp\/v2\/media\/1570"}],"wp:attachment":[{"href":"https:\/\/nfc-readers.com\/es\/wp-json\/wp\/v2\/media?parent=1568"}],"wp:term":[{"taxonomy":"product_brand","embeddable":true,"href":"https:\/\/nfc-readers.com\/es\/wp-json\/wp\/v2\/product_brand?post=1568"},{"taxonomy":"product_cat","embeddable":true,"href":"https:\/\/nfc-readers.com\/es\/wp-json\/wp\/v2\/product_cat?post=1568"},{"taxonomy":"product_tag","embeddable":true,"href":"https:\/\/nfc-readers.com\/es\/wp-json\/wp\/v2\/product_tag?post=1568"}],"curies":[{"name":"wp","href":"https:\/\/api.w.org\/{rel}","templated":true}]}}