{"id":1572,"date":"2024-04-07T06:32:56","date_gmt":"2024-04-07T06:32:56","guid":{"rendered":"https:\/\/nfc-readers.com\/?post_type=product&#038;p=1572"},"modified":"2024-10-16T06:13:06","modified_gmt":"2024-10-16T06:13:06","slug":"acm1252u-z2-small-nfc-reader-module","status":"publish","type":"product","link":"https:\/\/nfc-readers.com\/es\/ic-reader\/acm1252u-z2-small-nfc-reader-module\/","title":{"rendered":"M\u00f3dulo lector NFC peque\u00f1o ACM1252U-Z2"},"content":{"rendered":"<h1>M\u00f3dulo lector NFC peque\u00f1o ACM1252U-Z2<\/h1>\n<p>El ACM1252U-Z2 es un m\u00f3dulo lector NFC vers\u00e1til y robusto dise\u00f1ado para la integraci\u00f3n de sistemas integrados, que presenta una valiosa combinaci\u00f3n de amplio soporte de protocolo y funcionalidad eficiente. Su funci\u00f3n anticolisi\u00f3n a\u00f1ade utilidad en escenarios de m\u00faltiples tarjetas, solidificando su papel como una soluci\u00f3n rentable en el panorama de la tecnolog\u00eda NFC.<\/p>\n<ul>\n<li>\n<h2>Interfaz USB 2.0 de velocidad completa<\/h2>\n<\/li>\n<li>\n<h2>Cumplimiento CCID<\/h2>\n<\/li>\n<li>\n<h2>Soporte para tarjetas sin contacto:<\/h2>\n<ul>\n<li>\n<h3>Velocidad de lectura\/escritura de hasta 424 kbps<\/h3>\n<\/li>\n<li>\n<h3>Antena incorporada para acceso a etiquetas sin contacto, con distancia de lectura de tarjetas de hasta 30 mm (seg\u00fan el tipo de etiqueta)<\/h3>\n<\/li>\n<li>\n<h3>Admite tarjetas ISO 14443 Parte 4 Tipo A y B, MIFARE\u00ae, FeliCa y los cuatro tipos de NFC (etiquetas ISO 18092)<\/h3>\n<\/li>\n<li>\n<h3>Funci\u00f3n anticolisi\u00f3n incorporada (solo se accede a una etiqueta en cualquier momento)<\/h3>\n<\/li>\n<\/ul>\n<\/li>\n<li>\n<h2>Interfaz de programaci\u00f3n de aplicaciones<\/h2>\n<ul>\n<li>\n<h3>Soporta PC\/SC<\/h3>\n<\/li>\n<\/ul>\n<\/li>\n<li>\n<h2>Capacidad de actualizaci\u00f3n del firmware USB<\/h2>\n<\/li>\n<li>\n<div>\n<table width=\"574\">\n<tbody>\n<tr>\n<td colspan=\"2\" width=\"574\">Caracter\u00edsticas f\u00edsicas<\/td>\n<\/tr>\n<tr>\n<td width=\"204\">Dimensiones (mm)<\/td>\n<td width=\"370\">52,0 mm (largo) x 20,0 mm (ancho) x 6,0 mm (alto)<\/td>\n<\/tr>\n<tr>\n<td width=\"204\">Peso (gramos)<\/td>\n<td width=\"370\">3,65 gramos<\/td>\n<\/tr>\n<tr>\n<td colspan=\"2\" width=\"574\">Interfaz USB<\/td>\n<\/tr>\n<tr>\n<td width=\"204\">Protocolo<\/td>\n<td width=\"370\">CCID USB<\/td>\n<\/tr>\n<tr>\n<td width=\"204\">tipo de conector<\/td>\n<td width=\"370\">Micro USB<\/td>\n<\/tr>\n<tr>\n<td width=\"204\">Fuente de alimentaci\u00f3n<\/td>\n<td width=\"370\">Desde el puerto USB<\/td>\n<\/tr>\n<tr>\n<td width=\"204\">Velocidad<\/td>\n<td width=\"370\">USB de m\u00e1xima velocidad (12 Mbps)<\/td>\n<\/tr>\n<tr>\n<td width=\"204\">Longitud del cable<\/td>\n<td width=\"370\">1,0 m, desmontable (opcional)<\/td>\n<\/tr>\n<tr>\n<td colspan=\"2\" width=\"574\">Interfaz de tarjeta inteligente sin contacto<\/td>\n<\/tr>\n<tr>\n<td width=\"204\">Est\u00e1ndar<\/td>\n<td width=\"370\">ISO\/IEC 18092 NFC, ISO 14443 Tipo A y B, MIFARE\u00ae, FeliCa<\/td>\n<\/tr>\n<tr>\n<td rowspan=\"4\" width=\"204\">Protocolo<\/td>\n<td width=\"370\">Tarjetas compatibles con ISO14443-4, T=CL<\/td>\n<\/tr>\n<tr>\n<td width=\"370\">Protocolo de tarjeta MIFARE\u00ae Classic, T=CL<\/td>\n<\/tr>\n<tr>\n<td width=\"370\">ISO 18092, Etiquetas NFC<\/td>\n<\/tr>\n<tr>\n<td width=\"370\">FeliCa<\/td>\n<\/tr>\n<tr>\n<td width=\"204\">Antena<\/td>\n<td width=\"370\">20mm x 22mm<\/td>\n<\/tr>\n<tr>\n<td colspan=\"2\" width=\"574\">Perif\u00e9ricos incorporados<\/td>\n<\/tr>\n<tr>\n<td width=\"204\">CONDUJO<\/td>\n<td width=\"370\">1 bicolor: Rojo y Verde<\/td>\n<\/tr>\n<tr>\n<td colspan=\"2\" width=\"574\">Otras caracter\u00edsticas<\/td>\n<\/tr>\n<tr>\n<td width=\"204\">Actualizaci\u00f3n de firmware<\/td>\n<td width=\"370\">Soportado<\/td>\n<\/tr>\n<tr>\n<td colspan=\"2\" width=\"574\">Certificaciones\/Cumplimiento<\/td>\n<\/tr>\n<tr>\n<td rowspan=\"10\" width=\"204\">Certificaciones\/Cumplimiento<\/td>\n<td width=\"370\">ISO 14443<\/td>\n<\/tr>\n<tr>\n<td width=\"370\">ISO 18092<\/td>\n<\/tr>\n<tr>\n<td width=\"370\">USB de m\u00e1xima velocidad<\/td>\n<\/tr>\n<tr>\n<td width=\"370\">PC\/SC<\/td>\n<\/tr>\n<tr>\n<td width=\"370\">CCID<\/td>\n<\/tr>\n<tr>\n<td width=\"370\">CE<\/td>\n<\/tr>\n<tr>\n<td width=\"370\">FCC<\/td>\n<\/tr>\n<tr>\n<td width=\"370\">RoHS<\/td>\n<\/tr>\n<tr>\n<td width=\"370\">ALCANZAR<\/td>\n<\/tr>\n<tr>\n<td width=\"370\">Microsoft\u00aeWHQL<\/td>\n<\/tr>\n<tr>\n<td colspan=\"2\" width=\"574\">Soporte del sistema operativo del controlador del dispositivo<\/td>\n<\/tr>\n<tr>\n<td rowspan=\"5\" width=\"204\">Soporte del sistema operativo del controlador del dispositivo<\/td>\n<td width=\"370\">Windows\u00ae<\/td>\n<\/tr>\n<tr>\n<td width=\"370\">Linux\u00ae<\/td>\n<\/tr>\n<tr>\n<td width=\"370\">MACOS\u00ae<\/td>\n<\/tr>\n<tr>\n<td width=\"370\">Solaris<\/td>\n<\/tr>\n<tr>\n<td width=\"370\">Android\u2122<\/td>\n<\/tr>\n<\/tbody>\n<\/table>\n<\/div>\n<\/li>\n<\/ul>","protected":false},"excerpt":{"rendered":"<p>El ACM1252U-Z2 es un m\u00f3dulo USB NFC de alto rendimiento que funciona a 13,56 M y es compatible con ISO 14443 y 18092, lo que lo hace ideal para aplicaciones NFC integradas.<\/p>","protected":false},"featured_media":1573,"template":"","meta":[],"product_brand":[],"product_cat":[45,41,40],"product_tag":[],"class_list":{"0":"post-1572","1":"product","2":"type-product","3":"status-publish","4":"has-post-thumbnail","6":"product_cat-contactless-nfc-reader","7":"product_cat-module-ic-reader","8":"product_cat-rfid-nfc-reader","10":"first","11":"instock","12":"shipping-taxable","13":"product-type-simple"},"_links":{"self":[{"href":"https:\/\/nfc-readers.com\/es\/wp-json\/wp\/v2\/product\/1572","targetHints":{"allow":["GET"]}}],"collection":[{"href":"https:\/\/nfc-readers.com\/es\/wp-json\/wp\/v2\/product"}],"about":[{"href":"https:\/\/nfc-readers.com\/es\/wp-json\/wp\/v2\/types\/product"}],"wp:featuredmedia":[{"embeddable":true,"href":"https:\/\/nfc-readers.com\/es\/wp-json\/wp\/v2\/media\/1573"}],"wp:attachment":[{"href":"https:\/\/nfc-readers.com\/es\/wp-json\/wp\/v2\/media?parent=1572"}],"wp:term":[{"taxonomy":"product_brand","embeddable":true,"href":"https:\/\/nfc-readers.com\/es\/wp-json\/wp\/v2\/product_brand?post=1572"},{"taxonomy":"product_cat","embeddable":true,"href":"https:\/\/nfc-readers.com\/es\/wp-json\/wp\/v2\/product_cat?post=1572"},{"taxonomy":"product_tag","embeddable":true,"href":"https:\/\/nfc-readers.com\/es\/wp-json\/wp\/v2\/product_tag?post=1572"}],"curies":[{"name":"wp","href":"https:\/\/api.w.org\/{rel}","templated":true}]}}