{"id":1579,"date":"2024-04-07T06:47:40","date_gmt":"2024-04-07T06:47:40","guid":{"rendered":"https:\/\/nfc-readers.com\/?post_type=product&#038;p=1579"},"modified":"2024-10-16T03:17:58","modified_gmt":"2024-10-16T03:17:58","slug":"acm1252u-z6-small-nfc-reader-module","status":"publish","type":"product","link":"https:\/\/nfc-readers.com\/es\/ic-reader\/acm1252u-z6-small-nfc-reader-module\/","title":{"rendered":"M\u00f3dulo lector NFC peque\u00f1o ACM1252U-Z6"},"content":{"rendered":"<h1>M\u00f3dulo lector NFC peque\u00f1o ACM1252U-Z6<\/h1>\n<p>El m\u00f3dulo ACM1252U-Z6 personifica la tecnolog\u00eda de lectura de tarjetas NFC compacta y eficiente, adecuada para una integraci\u00f3n perfecta en sistemas integrados, al tiempo que proporciona una soluci\u00f3n sofisticada para las necesidades de comunicaci\u00f3n sin contacto. Garantiza compatibilidad con una amplia gama de dispositivos habilitados para NFC combinados con la practicidad y flexibilidad que exigen las aplicaciones donde el espacio es importante.<\/p>\n<ul>\n<li>\n<h2><span class=\"s1\">Interfaz USB de m\u00e1xima velocidad mediante conector FFC de 6 pines<\/span><\/h2>\n<\/li>\n<li>\n<h2><span class=\"s1\">Cumplimiento CCID<\/span><\/h2>\n<\/li>\n<li>\n<h2><span class=\"s1\">Capacidad de actualizaci\u00f3n del firmware USB<\/span><\/h2>\n<\/li>\n<li>\n<h2><span class=\"s1\">Lector de tarjetas inteligentes:<\/span><\/h2>\n<ul>\n<li>\n<h3>Interfaz sin contacto:<\/h3>\n<ul>\n<li>\n<h4>Velocidad de lectura\/escritura de hasta 424 kbps<\/h4>\n<\/li>\n<li>\n<h4>Antena incorporada para acceso a etiquetas sin contacto, con distancia de lectura de tarjetas de hasta 30 mm (dependiendo del tipo de etiqueta)<\/h4>\n<\/li>\n<li>\n<h4>Admite tarjetas ISO 14443 Parte 4 Tipo A y B, MIFARE\u00ae, FeliCa y los cuatro tipos de NFC (etiquetas ISO 18092)<\/h4>\n<\/li>\n<li>\n<h4>Funci\u00f3n anticolisi\u00f3n incorporada (solo se accede a 1 etiqueta en cualquier momento)<\/h4>\n<\/li>\n<li>\n<h4>Soporte NFC:<\/h4>\n<ul>\n<li>\n<h5>Modo lector\/escritor de tarjetas<\/h5>\n<\/li>\n<li>\n<h5>Modo punto a punto<\/h5>\n<\/li>\n<li>\n<h5>Modo de emulaci\u00f3n de tarjeta<\/h5>\n<\/li>\n<\/ul>\n<\/li>\n<\/ul>\n<\/li>\n<\/ul>\n<\/li>\n<li>\n<h2>Perif\u00e9ricos incorporados:<\/h2>\n<ul>\n<li>\n<h3><span class=\"s1\">LED bicolor controlable por el usuario<\/span><\/h3>\n<\/li>\n<\/ul>\n<\/li>\n<li>\n<h2>Interfaz de programaci\u00f3n de aplicaciones:<\/h2>\n<ul>\n<li>\n<h3><span class=\"s1\">Soporta PC\/SC<\/span><\/h3>\n<\/li>\n<li>\n<h3><span class=\"s1\">Soporta CT-API (a trav\u00e9s de contenedor en la parte superior de PC\/SC)<\/span><\/h3>\n<\/li>\n<\/ul>\n<\/li>\n<li>\n<h2>Compatible con Android\u2122 3.1 y posteriores<\/h2>\n<\/li>\n<li>\n<div>\n<table width=\"536\">\n<tbody>\n<tr>\n<td colspan=\"2\" width=\"536\">Caracter\u00edsticas f\u00edsicas<\/td>\n<\/tr>\n<tr>\n<td width=\"182\">Dimensiones (mm)<\/td>\n<td width=\"354\">52,0 mm (largo) x 20,0 mm (ancho) x 6,0 mm (alto)<\/td>\n<\/tr>\n<tr>\n<td width=\"182\">Peso (gramos)<\/td>\n<td width=\"354\">3,45 gramos<\/td>\n<\/tr>\n<tr>\n<td colspan=\"2\" width=\"536\">Interfaz USB<\/td>\n<\/tr>\n<tr>\n<td width=\"182\">Protocolo<\/td>\n<td width=\"354\">CCID USB<\/td>\n<\/tr>\n<tr>\n<td width=\"182\">tipo de conector<\/td>\n<td width=\"354\">FFC de 6 pines<\/td>\n<\/tr>\n<tr>\n<td width=\"182\">Fuente de alimentaci\u00f3n<\/td>\n<td width=\"354\">Desde el conector FFC<\/td>\n<\/tr>\n<tr>\n<td width=\"182\">Velocidad<\/td>\n<td width=\"354\">USB de m\u00e1xima velocidad (12 Mbps)<\/td>\n<\/tr>\n<tr>\n<td colspan=\"2\" width=\"536\">Interfaz de tarjeta inteligente sin contacto<\/td>\n<\/tr>\n<tr>\n<td width=\"182\">Est\u00e1ndar<\/td>\n<td width=\"354\">ISO\/IEC 18092 NFC, ISO 14443 Tipo A y B, MIFARE\u00ae, FeliCa<\/td>\n<\/tr>\n<tr>\n<td rowspan=\"4\" width=\"182\">Protocolo<\/td>\n<td width=\"354\">Tarjetas compatibles con ISO14443-4, T=CL<\/td>\n<\/tr>\n<tr>\n<td width=\"354\">Protocolo de tarjeta MIFARE\u00ae Classic, T=CL<\/td>\n<\/tr>\n<tr>\n<td width=\"354\">ISO 18092, Etiquetas NFC<\/td>\n<\/tr>\n<tr>\n<td width=\"354\">FeliCa<\/td>\n<\/tr>\n<tr>\n<td width=\"182\">Antena<\/td>\n<td width=\"354\">20mm x 22mm<\/td>\n<\/tr>\n<tr>\n<td colspan=\"2\" width=\"536\">Perif\u00e9ricos incorporados<\/td>\n<\/tr>\n<tr>\n<td width=\"182\">CONDUJO<\/td>\n<td width=\"354\">1 bicolor: Rojo y Verde<\/td>\n<\/tr>\n<tr>\n<td colspan=\"2\" width=\"536\">Otras caracter\u00edsticas<\/td>\n<\/tr>\n<tr>\n<td width=\"182\">Actualizaci\u00f3n de firmware<\/td>\n<td width=\"354\">Soportado<\/td>\n<\/tr>\n<tr>\n<td colspan=\"2\" width=\"536\">Certificaciones\/Cumplimiento<\/td>\n<\/tr>\n<tr>\n<td rowspan=\"10\" width=\"182\">Certificaciones\/Cumplimiento<\/td>\n<td width=\"354\">ISO 18092<\/td>\n<\/tr>\n<tr>\n<td width=\"354\">ISO 14443<\/td>\n<\/tr>\n<tr>\n<td width=\"354\">USB de m\u00e1xima velocidad<\/td>\n<\/tr>\n<tr>\n<td width=\"354\">PC\/SC<\/td>\n<\/tr>\n<tr>\n<td width=\"354\">CCID<\/td>\n<\/tr>\n<tr>\n<td width=\"354\">CE<\/td>\n<\/tr>\n<tr>\n<td width=\"354\">FCC<\/td>\n<\/tr>\n<tr>\n<td width=\"354\">RoHS<\/td>\n<\/tr>\n<tr>\n<td width=\"354\">ALCANZAR<\/td>\n<\/tr>\n<tr>\n<td width=\"354\">Microsoft\u00aeWHQL<\/td>\n<\/tr>\n<tr>\n<td colspan=\"2\" width=\"536\">Soporte del sistema operativo del controlador del dispositivo<\/td>\n<\/tr>\n<tr>\n<td rowspan=\"5\" width=\"182\">Soporte del sistema operativo del controlador del dispositivo<\/td>\n<td width=\"354\">Windows\u00ae<\/td>\n<\/tr>\n<tr>\n<td width=\"354\">Linux\u00ae<\/td>\n<\/tr>\n<tr>\n<td width=\"354\">MACOS\u00ae<\/td>\n<\/tr>\n<tr>\n<td width=\"354\">Solaris<\/td>\n<\/tr>\n<tr>\n<td width=\"354\">Android\u2122<\/td>\n<\/tr>\n<\/tbody>\n<\/table>\n<\/div>\n<\/li>\n<\/ul>","protected":false},"excerpt":{"rendered":"<p>El ACM1252U-Z6 es un lector USB NFC y m\u00f3dulo RFID vers\u00e1til, compatible con CCID y PC\/SC, compatible con ISO 14443 y 18092 para operaciones eficientes con tarjetas inteligentes.<\/p>","protected":false},"featured_media":1580,"template":"","meta":[],"product_brand":[],"product_cat":[41,40],"product_tag":[],"class_list":{"0":"post-1579","1":"product","2":"type-product","3":"status-publish","4":"has-post-thumbnail","6":"product_cat-module-ic-reader","7":"product_cat-rfid-nfc-reader","9":"first","10":"instock","11":"shipping-taxable","12":"product-type-simple"},"_links":{"self":[{"href":"https:\/\/nfc-readers.com\/es\/wp-json\/wp\/v2\/product\/1579","targetHints":{"allow":["GET"]}}],"collection":[{"href":"https:\/\/nfc-readers.com\/es\/wp-json\/wp\/v2\/product"}],"about":[{"href":"https:\/\/nfc-readers.com\/es\/wp-json\/wp\/v2\/types\/product"}],"wp:featuredmedia":[{"embeddable":true,"href":"https:\/\/nfc-readers.com\/es\/wp-json\/wp\/v2\/media\/1580"}],"wp:attachment":[{"href":"https:\/\/nfc-readers.com\/es\/wp-json\/wp\/v2\/media?parent=1579"}],"wp:term":[{"taxonomy":"product_brand","embeddable":true,"href":"https:\/\/nfc-readers.com\/es\/wp-json\/wp\/v2\/product_brand?post=1579"},{"taxonomy":"product_cat","embeddable":true,"href":"https:\/\/nfc-readers.com\/es\/wp-json\/wp\/v2\/product_cat?post=1579"},{"taxonomy":"product_tag","embeddable":true,"href":"https:\/\/nfc-readers.com\/es\/wp-json\/wp\/v2\/product_tag?post=1579"}],"curies":[{"name":"wp","href":"https:\/\/api.w.org\/{rel}","templated":true}]}}